{"id":106,"date":"2013-08-10T02:24:03","date_gmt":"2013-08-10T01:24:03","guid":{"rendered":"https:\/\/drpillman.biz\/?page_id=106"},"modified":"2024-05-17T19:58:51","modified_gmt":"2024-05-17T18:58:51","slug":"hydroxyzine","status":"publish","type":"page","link":"http:\/\/drpillman.biz\/es\/hydroxyzine.htm","title":{"rendered":"Hidroxicina"},"content":{"rendered":"<div id=\"content-center\">\n<div id=\"content-image\">\n\t\t\t\t\t<img decoding=\"async\" src=\"\/img\/Hydroxyzine.jpg\" alt=\"Hidroxizina\" \/><\/div>\n<div id=\"content-description\">\n<h1>Hidroxizina<\/h1>\n<p> <code><a href=\"https:\/\/200pills.com\/search.html?key=Hydroxyzine\"> <button class=\"button-7\" role=\"button\">Comprar en l\u00ednea<\/button><\/a><\/code> <\/p>\n<div class=\"gray\"><\/div>\n<div class=\"clear\"><\/div>\n<div id=\"description\">\n\t\t\t\t\t\tEl clorhidrato de hidroxizina se utiliza sobre todo para aliviar el picor. Tambi\u00e9n se utiliza para tratar la ansiedad a corto plazo. Act\u00faa suprimiendo la actividad del sistema nervioso central y, por tanto, provoca somnolencia. La hidroxizina pertenece a un grupo de medicamentos conocidos como antihistam\u00ednicos.<\/div>\n<div id=\"additional\">\n\t\t\t\t\t\tSin\u00f3nimos:<span> Atarax<\/span>\n<\/div>\n<\/div>\n<div class=\"clear\"><\/div>\n<p>El cuerpo humano produce histamina como respuesta a una reacci\u00f3n al\u00e9rgica. La histamina act\u00faa aumentando el flujo sangu\u00edneo en la zona afectada por la alergia. Esto hace que el cuerpo produzca s\u00edntomas de reacciones al\u00e9rgicas. En el caso de la urticaria y el eczema al\u00e9rgico, esta respuesta al\u00e9rgica se manifiesta en forma de picor. La hidroxizina detiene los receptores de histamina y, por tanto, las respuestas al\u00e9rgicas.<\/p>\n<h2>Dosis e instrucciones<\/h2>\n<p>Los comprimidos de hidroxizina deben tomarse con un vaso de agua. Se puede tomar con o sin alimentos. Debe tomar la dosis seg\u00fan la recomendaci\u00f3n de su plan de tratamiento. Normalmente, se prescribe tomar este medicamento de 3 a 4 veces al d\u00eda. En caso de que se olvide de tomar una dosis, no tome el doble de la cantidad la pr\u00f3xima vez. Se considera perjudicial tomar dosis adicionales por omisi\u00f3n.<\/p>\n<p>Debe completar siempre su plan de prescripci\u00f3n. No se recomienda dejar de tomar el medicamento antes del plan prescrito. Puede producirse un retorno de los s\u00edntomas originales.<\/p>\n<p>Siempre debe compartir su historia cl\u00ednica con el m\u00e9dico, ya que los medicamentos pueden interferir entre s\u00ed y causar algunas complicaciones importantes. Dado que estas plantillas contienen lactosa, los intolerantes a la lactosa no deben tomar este medicamento. Adem\u00e1s, las personas al\u00e9rgicas a los antihistam\u00ednicos no deben tomar este medicamento.<\/p>\n<p>Este medicamento no debe administrarse a ni\u00f1os menores de 12 a\u00f1os sin recomendaci\u00f3n del m\u00e9dico.Este medicamento debe guardarse en un lugar seguro, lejos del calor y la humedad, y debe mantenerse siempre fuera del alcance de los ni\u00f1os.<\/p>\n<p>Las personas que tienen una funci\u00f3n hep\u00e1tica disminuida o que tienen una funci\u00f3n renal disminuida deben tomar este medicamento con extrema precauci\u00f3n. Adem\u00e1s, las personas que padecen demencia, glaucoma, epilepsia y debilidad muscular no deben tomar este medicamento sin consultarlo antes con su m\u00e9dico.<\/p>\n<h2>La hidroxizina y el alcohol<\/h2>\n<p>Dado que este f\u00e1rmaco provoca somnolencia, nunca debe conducir despu\u00e9s de tomar este medicamento. Tampoco se debe beber alcohol mientras se toma este medicamento.<\/p>\n<h2>Hidroxizina y embarazo<\/h2>\n<p>Las mujeres embarazadas no deben utilizar este medicamento, ya que puede causar da\u00f1o al beb\u00e9 por nacer. Si todav\u00eda quieren usarlo, debe ser despu\u00e9s de la consulta adecuada con su m\u00e9dico. Las madres lactantes no deben tomar este medicamento ya que pasa a la leche materna y puede ser perjudicial para los beb\u00e9s lactantes.<\/p>\n<h2>Efectos secundarios de la hidroxizina<\/h2>\n<p>No se sabe que la hidroxizina tenga muchos efectos secundarios, pero algunos de ellos pueden aparecer cuando el cuerpo se adapta al nuevo medicamento. Algunos de los efectos secundarios que pueden ocurrir son mareos, malestar estomacal, dolor de cabeza, la piel de regresar, la congesti\u00f3n del pecho.<\/p>\n<p>Si los s\u00edntomas anteriores persisten o aparecen algunos s\u00edntomas graves como debilidad muscular, dificultad para respirar, ataques de p\u00e1nico, se debe buscar inmediatamente ayuda m\u00e9dica.<\/p>\n<h2>Comprar hidroxizina en l\u00ednea<\/h2>\n<p>Comprar Hydroxyzine online es muy f\u00e1cil. S\u00f3lo tienes que ir a tu farmacia online favorita. All\u00ed tienes que seleccionar la cantidad requerida, rellenar los datos de env\u00edo, hacer el pago y ya est\u00e1. Recibir\u00e1 un paquete que no tiene ninguna indicaci\u00f3n del contenido dentro del novillo la privacidad est\u00e1 asegurada. Adem\u00e1s, las farmacias online no necesitan la receta de un m\u00e9dico.<\/p>\n<p>Comprar apoyo en l\u00ednea como muchas ventajas. Los precios que se pagan en l\u00ednea son mucho m\u00e1s bajos que los precios en la farmacia local. Adem\u00e1s, las farmacias en l\u00ednea le proporcionar\u00e1 un gran descuento si usted est\u00e1 comprando al por mayor y tambi\u00e9n dan p\u00edldoras de bonificaci\u00f3n a los clientes que regresan.<\/p>\n<\/div>\n","protected":false},"excerpt":{"rendered":"<p>Hidroxizina Comprar en l\u00ednea El clorhidrato de hidroxizina se utiliza sobre todo para aliviar el picor. Tambi\u00e9n se utiliza para<\/p>\n","protected":false},"author":3,"featured_media":0,"parent":0,"menu_order":0,"comment_status":"closed","ping_status":"closed","template":"","meta":{"_lmt_disableupdate":"no","_lmt_disable":"no","footnotes":""},"class_list":["post-106","page","type-page","status-publish","hentry"],"translation":{"provider":"WPGlobus","version":"3.0.2","language":"es","enabled_languages":["en","es","fr"],"languages":{"en":{"title":true,"content":true,"excerpt":false},"es":{"title":true,"content":true,"excerpt":false},"fr":{"title":true,"content":true,"excerpt":false}}},"yoast_head":"<!-- This site is optimized with the Yoast SEO plugin v27.3 - https:\/\/yoast.com\/product\/yoast-seo-wordpress\/ -->\n<title>Compre 25 mg de clorhidrato de hidroxicina en l\u00ednea sin receta, entrega r\u00e1pida<\/title>\n<meta name=\"description\" content=\"La hidroxicina est\u00e1 destinada al tratamiento de pacientes con afecciones al\u00e9rgicas que afectan la piel. Las patentes con esos problemas pueden comprar 25 mg de clorhidrato de hidroxicina a trav\u00e9s de Internet en unos minutos.\" \/>\n<meta name=\"robots\" content=\"index, follow, max-snippet:-1, max-image-preview:large, max-video-preview:-1\" \/>\n<link rel=\"canonical\" href=\"https:\/\/drpillman.biz\/hydroxyzine.htm\" \/>\n<meta property=\"og:locale\" content=\"es_ES\" \/>\n<meta property=\"og:type\" content=\"article\" \/>\n<meta property=\"og:title\" content=\"Compre 25 mg de clorhidrato de hidroxicina en l\u00ednea sin receta, entrega r\u00e1pida\" \/>\n<meta property=\"og:description\" content=\"La hidroxicina est\u00e1 destinada al tratamiento de pacientes con afecciones al\u00e9rgicas que afectan la piel. Las patentes con esos problemas pueden comprar 25 mg de clorhidrato de hidroxicina a trav\u00e9s de Internet en unos minutos.\" \/>\n<meta property=\"og:url\" content=\"https:\/\/drpillman.biz\/hydroxyzine.htm\" \/>\n<meta property=\"og:site_name\" content=\"Dr.Pillman\" \/>\n<meta property=\"article:modified_time\" content=\"2024-05-17T18:58:51+00:00\" \/>\n<meta name=\"twitter:card\" content=\"summary_large_image\" \/>\n<script type=\"application\/ld+json\" class=\"yoast-schema-graph\">{\"@context\":\"https:\\\/\\\/schema.org\",\"@graph\":[{\"@type\":\"WebPage\",\"@id\":\"https:\\\/\\\/drpillman.biz\\\/hydroxyzine.htm\",\"url\":\"https:\\\/\\\/drpillman.biz\\\/hydroxyzine.htm\",\"name\":\"Buy 25 mg Hydroxyzine Hydrochloride Online Without a Prescription, Fast Delivery\",\"isPartOf\":{\"@id\":\"https:\\\/\\\/drpillman.biz\\\/es\\\/#website\"},\"datePublished\":\"2013-08-10T01:24:03+00:00\",\"dateModified\":\"2024-05-17T18:58:51+00:00\",\"description\":\"La hidroxicina est\u00e1 destinada al tratamiento de pacientes con afecciones al\u00e9rgicas que afectan la piel. Las patentes con esos problemas pueden comprar 25 mg de clorhidrato de hidroxicina a trav\u00e9s de Internet en unos minutos.\",\"breadcrumb\":{\"@id\":\"https:\\\/\\\/drpillman.biz\\\/hydroxyzine.htm#breadcrumb\"},\"inLanguage\":\"es\",\"potentialAction\":[{\"@type\":\"ReadAction\",\"target\":[\"https:\\\/\\\/drpillman.biz\\\/hydroxyzine.htm\"]}]},{\"@type\":\"BreadcrumbList\",\"@id\":\"https:\\\/\\\/drpillman.biz\\\/hydroxyzine.htm#breadcrumb\",\"itemListElement\":[{\"@type\":\"ListItem\",\"position\":1,\"name\":\"Home\",\"item\":\"https:\\\/\\\/drpillman.biz\\\/es\\\/\"},{\"@type\":\"ListItem\",\"position\":2,\"name\":\"Hydroxyzine\"}]},{\"@type\":\"WebSite\",\"@id\":\"https:\\\/\\\/drpillman.biz\\\/es\\\/#website\",\"url\":\"https:\\\/\\\/drpillman.biz\\\/es\\\/\",\"name\":\"Dr.Pillman\",\"description\":\"\",\"potentialAction\":[{\"@type\":\"SearchAction\",\"target\":{\"@type\":\"EntryPoint\",\"urlTemplate\":\"https:\\\/\\\/drpillman.biz\\\/es\\\/?s={search_term_string}\"},\"query-input\":{\"@type\":\"PropertyValueSpecification\",\"valueRequired\":true,\"valueName\":\"search_term_string\"}}],\"inLanguage\":\"es\"}]}<\/script>\n<!-- \/ Yoast SEO plugin. -->","yoast_head_json":{"title":"Compre 25 mg de clorhidrato de hidroxicina en l\u00ednea sin receta, entrega r\u00e1pida","description":"La hidroxicina est\u00e1 destinada al tratamiento de pacientes con afecciones al\u00e9rgicas que afectan la piel. Las patentes con esos problemas pueden comprar 25 mg de clorhidrato de hidroxicina a trav\u00e9s de Internet en unos minutos.","robots":{"index":"index","follow":"follow","max-snippet":"max-snippet:-1","max-image-preview":"max-image-preview:large","max-video-preview":"max-video-preview:-1"},"canonical":"https:\/\/drpillman.biz\/hydroxyzine.htm","og_locale":"es_ES","og_type":"article","og_title":"Compre 25 mg de clorhidrato de hidroxicina en l\u00ednea sin receta, entrega r\u00e1pida","og_description":"La hidroxicina est\u00e1 destinada al tratamiento de pacientes con afecciones al\u00e9rgicas que afectan la piel. Las patentes con esos problemas pueden comprar 25 mg de clorhidrato de hidroxicina a trav\u00e9s de Internet en unos minutos.","og_url":"https:\/\/drpillman.biz\/hydroxyzine.htm","og_site_name":"Dr.Pillman","article_modified_time":"2024-05-17T18:58:51+00:00","twitter_card":"summary_large_image","schema":{"@context":"https:\/\/schema.org","@graph":[{"@type":"WebPage","@id":"https:\/\/drpillman.biz\/hydroxyzine.htm","url":"https:\/\/drpillman.biz\/hydroxyzine.htm","name":"Buy 25 mg Hydroxyzine Hydrochloride Online Without a Prescription, Fast Delivery","isPartOf":{"@id":"https:\/\/drpillman.biz\/es\/#website"},"datePublished":"2013-08-10T01:24:03+00:00","dateModified":"2024-05-17T18:58:51+00:00","description":"La hidroxicina est\u00e1 destinada al tratamiento de pacientes con afecciones al\u00e9rgicas que afectan la piel. Las patentes con esos problemas pueden comprar 25 mg de clorhidrato de hidroxicina a trav\u00e9s de Internet en unos minutos.","breadcrumb":{"@id":"https:\/\/drpillman.biz\/hydroxyzine.htm#breadcrumb"},"inLanguage":"es","potentialAction":[{"@type":"ReadAction","target":["https:\/\/drpillman.biz\/hydroxyzine.htm"]}]},{"@type":"BreadcrumbList","@id":"https:\/\/drpillman.biz\/hydroxyzine.htm#breadcrumb","itemListElement":[{"@type":"ListItem","position":1,"name":"Home","item":"https:\/\/drpillman.biz\/es\/"},{"@type":"ListItem","position":2,"name":"Hydroxyzine"}]},{"@type":"WebSite","@id":"https:\/\/drpillman.biz\/es\/#website","url":"https:\/\/drpillman.biz\/es\/","name":"Dr.Pillman","description":"","potentialAction":[{"@type":"SearchAction","target":{"@type":"EntryPoint","urlTemplate":"https:\/\/drpillman.biz\/es\/?s={search_term_string}"},"query-input":{"@type":"PropertyValueSpecification","valueRequired":true,"valueName":"search_term_string"}}],"inLanguage":"es"}]}},"_links":{"self":[{"href":"http:\/\/drpillman.biz\/es\/wp-json\/wp\/v2\/pages\/106","targetHints":{"allow":["GET"]}}],"collection":[{"href":"http:\/\/drpillman.biz\/es\/wp-json\/wp\/v2\/pages"}],"about":[{"href":"http:\/\/drpillman.biz\/es\/wp-json\/wp\/v2\/types\/page"}],"author":[{"embeddable":true,"href":"http:\/\/drpillman.biz\/es\/wp-json\/wp\/v2\/users\/3"}],"replies":[{"embeddable":true,"href":"http:\/\/drpillman.biz\/es\/wp-json\/wp\/v2\/comments?post=106"}],"version-history":[{"count":0,"href":"http:\/\/drpillman.biz\/es\/wp-json\/wp\/v2\/pages\/106\/revisions"}],"wp:attachment":[{"href":"http:\/\/drpillman.biz\/es\/wp-json\/wp\/v2\/media?parent=106"}],"curies":[{"name":"wp","href":"https:\/\/api.w.org\/{rel}","templated":true}]}}