{"id":118,"date":"2013-02-16T03:49:26","date_gmt":"2013-02-16T03:49:26","guid":{"rendered":"https:\/\/drpillman.biz\/?page_id=118"},"modified":"2024-05-17T20:10:02","modified_gmt":"2024-05-17T19:10:02","slug":"lamisil","status":"publish","type":"page","link":"http:\/\/drpillman.biz\/es\/lamisil.htm","title":{"rendered":"Lamisil"},"content":{"rendered":"<div id=\"content-center\">\n<div id=\"content-image\"><img decoding=\"async\" src=\"\/img\/Lamisil.jpg\" alt=\"Lamisil\" \/><\/div>\n<div id=\"content-description\">\n<h1>Lamisil<\/h1>\n<p> <code><a href=\"https:\/\/200pills.com\/search.html?key=Lamisil\"> <button class=\"button-7\" role=\"button\">Comprar en l\u00ednea<\/button><\/a><\/code><\/p>\n<div class=\"clear\"><\/div>\n<div id=\"description\">Lamisil es un antif\u00fangico de prescripci\u00f3n destinado a la administraci\u00f3n oral. Se utiliza para combatir las infecciones por hongos que afectan a las u\u00f1as de las manos y de los pies. Este medicamento debe tomarse durante al menos unas semanas para que los resultados sean evidentes y para que su sistema inmunol\u00f3gico pueda hacer frente a la infecci\u00f3n con \u00e9xito.<\/div>\n<div id=\"additional\">Sin\u00f3nimos: <span>Clorhidrato de terbinafina<\/span><\/div>\n<\/div>\n<div class=\"clear\"><\/div>\n<p>Lamisil es un antibi\u00f3tico de la clase de los antif\u00fangicos. Est\u00e1 destinado principalmente al tratamiento de las infecciones causadas por hongos. El ingrediente activo de Lamisil, el clorhidrato de terbinafina, act\u00faa matando las c\u00e9lulas f\u00fangicas, aliviando as\u00ed los s\u00edntomas y despejando la zona afectada. Lamisil se suele recetar en dosis de 250 mg. Sin embargo, antes de comprar Lamisil en l\u00ednea o de adquirirlo en su farmacia local, debe averiguar si alguna de las afecciones m\u00e9dicas que padece o los medicamentos que est\u00e1 tomando afectar\u00e1n de alg\u00fan modo al \u00e9xito de su tratamiento. Debe informar a su m\u00e9dico del hecho de padecer lupus, psoriasis o cualquier otro trastorno autoinmune, as\u00ed como enfermedades hep\u00e1ticas o renales. Tambi\u00e9n son posibles las interacciones entre el clorhidrato de terbinafina 250 mg y otros medicamentos que pueda estar tomando, especialmente los antidepresivos ISRS, la ciclosporina, la rifampicina, los anticoagulantes, los betabloqueantes, los antidepresivos tric\u00edclicos, otros antif\u00fangicos y los inhibidores de la MAO. Debe ser consciente de esa posibilidad y hablar con su m\u00e9dico o farmac\u00e9utico sobre las opciones que tiene para evitar esas interacciones y as\u00ed beneficiarse tanto del clorhidrato de terbinafina 250 mg como del otro medicamento. Existe la posibilidad de que los s\u00edntomas mejoren antes de que la infecci\u00f3n haya sido tratada por completo. De todos modos, debe seguir tomando Lamisil de la forma indicada para asegurarse de que la infecci\u00f3n se cura por completo y no se produce una reca\u00edda. Es posible que tenga que acudir a su m\u00e9dico con frecuencia para que le haga an\u00e1lisis de sangre y de h\u00edgado, para garantizar un tratamiento seguro y eficaz con Lamisil.<\/p>\n<h2>Efectos secundarios<\/h2>\n<p>Lamisil es muy seguro y bien tolerado, pero un peque\u00f1o porcentaje de pacientes puede desarrollar uno o varios efectos secundarios menores de todos modos. Deber\u00e1 informar a su m\u00e9dico si tiene dolores corporales, fiebre, inflamaci\u00f3n de los ganglios o s\u00edntomas de gripe. Al mismo tiempo, los efectos secundarios leves son m\u00e1s probables e incluyen n\u00e1useas leves, dolor de cabeza, erupci\u00f3n cut\u00e1nea leve, diarrea, gases y malestar estomacal. Puedes continuar con el tratamiento si tienes alg\u00fan efecto secundario leve, ya que suelen ser de corta duraci\u00f3n e insignificantes.<\/p>\n<\/div>\n","protected":false},"excerpt":{"rendered":"<p>Lamisil Comprar en l\u00ednea Lamisil es un antif\u00fangico de prescripci\u00f3n destinado a la administraci\u00f3n oral. Se utiliza para combatir las<\/p>\n","protected":false},"author":3,"featured_media":0,"parent":0,"menu_order":0,"comment_status":"closed","ping_status":"closed","template":"","meta":{"_lmt_disableupdate":"no","_lmt_disable":"no","footnotes":""},"class_list":["post-118","page","type-page","status-publish","hentry"],"translation":{"provider":"WPGlobus","version":"3.0.2","language":"es","enabled_languages":["en","es","fr"],"languages":{"en":{"title":true,"content":true,"excerpt":false},"es":{"title":true,"content":true,"excerpt":false},"fr":{"title":true,"content":true,"excerpt":false}}},"yoast_head":"<!-- This site is optimized with the Yoast SEO plugin v27.3 - https:\/\/yoast.com\/product\/yoast-seo-wordpress\/ -->\n<title>Comprar lamisil (clorhidrato de terbinafina) 250 mg en l\u00ednea para ver cu\u00e1n ventajosas pueden ser las compras en l\u00ednea para usted y cualquier otra persona<\/title>\n<meta name=\"description\" content=\"Lamisil es un medicamento antif\u00fangico utilizado para infecciones por hongos de la piel. Cuando compra crema de lamisil gen\u00e9rico (clorhidrato de terbinafina) en l\u00ednea, puede gastar menos dinero obteniendo los mismos efectos.\" \/>\n<meta name=\"robots\" content=\"index, follow, max-snippet:-1, max-image-preview:large, max-video-preview:-1\" \/>\n<link rel=\"canonical\" href=\"https:\/\/drpillman.biz\/es\/lamisil.htm\" \/>\n<meta property=\"og:locale\" content=\"es_ES\" \/>\n<meta property=\"og:type\" content=\"article\" \/>\n<meta property=\"og:title\" content=\"Comprar lamisil (clorhidrato de terbinafina) 250 mg en l\u00ednea para ver cu\u00e1n ventajosas pueden ser las compras en l\u00ednea para usted y cualquier otra persona\" \/>\n<meta property=\"og:description\" content=\"Lamisil es un medicamento antif\u00fangico utilizado para infecciones por hongos de la piel. Cuando compra crema de lamisil gen\u00e9rico (clorhidrato de terbinafina) en l\u00ednea, puede gastar menos dinero obteniendo los mismos efectos.\" \/>\n<meta property=\"og:url\" content=\"https:\/\/drpillman.biz\/es\/lamisil.htm\" \/>\n<meta property=\"og:site_name\" content=\"Dr.Pillman\" \/>\n<meta property=\"article:modified_time\" content=\"2024-05-17T19:10:02+00:00\" \/>\n<meta name=\"twitter:card\" content=\"summary_large_image\" \/>\n<script type=\"application\/ld+json\" class=\"yoast-schema-graph\">{\"@context\":\"https:\\\/\\\/schema.org\",\"@graph\":[{\"@type\":\"WebPage\",\"@id\":\"https:\\\/\\\/drpillman.biz\\\/es\\\/lamisil.htm\",\"url\":\"https:\\\/\\\/drpillman.biz\\\/es\\\/lamisil.htm\",\"name\":\"Comprar lamisil (clorhidrato de terbinafina) 250 mg en l\u00ednea para ver cu\u00e1n ventajosas pueden ser las compras en l\u00ednea para usted y cualquier otra persona\",\"isPartOf\":{\"@id\":\"https:\\\/\\\/drpillman.biz\\\/es\\\/#website\"},\"datePublished\":\"2013-02-16T03:49:26+00:00\",\"dateModified\":\"2024-05-17T19:10:02+00:00\",\"description\":\"Lamisil es un medicamento antif\u00fangico utilizado para infecciones por hongos de la piel. Cuando compra crema de lamisil gen\u00e9rico (clorhidrato de terbinafina) en l\u00ednea, puede gastar menos dinero obteniendo los mismos efectos.\",\"breadcrumb\":{\"@id\":\"https:\\\/\\\/drpillman.biz\\\/es\\\/lamisil.htm#breadcrumb\"},\"inLanguage\":\"es\",\"potentialAction\":[{\"@type\":\"ReadAction\",\"target\":[\"https:\\\/\\\/drpillman.biz\\\/es\\\/lamisil.htm\"]}]},{\"@type\":\"BreadcrumbList\",\"@id\":\"https:\\\/\\\/drpillman.biz\\\/es\\\/lamisil.htm#breadcrumb\",\"itemListElement\":[{\"@type\":\"ListItem\",\"position\":1,\"name\":\"Home\",\"item\":\"https:\\\/\\\/drpillman.biz\\\/es\\\/\"},{\"@type\":\"ListItem\",\"position\":2,\"name\":\"Lamisil\"}]},{\"@type\":\"WebSite\",\"@id\":\"https:\\\/\\\/drpillman.biz\\\/es\\\/#website\",\"url\":\"https:\\\/\\\/drpillman.biz\\\/es\\\/\",\"name\":\"Dr.Pillman\",\"description\":\"\",\"potentialAction\":[{\"@type\":\"SearchAction\",\"target\":{\"@type\":\"EntryPoint\",\"urlTemplate\":\"https:\\\/\\\/drpillman.biz\\\/es\\\/?s={search_term_string}\"},\"query-input\":{\"@type\":\"PropertyValueSpecification\",\"valueRequired\":true,\"valueName\":\"search_term_string\"}}],\"inLanguage\":\"es\"}]}<\/script>\n<!-- \/ Yoast SEO plugin. -->","yoast_head_json":{"title":"Comprar lamisil (clorhidrato de terbinafina) 250 mg en l\u00ednea para ver cu\u00e1n ventajosas pueden ser las compras en l\u00ednea para usted y cualquier otra persona","description":"Lamisil es un medicamento antif\u00fangico utilizado para infecciones por hongos de la piel. Cuando compra crema de lamisil gen\u00e9rico (clorhidrato de terbinafina) en l\u00ednea, puede gastar menos dinero obteniendo los mismos efectos.","robots":{"index":"index","follow":"follow","max-snippet":"max-snippet:-1","max-image-preview":"max-image-preview:large","max-video-preview":"max-video-preview:-1"},"canonical":"https:\/\/drpillman.biz\/es\/lamisil.htm","og_locale":"es_ES","og_type":"article","og_title":"Comprar lamisil (clorhidrato de terbinafina) 250 mg en l\u00ednea para ver cu\u00e1n ventajosas pueden ser las compras en l\u00ednea para usted y cualquier otra persona","og_description":"Lamisil es un medicamento antif\u00fangico utilizado para infecciones por hongos de la piel. Cuando compra crema de lamisil gen\u00e9rico (clorhidrato de terbinafina) en l\u00ednea, puede gastar menos dinero obteniendo los mismos efectos.","og_url":"https:\/\/drpillman.biz\/es\/lamisil.htm","og_site_name":"Dr.Pillman","article_modified_time":"2024-05-17T19:10:02+00:00","twitter_card":"summary_large_image","schema":{"@context":"https:\/\/schema.org","@graph":[{"@type":"WebPage","@id":"https:\/\/drpillman.biz\/es\/lamisil.htm","url":"https:\/\/drpillman.biz\/es\/lamisil.htm","name":"Comprar lamisil (clorhidrato de terbinafina) 250 mg en l\u00ednea para ver cu\u00e1n ventajosas pueden ser las compras en l\u00ednea para usted y cualquier otra persona","isPartOf":{"@id":"https:\/\/drpillman.biz\/es\/#website"},"datePublished":"2013-02-16T03:49:26+00:00","dateModified":"2024-05-17T19:10:02+00:00","description":"Lamisil es un medicamento antif\u00fangico utilizado para infecciones por hongos de la piel. Cuando compra crema de lamisil gen\u00e9rico (clorhidrato de terbinafina) en l\u00ednea, puede gastar menos dinero obteniendo los mismos efectos.","breadcrumb":{"@id":"https:\/\/drpillman.biz\/es\/lamisil.htm#breadcrumb"},"inLanguage":"es","potentialAction":[{"@type":"ReadAction","target":["https:\/\/drpillman.biz\/es\/lamisil.htm"]}]},{"@type":"BreadcrumbList","@id":"https:\/\/drpillman.biz\/es\/lamisil.htm#breadcrumb","itemListElement":[{"@type":"ListItem","position":1,"name":"Home","item":"https:\/\/drpillman.biz\/es\/"},{"@type":"ListItem","position":2,"name":"Lamisil"}]},{"@type":"WebSite","@id":"https:\/\/drpillman.biz\/es\/#website","url":"https:\/\/drpillman.biz\/es\/","name":"Dr.Pillman","description":"","potentialAction":[{"@type":"SearchAction","target":{"@type":"EntryPoint","urlTemplate":"https:\/\/drpillman.biz\/es\/?s={search_term_string}"},"query-input":{"@type":"PropertyValueSpecification","valueRequired":true,"valueName":"search_term_string"}}],"inLanguage":"es"}]}},"_links":{"self":[{"href":"http:\/\/drpillman.biz\/es\/wp-json\/wp\/v2\/pages\/118","targetHints":{"allow":["GET"]}}],"collection":[{"href":"http:\/\/drpillman.biz\/es\/wp-json\/wp\/v2\/pages"}],"about":[{"href":"http:\/\/drpillman.biz\/es\/wp-json\/wp\/v2\/types\/page"}],"author":[{"embeddable":true,"href":"http:\/\/drpillman.biz\/es\/wp-json\/wp\/v2\/users\/3"}],"replies":[{"embeddable":true,"href":"http:\/\/drpillman.biz\/es\/wp-json\/wp\/v2\/comments?post=118"}],"version-history":[{"count":0,"href":"http:\/\/drpillman.biz\/es\/wp-json\/wp\/v2\/pages\/118\/revisions"}],"wp:attachment":[{"href":"http:\/\/drpillman.biz\/es\/wp-json\/wp\/v2\/media?parent=118"}],"curies":[{"name":"wp","href":"https:\/\/api.w.org\/{rel}","templated":true}]}}