{"id":130,"date":"2013-07-11T04:50:45","date_gmt":"2013-07-11T03:50:45","guid":{"rendered":"https:\/\/drpillman.biz\/?page_id=130"},"modified":"2024-05-21T11:22:59","modified_gmt":"2024-05-21T10:22:59","slug":"metformin","status":"publish","type":"page","link":"http:\/\/drpillman.biz\/es\/metformin.htm","title":{"rendered":"Metformina"},"content":{"rendered":"<div id=\"content-center\">\n<div id=\"content-image\">\n\t\t\t\t\t<img decoding=\"async\" src=\"\/img\/Metformin.jpg\" alt=\"Metformina\" \/><\/div>\n<div id=\"content-description\">\n<h1>Metformina<\/h1>\n<p> <code><a href=\"https:\/\/200pills.com\/search.html?key=Metformin\"> <button class=\"button-7\" role=\"button\">Comprar en l\u00ednea<\/button><\/a><\/code> <\/p>\n<div class=\"gray\"><\/div>\n<div class=\"clear\"><\/div>\n<div id=\"description\">\n\t\t\t\t\t\tExisten dos tipos de diabetes, la de tipo I y la de tipo II, cada una de las cuales provoca un descontrol de los niveles de glucosa en sangre. La metformina se administra a los pacientes que padecen diabetes de tipo II. Se presenta en forma de l\u00edquido y de comprimido, pero el comprimido de liberaci\u00f3n prolongada es el m\u00e1s recetado por los m\u00e9dicos.<\/div>\n<div id=\"additional\">\n\t\t\t\t\t\tSin\u00f3nimos:<span> Glucophage<\/span>\n<\/div>\n<\/div>\n<div class=\"clear\"><\/div>\n<h2>Qu\u00e9 es la metformina<\/h2>\n<p>La metformina es en realidad clorhidrato de metformina y contiene tolueno adem\u00e1s de 2-cianoguanidina y dimetilamina. Es m\u00e1s eficaz en las personas con sobrepeso que sufren de diabetes mellitus de tipo 2 y se sabe que reduce su mortalidad y otras complicaciones relacionadas hasta un 30%, en comparaci\u00f3n con la insulina. No cura la enfermedad pero reduce su intensidad y persistencia.<\/p>\n<h2>Dosificaci\u00f3n<\/h2>\n<p>Los comprimidos de metformina deben tomarse s\u00f3lo con las comidas, hasta que su m\u00e9dico le indique lo contrario. Debe tragarlos enteros, sin masticarlos ni aplastarlos bajo los dientes. Su m\u00e9dico puede pedirle que tome un comprimido una o dos veces al d\u00eda, dependiendo de sus niveles de tolerancia corporal. Sin embargo, hay que intentar ser regular y no saltarse nunca la dosis. En caso de que se olvide la dosis, nunca intente compensarla duplicando la dosis habitual, ya que se convertir\u00eda en una sobredosis.<\/p>\n<p>Los comprimidos de metformina pueden administrarse de forma aislada o en combinaci\u00f3n con otros medicamentos como la insulina. Sin embargo, para obtener los m\u00e1ximos beneficios, tambi\u00e9n hay que seguir religiosamente la dieta, la p\u00e9rdida de peso y los programas de ejercicio.<\/p>\n<h2>Usos m\u00e9dicos<\/h2>\n<p>La metformina, antes conocida como Glucophage, act\u00faa reduciendo la eficacia del h\u00edgado para producir glucosa. Es especialmente eficaz en las condiciones en que las c\u00e9lulas del cuerpo han desarrollado una resistencia a la insulina. Debido a esto, la eficacia de la Metformina ya no se limita a la diabetes de tipo II, sino que tambi\u00e9n se da en los casos de s\u00edndrome de ovario poliqu\u00edstico, la pubertad prematura y la enfermedad del h\u00edgado graso no alcoh\u00f3lico, donde las c\u00e9lulas del cuerpo experimentan resistencia a la insulina. La metformina tambi\u00e9n puede administrarse a personas con alto riesgo de desarrollar diabetes, con antecedentes familiares de la enfermedad o con sobrepeso. Cuando se toma en la etapa prediab\u00e9tica, puede retrasar la aparici\u00f3n de la enfermedad o evitar que se desarrolle por completo.<\/p>\n<h2>Efectos secundarios de la Metformina<\/h2>\n<p>No se sabe que la metformina tenga efectos secundarios importantes, si se toma correctamente y en la dosis adecuada. Sin embargo, debe evitarse la sobredosis, ya que podr\u00eda provocar hipoglucemia y\/o acidosis l\u00e1ctica. Otros efectos secundarios pueden ser diarrea, hinchaz\u00f3n y gases, pero suelen desaparecer con el tiempo. El consumo de alcohol mientras se toma este medicamento tambi\u00e9n puede provocar diversos efectos secundarios. Aparte de esto, debe asegurarse de que no es al\u00e9rgico a la Metformina o a cualquiera de sus ingredientes y consultar a su m\u00e9dico antes de comenzar la medicaci\u00f3n.<\/p>\n<h2>Beneficios de comprar Metformina en l\u00ednea<\/h2>\n<p>En el Reino Unido, se puede comprar Metformina en cualquier farmacia, pero s\u00f3lo con receta m\u00e9dica. Sin embargo, no ocurre lo mismo cuando se compra online, ya que aqu\u00ed se pueden conseguir estos comprimidos incluso sin receta m\u00e9dica. Comprar Metformina online en el Reino Unido puede ser extremadamente conveniente ya que hay m\u00faltiples tiendas que venden medicamentos aut\u00e9nticos a un precio comparativo. Adem\u00e1s, es m\u00e1s barato y ni siquiera tienes que molestarte en salir de casa.<\/p>\n<\/div>\n","protected":false},"excerpt":{"rendered":"<p>Metformina Comprar en l\u00ednea Existen dos tipos de diabetes, la de tipo I y la de tipo II, cada una<\/p>\n","protected":false},"author":3,"featured_media":0,"parent":0,"menu_order":0,"comment_status":"closed","ping_status":"closed","template":"","meta":{"_lmt_disableupdate":"no","_lmt_disable":"no","footnotes":""},"class_list":["post-130","page","type-page","status-publish","hentry"],"translation":{"provider":"WPGlobus","version":"3.0.2","language":"es","enabled_languages":["en","es","fr"],"languages":{"en":{"title":true,"content":true,"excerpt":false},"es":{"title":true,"content":true,"excerpt":false},"fr":{"title":true,"content":true,"excerpt":false}}},"yoast_head":"<!-- This site is optimized with the Yoast SEO plugin v27.4 - https:\/\/yoast.com\/product\/yoast-seo-wordpress\/ -->\n<title>Compre clorhidrato de metformina en l\u00ednea y mejore sus posibilidades contra la diabetes mellitus tipo II<\/title>\n<meta name=\"description\" content=\"El clorhidrato de metformina es un f\u00e1rmaco oral para pacientes que padecen diabetes tipo 2. Este medicamento est\u00e1 disponible para que todos compren en l\u00ednea, especialmente si reside y necesita una entrega r\u00e1pida.\" \/>\n<meta name=\"robots\" content=\"index, follow, max-snippet:-1, max-image-preview:large, max-video-preview:-1\" \/>\n<link rel=\"canonical\" href=\"http:\/\/drpillman.biz\/es\/metformin.htm\" \/>\n<meta property=\"og:locale\" content=\"es_ES\" \/>\n<meta property=\"og:type\" content=\"article\" \/>\n<meta property=\"og:title\" content=\"Compre clorhidrato de metformina en l\u00ednea y mejore sus posibilidades contra la diabetes mellitus tipo II\" \/>\n<meta property=\"og:description\" content=\"El clorhidrato de metformina es un f\u00e1rmaco oral para pacientes que padecen diabetes tipo 2. Este medicamento est\u00e1 disponible para que todos compren en l\u00ednea, especialmente si reside y necesita una entrega r\u00e1pida.\" \/>\n<meta property=\"og:url\" content=\"http:\/\/drpillman.biz\/es\/metformin.htm\" \/>\n<meta property=\"og:site_name\" content=\"Dr.Pillman\" \/>\n<meta property=\"article:modified_time\" content=\"2024-05-21T10:22:59+00:00\" \/>\n<meta name=\"twitter:card\" content=\"summary_large_image\" \/>\n<script type=\"application\/ld+json\" class=\"yoast-schema-graph\">{\"@context\":\"https:\\\/\\\/schema.org\",\"@graph\":[{\"@type\":\"WebPage\",\"@id\":\"http:\\\/\\\/drpillman.biz\\\/es\\\/metformin.htm\",\"url\":\"http:\\\/\\\/drpillman.biz\\\/es\\\/metformin.htm\",\"name\":\"Compre clorhidrato de metformina en l\u00ednea y mejore sus posibilidades contra la diabetes mellitus tipo II\",\"isPartOf\":{\"@id\":\"http:\\\/\\\/drpillman.biz\\\/#website\"},\"datePublished\":\"2013-07-11T03:50:45+00:00\",\"dateModified\":\"2024-05-21T10:22:59+00:00\",\"description\":\"El clorhidrato de metformina es un f\u00e1rmaco oral para pacientes que padecen diabetes tipo 2. Este medicamento est\u00e1 disponible para que todos compren en l\u00ednea, especialmente si reside y necesita una entrega r\u00e1pida.\",\"breadcrumb\":{\"@id\":\"http:\\\/\\\/drpillman.biz\\\/es\\\/metformin.htm#breadcrumb\"},\"inLanguage\":\"es\",\"potentialAction\":[{\"@type\":\"ReadAction\",\"target\":[\"http:\\\/\\\/drpillman.biz\\\/es\\\/metformin.htm\"]}]},{\"@type\":\"BreadcrumbList\",\"@id\":\"http:\\\/\\\/drpillman.biz\\\/es\\\/metformin.htm#breadcrumb\",\"itemListElement\":[{\"@type\":\"ListItem\",\"position\":1,\"name\":\"Home\",\"item\":\"http:\\\/\\\/drpillman.biz\\\/\"},{\"@type\":\"ListItem\",\"position\":2,\"name\":\"Metformina\"}]},{\"@type\":\"WebSite\",\"@id\":\"http:\\\/\\\/drpillman.biz\\\/#website\",\"url\":\"http:\\\/\\\/drpillman.biz\\\/\",\"name\":\"Dr.Pillman\",\"description\":\"\",\"potentialAction\":[{\"@type\":\"SearchAction\",\"target\":{\"@type\":\"EntryPoint\",\"urlTemplate\":\"http:\\\/\\\/drpillman.biz\\\/?s={search_term_string}\"},\"query-input\":{\"@type\":\"PropertyValueSpecification\",\"valueRequired\":true,\"valueName\":\"search_term_string\"}}],\"inLanguage\":\"es\"}]}<\/script>\n<!-- \/ Yoast SEO plugin. -->","yoast_head_json":{"title":"Compre clorhidrato de metformina en l\u00ednea y mejore sus posibilidades contra la diabetes mellitus tipo II","description":"El clorhidrato de metformina es un f\u00e1rmaco oral para pacientes que padecen diabetes tipo 2. Este medicamento est\u00e1 disponible para que todos compren en l\u00ednea, especialmente si reside y necesita una entrega r\u00e1pida.","robots":{"index":"index","follow":"follow","max-snippet":"max-snippet:-1","max-image-preview":"max-image-preview:large","max-video-preview":"max-video-preview:-1"},"canonical":"http:\/\/drpillman.biz\/es\/metformin.htm","og_locale":"es_ES","og_type":"article","og_title":"Compre clorhidrato de metformina en l\u00ednea y mejore sus posibilidades contra la diabetes mellitus tipo II","og_description":"El clorhidrato de metformina es un f\u00e1rmaco oral para pacientes que padecen diabetes tipo 2. Este medicamento est\u00e1 disponible para que todos compren en l\u00ednea, especialmente si reside y necesita una entrega r\u00e1pida.","og_url":"http:\/\/drpillman.biz\/es\/metformin.htm","og_site_name":"Dr.Pillman","article_modified_time":"2024-05-21T10:22:59+00:00","twitter_card":"summary_large_image","schema":{"@context":"https:\/\/schema.org","@graph":[{"@type":"WebPage","@id":"http:\/\/drpillman.biz\/es\/metformin.htm","url":"http:\/\/drpillman.biz\/es\/metformin.htm","name":"Compre clorhidrato de metformina en l\u00ednea y mejore sus posibilidades contra la diabetes mellitus tipo II","isPartOf":{"@id":"http:\/\/drpillman.biz\/#website"},"datePublished":"2013-07-11T03:50:45+00:00","dateModified":"2024-05-21T10:22:59+00:00","description":"El clorhidrato de metformina es un f\u00e1rmaco oral para pacientes que padecen diabetes tipo 2. Este medicamento est\u00e1 disponible para que todos compren en l\u00ednea, especialmente si reside y necesita una entrega r\u00e1pida.","breadcrumb":{"@id":"http:\/\/drpillman.biz\/es\/metformin.htm#breadcrumb"},"inLanguage":"es","potentialAction":[{"@type":"ReadAction","target":["http:\/\/drpillman.biz\/es\/metformin.htm"]}]},{"@type":"BreadcrumbList","@id":"http:\/\/drpillman.biz\/es\/metformin.htm#breadcrumb","itemListElement":[{"@type":"ListItem","position":1,"name":"Home","item":"http:\/\/drpillman.biz\/"},{"@type":"ListItem","position":2,"name":"Metformina"}]},{"@type":"WebSite","@id":"http:\/\/drpillman.biz\/#website","url":"http:\/\/drpillman.biz\/","name":"Dr.Pillman","description":"","potentialAction":[{"@type":"SearchAction","target":{"@type":"EntryPoint","urlTemplate":"http:\/\/drpillman.biz\/?s={search_term_string}"},"query-input":{"@type":"PropertyValueSpecification","valueRequired":true,"valueName":"search_term_string"}}],"inLanguage":"es"}]}},"_links":{"self":[{"href":"http:\/\/drpillman.biz\/es\/wp-json\/wp\/v2\/pages\/130","targetHints":{"allow":["GET"]}}],"collection":[{"href":"http:\/\/drpillman.biz\/es\/wp-json\/wp\/v2\/pages"}],"about":[{"href":"http:\/\/drpillman.biz\/es\/wp-json\/wp\/v2\/types\/page"}],"author":[{"embeddable":true,"href":"http:\/\/drpillman.biz\/es\/wp-json\/wp\/v2\/users\/3"}],"replies":[{"embeddable":true,"href":"http:\/\/drpillman.biz\/es\/wp-json\/wp\/v2\/comments?post=130"}],"version-history":[{"count":0,"href":"http:\/\/drpillman.biz\/es\/wp-json\/wp\/v2\/pages\/130\/revisions"}],"wp:attachment":[{"href":"http:\/\/drpillman.biz\/es\/wp-json\/wp\/v2\/media?parent=130"}],"curies":[{"name":"wp","href":"https:\/\/api.w.org\/{rel}","templated":true}]}}