{"id":145,"date":"2013-06-09T11:12:22","date_gmt":"2013-06-09T10:12:22","guid":{"rendered":"https:\/\/drpillman.biz\/?page_id=145"},"modified":"2024-05-21T11:42:32","modified_gmt":"2024-05-21T10:42:32","slug":"omeprazole","status":"publish","type":"page","link":"http:\/\/drpillman.biz\/es\/omeprazole.htm","title":{"rendered":"Omeprazol"},"content":{"rendered":"<div id=\"content-center\">\n<div id=\"content-image\">\n\t\t\t\t\t<img decoding=\"async\" src=\"\/img\/Omeprazole.jpg\" alt=\"Omeprazol\" \/><\/div>\n<div id=\"content-description\">\n<h1>Omeprazol<\/h1>\n<p> <code><a href=\"https:\/\/200pills.com\/search.html?key=Omeprazole\"> <button class=\"button-7\" role=\"button\">Comprar en l\u00ednea<\/button><\/a><\/code> <\/p>\n<div class=\"gray\"><\/div>\n<div class=\"clear\"><\/div>\n<div id=\"description\">\n\t\t\t\t\t\tEl omeprazol es un tratamiento para la enfermedad de reflujo gastroesof\u00e1gico. Permite que el es\u00f3fago se cure m\u00e1s r\u00e1pido y evita que el \u00e1cido del est\u00f3mago cause m\u00e1s da\u00f1o. El omeprazol tambi\u00e9n se puede recetar solo o en combinaci\u00f3n con otros medicamentos para tratar otras enfermedades en las que se produce demasiado \u00e1cido en el est\u00f3mago.<\/div>\n<div id=\"additional\">\n\t\t\t\t\t\tSin\u00f3nimos:<span> Prilosec<\/span>\n<\/div>\n<\/div>\n<div class=\"clear\"><\/div>\n<p>El omeprazol es un inhibidor de la bomba de protones destinado al tratamiento de las afecciones causadas por la producci\u00f3n excesiva de \u00e1cido estomacal o que contribuyen a ella. Cuando se produce demasiado \u00e1cido estomacal, puede da\u00f1ar las paredes del es\u00f3fago y el revestimiento del propio est\u00f3mago. El omeprazol se prescribe a menudo para la enfermedad de reflujo gastroesof\u00e1gico y el s\u00edndrome de Zollinger-Ellison. Tambi\u00e9n puede tomarse para prevenir la reaparici\u00f3n de \u00falceras estomacales causadas por el H. Pylori. Siempre puede comprar Omeprazol 20 mg en la farmacia del Reino Unido en l\u00ednea, porque eso significar\u00eda quedarse en casa en lugar de ir a su farmacia local. Las personas que compran Omeprazol online se\u00f1alan lo c\u00f3modo que es, especialmente si ya tiene una farmacia del Reino Unido en la que puede confiar y con la que puede comprar siempre que necesite este o cualquier otro medicamento. Sin embargo, antes de comprar Omeprazol 20 mg en una farmacia del Reino Unido, debe asegurarse de que no existen contraindicaciones (no tiene antecedentes de reacci\u00f3n al\u00e9rgica al Omeprazol) y de que no est\u00e1 tomando ning\u00fan medicamento que pueda interactuar con \u00e9l (algunos antibi\u00f3ticos, disulfiram, medicamentos anticonvulsivos, clopidogrel, antif\u00fangicos, anticoagulantes, diur\u00e9ticos, bosentan, ciclosporina o diazepam). Es importante que tome Omeprazol en la misma dosis cada vez, a menos que su m\u00e9dico haya hecho algunos ajustes basados en su reacci\u00f3n o en sus necesidades individuales. Debe seguir tomando Omeprazol durante todo el periodo prescrito o hasta que haya utilizado la cantidad prescrita, incluso si se siente mejor poco despu\u00e9s de iniciar el tratamiento.<\/p>\n<h2>Efectos secundarios<\/h2>\n<p>El uso de Omeprazol no suele estar asociado a ning\u00fan efecto secundario en la mayor\u00eda de los pacientes. Sin embargo, un n\u00famero muy reducido de pacientes que toman Omeprazol pueden experimentar efectos secundarios leves como n\u00e1useas, dolor de cabeza, gases, estre\u00f1imiento o v\u00f3mitos. S\u00f3lo deben notificarse si persisten o se vuelven m\u00e1s molestos con el tiempo. Si desarrolla alg\u00fan efecto secundario que parezca m\u00e1s grave, debe buscar la asistencia de su m\u00e9dico o ayuda m\u00e9dica en su centro de emergencias local.<\/p>\n<\/div>\n","protected":false},"excerpt":{"rendered":"<p>Omeprazol Comprar en l\u00ednea El omeprazol es un tratamiento para la enfermedad de reflujo gastroesof\u00e1gico. Permite que el es\u00f3fago se<\/p>\n","protected":false},"author":3,"featured_media":0,"parent":0,"menu_order":0,"comment_status":"closed","ping_status":"closed","template":"","meta":{"_lmt_disableupdate":"no","_lmt_disable":"no","footnotes":""},"class_list":["post-145","page","type-page","status-publish","hentry"],"translation":{"provider":"WPGlobus","version":"3.0.2","language":"es","enabled_languages":["en","es","fr"],"languages":{"en":{"title":true,"content":true,"excerpt":false},"es":{"title":true,"content":true,"excerpt":false},"fr":{"title":true,"content":true,"excerpt":false}}},"yoast_head":"<!-- This site is optimized with the Yoast SEO plugin v27.3 - https:\/\/yoast.com\/product\/yoast-seo-wordpress\/ -->\n<title>Compre omeprazole 20 mg y vea cu\u00e1nto menos dinero podr\u00eda gastar comprando en la farmacia en l\u00ednea correcta<\/title>\n<meta name=\"description\" content=\"Compre omeprazol, 20 mg de una farmacia del Reino Unido para tratar los s\u00edntomas m\u00e1s molestos de la enfermedad de reflujo gastroesof\u00e1gico y algunas otras afecciones que pueda tener.\" \/>\n<meta name=\"robots\" content=\"index, follow, max-snippet:-1, max-image-preview:large, max-video-preview:-1\" \/>\n<link rel=\"canonical\" href=\"https:\/\/drpillman.biz\/omeprazole.htm\" \/>\n<meta property=\"og:locale\" content=\"es_ES\" \/>\n<meta property=\"og:type\" content=\"article\" \/>\n<meta property=\"og:title\" content=\"Compre omeprazole 20 mg y vea cu\u00e1nto menos dinero podr\u00eda gastar comprando en la farmacia en l\u00ednea correcta\" \/>\n<meta property=\"og:description\" content=\"Compre omeprazol, 20 mg de una farmacia del Reino Unido para tratar los s\u00edntomas m\u00e1s molestos de la enfermedad de reflujo gastroesof\u00e1gico y algunas otras afecciones que pueda tener.\" \/>\n<meta property=\"og:url\" content=\"https:\/\/drpillman.biz\/omeprazole.htm\" \/>\n<meta property=\"og:site_name\" content=\"Dr.Pillman\" \/>\n<meta property=\"article:modified_time\" content=\"2024-05-21T10:42:32+00:00\" \/>\n<meta name=\"twitter:card\" content=\"summary_large_image\" \/>\n<script type=\"application\/ld+json\" class=\"yoast-schema-graph\">{\"@context\":\"https:\\\/\\\/schema.org\",\"@graph\":[{\"@type\":\"WebPage\",\"@id\":\"https:\\\/\\\/drpillman.biz\\\/omeprazole.htm\",\"url\":\"https:\\\/\\\/drpillman.biz\\\/omeprazole.htm\",\"name\":\"Buy Omeprazole 20 mg in UK and see how much less money you could be spending shopping at the right online pharmacy\",\"isPartOf\":{\"@id\":\"https:\\\/\\\/drpillman.biz\\\/es\\\/#website\"},\"datePublished\":\"2013-06-09T10:12:22+00:00\",\"dateModified\":\"2024-05-21T10:42:32+00:00\",\"description\":\"Compre omeprazol, 20 mg de una farmacia del Reino Unido para tratar los s\u00edntomas m\u00e1s molestos de la enfermedad de reflujo gastroesof\u00e1gico y algunas otras afecciones que pueda tener.\",\"breadcrumb\":{\"@id\":\"https:\\\/\\\/drpillman.biz\\\/omeprazole.htm#breadcrumb\"},\"inLanguage\":\"es\",\"potentialAction\":[{\"@type\":\"ReadAction\",\"target\":[\"https:\\\/\\\/drpillman.biz\\\/omeprazole.htm\"]}]},{\"@type\":\"BreadcrumbList\",\"@id\":\"https:\\\/\\\/drpillman.biz\\\/omeprazole.htm#breadcrumb\",\"itemListElement\":[{\"@type\":\"ListItem\",\"position\":1,\"name\":\"Home\",\"item\":\"https:\\\/\\\/drpillman.biz\\\/es\\\/\"},{\"@type\":\"ListItem\",\"position\":2,\"name\":\"Omeprazole\"}]},{\"@type\":\"WebSite\",\"@id\":\"https:\\\/\\\/drpillman.biz\\\/es\\\/#website\",\"url\":\"https:\\\/\\\/drpillman.biz\\\/es\\\/\",\"name\":\"Dr.Pillman\",\"description\":\"\",\"potentialAction\":[{\"@type\":\"SearchAction\",\"target\":{\"@type\":\"EntryPoint\",\"urlTemplate\":\"https:\\\/\\\/drpillman.biz\\\/es\\\/?s={search_term_string}\"},\"query-input\":{\"@type\":\"PropertyValueSpecification\",\"valueRequired\":true,\"valueName\":\"search_term_string\"}}],\"inLanguage\":\"es\"}]}<\/script>\n<!-- \/ Yoast SEO plugin. -->","yoast_head_json":{"title":"Compre omeprazole 20 mg y vea cu\u00e1nto menos dinero podr\u00eda gastar comprando en la farmacia en l\u00ednea correcta","description":"Compre omeprazol, 20 mg de una farmacia del Reino Unido para tratar los s\u00edntomas m\u00e1s molestos de la enfermedad de reflujo gastroesof\u00e1gico y algunas otras afecciones que pueda tener.","robots":{"index":"index","follow":"follow","max-snippet":"max-snippet:-1","max-image-preview":"max-image-preview:large","max-video-preview":"max-video-preview:-1"},"canonical":"https:\/\/drpillman.biz\/omeprazole.htm","og_locale":"es_ES","og_type":"article","og_title":"Compre omeprazole 20 mg y vea cu\u00e1nto menos dinero podr\u00eda gastar comprando en la farmacia en l\u00ednea correcta","og_description":"Compre omeprazol, 20 mg de una farmacia del Reino Unido para tratar los s\u00edntomas m\u00e1s molestos de la enfermedad de reflujo gastroesof\u00e1gico y algunas otras afecciones que pueda tener.","og_url":"https:\/\/drpillman.biz\/omeprazole.htm","og_site_name":"Dr.Pillman","article_modified_time":"2024-05-21T10:42:32+00:00","twitter_card":"summary_large_image","schema":{"@context":"https:\/\/schema.org","@graph":[{"@type":"WebPage","@id":"https:\/\/drpillman.biz\/omeprazole.htm","url":"https:\/\/drpillman.biz\/omeprazole.htm","name":"Buy Omeprazole 20 mg in UK and see how much less money you could be spending shopping at the right online pharmacy","isPartOf":{"@id":"https:\/\/drpillman.biz\/es\/#website"},"datePublished":"2013-06-09T10:12:22+00:00","dateModified":"2024-05-21T10:42:32+00:00","description":"Compre omeprazol, 20 mg de una farmacia del Reino Unido para tratar los s\u00edntomas m\u00e1s molestos de la enfermedad de reflujo gastroesof\u00e1gico y algunas otras afecciones que pueda tener.","breadcrumb":{"@id":"https:\/\/drpillman.biz\/omeprazole.htm#breadcrumb"},"inLanguage":"es","potentialAction":[{"@type":"ReadAction","target":["https:\/\/drpillman.biz\/omeprazole.htm"]}]},{"@type":"BreadcrumbList","@id":"https:\/\/drpillman.biz\/omeprazole.htm#breadcrumb","itemListElement":[{"@type":"ListItem","position":1,"name":"Home","item":"https:\/\/drpillman.biz\/es\/"},{"@type":"ListItem","position":2,"name":"Omeprazole"}]},{"@type":"WebSite","@id":"https:\/\/drpillman.biz\/es\/#website","url":"https:\/\/drpillman.biz\/es\/","name":"Dr.Pillman","description":"","potentialAction":[{"@type":"SearchAction","target":{"@type":"EntryPoint","urlTemplate":"https:\/\/drpillman.biz\/es\/?s={search_term_string}"},"query-input":{"@type":"PropertyValueSpecification","valueRequired":true,"valueName":"search_term_string"}}],"inLanguage":"es"}]}},"_links":{"self":[{"href":"http:\/\/drpillman.biz\/es\/wp-json\/wp\/v2\/pages\/145","targetHints":{"allow":["GET"]}}],"collection":[{"href":"http:\/\/drpillman.biz\/es\/wp-json\/wp\/v2\/pages"}],"about":[{"href":"http:\/\/drpillman.biz\/es\/wp-json\/wp\/v2\/types\/page"}],"author":[{"embeddable":true,"href":"http:\/\/drpillman.biz\/es\/wp-json\/wp\/v2\/users\/3"}],"replies":[{"embeddable":true,"href":"http:\/\/drpillman.biz\/es\/wp-json\/wp\/v2\/comments?post=145"}],"version-history":[{"count":0,"href":"http:\/\/drpillman.biz\/es\/wp-json\/wp\/v2\/pages\/145\/revisions"}],"wp:attachment":[{"href":"http:\/\/drpillman.biz\/es\/wp-json\/wp\/v2\/media?parent=145"}],"curies":[{"name":"wp","href":"https:\/\/api.w.org\/{rel}","templated":true}]}}