{"id":157,"date":"2013-03-25T01:05:39","date_gmt":"2013-03-25T01:05:39","guid":{"rendered":"https:\/\/drpillman.biz\/?page_id=157"},"modified":"2024-05-17T20:34:19","modified_gmt":"2024-05-17T19:34:19","slug":"propecia","status":"publish","type":"page","link":"http:\/\/drpillman.biz\/es\/propecia.htm","title":{"rendered":"Propecia"},"content":{"rendered":"<div id=\"content-center\">\n<div id=\"content-image\"><img decoding=\"async\" src=\"\/img\/Propecia.jpg\" alt=\"Propecia\" \/><\/div>\n<div id=\"content-description\">\n<h1>Propecia<\/h1>\n<p> <code><a href=\"https:\/\/200pills.com\/search.html?key=Propecia\"> <button class=\"button-7\" role=\"button\">Comprar en l\u00ednea<\/button><\/a><\/code><\/p>\n<div class=\"clear\"><\/div>\n<div id=\"description\">Hoy en d\u00eda hay un gran n\u00famero de tratamientos para la ca\u00edda del cabello disponibles en el mercado, y encontrar uno que sea seguro, eficaz y al mismo tiempo aprobado por la FDA no es muy probable. Propecia es el nombre comercial del f\u00e1rmaco Finasteride 1 mg; es uno de los medicamentos antiandr\u00f3genos sint\u00e9ticos m\u00e1s importantes, comunes y utilizados para tratar la calvicie inducida por las hormonas en los hombres.<\/div>\n<div id=\"additional\">Sin\u00f3nimos: <span>Finasterida 1 mg<\/span><\/div>\n<\/div>\n<div class=\"clear\"><\/div>\n<h2>Descripci\u00f3n del medicamento<\/h2>\n<p>Propecia tambi\u00e9n conocido como Finasteride 1 mg, es un medicamento que pertenece a la lista de inhibidores de la 5-alfa-reductasa. Es un potente f\u00e1rmaco que afecta a las hormonas e inhibe la conversi\u00f3n de la testosterona del hombre en dihidrotestosterona (DHT). La DHT es la responsable del desarrollo de la Hiperplasia Prost\u00e1tica Benigna (HPB) y de los problemas de p\u00e9rdida de cabello en los hombres. La acci\u00f3n principal de este medicamento es b\u00e1sicamente reducir los niveles de DHT en el sistema masculino.Su efecto para detener o al menos disminuir los niveles de p\u00e9rdida de cabello es s\u00f3lo secundario a la disminuci\u00f3n de DHT en el cuerpo.<\/p>\n<h2>Efectos secundarios<\/h2>\n<p>Dado que Propecia afecta en gran medida a la actividad de la testosterona en el cuerpo del hombre, la mayor\u00eda de sus efectos secundarios se centran en las funciones del sistema reproductor masculino. La reducci\u00f3n de los niveles de testosterona a largo plazo puede causar impotencia. Aparte de que la funci\u00f3n sexual puede ser disminuida, lo que a su vez disminuir\u00e1 la libido de un hombre, el volumen eyaculatorio y o causando la eyaculaci\u00f3n anormal. Otros efectos secundarios tambi\u00e9n pueden conducir a la disfunci\u00f3n er\u00e9ctil, la ginecomastia (sensibilidad en los senos) y testicular. Como habr\u00e1s notado, estos efectos afectan en gran medida al sistema reproductor masculino.<\/p>\n<p>Aparte de la disminuci\u00f3n de las funciones sexuales del sistema reproductivo, tambi\u00e9n tiene efectos secundarios como erupci\u00f3n cut\u00e1nea, hinchaz\u00f3n de las extremidades, mareos y dolor de cabeza.<\/p>\n<h2>Disponibilidad<\/h2>\n<p>La forma gen\u00e9rica de Propecia es Fenestiride 1 mg y est\u00e1 disponible en muchas farmacias online del Reino Unido. Debido a la naturaleza de esta droga, comprarla legalmente requiere una prescripci\u00f3n de un m\u00e9dico autorizado. El Reino Unido sigue un alto nivel en la prestaci\u00f3n de asistencia sanitaria a sus ciudadanos, por lo que la prescripci\u00f3n de un potente medicamento como Propecia a los pacientes est\u00e1n altamente regulados por los m\u00e9dicos en el Reino Unido. Para que se emita una receta, los pacientes deben someterse primero a un examen m\u00e9dico exhaustivo.<\/p>\n<p>Tambi\u00e9n puede encontrar m\u00e9dicos en el Reino Unido en l\u00ednea que puedan emitir una receta v\u00e1lida para Propecia o Finasterdie 1 mg. Sin embargo, debes estar atento al tratar con uno, porque el ciberespacio tambi\u00e9n est\u00e1 repleto de distribuidores fraudulentos. Pero seguramente, no ser\u00e1 un dolor tan grande para buscar una cl\u00ednica en l\u00ednea cre\u00edble. Ya es una tendencia creciente, y muchos m\u00e9dicos de gran reputaci\u00f3n ya se han unido al carro de la banda.<\/p>\n<h2>C\u00f3mo comprar en l\u00ednea<\/h2>\n<p>La necesidad de una receta para comprar este medicamento es lo que hace que sea dif\u00edcil de conseguir, pero no significa que sea imposible. El proceso es tedioso: hay que someterse a una serie de evaluaciones por parte de un m\u00e9dico de la cl\u00ednica en l\u00ednea. Ellos rastrear\u00e1n tu historial m\u00e9dico; una vez que comprueben que eres apto para el f\u00e1rmaco, obtendr\u00e1s una receta gratuita y el medicamento se entregar\u00e1 directamente en tu puerta al d\u00eda siguiente. Todo lo que tienes que hacer es rellenar completamente sus formularios seguros en l\u00ednea y luego s\u00f3lo tienes que esperar su veredicto despu\u00e9s.<\/p>\n<\/div>\n","protected":false},"excerpt":{"rendered":"<p>Propecia Comprar en l\u00ednea Hoy en d\u00eda hay un gran n\u00famero de tratamientos para la ca\u00edda del cabello disponibles en<\/p>\n","protected":false},"author":3,"featured_media":0,"parent":0,"menu_order":0,"comment_status":"closed","ping_status":"closed","template":"","meta":{"_lmt_disableupdate":"no","_lmt_disable":"no","footnotes":""},"class_list":["post-157","page","type-page","status-publish","hentry"],"translation":{"provider":"WPGlobus","version":"3.0.2","language":"es","enabled_languages":["en","es","fr"],"languages":{"en":{"title":true,"content":true,"excerpt":false},"es":{"title":true,"content":true,"excerpt":false},"fr":{"title":true,"content":true,"excerpt":false}}},"yoast_head":"<!-- This site is optimized with the Yoast SEO plugin v27.4 - https:\/\/yoast.com\/product\/yoast-seo-wordpress\/ -->\n<title>Diga adi\u00f3s a la calvicie con Propecia gen\u00e9rica (finasteride 1 mg) f\u00e1cil de comprar en l\u00ednea<\/title>\n<meta name=\"description\" content=\"Propecia es el \u00fanico f\u00e1rmaco aprobado por la FDA para tratar la calvicie de patrones masculinos. Siempre puede comprar Propecia gen\u00e9rica 1 mg (finasteride) en l\u00ednea y entregarla en cualquier parte del Reino Unido.\" \/>\n<meta name=\"robots\" content=\"index, follow, max-snippet:-1, max-image-preview:large, max-video-preview:-1\" \/>\n<link rel=\"canonical\" href=\"https:\/\/drpillman.biz\/es\/propecia.htm\" \/>\n<meta property=\"og:locale\" content=\"es_ES\" \/>\n<meta property=\"og:type\" content=\"article\" \/>\n<meta property=\"og:title\" content=\"Diga adi\u00f3s a la calvicie con Propecia gen\u00e9rica (finasteride 1 mg) f\u00e1cil de comprar en l\u00ednea\" \/>\n<meta property=\"og:description\" content=\"Propecia es el \u00fanico f\u00e1rmaco aprobado por la FDA para tratar la calvicie de patrones masculinos. Siempre puede comprar Propecia gen\u00e9rica 1 mg (finasteride) en l\u00ednea y entregarla en cualquier parte del Reino Unido.\" \/>\n<meta property=\"og:url\" content=\"https:\/\/drpillman.biz\/es\/propecia.htm\" \/>\n<meta property=\"og:site_name\" content=\"Dr.Pillman\" \/>\n<meta property=\"article:modified_time\" content=\"2024-05-17T19:34:19+00:00\" \/>\n<meta name=\"twitter:card\" content=\"summary_large_image\" \/>\n<script type=\"application\/ld+json\" class=\"yoast-schema-graph\">{\"@context\":\"https:\\\/\\\/schema.org\",\"@graph\":[{\"@type\":\"WebPage\",\"@id\":\"https:\\\/\\\/drpillman.biz\\\/es\\\/propecia.htm\",\"url\":\"https:\\\/\\\/drpillman.biz\\\/es\\\/propecia.htm\",\"name\":\"Diga adi\u00f3s a la calvicie con Propecia gen\u00e9rica (finasteride 1 mg) f\u00e1cil de comprar en l\u00ednea\",\"isPartOf\":{\"@id\":\"https:\\\/\\\/drpillman.biz\\\/fr\\\/#website\"},\"datePublished\":\"2013-03-25T01:05:39+00:00\",\"dateModified\":\"2024-05-17T19:34:19+00:00\",\"description\":\"Propecia es el \u00fanico f\u00e1rmaco aprobado por la FDA para tratar la calvicie de patrones masculinos. Siempre puede comprar Propecia gen\u00e9rica 1 mg (finasteride) en l\u00ednea y entregarla en cualquier parte del Reino Unido.\",\"breadcrumb\":{\"@id\":\"https:\\\/\\\/drpillman.biz\\\/es\\\/propecia.htm#breadcrumb\"},\"inLanguage\":\"es\",\"potentialAction\":[{\"@type\":\"ReadAction\",\"target\":[\"https:\\\/\\\/drpillman.biz\\\/es\\\/propecia.htm\"]}]},{\"@type\":\"BreadcrumbList\",\"@id\":\"https:\\\/\\\/drpillman.biz\\\/es\\\/propecia.htm#breadcrumb\",\"itemListElement\":[{\"@type\":\"ListItem\",\"position\":1,\"name\":\"Home\",\"item\":\"https:\\\/\\\/drpillman.biz\\\/\"},{\"@type\":\"ListItem\",\"position\":2,\"name\":\"Propecia\"}]},{\"@type\":\"WebSite\",\"@id\":\"https:\\\/\\\/drpillman.biz\\\/fr\\\/#website\",\"url\":\"https:\\\/\\\/drpillman.biz\\\/fr\\\/\",\"name\":\"Dr.Pillman\",\"description\":\"\",\"potentialAction\":[{\"@type\":\"SearchAction\",\"target\":{\"@type\":\"EntryPoint\",\"urlTemplate\":\"https:\\\/\\\/drpillman.biz\\\/fr\\\/?s={search_term_string}\"},\"query-input\":{\"@type\":\"PropertyValueSpecification\",\"valueRequired\":true,\"valueName\":\"search_term_string\"}}],\"inLanguage\":\"es\"}]}<\/script>\n<!-- \/ Yoast SEO plugin. -->","yoast_head_json":{"title":"Diga adi\u00f3s a la calvicie con Propecia gen\u00e9rica (finasteride 1 mg) f\u00e1cil de comprar en l\u00ednea","description":"Propecia es el \u00fanico f\u00e1rmaco aprobado por la FDA para tratar la calvicie de patrones masculinos. Siempre puede comprar Propecia gen\u00e9rica 1 mg (finasteride) en l\u00ednea y entregarla en cualquier parte del Reino Unido.","robots":{"index":"index","follow":"follow","max-snippet":"max-snippet:-1","max-image-preview":"max-image-preview:large","max-video-preview":"max-video-preview:-1"},"canonical":"https:\/\/drpillman.biz\/es\/propecia.htm","og_locale":"es_ES","og_type":"article","og_title":"Diga adi\u00f3s a la calvicie con Propecia gen\u00e9rica (finasteride 1 mg) f\u00e1cil de comprar en l\u00ednea","og_description":"Propecia es el \u00fanico f\u00e1rmaco aprobado por la FDA para tratar la calvicie de patrones masculinos. Siempre puede comprar Propecia gen\u00e9rica 1 mg (finasteride) en l\u00ednea y entregarla en cualquier parte del Reino Unido.","og_url":"https:\/\/drpillman.biz\/es\/propecia.htm","og_site_name":"Dr.Pillman","article_modified_time":"2024-05-17T19:34:19+00:00","twitter_card":"summary_large_image","schema":{"@context":"https:\/\/schema.org","@graph":[{"@type":"WebPage","@id":"https:\/\/drpillman.biz\/es\/propecia.htm","url":"https:\/\/drpillman.biz\/es\/propecia.htm","name":"Diga adi\u00f3s a la calvicie con Propecia gen\u00e9rica (finasteride 1 mg) f\u00e1cil de comprar en l\u00ednea","isPartOf":{"@id":"https:\/\/drpillman.biz\/fr\/#website"},"datePublished":"2013-03-25T01:05:39+00:00","dateModified":"2024-05-17T19:34:19+00:00","description":"Propecia es el \u00fanico f\u00e1rmaco aprobado por la FDA para tratar la calvicie de patrones masculinos. Siempre puede comprar Propecia gen\u00e9rica 1 mg (finasteride) en l\u00ednea y entregarla en cualquier parte del Reino Unido.","breadcrumb":{"@id":"https:\/\/drpillman.biz\/es\/propecia.htm#breadcrumb"},"inLanguage":"es","potentialAction":[{"@type":"ReadAction","target":["https:\/\/drpillman.biz\/es\/propecia.htm"]}]},{"@type":"BreadcrumbList","@id":"https:\/\/drpillman.biz\/es\/propecia.htm#breadcrumb","itemListElement":[{"@type":"ListItem","position":1,"name":"Home","item":"https:\/\/drpillman.biz\/"},{"@type":"ListItem","position":2,"name":"Propecia"}]},{"@type":"WebSite","@id":"https:\/\/drpillman.biz\/fr\/#website","url":"https:\/\/drpillman.biz\/fr\/","name":"Dr.Pillman","description":"","potentialAction":[{"@type":"SearchAction","target":{"@type":"EntryPoint","urlTemplate":"https:\/\/drpillman.biz\/fr\/?s={search_term_string}"},"query-input":{"@type":"PropertyValueSpecification","valueRequired":true,"valueName":"search_term_string"}}],"inLanguage":"es"}]}},"_links":{"self":[{"href":"http:\/\/drpillman.biz\/es\/wp-json\/wp\/v2\/pages\/157","targetHints":{"allow":["GET"]}}],"collection":[{"href":"http:\/\/drpillman.biz\/es\/wp-json\/wp\/v2\/pages"}],"about":[{"href":"http:\/\/drpillman.biz\/es\/wp-json\/wp\/v2\/types\/page"}],"author":[{"embeddable":true,"href":"http:\/\/drpillman.biz\/es\/wp-json\/wp\/v2\/users\/3"}],"replies":[{"embeddable":true,"href":"http:\/\/drpillman.biz\/es\/wp-json\/wp\/v2\/comments?post=157"}],"version-history":[{"count":0,"href":"http:\/\/drpillman.biz\/es\/wp-json\/wp\/v2\/pages\/157\/revisions"}],"wp:attachment":[{"href":"http:\/\/drpillman.biz\/es\/wp-json\/wp\/v2\/media?parent=157"}],"curies":[{"name":"wp","href":"https:\/\/api.w.org\/{rel}","templated":true}]}}