{"id":166,"date":"2013-08-24T06:46:36","date_gmt":"2013-08-24T05:46:36","guid":{"rendered":"https:\/\/drpillman.biz\/?page_id=166"},"modified":"2024-05-17T20:40:02","modified_gmt":"2024-05-17T19:40:02","slug":"reglan","status":"publish","type":"page","link":"http:\/\/drpillman.biz\/es\/reglan.htm","title":{"rendered":"Reglan"},"content":{"rendered":"<div id=\"content-center\">\n<div id=\"content-image\">\n\t\t\t\t\t<img decoding=\"async\" src=\"\/img\/Reglan.jpg\" alt=\"Reglan\" \/><\/div>\n<div id=\"content-description\">\n<h1>Reglan<\/h1>\n<p> <code><a href=\"https:\/\/200pills.com\/search.html?key=Reglan\"> <button class=\"button-7\" role=\"button\">Comprar en l\u00ednea<\/button><\/a><\/code><\/p>\n<div class=\"clear\"><\/div>\n<div id=\"description\">\n\t\t\t\t\t\tReglan (principio activo clorhidrato de metoclopramida) se utiliza para el tratamiento del ardor de est\u00f3mago, especialmente cuando est\u00e1 causado por el reflujo gastroesof\u00e1gico. Este medicamento se supone que debe tomarse durante un per\u00edodo de varias semanas seg\u00fan lo prescrito por su m\u00e9dico o lo indicado en la etiqueta del medicamento que compra. <\/div>\n<div id=\"additional\">\n\t\t\t\t\t\tSin\u00f3nimos:<span> Metoclopramida<\/span>\n<\/div>\n<\/div>\n<div class=\"clear\"><\/div>\n<p>Reglan (ingrediente activo clorhidrato de metoclopramida) se utiliza para el tratamiento del ardor de est\u00f3mago en pacientes con reflujo gastroesof\u00e1gico. Este f\u00e1rmaco suele recetarse despu\u00e9s de que el paciente no se haya beneficiado de otros medicamentos recetados para el mismo fin. Reglan est\u00e1 destinado a aliviar los s\u00edntomas a corto plazo. Funciona acelerando el proceso de vaciado del est\u00f3mago, lo que promueve una mejora significativa de los s\u00edntomas. Cuando compre Reglan online, debe tener en cuenta que 12 semanas es el periodo m\u00e1ximo durante el cual se puede continuar el tratamiento. Despu\u00e9s de esto, debe hablar con su m\u00e9dico para ver si tiene sentido seguir tomando Reglan para sus s\u00edntomas. Otro aspecto en el que todo paciente debe pensar antes de comprar clorhidrato de metoclopramida (Reglan) es la presencia de cualquier otro problema m\u00e9dico que pueda interferir en el \u00e9xito del tratamiento. Deben tenerse en cuenta las siguientes afecciones Enfermedad de Parkinson, insuficiencia card\u00edaca congestiva, hipertensi\u00f3n arterial, enfermedad renal, enfermedad hep\u00e1tica o diabetes. Para que Reglan sea m\u00e1s eficaz, debe tomarlo media hora antes de las comidas. Es posible que tenga que tomar la \u00faltima dosis a la hora de acostarse sin haber comido despu\u00e9s. Tambi\u00e9n es posible que se le recomiende tomar Reglan s\u00f3lo cuando tome una comida que normalmente le provocar\u00eda ardor de est\u00f3mago. Cuando compre Reglan en l\u00ednea, aseg\u00farese de elegir una forma que vaya a tomar. La combinaci\u00f3n de dos formas diferentes de Reglan (como los comprimidos y el jarabe) es inaceptable.<\/p>\n<h2>Efectos secundarios<\/h2>\n<p>Reglan puede causar efectos secundarios que variar\u00e1n en intensidad en diferentes pacientes. Los pacientes que toman Reglan deben informar a su m\u00e9dico de cualquiera de los siguientes efectos secundarios poco frecuentes: rigidez muscular, confusi\u00f3n, sudoraci\u00f3n, ictericia, convulsiones, ansiedad y alucinaciones. Los efectos secundarios leves de Reglan son bastante raros pero posibles, incluyendo somnolencia, inquietud, insomnio, n\u00e1useas, v\u00f3mitos, diarrea y dolor de cabeza. Estos suelen desaparecer pronto sin molestar demasiado al paciente.<\/p>\n<\/div>\n","protected":false},"excerpt":{"rendered":"<p>Reglan Comprar en l\u00ednea Reglan (principio activo clorhidrato de metoclopramida) se utiliza para el tratamiento del ardor de est\u00f3mago, especialmente<\/p>\n","protected":false},"author":3,"featured_media":0,"parent":0,"menu_order":0,"comment_status":"closed","ping_status":"closed","template":"","meta":{"_lmt_disableupdate":"no","_lmt_disable":"no","footnotes":""},"class_list":["post-166","page","type-page","status-publish","hentry"],"translation":{"provider":"WPGlobus","version":"3.0.2","language":"es","enabled_languages":["en","es","fr"],"languages":{"en":{"title":true,"content":true,"excerpt":false},"es":{"title":true,"content":true,"excerpt":false},"fr":{"title":true,"content":true,"excerpt":false}}},"yoast_head":"<!-- This site is optimized with the Yoast SEO plugin v27.4 - https:\/\/yoast.com\/product\/yoast-seo-wordpress\/ -->\n<title>Puede comprar f\u00e1cilmente Reglan en l\u00ednea y disfrutar pagando un precio muy justo por la cantidad requerida<\/title>\n<meta name=\"description\" content=\"Reglan es un medicamento para el tratamiento a corto plazo de la acidez estomacal. Puede comprar clorhidrato de metoclopramida en l\u00ednea para aliviar sus s\u00edntomas y asegurarse de que no lo vuelvan a molestar.\" \/>\n<meta name=\"robots\" content=\"index, follow, max-snippet:-1, max-image-preview:large, max-video-preview:-1\" \/>\n<link rel=\"canonical\" href=\"http:\/\/drpillman.biz\/es\/reglan.htm\" \/>\n<meta property=\"og:locale\" content=\"es_ES\" \/>\n<meta property=\"og:type\" content=\"article\" \/>\n<meta property=\"og:title\" content=\"Puede comprar f\u00e1cilmente Reglan en l\u00ednea y disfrutar pagando un precio muy justo por la cantidad requerida\" \/>\n<meta property=\"og:description\" content=\"Reglan es un medicamento para el tratamiento a corto plazo de la acidez estomacal. Puede comprar clorhidrato de metoclopramida en l\u00ednea para aliviar sus s\u00edntomas y asegurarse de que no lo vuelvan a molestar.\" \/>\n<meta property=\"og:url\" content=\"http:\/\/drpillman.biz\/es\/reglan.htm\" \/>\n<meta property=\"og:site_name\" content=\"Dr.Pillman\" \/>\n<meta property=\"article:modified_time\" content=\"2024-05-17T19:40:02+00:00\" \/>\n<meta name=\"twitter:card\" content=\"summary_large_image\" \/>\n<script type=\"application\/ld+json\" class=\"yoast-schema-graph\">{\"@context\":\"https:\\\/\\\/schema.org\",\"@graph\":[{\"@type\":\"WebPage\",\"@id\":\"http:\\\/\\\/drpillman.biz\\\/es\\\/reglan.htm\",\"url\":\"http:\\\/\\\/drpillman.biz\\\/es\\\/reglan.htm\",\"name\":\"Puede comprar f\u00e1cilmente Reglan en l\u00ednea y disfrutar pagando un precio muy justo por la cantidad requerida\",\"isPartOf\":{\"@id\":\"http:\\\/\\\/drpillman.biz\\\/#website\"},\"datePublished\":\"2013-08-24T05:46:36+00:00\",\"dateModified\":\"2024-05-17T19:40:02+00:00\",\"description\":\"Reglan es un medicamento para el tratamiento a corto plazo de la acidez estomacal. Puede comprar clorhidrato de metoclopramida en l\u00ednea para aliviar sus s\u00edntomas y asegurarse de que no lo vuelvan a molestar.\",\"breadcrumb\":{\"@id\":\"http:\\\/\\\/drpillman.biz\\\/es\\\/reglan.htm#breadcrumb\"},\"inLanguage\":\"es\",\"potentialAction\":[{\"@type\":\"ReadAction\",\"target\":[\"http:\\\/\\\/drpillman.biz\\\/es\\\/reglan.htm\"]}]},{\"@type\":\"BreadcrumbList\",\"@id\":\"http:\\\/\\\/drpillman.biz\\\/es\\\/reglan.htm#breadcrumb\",\"itemListElement\":[{\"@type\":\"ListItem\",\"position\":1,\"name\":\"Home\",\"item\":\"http:\\\/\\\/drpillman.biz\\\/\"},{\"@type\":\"ListItem\",\"position\":2,\"name\":\"Reglan\"}]},{\"@type\":\"WebSite\",\"@id\":\"http:\\\/\\\/drpillman.biz\\\/#website\",\"url\":\"http:\\\/\\\/drpillman.biz\\\/\",\"name\":\"Dr.Pillman\",\"description\":\"\",\"potentialAction\":[{\"@type\":\"SearchAction\",\"target\":{\"@type\":\"EntryPoint\",\"urlTemplate\":\"http:\\\/\\\/drpillman.biz\\\/?s={search_term_string}\"},\"query-input\":{\"@type\":\"PropertyValueSpecification\",\"valueRequired\":true,\"valueName\":\"search_term_string\"}}],\"inLanguage\":\"es\"}]}<\/script>\n<!-- \/ Yoast SEO plugin. -->","yoast_head_json":{"title":"Puede comprar f\u00e1cilmente Reglan en l\u00ednea y disfrutar pagando un precio muy justo por la cantidad requerida","description":"Reglan es un medicamento para el tratamiento a corto plazo de la acidez estomacal. Puede comprar clorhidrato de metoclopramida en l\u00ednea para aliviar sus s\u00edntomas y asegurarse de que no lo vuelvan a molestar.","robots":{"index":"index","follow":"follow","max-snippet":"max-snippet:-1","max-image-preview":"max-image-preview:large","max-video-preview":"max-video-preview:-1"},"canonical":"http:\/\/drpillman.biz\/es\/reglan.htm","og_locale":"es_ES","og_type":"article","og_title":"Puede comprar f\u00e1cilmente Reglan en l\u00ednea y disfrutar pagando un precio muy justo por la cantidad requerida","og_description":"Reglan es un medicamento para el tratamiento a corto plazo de la acidez estomacal. Puede comprar clorhidrato de metoclopramida en l\u00ednea para aliviar sus s\u00edntomas y asegurarse de que no lo vuelvan a molestar.","og_url":"http:\/\/drpillman.biz\/es\/reglan.htm","og_site_name":"Dr.Pillman","article_modified_time":"2024-05-17T19:40:02+00:00","twitter_card":"summary_large_image","schema":{"@context":"https:\/\/schema.org","@graph":[{"@type":"WebPage","@id":"http:\/\/drpillman.biz\/es\/reglan.htm","url":"http:\/\/drpillman.biz\/es\/reglan.htm","name":"Puede comprar f\u00e1cilmente Reglan en l\u00ednea y disfrutar pagando un precio muy justo por la cantidad requerida","isPartOf":{"@id":"http:\/\/drpillman.biz\/#website"},"datePublished":"2013-08-24T05:46:36+00:00","dateModified":"2024-05-17T19:40:02+00:00","description":"Reglan es un medicamento para el tratamiento a corto plazo de la acidez estomacal. Puede comprar clorhidrato de metoclopramida en l\u00ednea para aliviar sus s\u00edntomas y asegurarse de que no lo vuelvan a molestar.","breadcrumb":{"@id":"http:\/\/drpillman.biz\/es\/reglan.htm#breadcrumb"},"inLanguage":"es","potentialAction":[{"@type":"ReadAction","target":["http:\/\/drpillman.biz\/es\/reglan.htm"]}]},{"@type":"BreadcrumbList","@id":"http:\/\/drpillman.biz\/es\/reglan.htm#breadcrumb","itemListElement":[{"@type":"ListItem","position":1,"name":"Home","item":"http:\/\/drpillman.biz\/"},{"@type":"ListItem","position":2,"name":"Reglan"}]},{"@type":"WebSite","@id":"http:\/\/drpillman.biz\/#website","url":"http:\/\/drpillman.biz\/","name":"Dr.Pillman","description":"","potentialAction":[{"@type":"SearchAction","target":{"@type":"EntryPoint","urlTemplate":"http:\/\/drpillman.biz\/?s={search_term_string}"},"query-input":{"@type":"PropertyValueSpecification","valueRequired":true,"valueName":"search_term_string"}}],"inLanguage":"es"}]}},"_links":{"self":[{"href":"http:\/\/drpillman.biz\/es\/wp-json\/wp\/v2\/pages\/166","targetHints":{"allow":["GET"]}}],"collection":[{"href":"http:\/\/drpillman.biz\/es\/wp-json\/wp\/v2\/pages"}],"about":[{"href":"http:\/\/drpillman.biz\/es\/wp-json\/wp\/v2\/types\/page"}],"author":[{"embeddable":true,"href":"http:\/\/drpillman.biz\/es\/wp-json\/wp\/v2\/users\/3"}],"replies":[{"embeddable":true,"href":"http:\/\/drpillman.biz\/es\/wp-json\/wp\/v2\/comments?post=166"}],"version-history":[{"count":0,"href":"http:\/\/drpillman.biz\/es\/wp-json\/wp\/v2\/pages\/166\/revisions"}],"wp:attachment":[{"href":"http:\/\/drpillman.biz\/es\/wp-json\/wp\/v2\/media?parent=166"}],"curies":[{"name":"wp","href":"https:\/\/api.w.org\/{rel}","templated":true}]}}