{"id":169,"date":"2013-10-17T12:35:56","date_gmt":"2013-10-17T11:35:56","guid":{"rendered":"https:\/\/drpillman.biz\/?page_id=169"},"modified":"2024-05-17T20:41:49","modified_gmt":"2024-05-17T19:41:49","slug":"risperdal","status":"publish","type":"page","link":"http:\/\/drpillman.biz\/es\/risperdal.htm","title":{"rendered":"Risperdal"},"content":{"rendered":"<div id=\"content-center\">\n<div id=\"content-image\">\n\t\t\t\t\t<img decoding=\"async\" src=\"\/img\/Risperdal.jpg\" alt=\"Risperdal\" \/><\/div>\n<div id=\"content-description\">\n<h1>Risperdal<\/h1>\n<p> <code><a href=\"https:\/\/200pills.com\/search.html?key=Risperdal\"> <button class=\"button-7\" role=\"button\">Comprar en l\u00ednea<\/button><\/a><\/code><\/p>\n<div class=\"clear\"><\/div>\n<div id=\"description\">\n\t\t\t\t\t\tRisperdal es un medicamento antipsic\u00f3tico utilizado para el tratamiento del autismo, el trastorno bipolar y la esquizofrenia. Puede combinarse con otros medicamentos recetados para tratar cualquiera de esas afecciones si el m\u00e9dico lo considera necesario en funci\u00f3n de las necesidades individuales del paciente.<\/div>\n<div id=\"additional\">\n\t\t\t\t\t\tSin\u00f3nimos:<span> Risperidona<\/span>\n<\/div>\n<\/div>\n<div class=\"clear\"><\/div>\n<p>Risperdal (risperidona) es un potente remedio utilizado para el tratamiento de enfermedades causadas por un desequilibrio qu\u00edmico en el cerebro. Antes de decidirse a comprar Risperdal 1 mg o 2 mg online, debe saber para qu\u00e9 se puede utilizar exactamente y si sus s\u00edntomas indican una condici\u00f3n espec\u00edfica contra la que se espera que sea eficaz. Risperdal est\u00e1 clasificado como un medicamento antipsic\u00f3tico at\u00edpico que tiene menos efectos secundarios. Risperdal 1 mg o 2 mg puede utilizarse para el tratamiento de la man\u00eda bipolar, la esquizofrenia, la irritabilidad asociada al autismo y algunas otras afecciones causadas por una comunicaci\u00f3n anormal entre los nervios del cerebro. Adem\u00e1s de los comprimidos de Risperdal disponibles en dosis que van desde 0.De 25 mg a 4 mg, tambi\u00e9n existe Risperdal soluci\u00f3n oral, Risperdal comprimidos desintegrables y Risperdal polvo inyectable. La rutina de administraci\u00f3n de la risperidona y la dosis dependen del estado de salud general del paciente y del problema que debe tratarse. La dosis inicial habitual es de 2 mg de Risperdal, con incrementos de 1 mg o 2 mg cada pocos d\u00edas. Los pacientes que toman Risperdal deben ser conscientes de las posibles interacciones con otros medicamentos que puedan estar tomando tambi\u00e9n, especialmente fluoxetina, ketoconazol, fluconazol, itraconazol o paroxetina. Debe tomar este f\u00e1rmaco durante todo el tiempo que se le indique. Si los s\u00edntomas no mejoran, debe consultarlo con un profesional sanitario cualificado antes de aumentar la dosis por su cuenta o realizar cualquier otro ajuste en el tratamiento.<\/p>\n<h2>Efectos secundarios<\/h2>\n<p>Los efectos secundarios de Risperdal son poco frecuentes pero posibles. Todo paciente debe ser consciente de la posibilidad de sufrir efectos secundarios como fiebre, n\u00e1useas, dolor abdominal, hiperactividad, mareos, cansancio y fatiga. Estos efectos secundarios desaparecer\u00e1n por s\u00ed solos sin interferir en la rutina diaria del paciente o deber\u00e1n ser comunicados al m\u00e9dico en caso de que empeoren o afecten a la capacidad del paciente para realizar sus tareas diarias.<\/p>\n<\/div>\n","protected":false},"excerpt":{"rendered":"<p>Risperdal Comprar en l\u00ednea Risperdal es un medicamento antipsic\u00f3tico utilizado para el tratamiento del autismo, el trastorno bipolar y la<\/p>\n","protected":false},"author":3,"featured_media":0,"parent":0,"menu_order":0,"comment_status":"closed","ping_status":"closed","template":"","meta":{"_lmt_disableupdate":"no","_lmt_disable":"no","footnotes":""},"class_list":["post-169","page","type-page","status-publish","hentry"],"translation":{"provider":"WPGlobus","version":"3.0.2","language":"es","enabled_languages":["en","es","fr"],"languages":{"en":{"title":true,"content":true,"excerpt":false},"es":{"title":true,"content":true,"excerpt":false},"fr":{"title":true,"content":true,"excerpt":false}}},"yoast_head":"<!-- This site is optimized with the Yoast SEO plugin v27.4 - https:\/\/yoast.com\/product\/yoast-seo-wordpress\/ -->\n<title>Cuando compra risperidona en l\u00ednea, obtienes la misma calidad por menos dinero y mucho m\u00e1s r\u00e1pido<\/title>\n<meta name=\"description\" content=\"Si tiene trastorno bipolar o esquizofrenia y los s\u00edntomas lo siguen molestando, es hora de comprar risperdal 1 mg o 2 mg (dependiendo de sus necesidades personales) en l\u00ednea y comenzar el tratamiento.\" \/>\n<meta name=\"robots\" content=\"index, follow, max-snippet:-1, max-image-preview:large, max-video-preview:-1\" \/>\n<link rel=\"canonical\" href=\"https:\/\/drpillman.biz\/risperdal.htm\" \/>\n<meta property=\"og:locale\" content=\"es_ES\" \/>\n<meta property=\"og:type\" content=\"article\" \/>\n<meta property=\"og:title\" content=\"Cuando compra risperidona en l\u00ednea, obtienes la misma calidad por menos dinero y mucho m\u00e1s r\u00e1pido\" \/>\n<meta property=\"og:description\" content=\"Si tiene trastorno bipolar o esquizofrenia y los s\u00edntomas lo siguen molestando, es hora de comprar risperdal 1 mg o 2 mg (dependiendo de sus necesidades personales) en l\u00ednea y comenzar el tratamiento.\" \/>\n<meta property=\"og:url\" content=\"https:\/\/drpillman.biz\/risperdal.htm\" \/>\n<meta property=\"og:site_name\" content=\"Dr.Pillman\" \/>\n<meta property=\"article:modified_time\" content=\"2024-05-17T19:41:49+00:00\" \/>\n<meta name=\"twitter:card\" content=\"summary_large_image\" \/>\n<script type=\"application\/ld+json\" class=\"yoast-schema-graph\">{\"@context\":\"https:\\\/\\\/schema.org\",\"@graph\":[{\"@type\":\"WebPage\",\"@id\":\"https:\\\/\\\/drpillman.biz\\\/risperdal.htm\",\"url\":\"https:\\\/\\\/drpillman.biz\\\/risperdal.htm\",\"name\":\"When you buy risperidone online, you get same quality for less money and much quicker\",\"isPartOf\":{\"@id\":\"http:\\\/\\\/drpillman.biz\\\/#website\"},\"datePublished\":\"2013-10-17T11:35:56+00:00\",\"dateModified\":\"2024-05-17T19:41:49+00:00\",\"description\":\"Si tiene trastorno bipolar o esquizofrenia y los s\u00edntomas lo siguen molestando, es hora de comprar risperdal 1 mg o 2 mg (dependiendo de sus necesidades personales) en l\u00ednea y comenzar el tratamiento.\",\"breadcrumb\":{\"@id\":\"https:\\\/\\\/drpillman.biz\\\/risperdal.htm#breadcrumb\"},\"inLanguage\":\"es\",\"potentialAction\":[{\"@type\":\"ReadAction\",\"target\":[\"https:\\\/\\\/drpillman.biz\\\/risperdal.htm\"]}]},{\"@type\":\"BreadcrumbList\",\"@id\":\"https:\\\/\\\/drpillman.biz\\\/risperdal.htm#breadcrumb\",\"itemListElement\":[{\"@type\":\"ListItem\",\"position\":1,\"name\":\"Home\",\"item\":\"http:\\\/\\\/drpillman.biz\\\/\"},{\"@type\":\"ListItem\",\"position\":2,\"name\":\"Risperdal\"}]},{\"@type\":\"WebSite\",\"@id\":\"http:\\\/\\\/drpillman.biz\\\/#website\",\"url\":\"http:\\\/\\\/drpillman.biz\\\/\",\"name\":\"Dr.Pillman\",\"description\":\"\",\"potentialAction\":[{\"@type\":\"SearchAction\",\"target\":{\"@type\":\"EntryPoint\",\"urlTemplate\":\"http:\\\/\\\/drpillman.biz\\\/?s={search_term_string}\"},\"query-input\":{\"@type\":\"PropertyValueSpecification\",\"valueRequired\":true,\"valueName\":\"search_term_string\"}}],\"inLanguage\":\"es\"}]}<\/script>\n<!-- \/ Yoast SEO plugin. -->","yoast_head_json":{"title":"Cuando compra risperidona en l\u00ednea, obtienes la misma calidad por menos dinero y mucho m\u00e1s r\u00e1pido","description":"Si tiene trastorno bipolar o esquizofrenia y los s\u00edntomas lo siguen molestando, es hora de comprar risperdal 1 mg o 2 mg (dependiendo de sus necesidades personales) en l\u00ednea y comenzar el tratamiento.","robots":{"index":"index","follow":"follow","max-snippet":"max-snippet:-1","max-image-preview":"max-image-preview:large","max-video-preview":"max-video-preview:-1"},"canonical":"https:\/\/drpillman.biz\/risperdal.htm","og_locale":"es_ES","og_type":"article","og_title":"Cuando compra risperidona en l\u00ednea, obtienes la misma calidad por menos dinero y mucho m\u00e1s r\u00e1pido","og_description":"Si tiene trastorno bipolar o esquizofrenia y los s\u00edntomas lo siguen molestando, es hora de comprar risperdal 1 mg o 2 mg (dependiendo de sus necesidades personales) en l\u00ednea y comenzar el tratamiento.","og_url":"https:\/\/drpillman.biz\/risperdal.htm","og_site_name":"Dr.Pillman","article_modified_time":"2024-05-17T19:41:49+00:00","twitter_card":"summary_large_image","schema":{"@context":"https:\/\/schema.org","@graph":[{"@type":"WebPage","@id":"https:\/\/drpillman.biz\/risperdal.htm","url":"https:\/\/drpillman.biz\/risperdal.htm","name":"When you buy risperidone online, you get same quality for less money and much quicker","isPartOf":{"@id":"http:\/\/drpillman.biz\/#website"},"datePublished":"2013-10-17T11:35:56+00:00","dateModified":"2024-05-17T19:41:49+00:00","description":"Si tiene trastorno bipolar o esquizofrenia y los s\u00edntomas lo siguen molestando, es hora de comprar risperdal 1 mg o 2 mg (dependiendo de sus necesidades personales) en l\u00ednea y comenzar el tratamiento.","breadcrumb":{"@id":"https:\/\/drpillman.biz\/risperdal.htm#breadcrumb"},"inLanguage":"es","potentialAction":[{"@type":"ReadAction","target":["https:\/\/drpillman.biz\/risperdal.htm"]}]},{"@type":"BreadcrumbList","@id":"https:\/\/drpillman.biz\/risperdal.htm#breadcrumb","itemListElement":[{"@type":"ListItem","position":1,"name":"Home","item":"http:\/\/drpillman.biz\/"},{"@type":"ListItem","position":2,"name":"Risperdal"}]},{"@type":"WebSite","@id":"http:\/\/drpillman.biz\/#website","url":"http:\/\/drpillman.biz\/","name":"Dr.Pillman","description":"","potentialAction":[{"@type":"SearchAction","target":{"@type":"EntryPoint","urlTemplate":"http:\/\/drpillman.biz\/?s={search_term_string}"},"query-input":{"@type":"PropertyValueSpecification","valueRequired":true,"valueName":"search_term_string"}}],"inLanguage":"es"}]}},"_links":{"self":[{"href":"http:\/\/drpillman.biz\/es\/wp-json\/wp\/v2\/pages\/169","targetHints":{"allow":["GET"]}}],"collection":[{"href":"http:\/\/drpillman.biz\/es\/wp-json\/wp\/v2\/pages"}],"about":[{"href":"http:\/\/drpillman.biz\/es\/wp-json\/wp\/v2\/types\/page"}],"author":[{"embeddable":true,"href":"http:\/\/drpillman.biz\/es\/wp-json\/wp\/v2\/users\/3"}],"replies":[{"embeddable":true,"href":"http:\/\/drpillman.biz\/es\/wp-json\/wp\/v2\/comments?post=169"}],"version-history":[{"count":0,"href":"http:\/\/drpillman.biz\/es\/wp-json\/wp\/v2\/pages\/169\/revisions"}],"wp:attachment":[{"href":"http:\/\/drpillman.biz\/es\/wp-json\/wp\/v2\/media?parent=169"}],"curies":[{"name":"wp","href":"https:\/\/api.w.org\/{rel}","templated":true}]}}