{"id":196,"date":"2013-01-24T03:24:46","date_gmt":"2013-01-24T03:24:46","guid":{"rendered":"https:\/\/drpillman.biz\/?page_id=196"},"modified":"2024-05-21T13:02:00","modified_gmt":"2024-05-21T12:02:00","slug":"viagra","status":"publish","type":"page","link":"http:\/\/drpillman.biz\/es\/viagra.htm","title":{"rendered":"Viagra"},"content":{"rendered":"<div id=\"content-center\">\n<div id=\"content-image\"><img decoding=\"async\" src=\"\/img\/Viagra.jpg\" alt=\"Viagra\" \/><\/div>\n<div id=\"content-description\">\n<h1>Viagra<\/h1>\n<p> <code><a href=\"https:\/\/200pills.com\/search.html?key=Viagra\"> <button class=\"button-7\" role=\"button\">Comprar en l\u00ednea<\/button><\/a><\/code><\/p>\n<div class=\"clear\"><\/div>\n<div id=\"description\">La Viagra es famosa por ser uno de los pocos medicamentos aprobados por la FDA para el tratamiento de los s\u00edntomas de la disfunci\u00f3n er\u00e9ctil, como la incapacidad total o parcial de conseguir una erecci\u00f3n durante las relaciones sexuales. Se toma cada vez antes de tener relaciones sexuales, con un vaso lleno de agua o algo de comida.<\/div>\n<div id=\"additional\">Sin\u00f3nimos: <span>Citrato de sildenafilo<\/span><\/div>\n<\/div>\n<div class=\"clear\"><\/div>\n<p>La Viagra es actualmente el remedio m\u00e1s conocido para tratar los s\u00edntomas de la disfunci\u00f3n er\u00e9ctil que tantos hombres desarrollan al llegar a cierta edad. Por los efectos que tiene el Viagra en el paciente, ayuda a conseguir erecciones mejores y m\u00e1s s\u00f3lidas de lo esperado, sin causar efectos secundarios especialmente graves en la mayor\u00eda de ellos. El Viagra ha sido aprobado por la FDA por su seguridad y alta eficacia (funciona en el noventa por ciento de los pacientes que toman la dosis adecuada). Hoy en d\u00eda, cada vez m\u00e1s personas optan por comprar Viagra gen\u00e9rico en l\u00ednea. Tambi\u00e9n hay muchas farmacias en el Reino Unido donde se puede comprar Viagra con un descuento significativo, lo que hace que el tratamiento sea mucho m\u00e1s asequible para el paciente. Para comprar Viagra en una farmacia del Reino Unido, debe conocer la dosis necesaria para el tratamiento (puede ser desde 25 mg de citrato de sildenafilo hasta 100 mg de citrato de sildenafilo, dependiendo de sus necesidades individuales y de otros problemas m\u00e9dicos presentes). Las farmacias del Reino Unido que ofrecen comprar Viagra gen\u00e9rico en l\u00ednea tienen precios muy competitivos y una alta calidad del medicamento vendido, siempre y cuando usted elija entre las que tienen licencia completa para vender y entregar productos farmac\u00e9uticos como ese. Si compra Viagra Gen\u00e9rica 100 mg, las posibilidades de que sus erecciones vuelvan a la normalidad son mayores que si se empieza con una dosis menor. Por supuesto, dado que el Viagra es s\u00f3lo un tratamiento y no una cura, deber\u00e1 tomar su dosis cada vez antes de las relaciones sexuales para conseguir el efecto deseado.<\/p>\n<h2>Efectos secundarios<\/h2>\n<p>La viagra es muy segura y es poco probable que cause efectos secundarios en la mayor\u00eda de los pacientes que la toman. Sin embargo, este medicamento puede causar algunos efectos secundarios menores, ya que cada persona puede reaccionar a los efectos del ingrediente activo citrato de sildenafil de manera diferente. Los efectos secundarios menores m\u00e1s comunes son dolor de cabeza, problemas de memoria, malestar estomacal, congesti\u00f3n nasal y dolor de espalda. Aunque aparezcan, lo m\u00e1s probable es que desaparezcan por s\u00ed solos o disminuyan en intensidad.<\/p>\n<\/div>\n","protected":false},"excerpt":{"rendered":"<p>Viagra Comprar en l\u00ednea La Viagra es famosa por ser uno de los pocos medicamentos aprobados por la FDA para<\/p>\n","protected":false},"author":3,"featured_media":0,"parent":0,"menu_order":0,"comment_status":"closed","ping_status":"closed","template":"","meta":{"_lmt_disableupdate":"no","_lmt_disable":"no","footnotes":""},"class_list":["post-196","page","type-page","status-publish","hentry"],"translation":{"provider":"WPGlobus","version":"3.0.2","language":"es","enabled_languages":["en","es","fr"],"languages":{"en":{"title":true,"content":true,"excerpt":false},"es":{"title":true,"content":true,"excerpt":false},"fr":{"title":true,"content":true,"excerpt":false}}},"yoast_head":"<!-- This site is optimized with the Yoast SEO plugin v27.4 - https:\/\/yoast.com\/product\/yoast-seo-wordpress\/ -->\n<title>Compre viagra gen\u00e9rico de alta calidad 100 mg en una farmacia confiable del Reino Unido y olv\u00eddate de los s\u00edntomas de disfunci\u00f3n er\u00e9ctil muy pronto<\/title>\n<meta name=\"description\" content=\"Viagra es el tratamiento con educaci\u00f3n m\u00e1s famosa. Puede comprar viagra gen\u00e9rico 100 mg si reside y desea tenerlo disponible en solo unos d\u00edas despu\u00e9s de realizar su pedido.\" \/>\n<meta name=\"robots\" content=\"index, follow, max-snippet:-1, max-image-preview:large, max-video-preview:-1\" \/>\n<link rel=\"canonical\" href=\"http:\/\/drpillman.biz\/es\/viagra.htm\" \/>\n<meta property=\"og:locale\" content=\"es_ES\" \/>\n<meta property=\"og:type\" content=\"article\" \/>\n<meta property=\"og:title\" content=\"Compre viagra gen\u00e9rico de alta calidad 100 mg en una farmacia confiable del Reino Unido y olv\u00eddate de los s\u00edntomas de disfunci\u00f3n er\u00e9ctil muy pronto\" \/>\n<meta property=\"og:description\" content=\"Viagra es el tratamiento con educaci\u00f3n m\u00e1s famosa. Puede comprar viagra gen\u00e9rico 100 mg si reside y desea tenerlo disponible en solo unos d\u00edas despu\u00e9s de realizar su pedido.\" \/>\n<meta property=\"og:url\" content=\"http:\/\/drpillman.biz\/es\/viagra.htm\" \/>\n<meta property=\"og:site_name\" content=\"Dr.Pillman\" \/>\n<meta property=\"article:modified_time\" content=\"2024-05-21T12:02:00+00:00\" \/>\n<meta name=\"twitter:card\" content=\"summary_large_image\" \/>\n<script type=\"application\/ld+json\" class=\"yoast-schema-graph\">{\"@context\":\"https:\\\/\\\/schema.org\",\"@graph\":[{\"@type\":\"WebPage\",\"@id\":\"http:\\\/\\\/drpillman.biz\\\/es\\\/viagra.htm\",\"url\":\"http:\\\/\\\/drpillman.biz\\\/es\\\/viagra.htm\",\"name\":\"Compre viagra gen\u00e9rico de alta calidad 100 mg en una farmacia confiable del Reino Unido y olv\u00eddate de los s\u00edntomas de disfunci\u00f3n er\u00e9ctil muy pronto\",\"isPartOf\":{\"@id\":\"http:\\\/\\\/drpillman.biz\\\/#website\"},\"datePublished\":\"2013-01-24T03:24:46+00:00\",\"dateModified\":\"2024-05-21T12:02:00+00:00\",\"description\":\"Viagra es el tratamiento con educaci\u00f3n m\u00e1s famosa. Puede comprar viagra gen\u00e9rico 100 mg si reside y desea tenerlo disponible en solo unos d\u00edas despu\u00e9s de realizar su pedido.\",\"breadcrumb\":{\"@id\":\"http:\\\/\\\/drpillman.biz\\\/es\\\/viagra.htm#breadcrumb\"},\"inLanguage\":\"es\",\"potentialAction\":[{\"@type\":\"ReadAction\",\"target\":[\"http:\\\/\\\/drpillman.biz\\\/es\\\/viagra.htm\"]}]},{\"@type\":\"BreadcrumbList\",\"@id\":\"http:\\\/\\\/drpillman.biz\\\/es\\\/viagra.htm#breadcrumb\",\"itemListElement\":[{\"@type\":\"ListItem\",\"position\":1,\"name\":\"Home\",\"item\":\"http:\\\/\\\/drpillman.biz\\\/\"},{\"@type\":\"ListItem\",\"position\":2,\"name\":\"Viagra\"}]},{\"@type\":\"WebSite\",\"@id\":\"http:\\\/\\\/drpillman.biz\\\/#website\",\"url\":\"http:\\\/\\\/drpillman.biz\\\/\",\"name\":\"Dr.Pillman\",\"description\":\"\",\"potentialAction\":[{\"@type\":\"SearchAction\",\"target\":{\"@type\":\"EntryPoint\",\"urlTemplate\":\"http:\\\/\\\/drpillman.biz\\\/?s={search_term_string}\"},\"query-input\":{\"@type\":\"PropertyValueSpecification\",\"valueRequired\":true,\"valueName\":\"search_term_string\"}}],\"inLanguage\":\"es\"}]}<\/script>\n<!-- \/ Yoast SEO plugin. -->","yoast_head_json":{"title":"Compre viagra gen\u00e9rico de alta calidad 100 mg en una farmacia confiable del Reino Unido y olv\u00eddate de los s\u00edntomas de disfunci\u00f3n er\u00e9ctil muy pronto","description":"Viagra es el tratamiento con educaci\u00f3n m\u00e1s famosa. Puede comprar viagra gen\u00e9rico 100 mg si reside y desea tenerlo disponible en solo unos d\u00edas despu\u00e9s de realizar su pedido.","robots":{"index":"index","follow":"follow","max-snippet":"max-snippet:-1","max-image-preview":"max-image-preview:large","max-video-preview":"max-video-preview:-1"},"canonical":"http:\/\/drpillman.biz\/es\/viagra.htm","og_locale":"es_ES","og_type":"article","og_title":"Compre viagra gen\u00e9rico de alta calidad 100 mg en una farmacia confiable del Reino Unido y olv\u00eddate de los s\u00edntomas de disfunci\u00f3n er\u00e9ctil muy pronto","og_description":"Viagra es el tratamiento con educaci\u00f3n m\u00e1s famosa. Puede comprar viagra gen\u00e9rico 100 mg si reside y desea tenerlo disponible en solo unos d\u00edas despu\u00e9s de realizar su pedido.","og_url":"http:\/\/drpillman.biz\/es\/viagra.htm","og_site_name":"Dr.Pillman","article_modified_time":"2024-05-21T12:02:00+00:00","twitter_card":"summary_large_image","schema":{"@context":"https:\/\/schema.org","@graph":[{"@type":"WebPage","@id":"http:\/\/drpillman.biz\/es\/viagra.htm","url":"http:\/\/drpillman.biz\/es\/viagra.htm","name":"Compre viagra gen\u00e9rico de alta calidad 100 mg en una farmacia confiable del Reino Unido y olv\u00eddate de los s\u00edntomas de disfunci\u00f3n er\u00e9ctil muy pronto","isPartOf":{"@id":"http:\/\/drpillman.biz\/#website"},"datePublished":"2013-01-24T03:24:46+00:00","dateModified":"2024-05-21T12:02:00+00:00","description":"Viagra es el tratamiento con educaci\u00f3n m\u00e1s famosa. Puede comprar viagra gen\u00e9rico 100 mg si reside y desea tenerlo disponible en solo unos d\u00edas despu\u00e9s de realizar su pedido.","breadcrumb":{"@id":"http:\/\/drpillman.biz\/es\/viagra.htm#breadcrumb"},"inLanguage":"es","potentialAction":[{"@type":"ReadAction","target":["http:\/\/drpillman.biz\/es\/viagra.htm"]}]},{"@type":"BreadcrumbList","@id":"http:\/\/drpillman.biz\/es\/viagra.htm#breadcrumb","itemListElement":[{"@type":"ListItem","position":1,"name":"Home","item":"http:\/\/drpillman.biz\/"},{"@type":"ListItem","position":2,"name":"Viagra"}]},{"@type":"WebSite","@id":"http:\/\/drpillman.biz\/#website","url":"http:\/\/drpillman.biz\/","name":"Dr.Pillman","description":"","potentialAction":[{"@type":"SearchAction","target":{"@type":"EntryPoint","urlTemplate":"http:\/\/drpillman.biz\/?s={search_term_string}"},"query-input":{"@type":"PropertyValueSpecification","valueRequired":true,"valueName":"search_term_string"}}],"inLanguage":"es"}]}},"_links":{"self":[{"href":"http:\/\/drpillman.biz\/es\/wp-json\/wp\/v2\/pages\/196","targetHints":{"allow":["GET"]}}],"collection":[{"href":"http:\/\/drpillman.biz\/es\/wp-json\/wp\/v2\/pages"}],"about":[{"href":"http:\/\/drpillman.biz\/es\/wp-json\/wp\/v2\/types\/page"}],"author":[{"embeddable":true,"href":"http:\/\/drpillman.biz\/es\/wp-json\/wp\/v2\/users\/3"}],"replies":[{"embeddable":true,"href":"http:\/\/drpillman.biz\/es\/wp-json\/wp\/v2\/comments?post=196"}],"version-history":[{"count":0,"href":"http:\/\/drpillman.biz\/es\/wp-json\/wp\/v2\/pages\/196\/revisions"}],"wp:attachment":[{"href":"http:\/\/drpillman.biz\/es\/wp-json\/wp\/v2\/media?parent=196"}],"curies":[{"name":"wp","href":"https:\/\/api.w.org\/{rel}","templated":true}]}}