{"id":34,"date":"2013-01-10T08:28:54","date_gmt":"2013-01-10T08:28:54","guid":{"rendered":"https:\/\/drpillman.biz\/?page_id=34"},"modified":"2024-05-17T10:17:33","modified_gmt":"2024-05-17T09:17:33","slug":"allopurinol","status":"publish","type":"page","link":"http:\/\/drpillman.biz\/es\/allopurinol.htm","title":{"rendered":"Alopurinol"},"content":{"rendered":"<div id=\"content-center\">\n<div id=\"content-image\">\n\t\t\t\t\t<img decoding=\"async\" src=\"\/img\/Allopurinol.jpg\" alt=\"Alopurinol\" \/><\/div>\n<div id=\"content-description\">\n<h1>Alopurinol<\/h1>\n<p> <code><a href=\"https:\/\/200pills.com\/search.html?key=Allopurinol\"> <button class=\"button-7\" role=\"button\">Comprar en l\u00ednea<\/button><\/a><\/code> <\/p>\n<div class=\"gray\"><\/div>\n<div class=\"clear\"><\/div>\n<div id=\"description\">\n\t\t\t\t\t\tEl alopurinol es un inhibidor de la xantina oxidasa que se utiliza para el tratamiento de afecciones caracterizadas por altos niveles de \u00e1cido \u00farico en el organismo. Puede utilizarse para prevenir los ataques de gota, pero es poco probable que detenga uno ya en curso. El alopurinol debe tomarse durante unos meses para que se noten sus efectos.<\/div>\n<div id=\"additional\">\n\t\t\t\t\t\tSin\u00f3nimos:<span> Zyloprim<\/span>\n<\/div>\n<\/div>\n<div class=\"clear\"><\/div>\n<h2>Alopurinol Usos<\/h2>\n<p>El alopurinol es un f\u00e1rmaco utilizado para el tratamiento de la gota y ciertos tipos de c\u00e1lculos renales. Este inhibidor de la xantina oxidasa act\u00faa reduciendo los niveles de \u00e1cido \u00farico, aliviando as\u00ed los s\u00edntomas. Los pacientes pueden tener un nivel elevado de producci\u00f3n de \u00e1cido \u00farico debido a la quimioterapia contra el c\u00e1ncer y otros factores. El alopurinol tambi\u00e9n puede recomendarse para el tratamiento del dolor relacionado con la enfermedad del p\u00e1ncreas, as\u00ed como para las convulsiones. Algunos m\u00e9dicos prescriben Alopurinol para reducir el riesgo de reca\u00edda de la \u00falcera y mejorar la supervivencia despu\u00e9s de una cirug\u00eda de bypass.<\/p>\n<h2>Comprar Alopurinol online &#8211; 100, 300 mg<\/h2>\n<p>La dosis de Alopurinol que debe comprar en l\u00ednea -100 mg o 300 mg- quedar\u00e1 clara una vez que haya analizado su situaci\u00f3n con un profesional m\u00e9dico cualificado. La dosis de Alopurinol que usted necesita depende de sus aspectos y necesidades personales de salud que se evaluar\u00e1n plenamente durante un examen. Muchas personas prefieren comprar Alopurinol online, pagando menos dinero y obteniendo la misma eficacia. Cuando compre Alopurinol online, aseg\u00farese de pedir la cantidad suficiente para no quedarse sin ella a mitad del tratamiento, ya que sus s\u00edntomas pueden empeorar si deja de tomar Alopurinol de forma repentina.<\/p>\n<h2>Dosis de alopurinol<\/h2>\n<p>La dosis inicial de Alopurinol puede ser inferior a la que acabar\u00e1 tomando. Por ejemplo, su m\u00e9dico puede empezar con una dosis de 10 mg de Alopurinol y aumentarla a 300 mg m\u00e1s tarde, dependiendo de su respuesta al tratamiento. Es posible que tenga que tomar Alopurinol durante algunas semanas antes de experimentar una mejora de los s\u00edntomas que le molestaban.<\/p>\n<h2>Efectos secundarios<\/h2>\n<p>Alopurinol puede causar algunos efectos secundarios en algunos pacientes. Puede seguir tomando el medicamento si desarrolla somnolencia, diarrea o malestar estomacal, ya que son s\u00edntomas leves que suelen desaparecer despu\u00e9s de unas horas. En la mayor\u00eda de los casos no vuelven a aparecer, ya que su cuerpo se adapta a la dosis que le ha recetado su m\u00e9dico. Cualquier efecto secundario m\u00e1s grave, como picor, p\u00e9rdida de apetito, dolor al orinar, erupci\u00f3n cut\u00e1nea o sangre en la orina, debe consultarse con el m\u00e9dico lo antes posible.<\/p>\n<\/div>\n","protected":false},"excerpt":{"rendered":"<p>Alopurinol Comprar en l\u00ednea El alopurinol es un inhibidor de la xantina oxidasa que se utiliza para el tratamiento de<\/p>\n","protected":false},"author":3,"featured_media":0,"parent":0,"menu_order":0,"comment_status":"closed","ping_status":"closed","template":"","meta":{"_lmt_disableupdate":"no","_lmt_disable":"no","footnotes":""},"class_list":["post-34","page","type-page","status-publish","hentry"],"translation":{"provider":"WPGlobus","version":"3.0.2","language":"es","enabled_languages":["en","es","fr"],"languages":{"en":{"title":true,"content":true,"excerpt":false},"es":{"title":true,"content":true,"excerpt":false},"fr":{"title":true,"content":true,"excerpt":false}}},"yoast_head":"<!-- This site is optimized with the Yoast SEO plugin v27.4 - https:\/\/yoast.com\/product\/yoast-seo-wordpress\/ -->\n<title>Compre alopurinol 100 y 300 mg en l\u00ednea y olv\u00eddate de los s\u00edntomas dolorosos que ha estado experimentando todo este tiempo<\/title>\n<meta name=\"description\" content=\"Compre alopurinol 300 mg o 100 mg para tratar los c\u00e1lculos renales o las condiciones causadas o contribuidas por la producci\u00f3n excesiva de \u00e1cido \u00farico en el cuerpo. Este medicamento est\u00e1 disponible en l\u00ednea y se puede comprar a granel.\" \/>\n<meta name=\"robots\" content=\"index, follow, max-snippet:-1, max-image-preview:large, max-video-preview:-1\" \/>\n<link rel=\"canonical\" href=\"https:\/\/drpillman.biz\/es\/allopurinol.htm\" \/>\n<meta property=\"og:locale\" content=\"es_ES\" \/>\n<meta property=\"og:type\" content=\"article\" \/>\n<meta property=\"og:title\" content=\"Compre alopurinol 100 y 300 mg en l\u00ednea y olv\u00eddate de los s\u00edntomas dolorosos que ha estado experimentando todo este tiempo\" \/>\n<meta property=\"og:description\" content=\"Compre alopurinol 300 mg o 100 mg para tratar los c\u00e1lculos renales o las condiciones causadas o contribuidas por la producci\u00f3n excesiva de \u00e1cido \u00farico en el cuerpo. Este medicamento est\u00e1 disponible en l\u00ednea y se puede comprar a granel.\" \/>\n<meta property=\"og:url\" content=\"https:\/\/drpillman.biz\/es\/allopurinol.htm\" \/>\n<meta property=\"og:site_name\" content=\"Dr.Pillman\" \/>\n<meta property=\"article:modified_time\" content=\"2024-05-17T09:17:33+00:00\" \/>\n<meta name=\"twitter:card\" content=\"summary_large_image\" \/>\n<script type=\"application\/ld+json\" class=\"yoast-schema-graph\">{\"@context\":\"https:\\\/\\\/schema.org\",\"@graph\":[{\"@type\":\"WebPage\",\"@id\":\"https:\\\/\\\/drpillman.biz\\\/es\\\/allopurinol.htm\",\"url\":\"https:\\\/\\\/drpillman.biz\\\/es\\\/allopurinol.htm\",\"name\":\"Compre alopurinol 100 y 300 mg en l\u00ednea y olv\u00eddate de los s\u00edntomas dolorosos que ha estado experimentando todo este tiempo\",\"isPartOf\":{\"@id\":\"https:\\\/\\\/drpillman.biz\\\/fr\\\/#website\"},\"datePublished\":\"2013-01-10T08:28:54+00:00\",\"dateModified\":\"2024-05-17T09:17:33+00:00\",\"description\":\"Compre alopurinol 300 mg o 100 mg para tratar los c\u00e1lculos renales o las condiciones causadas o contribuidas por la producci\u00f3n excesiva de \u00e1cido \u00farico en el cuerpo. Este medicamento est\u00e1 disponible en l\u00ednea y se puede comprar a granel.\",\"breadcrumb\":{\"@id\":\"https:\\\/\\\/drpillman.biz\\\/es\\\/allopurinol.htm#breadcrumb\"},\"inLanguage\":\"es\",\"potentialAction\":[{\"@type\":\"ReadAction\",\"target\":[\"https:\\\/\\\/drpillman.biz\\\/es\\\/allopurinol.htm\"]}]},{\"@type\":\"BreadcrumbList\",\"@id\":\"https:\\\/\\\/drpillman.biz\\\/es\\\/allopurinol.htm#breadcrumb\",\"itemListElement\":[{\"@type\":\"ListItem\",\"position\":1,\"name\":\"Home\",\"item\":\"https:\\\/\\\/drpillman.biz\\\/\"},{\"@type\":\"ListItem\",\"position\":2,\"name\":\"Alopurinol\"}]},{\"@type\":\"WebSite\",\"@id\":\"https:\\\/\\\/drpillman.biz\\\/fr\\\/#website\",\"url\":\"https:\\\/\\\/drpillman.biz\\\/fr\\\/\",\"name\":\"Dr.Pillman\",\"description\":\"\",\"potentialAction\":[{\"@type\":\"SearchAction\",\"target\":{\"@type\":\"EntryPoint\",\"urlTemplate\":\"https:\\\/\\\/drpillman.biz\\\/fr\\\/?s={search_term_string}\"},\"query-input\":{\"@type\":\"PropertyValueSpecification\",\"valueRequired\":true,\"valueName\":\"search_term_string\"}}],\"inLanguage\":\"es\"}]}<\/script>\n<!-- \/ Yoast SEO plugin. -->","yoast_head_json":{"title":"Compre alopurinol 100 y 300 mg en l\u00ednea y olv\u00eddate de los s\u00edntomas dolorosos que ha estado experimentando todo este tiempo","description":"Compre alopurinol 300 mg o 100 mg para tratar los c\u00e1lculos renales o las condiciones causadas o contribuidas por la producci\u00f3n excesiva de \u00e1cido \u00farico en el cuerpo. Este medicamento est\u00e1 disponible en l\u00ednea y se puede comprar a granel.","robots":{"index":"index","follow":"follow","max-snippet":"max-snippet:-1","max-image-preview":"max-image-preview:large","max-video-preview":"max-video-preview:-1"},"canonical":"https:\/\/drpillman.biz\/es\/allopurinol.htm","og_locale":"es_ES","og_type":"article","og_title":"Compre alopurinol 100 y 300 mg en l\u00ednea y olv\u00eddate de los s\u00edntomas dolorosos que ha estado experimentando todo este tiempo","og_description":"Compre alopurinol 300 mg o 100 mg para tratar los c\u00e1lculos renales o las condiciones causadas o contribuidas por la producci\u00f3n excesiva de \u00e1cido \u00farico en el cuerpo. Este medicamento est\u00e1 disponible en l\u00ednea y se puede comprar a granel.","og_url":"https:\/\/drpillman.biz\/es\/allopurinol.htm","og_site_name":"Dr.Pillman","article_modified_time":"2024-05-17T09:17:33+00:00","twitter_card":"summary_large_image","schema":{"@context":"https:\/\/schema.org","@graph":[{"@type":"WebPage","@id":"https:\/\/drpillman.biz\/es\/allopurinol.htm","url":"https:\/\/drpillman.biz\/es\/allopurinol.htm","name":"Compre alopurinol 100 y 300 mg en l\u00ednea y olv\u00eddate de los s\u00edntomas dolorosos que ha estado experimentando todo este tiempo","isPartOf":{"@id":"https:\/\/drpillman.biz\/fr\/#website"},"datePublished":"2013-01-10T08:28:54+00:00","dateModified":"2024-05-17T09:17:33+00:00","description":"Compre alopurinol 300 mg o 100 mg para tratar los c\u00e1lculos renales o las condiciones causadas o contribuidas por la producci\u00f3n excesiva de \u00e1cido \u00farico en el cuerpo. Este medicamento est\u00e1 disponible en l\u00ednea y se puede comprar a granel.","breadcrumb":{"@id":"https:\/\/drpillman.biz\/es\/allopurinol.htm#breadcrumb"},"inLanguage":"es","potentialAction":[{"@type":"ReadAction","target":["https:\/\/drpillman.biz\/es\/allopurinol.htm"]}]},{"@type":"BreadcrumbList","@id":"https:\/\/drpillman.biz\/es\/allopurinol.htm#breadcrumb","itemListElement":[{"@type":"ListItem","position":1,"name":"Home","item":"https:\/\/drpillman.biz\/"},{"@type":"ListItem","position":2,"name":"Alopurinol"}]},{"@type":"WebSite","@id":"https:\/\/drpillman.biz\/fr\/#website","url":"https:\/\/drpillman.biz\/fr\/","name":"Dr.Pillman","description":"","potentialAction":[{"@type":"SearchAction","target":{"@type":"EntryPoint","urlTemplate":"https:\/\/drpillman.biz\/fr\/?s={search_term_string}"},"query-input":{"@type":"PropertyValueSpecification","valueRequired":true,"valueName":"search_term_string"}}],"inLanguage":"es"}]}},"_links":{"self":[{"href":"http:\/\/drpillman.biz\/es\/wp-json\/wp\/v2\/pages\/34","targetHints":{"allow":["GET"]}}],"collection":[{"href":"http:\/\/drpillman.biz\/es\/wp-json\/wp\/v2\/pages"}],"about":[{"href":"http:\/\/drpillman.biz\/es\/wp-json\/wp\/v2\/types\/page"}],"author":[{"embeddable":true,"href":"http:\/\/drpillman.biz\/es\/wp-json\/wp\/v2\/users\/3"}],"replies":[{"embeddable":true,"href":"http:\/\/drpillman.biz\/es\/wp-json\/wp\/v2\/comments?post=34"}],"version-history":[{"count":0,"href":"http:\/\/drpillman.biz\/es\/wp-json\/wp\/v2\/pages\/34\/revisions"}],"wp:attachment":[{"href":"http:\/\/drpillman.biz\/es\/wp-json\/wp\/v2\/media?parent=34"}],"curies":[{"name":"wp","href":"https:\/\/api.w.org\/{rel}","templated":true}]}}