{"id":64,"date":"2013-01-17T02:59:32","date_gmt":"2013-01-17T02:59:32","guid":{"rendered":"https:\/\/drpillman.biz\/?page_id=64"},"modified":"2024-05-17T13:04:45","modified_gmt":"2024-05-17T12:04:45","slug":"cephalexin","status":"publish","type":"page","link":"http:\/\/drpillman.biz\/es\/cephalexin.htm","title":{"rendered":"Cefalexina"},"content":{"rendered":"<div id=\"content-center\">\n<div id=\"content-image\"><img decoding=\"async\" src=\"\/img\/Cephalexin.jpg\" alt=\"Cefalexina\" \/><\/div>\n<div id=\"content-description\">\n<h1>Cefalexina<\/h1>\n<p> <code><a href=\"https:\/\/200pills.com\/search.html?key=Cephalexin\"> <button class=\"button-7\" role=\"button\">Comprar en l\u00ednea<\/button><\/a><\/code><\/p>\n<div class=\"gray\"><\/div>\n<div class=\"clear\"><\/div>\n<div id=\"description\">La cefalexina es un f\u00e1rmaco que trata una amplia gama de infecciones bacterianas mediante la inhibici\u00f3n del crecimiento de las bacterias y, a continuaci\u00f3n, destruirlo. La cefalexina es un tipo de antibi\u00f3tico que se conoce com\u00fanmente como antibi\u00f3tico de cefalosporina. A veces, tambi\u00e9n se utiliza antes de un procedimiento dental. El mecanismo de acci\u00f3n es el siguiente: el f\u00e1rmaco impide la formaci\u00f3n de una nueva pared celular de las bacterias, provocando as\u00ed una ruptura que acabar\u00e1 matando a la bacteria y evitando que \u00e9sta da\u00f1e al paciente. Si no se tratan, las infecciones bacterianas pueden incluso causar la muerte del paciente. Este medicamento se utiliza ampliamente en el tratamiento de algunos de los tipos de infecciones m\u00e1s comunes y m\u00e1s peligrosas como la neumon\u00eda, las infecciones articulares, la faringitis estreptoc\u00f3cica o las infecciones del tracto urinario.<\/div>\n<div id=\"additional\">Sin\u00f3nimos: <span>Keflex<\/span><\/div>\n<\/div>\n<div class=\"clear\"><\/div>\n<h2>C\u00f3mo tomar Cefalexina<\/h2>\n<p>El medicamento es para uso oral solamente, y se puede tomar con o sin alimentos. Hay que mencionar que la cefalexina no ser\u00e1 eficaz para el tratamiento de infecciones virales como la gripe, y el uso indebido de este tratamiento s\u00f3lo disminuir\u00e1 su eficacia a largo plazo. La dosis recomendada se basa en cada individuo, y la Cefalexina se administra a los ni\u00f1os bas\u00e1ndose principalmente en su peso.<\/p>\n<p>La cefalexina est\u00e1 disponible en forma de medicamento oral o suspensi\u00f3n, y debe tomarse a intervalos de tiempo exactos. Los pacientes deben seguir tomando Cefalexina incluso si notan una mejora en su estado o si los s\u00edntomas desaparecen &#8211; el medicamento debe tomarse hasta la \u00faltima dosis, de lo contrario las bacterias pueden seguir creciendo y la infecci\u00f3n puede rebotar en pocos d\u00edas.<\/p>\n<h2>Efectos secundarios potenciales de Cefalexina 500 Mg<\/h2>\n<p>Si no toma Cefalexina tal y como le ha recetado el m\u00e9dico o si la toma durante demasiado tiempo, puede experimentar efectos secundarios desagradables &#8211; cuando se produzcan, aseg\u00farese de comunic\u00e1rselo a su farmac\u00e9utico o a su m\u00e9dico inmediatamente. La cefalexina puede causar una afecci\u00f3n intestinal que se produce cuando las bacterias resistentes han entrado en su cuerpo y est\u00e1n luchando contra el tratamiento antibi\u00f3tico &#8211; esta reacci\u00f3n adversa puede ocurrir meses despu\u00e9s de haber dejado de tomar el medicamento, y no debe ser descuidada.<\/p>\n<h2>Precauciones<\/h2>\n<p>Si toma otros f\u00e1rmacos (especialmente los basados en la penicilina) o padece diabetes o enfermedades cr\u00f3nicas del h\u00edgado, el ri\u00f1\u00f3n o cualquier otro \u00f3rgano, debe informar a su m\u00e9dico antes de iniciar el tratamiento con Cefalexina. Adem\u00e1s, debe evitar tomar este medicamento si es al\u00e9rgico a \u00e9l o a otros antibi\u00f3ticos similares, como Omnicef, Cefzil o Ceftin.<\/p>\n<h2>Orden Cephalexin 500 Mg En Internet Sin Receta M\u00e9dica<\/h2>\n<p>Si Cephalexin 500 mg no est\u00e1 disponible en la farmacia local, entonces puede comprarlo f\u00e1cilmente en l\u00ednea. Las farmacias online ofrecen formularios f\u00e1ciles, completos y r\u00e1pidos que permiten comprar Cefalexina 500 mg online sin necesidad de receta m\u00e9dica. La relaci\u00f3n precio\/calidad que ofrecen las farmacias en Internet es muy conveniente, ya que los medicamentos son considerablemente m\u00e1s baratos en l\u00ednea al no tener que invertir en marketing y publicidad. Pedir medicamentos en l\u00ednea nunca ha sido tan f\u00e1cil.<\/p>\n<\/div>\n","protected":false},"excerpt":{"rendered":"<p>Cefalexina Comprar en l\u00ednea La cefalexina es un f\u00e1rmaco que trata una amplia gama de infecciones bacterianas mediante la inhibici\u00f3n<\/p>\n","protected":false},"author":3,"featured_media":0,"parent":0,"menu_order":0,"comment_status":"closed","ping_status":"closed","template":"","meta":{"_lmt_disableupdate":"no","_lmt_disable":"no","footnotes":""},"class_list":["post-64","page","type-page","status-publish","hentry"],"translation":{"provider":"WPGlobus","version":"3.0.2","language":"es","enabled_languages":["en","es","fr"],"languages":{"en":{"title":true,"content":true,"excerpt":false},"es":{"title":true,"content":true,"excerpt":false},"fr":{"title":true,"content":true,"excerpt":false}}},"yoast_head":"<!-- This site is optimized with the Yoast SEO plugin v27.3 - https:\/\/yoast.com\/product\/yoast-seo-wordpress\/ -->\n<title>Comprar cefalexina 500 mg para infecciones bacterianas sin receta<\/title>\n<meta name=\"description\" content=\"La cefalexina es un antibi\u00f3tico potente que puede comprar en l\u00ednea a la dosis de 500 mg, siempre que esta dosis sea suficiente y no demasiado alta para disfrutar de todos los beneficios que el tratamiento puede ofrecer.\" \/>\n<meta name=\"robots\" content=\"index, follow, max-snippet:-1, max-image-preview:large, max-video-preview:-1\" \/>\n<link rel=\"canonical\" href=\"http:\/\/drpillman.biz\/es\/cephalexin.htm\" \/>\n<meta property=\"og:locale\" content=\"es_ES\" \/>\n<meta property=\"og:type\" content=\"article\" \/>\n<meta property=\"og:title\" content=\"Comprar cefalexina 500 mg para infecciones bacterianas sin receta\" \/>\n<meta property=\"og:description\" content=\"La cefalexina es un antibi\u00f3tico potente que puede comprar en l\u00ednea a la dosis de 500 mg, siempre que esta dosis sea suficiente y no demasiado alta para disfrutar de todos los beneficios que el tratamiento puede ofrecer.\" \/>\n<meta property=\"og:url\" content=\"http:\/\/drpillman.biz\/es\/cephalexin.htm\" \/>\n<meta property=\"og:site_name\" content=\"Dr.Pillman\" \/>\n<meta property=\"article:modified_time\" content=\"2024-05-17T12:04:45+00:00\" \/>\n<meta name=\"twitter:card\" content=\"summary_large_image\" \/>\n<script type=\"application\/ld+json\" class=\"yoast-schema-graph\">{\"@context\":\"https:\\\/\\\/schema.org\",\"@graph\":[{\"@type\":\"WebPage\",\"@id\":\"http:\\\/\\\/drpillman.biz\\\/es\\\/cephalexin.htm\",\"url\":\"http:\\\/\\\/drpillman.biz\\\/es\\\/cephalexin.htm\",\"name\":\"Comprar cefalexina 500 mg para infecciones bacterianas sin receta\",\"isPartOf\":{\"@id\":\"https:\\\/\\\/drpillman.biz\\\/es\\\/#website\"},\"datePublished\":\"2013-01-17T02:59:32+00:00\",\"dateModified\":\"2024-05-17T12:04:45+00:00\",\"description\":\"La cefalexina es un antibi\u00f3tico potente que puede comprar en l\u00ednea a la dosis de 500 mg, siempre que esta dosis sea suficiente y no demasiado alta para disfrutar de todos los beneficios que el tratamiento puede ofrecer.\",\"breadcrumb\":{\"@id\":\"http:\\\/\\\/drpillman.biz\\\/es\\\/cephalexin.htm#breadcrumb\"},\"inLanguage\":\"es\",\"potentialAction\":[{\"@type\":\"ReadAction\",\"target\":[\"http:\\\/\\\/drpillman.biz\\\/es\\\/cephalexin.htm\"]}]},{\"@type\":\"BreadcrumbList\",\"@id\":\"http:\\\/\\\/drpillman.biz\\\/es\\\/cephalexin.htm#breadcrumb\",\"itemListElement\":[{\"@type\":\"ListItem\",\"position\":1,\"name\":\"Home\",\"item\":\"https:\\\/\\\/drpillman.biz\\\/es\\\/\"},{\"@type\":\"ListItem\",\"position\":2,\"name\":\"Cefalexina\"}]},{\"@type\":\"WebSite\",\"@id\":\"https:\\\/\\\/drpillman.biz\\\/es\\\/#website\",\"url\":\"https:\\\/\\\/drpillman.biz\\\/es\\\/\",\"name\":\"Dr.Pillman\",\"description\":\"\",\"potentialAction\":[{\"@type\":\"SearchAction\",\"target\":{\"@type\":\"EntryPoint\",\"urlTemplate\":\"https:\\\/\\\/drpillman.biz\\\/es\\\/?s={search_term_string}\"},\"query-input\":{\"@type\":\"PropertyValueSpecification\",\"valueRequired\":true,\"valueName\":\"search_term_string\"}}],\"inLanguage\":\"es\"}]}<\/script>\n<!-- \/ Yoast SEO plugin. -->","yoast_head_json":{"title":"Comprar cefalexina 500 mg para infecciones bacterianas sin receta","description":"La cefalexina es un antibi\u00f3tico potente que puede comprar en l\u00ednea a la dosis de 500 mg, siempre que esta dosis sea suficiente y no demasiado alta para disfrutar de todos los beneficios que el tratamiento puede ofrecer.","robots":{"index":"index","follow":"follow","max-snippet":"max-snippet:-1","max-image-preview":"max-image-preview:large","max-video-preview":"max-video-preview:-1"},"canonical":"http:\/\/drpillman.biz\/es\/cephalexin.htm","og_locale":"es_ES","og_type":"article","og_title":"Comprar cefalexina 500 mg para infecciones bacterianas sin receta","og_description":"La cefalexina es un antibi\u00f3tico potente que puede comprar en l\u00ednea a la dosis de 500 mg, siempre que esta dosis sea suficiente y no demasiado alta para disfrutar de todos los beneficios que el tratamiento puede ofrecer.","og_url":"http:\/\/drpillman.biz\/es\/cephalexin.htm","og_site_name":"Dr.Pillman","article_modified_time":"2024-05-17T12:04:45+00:00","twitter_card":"summary_large_image","schema":{"@context":"https:\/\/schema.org","@graph":[{"@type":"WebPage","@id":"http:\/\/drpillman.biz\/es\/cephalexin.htm","url":"http:\/\/drpillman.biz\/es\/cephalexin.htm","name":"Comprar cefalexina 500 mg para infecciones bacterianas sin receta","isPartOf":{"@id":"https:\/\/drpillman.biz\/es\/#website"},"datePublished":"2013-01-17T02:59:32+00:00","dateModified":"2024-05-17T12:04:45+00:00","description":"La cefalexina es un antibi\u00f3tico potente que puede comprar en l\u00ednea a la dosis de 500 mg, siempre que esta dosis sea suficiente y no demasiado alta para disfrutar de todos los beneficios que el tratamiento puede ofrecer.","breadcrumb":{"@id":"http:\/\/drpillman.biz\/es\/cephalexin.htm#breadcrumb"},"inLanguage":"es","potentialAction":[{"@type":"ReadAction","target":["http:\/\/drpillman.biz\/es\/cephalexin.htm"]}]},{"@type":"BreadcrumbList","@id":"http:\/\/drpillman.biz\/es\/cephalexin.htm#breadcrumb","itemListElement":[{"@type":"ListItem","position":1,"name":"Home","item":"https:\/\/drpillman.biz\/es\/"},{"@type":"ListItem","position":2,"name":"Cefalexina"}]},{"@type":"WebSite","@id":"https:\/\/drpillman.biz\/es\/#website","url":"https:\/\/drpillman.biz\/es\/","name":"Dr.Pillman","description":"","potentialAction":[{"@type":"SearchAction","target":{"@type":"EntryPoint","urlTemplate":"https:\/\/drpillman.biz\/es\/?s={search_term_string}"},"query-input":{"@type":"PropertyValueSpecification","valueRequired":true,"valueName":"search_term_string"}}],"inLanguage":"es"}]}},"_links":{"self":[{"href":"http:\/\/drpillman.biz\/es\/wp-json\/wp\/v2\/pages\/64","targetHints":{"allow":["GET"]}}],"collection":[{"href":"http:\/\/drpillman.biz\/es\/wp-json\/wp\/v2\/pages"}],"about":[{"href":"http:\/\/drpillman.biz\/es\/wp-json\/wp\/v2\/types\/page"}],"author":[{"embeddable":true,"href":"http:\/\/drpillman.biz\/es\/wp-json\/wp\/v2\/users\/3"}],"replies":[{"embeddable":true,"href":"http:\/\/drpillman.biz\/es\/wp-json\/wp\/v2\/comments?post=64"}],"version-history":[{"count":0,"href":"http:\/\/drpillman.biz\/es\/wp-json\/wp\/v2\/pages\/64\/revisions"}],"wp:attachment":[{"href":"http:\/\/drpillman.biz\/es\/wp-json\/wp\/v2\/media?parent=64"}],"curies":[{"name":"wp","href":"https:\/\/api.w.org\/{rel}","templated":true}]}}