{"id":88,"date":"2013-05-17T03:54:06","date_gmt":"2013-05-17T02:54:06","guid":{"rendered":"https:\/\/drpillman.biz\/?page_id=88"},"modified":"2024-05-20T19:59:08","modified_gmt":"2024-05-20T18:59:08","slug":"dexamethasone","status":"publish","type":"page","link":"http:\/\/drpillman.biz\/es\/dexamethasone.htm","title":{"rendered":"Dexametasona"},"content":{"rendered":"<div id=\"content-center\">\n<div id=\"content-image\"><img decoding=\"async\" src=\"\/img\/Dexamethasone.jpg\" alt=\"Dexametasona\" \/><\/div>\n<div id=\"content-description\">\n<h1>Dexametasona<\/h1>\n<p> <code><a href=\"https:\/\/200pills.com\/search.html?key=Dexamethasone\"> <button class=\"button-7\" role=\"button\">Comprar en l\u00ednea<\/button><\/a><\/code><\/p>\n<div class=\"gray\"><\/div>\n<div class=\"clear\"><\/div>\n<div id=\"description\">Un ejemplo de un f\u00e1rmaco muy vers\u00e1til disponible en el mercado farmac\u00e9utico actual es la dexametasona 0.5mg. Este f\u00e1rmaco tiene una multitud de usos diferentes, y puede aplicarse como m\u00e9todo de tratamiento para una variedad de enfermedades y condiciones diferentes. La dexametasona forma parte de la clasificaci\u00f3n de glucocorticoides de los f\u00e1rmacos esteroides, y cuando se administra por v\u00eda oral, este f\u00e1rmaco ha demostrado ser aproximadamente un 27% m\u00e1s potente que la hormona natural conocida como cortisol. Esta es una buena noticia para los pacientes que utilizan este medicamento, ya que una mayor potencia suele estar relacionada con un m\u00e9todo de tratamiento m\u00e1s exitoso. Para el beneficio de todo tipo de profesionales m\u00e9dicos y pacientes, ahora se discutir\u00e1n algunos de los usos de la dexametasona, as\u00ed como las ventajas de comprarla en l\u00ednea.<\/div>\n<div id=\"additional\">Sin\u00f3nimos: <span>Dexona<\/span><\/div>\n<\/div>\n<div class=\"clear\"><\/div>\n<h2>Qu\u00e9 es la dexametasona? Usos m\u00e9dicos<\/h2>\n<p>Los usos terap\u00e9uticos de la dexametasona son bastante amplios; algunos de los principales usos son como medicamento antiinflamatorio, como tratamiento oncol\u00f3gico y como medicamento para el mal de altura. En cuanto a sus usos y propiedades antiinflamatorias, la dexametasona 0.5 mg puede utilizarse para contrarrestar el shock anafil\u00e1ctico que a menudo puede ser inducido por reacciones al\u00e9rgicas. Tambi\u00e9n se puede utilizar como tratamiento para una amplia gama de inflamaciones posteriores a la cirug\u00eda dental (una extracci\u00f3n de muelas del juicio, por ejemplo) debido a la forma en que la dexametasona puede aliviar la hinchaz\u00f3n pronunciada asociada con la cirug\u00eda oral.<\/p>\n<p>La dexametasona tambi\u00e9n se puede aplicar como un tratamiento para la condici\u00f3n conocida como faciitis plantar, y este tratamiento es \u00fanico para la forma en que la droga se inyecta directamente en el tal\u00f3n para esta aplicaci\u00f3n particular de la dexametasona. Un uso antiinflamatorio adicional de esta dexametasona es la administraci\u00f3n del f\u00e1rmaco a pacientes que sufren de meningitis bacteriana antes de recibir sus tratamientos con antibi\u00f3ticos. Esto sirve para reducir la reacci\u00f3n antiinflamatoria del cuerpo (esta reacci\u00f3n a menudo puede perjudicar al paciente) que normalmente tendr\u00eda a las bacterias que son destruidas por los medicamentos antibi\u00f3ticos. En lo que respecta a sus propiedades para el tratamiento oncol\u00f3gico, la dexametasona suele administrarse a pacientes sometidos a reg\u00edmenes de quimioterapia con el fin de contrarrestar ciertos efectos secundarios espec\u00edficos asociados a los tratamientos antitumorales.<\/p>\n<p>Otro uso destacado de la dexametasona 0.5 mg es con monta\u00f1eros y habitantes de gran altitud. Cuando los alpinistas se aventuran a altitudes extremas, corren el riesgo de desarrollar afecciones como el edema cerebral de gran altitud, y\/o el edema pulmonar. La dexametasona se suele llevar en las expediciones de escalada, ya que es muy eficaz para combatir estos dos males de la altura. Aunque estos usos representan la mayor parte del alcance del potencial de la dexametasona como f\u00e1rmaco, todav\u00eda tiene mucho m\u00e1s que ofrecer incluso en t\u00e9rminos de tratamiento de enfermedades y afecciones m\u00e9dicas adicionales.<\/p>\n<h2>Efectos secundarios<\/h2>\n<p>Los efectos secundarios del uso de dexametasona, al igual que sus usos, son muy variados. Se trata de un f\u00e1rmaco que no debe combinarse con muchos otros compuestos, como el alcohol o los medicamentos AINE, ya que este tipo de combinaciones pueden aumentar el riesgo de que el paciente desarrolle ciertas complicaciones. Algunos usuarios de dexametasona pueden experimentar sudoraci\u00f3n nocturna, ciertos tipos de reacciones al\u00e9rgicas, malestar estomacal, cambios psiqui\u00e1tricos y algunos pueden desarrollar cierto grado de dependencia al f\u00e1rmaco.<\/p>\n<p>En general, se trata de un f\u00e1rmaco muy \u00fatil, y puede adquirirse en l\u00ednea en el Reino Unido por un precio muy atractivo. Comprar su dexametasona en l\u00ednea es una alternativa mucho mejor que comprarla en una tienda o a un minorista directo, ya que la compra en l\u00ednea ofrece precios mucho m\u00e1s atractivos y comodidad para los consumidores.<\/p>\n<\/div>\n","protected":false},"excerpt":{"rendered":"<p>Dexametasona Comprar en l\u00ednea Un ejemplo de un f\u00e1rmaco muy vers\u00e1til disponible en el mercado farmac\u00e9utico actual es la dexametasona<\/p>\n","protected":false},"author":3,"featured_media":0,"parent":0,"menu_order":0,"comment_status":"closed","ping_status":"closed","template":"","meta":{"_lmt_disableupdate":"no","_lmt_disable":"no","footnotes":""},"class_list":["post-88","page","type-page","status-publish","hentry"],"translation":{"provider":"WPGlobus","version":"3.0.2","language":"es","enabled_languages":["en","es","fr"],"languages":{"en":{"title":true,"content":true,"excerpt":false},"es":{"title":true,"content":true,"excerpt":false},"fr":{"title":true,"content":true,"excerpt":false}}},"yoast_head":"<!-- This site is optimized with the Yoast SEO plugin v27.3 - https:\/\/yoast.com\/product\/yoast-seo-wordpress\/ -->\n<title>Comprar dexametasona 0.5 mg en l\u00ednea<\/title>\n<meta name=\"description\" content=\"Compre dexametasona 0.5 mg si est\u00e1 buscando la oportunidad de gastar menos dinero. Este medicamento es un esteroide utilizado para suprimir su sistema inmunitario y reducir la inflamaci\u00f3n.\" \/>\n<meta name=\"robots\" content=\"index, follow, max-snippet:-1, max-image-preview:large, max-video-preview:-1\" \/>\n<link rel=\"canonical\" href=\"http:\/\/drpillman.biz\/es\/dexamethasone.htm\" \/>\n<meta property=\"og:locale\" content=\"es_ES\" \/>\n<meta property=\"og:type\" content=\"article\" \/>\n<meta property=\"og:title\" content=\"Comprar dexametasona 0.5 mg en l\u00ednea\" \/>\n<meta property=\"og:description\" content=\"Compre dexametasona 0.5 mg si est\u00e1 buscando la oportunidad de gastar menos dinero. Este medicamento es un esteroide utilizado para suprimir su sistema inmunitario y reducir la inflamaci\u00f3n.\" \/>\n<meta property=\"og:url\" content=\"http:\/\/drpillman.biz\/es\/dexamethasone.htm\" \/>\n<meta property=\"og:site_name\" content=\"Dr.Pillman\" \/>\n<meta property=\"article:modified_time\" content=\"2024-05-20T18:59:08+00:00\" \/>\n<meta name=\"twitter:card\" content=\"summary_large_image\" \/>\n<script type=\"application\/ld+json\" class=\"yoast-schema-graph\">{\"@context\":\"https:\\\/\\\/schema.org\",\"@graph\":[{\"@type\":\"WebPage\",\"@id\":\"http:\\\/\\\/drpillman.biz\\\/es\\\/dexamethasone.htm\",\"url\":\"http:\\\/\\\/drpillman.biz\\\/es\\\/dexamethasone.htm\",\"name\":\"Comprar dexametasona 0.5 mg en l\u00ednea\",\"isPartOf\":{\"@id\":\"https:\\\/\\\/drpillman.biz\\\/es\\\/#website\"},\"datePublished\":\"2013-05-17T02:54:06+00:00\",\"dateModified\":\"2024-05-20T18:59:08+00:00\",\"description\":\"Compre dexametasona 0.5 mg si est\u00e1 buscando la oportunidad de gastar menos dinero. Este medicamento es un esteroide utilizado para suprimir su sistema inmunitario y reducir la inflamaci\u00f3n.\",\"breadcrumb\":{\"@id\":\"http:\\\/\\\/drpillman.biz\\\/es\\\/dexamethasone.htm#breadcrumb\"},\"inLanguage\":\"es\",\"potentialAction\":[{\"@type\":\"ReadAction\",\"target\":[\"http:\\\/\\\/drpillman.biz\\\/es\\\/dexamethasone.htm\"]}]},{\"@type\":\"BreadcrumbList\",\"@id\":\"http:\\\/\\\/drpillman.biz\\\/es\\\/dexamethasone.htm#breadcrumb\",\"itemListElement\":[{\"@type\":\"ListItem\",\"position\":1,\"name\":\"Home\",\"item\":\"https:\\\/\\\/drpillman.biz\\\/es\\\/\"},{\"@type\":\"ListItem\",\"position\":2,\"name\":\"Dexametasona\"}]},{\"@type\":\"WebSite\",\"@id\":\"https:\\\/\\\/drpillman.biz\\\/es\\\/#website\",\"url\":\"https:\\\/\\\/drpillman.biz\\\/es\\\/\",\"name\":\"Dr.Pillman\",\"description\":\"\",\"potentialAction\":[{\"@type\":\"SearchAction\",\"target\":{\"@type\":\"EntryPoint\",\"urlTemplate\":\"https:\\\/\\\/drpillman.biz\\\/es\\\/?s={search_term_string}\"},\"query-input\":{\"@type\":\"PropertyValueSpecification\",\"valueRequired\":true,\"valueName\":\"search_term_string\"}}],\"inLanguage\":\"es\"}]}<\/script>\n<!-- \/ Yoast SEO plugin. -->","yoast_head_json":{"title":"Comprar dexametasona 0.5 mg en l\u00ednea","description":"Compre dexametasona 0.5 mg si est\u00e1 buscando la oportunidad de gastar menos dinero. Este medicamento es un esteroide utilizado para suprimir su sistema inmunitario y reducir la inflamaci\u00f3n.","robots":{"index":"index","follow":"follow","max-snippet":"max-snippet:-1","max-image-preview":"max-image-preview:large","max-video-preview":"max-video-preview:-1"},"canonical":"http:\/\/drpillman.biz\/es\/dexamethasone.htm","og_locale":"es_ES","og_type":"article","og_title":"Comprar dexametasona 0.5 mg en l\u00ednea","og_description":"Compre dexametasona 0.5 mg si est\u00e1 buscando la oportunidad de gastar menos dinero. Este medicamento es un esteroide utilizado para suprimir su sistema inmunitario y reducir la inflamaci\u00f3n.","og_url":"http:\/\/drpillman.biz\/es\/dexamethasone.htm","og_site_name":"Dr.Pillman","article_modified_time":"2024-05-20T18:59:08+00:00","twitter_card":"summary_large_image","schema":{"@context":"https:\/\/schema.org","@graph":[{"@type":"WebPage","@id":"http:\/\/drpillman.biz\/es\/dexamethasone.htm","url":"http:\/\/drpillman.biz\/es\/dexamethasone.htm","name":"Comprar dexametasona 0.5 mg en l\u00ednea","isPartOf":{"@id":"https:\/\/drpillman.biz\/es\/#website"},"datePublished":"2013-05-17T02:54:06+00:00","dateModified":"2024-05-20T18:59:08+00:00","description":"Compre dexametasona 0.5 mg si est\u00e1 buscando la oportunidad de gastar menos dinero. Este medicamento es un esteroide utilizado para suprimir su sistema inmunitario y reducir la inflamaci\u00f3n.","breadcrumb":{"@id":"http:\/\/drpillman.biz\/es\/dexamethasone.htm#breadcrumb"},"inLanguage":"es","potentialAction":[{"@type":"ReadAction","target":["http:\/\/drpillman.biz\/es\/dexamethasone.htm"]}]},{"@type":"BreadcrumbList","@id":"http:\/\/drpillman.biz\/es\/dexamethasone.htm#breadcrumb","itemListElement":[{"@type":"ListItem","position":1,"name":"Home","item":"https:\/\/drpillman.biz\/es\/"},{"@type":"ListItem","position":2,"name":"Dexametasona"}]},{"@type":"WebSite","@id":"https:\/\/drpillman.biz\/es\/#website","url":"https:\/\/drpillman.biz\/es\/","name":"Dr.Pillman","description":"","potentialAction":[{"@type":"SearchAction","target":{"@type":"EntryPoint","urlTemplate":"https:\/\/drpillman.biz\/es\/?s={search_term_string}"},"query-input":{"@type":"PropertyValueSpecification","valueRequired":true,"valueName":"search_term_string"}}],"inLanguage":"es"}]}},"_links":{"self":[{"href":"http:\/\/drpillman.biz\/es\/wp-json\/wp\/v2\/pages\/88","targetHints":{"allow":["GET"]}}],"collection":[{"href":"http:\/\/drpillman.biz\/es\/wp-json\/wp\/v2\/pages"}],"about":[{"href":"http:\/\/drpillman.biz\/es\/wp-json\/wp\/v2\/types\/page"}],"author":[{"embeddable":true,"href":"http:\/\/drpillman.biz\/es\/wp-json\/wp\/v2\/users\/3"}],"replies":[{"embeddable":true,"href":"http:\/\/drpillman.biz\/es\/wp-json\/wp\/v2\/comments?post=88"}],"version-history":[{"count":0,"href":"http:\/\/drpillman.biz\/es\/wp-json\/wp\/v2\/pages\/88\/revisions"}],"wp:attachment":[{"href":"http:\/\/drpillman.biz\/es\/wp-json\/wp\/v2\/media?parent=88"}],"curies":[{"name":"wp","href":"https:\/\/api.w.org\/{rel}","templated":true}]}}