{"id":91,"date":"2013-03-23T05:17:25","date_gmt":"2013-03-23T05:17:25","guid":{"rendered":"https:\/\/drpillman.biz\/?page_id=91"},"modified":"2024-05-17T19:51:19","modified_gmt":"2024-05-17T18:51:19","slug":"diclofenac","status":"publish","type":"page","link":"http:\/\/drpillman.biz\/es\/diclofenac.htm","title":{"rendered":"Diclofenaco"},"content":{"rendered":"<div id=\"content-center\">\n<div id=\"content-image\"><img decoding=\"async\" src=\"\/img\/Diclofenac.jpg\" alt=\"Diclofenaco\" \/><\/div>\n<div id=\"content-description\">\n<h1>Diclofenaco<\/h1>\n<p> <code><a href=\"https:\/\/200pills.com\/search.html?key=Diclofenac\"> <button class=\"button-7\" role=\"button\">Comprar en l\u00ednea<\/button><\/a><\/code><\/p>\n<div class=\"gray\"><\/div>\n<div class=\"clear\"><\/div>\n<div id=\"description\">El diclofenaco es un antiinflamatorio no esteroideo utilizado para el tratamiento del dolor y la inflamaci\u00f3n. Este medicamento tambi\u00e9n puede recetarse para tratar un ataque de migra\u00f1a. Sin embargo, no est\u00e1 dise\u00f1ado para las cefaleas en racimo, por lo que no debe utilizarse para ellas.<\/div>\n<div id=\"additional\">Sin\u00f3nimos: <span>Voltaren<\/span><\/div>\n<\/div>\n<div class=\"clear\"><\/div>\n<p>El diclofenaco (diclofenaco s\u00f3dico) pertenece a la clase de los antiinflamatorios no esteroideos. Se utiliza para aliviar la inflamaci\u00f3n y el dolor en el cuerpo causado por la artritis reumatoide o la osteoartritis y otras condiciones de la clase. El diclofenaco tambi\u00e9n puede tomarse para otras afecciones dolorosas, como los dolores menstruales y la espondilitis anquilosante. Cuando compre diclofenaco s\u00f3dico en su farmacia local o en una online, debe saber la dosis que necesita. La dosis m\u00e1s com\u00fan de Diclofenac es de 50 mg tomados de 2 a 4 veces al d\u00eda dependiendo del problema que se est\u00e9 tratando. Debe seguir siempre las indicaciones de su m\u00e9dico o las que figuran en la etiqueta del diclofenaco para asegurarse de que se beneficia del tratamiento como se espera. Informe a su m\u00e9dico si diclofenaco s\u00f3dico 50 mg no le funciona de la manera esperada para ver si es necesario un ajuste de la dosis. Puede comprar Diclofenac en l\u00ednea despu\u00e9s de haber discutido con su m\u00e9dico cualquier otro problema m\u00e9dico que tenga presente, especialmente enfermedad card\u00edaca, enfermedad renal o hep\u00e1tica, asma, antecedentes de ataque card\u00edaco, presi\u00f3n arterial alta o insuficiencia card\u00edaca congestiva, ya que la dosis y el programa de tratamiento pueden depender de ese aspecto. Si est\u00e1 embarazada en el momento de iniciar el tratamiento, aseg\u00farese de que su m\u00e9dico lo sepa. Tomar Diclofenac durante el tercer trimestre del embarazo puede causar da\u00f1os al beb\u00e9. No debe tomar Diclofenac durante la lactancia, porque no se sabe si pasa a la leche materna y en qu\u00e9 medida puede perjudicar a su beb\u00e9.<\/p>\n<h2>Efectos secundarios<\/h2>\n<p>Algunos de los efectos secundarios que puede provocar Diclofenac requieren atenci\u00f3n m\u00e9dica, especialmente la dificultad para respirar, problemas de equilibrio o de visi\u00f3n, ictericia, aumento de la sensibilidad a la luz, reacci\u00f3n cut\u00e1nea grave o tos con sangre. En la mayor\u00eda de los casos, sin embargo, el paciente no tendr\u00e1 ning\u00fan efecto secundario o experimentar\u00e1 algunos leves y de corta duraci\u00f3n, como estre\u00f1imiento, dolor de cabeza, picor de piel, diarrea, hinchaz\u00f3n, malestar estomacal y ardor de est\u00f3mago leve.<\/p>\n<\/div>\n","protected":false},"excerpt":{"rendered":"<p>Diclofenaco Comprar en l\u00ednea El diclofenaco es un antiinflamatorio no esteroideo utilizado para el tratamiento del dolor y la inflamaci\u00f3n.<\/p>\n","protected":false},"author":3,"featured_media":0,"parent":0,"menu_order":0,"comment_status":"closed","ping_status":"closed","template":"","meta":{"_lmt_disableupdate":"no","_lmt_disable":"no","footnotes":""},"class_list":["post-91","page","type-page","status-publish","hentry"],"translation":{"provider":"WPGlobus","version":"3.0.2","language":"es","enabled_languages":["en","es","fr"],"languages":{"en":{"title":true,"content":true,"excerpt":false},"es":{"title":true,"content":true,"excerpt":false},"fr":{"title":true,"content":true,"excerpt":false}}},"yoast_head":"<!-- This site is optimized with the Yoast SEO plugin v27.4 - https:\/\/yoast.com\/product\/yoast-seo-wordpress\/ -->\n<title>Compre diclofenac sodium 50 mg en l\u00ednea para obtener todos los beneficios que ofrecen las compras en l\u00ednea<\/title>\n<meta name=\"description\" content=\"Si necesita pagar menos por su tratamiento mientras se deshace de la inflamaci\u00f3n y el dolor, debe comprar diclofenac sodio 50 mg a trav\u00e9s de Internet en una farmacia en la que puede confiar y que puede llegar cada vez.\" \/>\n<meta name=\"robots\" content=\"index, follow, max-snippet:-1, max-image-preview:large, max-video-preview:-1\" \/>\n<link rel=\"canonical\" href=\"http:\/\/drpillman.biz\/es\/diclofenac.htm\" \/>\n<meta property=\"og:locale\" content=\"es_ES\" \/>\n<meta property=\"og:type\" content=\"article\" \/>\n<meta property=\"og:title\" content=\"Compre diclofenac sodium 50 mg en l\u00ednea para obtener todos los beneficios que ofrecen las compras en l\u00ednea\" \/>\n<meta property=\"og:description\" content=\"Si necesita pagar menos por su tratamiento mientras se deshace de la inflamaci\u00f3n y el dolor, debe comprar diclofenac sodio 50 mg a trav\u00e9s de Internet en una farmacia en la que puede confiar y que puede llegar cada vez.\" \/>\n<meta property=\"og:url\" content=\"http:\/\/drpillman.biz\/es\/diclofenac.htm\" \/>\n<meta property=\"og:site_name\" content=\"Dr.Pillman\" \/>\n<meta property=\"article:modified_time\" content=\"2024-05-17T18:51:19+00:00\" \/>\n<meta name=\"twitter:card\" content=\"summary_large_image\" \/>\n<script type=\"application\/ld+json\" class=\"yoast-schema-graph\">{\"@context\":\"https:\\\/\\\/schema.org\",\"@graph\":[{\"@type\":\"WebPage\",\"@id\":\"http:\\\/\\\/drpillman.biz\\\/es\\\/diclofenac.htm\",\"url\":\"http:\\\/\\\/drpillman.biz\\\/es\\\/diclofenac.htm\",\"name\":\"Compre diclofenac sodium 50 mg en l\u00ednea para obtener todos los beneficios que ofrecen las compras en l\u00ednea\",\"isPartOf\":{\"@id\":\"http:\\\/\\\/drpillman.biz\\\/#website\"},\"datePublished\":\"2013-03-23T05:17:25+00:00\",\"dateModified\":\"2024-05-17T18:51:19+00:00\",\"description\":\"Si necesita pagar menos por su tratamiento mientras se deshace de la inflamaci\u00f3n y el dolor, debe comprar diclofenac sodio 50 mg a trav\u00e9s de Internet en una farmacia en la que puede confiar y que puede llegar cada vez.\",\"breadcrumb\":{\"@id\":\"http:\\\/\\\/drpillman.biz\\\/es\\\/diclofenac.htm#breadcrumb\"},\"inLanguage\":\"es\",\"potentialAction\":[{\"@type\":\"ReadAction\",\"target\":[\"http:\\\/\\\/drpillman.biz\\\/es\\\/diclofenac.htm\"]}]},{\"@type\":\"BreadcrumbList\",\"@id\":\"http:\\\/\\\/drpillman.biz\\\/es\\\/diclofenac.htm#breadcrumb\",\"itemListElement\":[{\"@type\":\"ListItem\",\"position\":1,\"name\":\"Home\",\"item\":\"http:\\\/\\\/drpillman.biz\\\/\"},{\"@type\":\"ListItem\",\"position\":2,\"name\":\"Diclofenaco\"}]},{\"@type\":\"WebSite\",\"@id\":\"http:\\\/\\\/drpillman.biz\\\/#website\",\"url\":\"http:\\\/\\\/drpillman.biz\\\/\",\"name\":\"Dr.Pillman\",\"description\":\"\",\"potentialAction\":[{\"@type\":\"SearchAction\",\"target\":{\"@type\":\"EntryPoint\",\"urlTemplate\":\"http:\\\/\\\/drpillman.biz\\\/?s={search_term_string}\"},\"query-input\":{\"@type\":\"PropertyValueSpecification\",\"valueRequired\":true,\"valueName\":\"search_term_string\"}}],\"inLanguage\":\"es\"}]}<\/script>\n<!-- \/ Yoast SEO plugin. -->","yoast_head_json":{"title":"Compre diclofenac sodium 50 mg en l\u00ednea para obtener todos los beneficios que ofrecen las compras en l\u00ednea","description":"Si necesita pagar menos por su tratamiento mientras se deshace de la inflamaci\u00f3n y el dolor, debe comprar diclofenac sodio 50 mg a trav\u00e9s de Internet en una farmacia en la que puede confiar y que puede llegar cada vez.","robots":{"index":"index","follow":"follow","max-snippet":"max-snippet:-1","max-image-preview":"max-image-preview:large","max-video-preview":"max-video-preview:-1"},"canonical":"http:\/\/drpillman.biz\/es\/diclofenac.htm","og_locale":"es_ES","og_type":"article","og_title":"Compre diclofenac sodium 50 mg en l\u00ednea para obtener todos los beneficios que ofrecen las compras en l\u00ednea","og_description":"Si necesita pagar menos por su tratamiento mientras se deshace de la inflamaci\u00f3n y el dolor, debe comprar diclofenac sodio 50 mg a trav\u00e9s de Internet en una farmacia en la que puede confiar y que puede llegar cada vez.","og_url":"http:\/\/drpillman.biz\/es\/diclofenac.htm","og_site_name":"Dr.Pillman","article_modified_time":"2024-05-17T18:51:19+00:00","twitter_card":"summary_large_image","schema":{"@context":"https:\/\/schema.org","@graph":[{"@type":"WebPage","@id":"http:\/\/drpillman.biz\/es\/diclofenac.htm","url":"http:\/\/drpillman.biz\/es\/diclofenac.htm","name":"Compre diclofenac sodium 50 mg en l\u00ednea para obtener todos los beneficios que ofrecen las compras en l\u00ednea","isPartOf":{"@id":"http:\/\/drpillman.biz\/#website"},"datePublished":"2013-03-23T05:17:25+00:00","dateModified":"2024-05-17T18:51:19+00:00","description":"Si necesita pagar menos por su tratamiento mientras se deshace de la inflamaci\u00f3n y el dolor, debe comprar diclofenac sodio 50 mg a trav\u00e9s de Internet en una farmacia en la que puede confiar y que puede llegar cada vez.","breadcrumb":{"@id":"http:\/\/drpillman.biz\/es\/diclofenac.htm#breadcrumb"},"inLanguage":"es","potentialAction":[{"@type":"ReadAction","target":["http:\/\/drpillman.biz\/es\/diclofenac.htm"]}]},{"@type":"BreadcrumbList","@id":"http:\/\/drpillman.biz\/es\/diclofenac.htm#breadcrumb","itemListElement":[{"@type":"ListItem","position":1,"name":"Home","item":"http:\/\/drpillman.biz\/"},{"@type":"ListItem","position":2,"name":"Diclofenaco"}]},{"@type":"WebSite","@id":"http:\/\/drpillman.biz\/#website","url":"http:\/\/drpillman.biz\/","name":"Dr.Pillman","description":"","potentialAction":[{"@type":"SearchAction","target":{"@type":"EntryPoint","urlTemplate":"http:\/\/drpillman.biz\/?s={search_term_string}"},"query-input":{"@type":"PropertyValueSpecification","valueRequired":true,"valueName":"search_term_string"}}],"inLanguage":"es"}]}},"_links":{"self":[{"href":"http:\/\/drpillman.biz\/es\/wp-json\/wp\/v2\/pages\/91","targetHints":{"allow":["GET"]}}],"collection":[{"href":"http:\/\/drpillman.biz\/es\/wp-json\/wp\/v2\/pages"}],"about":[{"href":"http:\/\/drpillman.biz\/es\/wp-json\/wp\/v2\/types\/page"}],"author":[{"embeddable":true,"href":"http:\/\/drpillman.biz\/es\/wp-json\/wp\/v2\/users\/3"}],"replies":[{"embeddable":true,"href":"http:\/\/drpillman.biz\/es\/wp-json\/wp\/v2\/comments?post=91"}],"version-history":[{"count":0,"href":"http:\/\/drpillman.biz\/es\/wp-json\/wp\/v2\/pages\/91\/revisions"}],"wp:attachment":[{"href":"http:\/\/drpillman.biz\/es\/wp-json\/wp\/v2\/media?parent=91"}],"curies":[{"name":"wp","href":"https:\/\/api.w.org\/{rel}","templated":true}]}}