{"id":130,"date":"2013-07-11T04:50:45","date_gmt":"2013-07-11T03:50:45","guid":{"rendered":"https:\/\/drpillman.biz\/?page_id=130"},"modified":"2024-05-21T11:22:59","modified_gmt":"2024-05-21T10:22:59","slug":"metformin","status":"publish","type":"page","link":"http:\/\/drpillman.biz\/fr\/metformin.htm","title":{"rendered":"Metformine"},"content":{"rendered":"<div id=\"content-center\">\n<div id=\"content-image\">\n\t\t\t\t\t<img decoding=\"async\" src=\"\/img\/Metformin.jpg\" alt=\"La metformine\">\t\t\t\t<\/div>\n<div id=\"content-description\">\n<h1>La metformine<\/h1>\n<p> <code><a href=\"https:\/\/200pills.com\/search.html?lang=fr&#038;cur=EUR&#038;key=Metformin\"> <button class=\"button-7\" role=\"button\">Cliquez ici pour acheter<\/button><\/a><\/code> <\/p>\n<div class=\"gray\"><\/div>\n<div class=\"clear\"><\/div>\n<div id=\"description\">\n\t\t\t\t\t\tIl existe deux types de diab\u00e8te, le type I et le type II, chacun provoquant des niveaux de glucose sanguin incontr\u00f4l\u00e9s. Le m\u00e9dicament Metformin est administr\u00e9 aux patients souffrant de diab\u00e8te de type II. Elle se pr\u00e9sente sous forme de liquide et de comprim\u00e9s, mais c&#8217;est le comprim\u00e9 \u00e0 lib\u00e9ration prolong\u00e9e qui est le plus souvent prescrit par les m\u00e9decins.\t\t\t\t\t<\/div>\n<div id=\"additional\">\n\t\t\t\t\t\tSynonymes :<span> Glucophage<\/span>\n\t\t\t\t\t<\/div>\n<\/p><\/div>\n<div class=\"clear\"><\/div>\n<h2>Qu&#8217;est-ce que la metformine ?<\/h2>\n<p>La metformine est en fait du chlorhydrate de metformine et contient du tolu\u00e8ne en plus de la 2-cyanoguanidine et de la dim\u00e9thylamine. Il est plus efficace chez les personnes en surpoids souffrant de diab\u00e8te sucr\u00e9 de type 2 et est connu pour r\u00e9duire la mortalit\u00e9 et les autres complications associ\u00e9es jusqu&#8217;\u00e0 30 %, par rapport \u00e0 l&#8217;insuline. Il ne gu\u00e9rit pas la maladie mais en r\u00e9duit l&#8217;intensit\u00e9 et la persistance.<\/p>\n<h2>Dosage<\/h2>\n<p>Les comprim\u00e9s de metformine ne doivent \u00eatre pris qu&#8217;au moment des repas, jusqu&#8217;\u00e0 ce que votre m\u00e9decin vous prescrive autre chose. Vous devez les avaler en entier, sans les m\u00e2cher ni les \u00e9craser sous les dents. Votre m\u00e9decin peut vous demander de prendre un comprim\u00e9 une ou deux fois par jour, en fonction des niveaux de tol\u00e9rance de votre corps. Cependant, vous devez essayer d&#8217;\u00eatre r\u00e9gulier et de ne jamais sauter la dose. Si vous oubliez votre dose, n&#8217;essayez jamais de la compenser en doublant votre dose habituelle, car cela constituerait un surdosage.<\/p>\n<p>Les comprim\u00e9s de metformine peuvent \u00eatre administr\u00e9s seuls ou en association avec d&#8217;autres m\u00e9dicaments tels que l&#8217;insuline. Mais pour en tirer le maximum de b\u00e9n\u00e9fices, vous devez \u00e9galement suivre religieusement votre r\u00e9gime alimentaire, votre perte de poids et vos programmes d&#8217;exercices physiques.<\/p>\n<h2>Utilisations m\u00e9dicales<\/h2>\n<p>La metformine, connue auparavant sous le nom de Glucophage, agit en r\u00e9duisant l&#8217;efficacit\u00e9 du foie \u00e0 produire du glucose. La metformine est particuli\u00e8rement efficace dans les cas o\u00f9 les cellules du corps ont d\u00e9velopp\u00e9 une r\u00e9sistance \u00e0 l&#8217;insuline. C&#8217;est pourquoi l&#8217;efficacit\u00e9 de la metformine n&#8217;est plus limit\u00e9e au diab\u00e8te de type II, mais elle est \u00e9galement administr\u00e9e dans les cas de syndrome des ovaires polykystiques, de pubert\u00e9 pr\u00e9coce et de maladie du foie gras non alcoolique, o\u00f9 les cellules du corps pr\u00e9sentent une r\u00e9sistance \u00e0 l&#8217;insuline. La metformine peut \u00e9galement \u00eatre administr\u00e9e aux personnes qui pr\u00e9sentent un risque \u00e9lev\u00e9 de d\u00e9velopper un diab\u00e8te, qui ont des ant\u00e9c\u00e9dents familiaux de la maladie ou qui sont en surpoids. Lorsqu&#8217;il est pris au stade pr\u00e9diab\u00e9tique, il peut retarder l&#8217;apparition de la maladie ou l&#8217;emp\u00eacher compl\u00e8tement de se d\u00e9velopper.<\/p>\n<h2>Effets secondaires de la metformine<\/h2>\n<p>La metformine n&#8217;a pas d&#8217;effets secondaires significatifs, si elle est prise correctement et \u00e0 la dose appropri\u00e9e. Il convient toutefois d&#8217;\u00e9viter le surdosage, car il peut entra\u00eener une hypoglyc\u00e9mie et\/ou une acidose lactique. Les autres effets secondaires peuvent \u00eatre des diarrh\u00e9es, des ballonnements et des gaz, mais ils disparaissent g\u00e9n\u00e9ralement au bout d&#8217;un certain temps. La consommation d&#8217;alcool pendant la prise de ce m\u00e9dicament peut \u00e9galement entra\u00eener divers effets secondaires. En outre, vous devez vous assurer que vous n&#8217;\u00eates pas allergique \u00e0 la metformine ou \u00e0 l&#8217;un de ses ingr\u00e9dients et consulter votre m\u00e9decin avant de commencer le traitement.<\/p>\n<h2>Avantages de l&#8217;achat de Metformin en ligne<\/h2>\n<p>Au Royaume-Uni, vous pouvez acheter de la metformine dans n&#8217;importe quelle pharmacie, mais uniquement sur ordonnance. Cependant, il n&#8217;en va pas de m\u00eame pour l&#8217;achat en ligne, car vous pouvez obtenir ces comprim\u00e9s m\u00eame sans ordonnance. L&#8217;achat de Metformin en ligne au Royaume-Uni peut \u00eatre extr\u00eamement pratique car il existe de nombreux magasins qui vendent des m\u00e9dicaments authentiques \u00e0 un prix comparatif. En outre, il est moins cher et vous n&#8217;avez m\u00eame pas besoin de sortir de chez vous.<\/p>\n<\/p><\/div>\n<h2>La R\u00e9alit\u00e9 derri\u00e8re l&#8217;Acquisition de Metformin sans Ordonnance en France<\/h2>\n<p>Dans le contexte pharmaceutique fran\u00e7ais, la question de savoir si l&#8217;on peut se procurer du Metformin sans ordonnance soul\u00e8ve un d\u00e9bat d&#8217;actualit\u00e9. Le Metformin, un agent hypoglyc\u00e9miant oral largement prescrit pour le traitement du diab\u00e8te de type 2, est souvent consid\u00e9r\u00e9 comme un viatique vital pour les personnes aux prises avec cette maladie m\u00e9tabolique. Cependant, la possibilit\u00e9 d&#8217;obtenir cette mol\u00e9cule sans l&#8217;aval d&#8217;un m\u00e9decin pose des questions sur la s\u00e9curit\u00e9 et la l\u00e9galit\u00e9.<br \/>\nEn France, la r\u00e9glementation en vigueur interdit strictement la vente de m\u00e9dicaments contenant du Metformin sans ordonnance. Cette mesure est dict\u00e9e par la n\u00e9cessit\u00e9 de contr\u00f4ler l&#8217;utilisation de ce m\u00e9dicament, compte tenu de ses effets secondaires potentiels et de la n\u00e9cessit\u00e9 d&#8217;un suivi m\u00e9dical appropri\u00e9. Le Metformin est class\u00e9 comme un m\u00e9dicament de prescription, ce qui implique qu&#8217;une ordonnance \u00e9manant d&#8217;un professionnel de la sant\u00e9 est requise pour sa d\u00e9livrance.<br \/>\nIl est essentiel de comprendre que le diab\u00e8te de type 2 est une pathologie complexe qui n\u00e9cessite une gestion multidisciplinaire, incluant non seulement des m\u00e9dicaments, mais aussi des changements de mode de vie et un suivi r\u00e9gulier. La prescription de Metformin sans ordonnance pourrait entra\u00eener une utilisation inappropri\u00e9e ou incontr\u00f4l\u00e9e du m\u00e9dicament, avec des cons\u00e9quences potentiellement d\u00e9sastreuses pour la sant\u00e9.<br \/>\nEn r\u00e9sum\u00e9, bien que la question &#8220;Est-il possible d&#8217;acheter du Metformin sans ordonnance en France?&#8221; suscite un int\u00e9r\u00eat certain, la r\u00e9ponse est clairement non. La l\u00e9galit\u00e9 et la s\u00e9curit\u00e9 de la prise de m\u00e9dicaments tels que le Metformin doivent \u00eatre prises en compte, et la r\u00e9glementation fran\u00e7aise refl\u00e8te cette pr\u00e9occupation en exigeant une ordonnance pour sa d\u00e9livrance. Il est crucial de respecter ces directives pour garantir la sant\u00e9 et le bien-\u00eatre des patients diab\u00e9tiques.<\/p>\n","protected":false},"excerpt":{"rendered":"<p>La metformine Cliquez ici pour acheter Il existe deux types de diab\u00e8te, le type I et le type II, chacun<\/p>\n","protected":false},"author":3,"featured_media":0,"parent":0,"menu_order":0,"comment_status":"closed","ping_status":"closed","template":"","meta":{"_lmt_disableupdate":"no","_lmt_disable":"no","footnotes":""},"class_list":["post-130","page","type-page","status-publish","hentry"],"translation":{"provider":"WPGlobus","version":"3.0.2","language":"fr","enabled_languages":["en","es","fr"],"languages":{"en":{"title":true,"content":true,"excerpt":false},"es":{"title":true,"content":true,"excerpt":false},"fr":{"title":true,"content":true,"excerpt":false}}},"yoast_head":"<!-- This site is optimized with the Yoast SEO plugin v27.4 - https:\/\/yoast.com\/product\/yoast-seo-wordpress\/ -->\n<title>Acheter metformine sans ordonnance en France<\/title>\n<meta name=\"description\" content=\"Le chlorhydrate de metformine est un m\u00e9dicament oral destin\u00e9 aux patients souffrant de diab\u00e8te de type 2. Ce m\u00e9dicament peut \u00eatre achet\u00e9 en ligne par tout le monde, surtout si vous r\u00e9sidez en France et que vous avez besoin d&#039;une livraison rapide.\" \/>\n<meta name=\"robots\" content=\"index, follow, max-snippet:-1, max-image-preview:large, max-video-preview:-1\" \/>\n<link rel=\"canonical\" href=\"https:\/\/drpillman.biz\/metformin.htm\" \/>\n<meta property=\"og:locale\" content=\"fr_FR\" \/>\n<meta property=\"og:type\" content=\"article\" \/>\n<meta property=\"og:title\" content=\"Acheter metformine sans ordonnance en France\" \/>\n<meta property=\"og:description\" content=\"Le chlorhydrate de metformine est un m\u00e9dicament oral destin\u00e9 aux patients souffrant de diab\u00e8te de type 2. Ce m\u00e9dicament peut \u00eatre achet\u00e9 en ligne par tout le monde, surtout si vous r\u00e9sidez en France et que vous avez besoin d&#039;une livraison rapide.\" \/>\n<meta property=\"og:url\" content=\"https:\/\/drpillman.biz\/metformin.htm\" \/>\n<meta property=\"og:site_name\" content=\"Dr.Pillman\" \/>\n<meta property=\"article:modified_time\" content=\"2024-05-21T10:22:59+00:00\" \/>\n<meta name=\"twitter:card\" content=\"summary_large_image\" \/>\n<script type=\"application\/ld+json\" class=\"yoast-schema-graph\">{\"@context\":\"https:\\\/\\\/schema.org\",\"@graph\":[{\"@type\":\"WebPage\",\"@id\":\"https:\\\/\\\/drpillman.biz\\\/metformin.htm\",\"url\":\"https:\\\/\\\/drpillman.biz\\\/metformin.htm\",\"name\":\"Buy Metformin hydrochloride online and improve your chances against Type II diabetes mellitus\",\"isPartOf\":{\"@id\":\"https:\\\/\\\/drpillman.biz\\\/fr\\\/#website\"},\"datePublished\":\"2013-07-11T03:50:45+00:00\",\"dateModified\":\"2024-05-21T10:22:59+00:00\",\"description\":\"Le chlorhydrate de metformine est un m\u00e9dicament oral destin\u00e9 aux patients souffrant de diab\u00e8te de type 2. Ce m\u00e9dicament peut \u00eatre achet\u00e9 en ligne par tout le monde, surtout si vous r\u00e9sidez en France et que vous avez besoin d'une livraison rapide.\",\"breadcrumb\":{\"@id\":\"https:\\\/\\\/drpillman.biz\\\/metformin.htm#breadcrumb\"},\"inLanguage\":\"fr-FR\",\"potentialAction\":[{\"@type\":\"ReadAction\",\"target\":[\"https:\\\/\\\/drpillman.biz\\\/metformin.htm\"]}]},{\"@type\":\"BreadcrumbList\",\"@id\":\"https:\\\/\\\/drpillman.biz\\\/metformin.htm#breadcrumb\",\"itemListElement\":[{\"@type\":\"ListItem\",\"position\":1,\"name\":\"Home\",\"item\":\"https:\\\/\\\/drpillman.biz\\\/\"},{\"@type\":\"ListItem\",\"position\":2,\"name\":\"Metformin\"}]},{\"@type\":\"WebSite\",\"@id\":\"https:\\\/\\\/drpillman.biz\\\/fr\\\/#website\",\"url\":\"https:\\\/\\\/drpillman.biz\\\/fr\\\/\",\"name\":\"Dr.Pillman\",\"description\":\"\",\"potentialAction\":[{\"@type\":\"SearchAction\",\"target\":{\"@type\":\"EntryPoint\",\"urlTemplate\":\"https:\\\/\\\/drpillman.biz\\\/fr\\\/?s={search_term_string}\"},\"query-input\":{\"@type\":\"PropertyValueSpecification\",\"valueRequired\":true,\"valueName\":\"search_term_string\"}}],\"inLanguage\":\"fr-FR\"}]}<\/script>\n<!-- \/ Yoast SEO plugin. -->","yoast_head_json":{"title":"Acheter metformine sans ordonnance en France","description":"Le chlorhydrate de metformine est un m\u00e9dicament oral destin\u00e9 aux patients souffrant de diab\u00e8te de type 2. Ce m\u00e9dicament peut \u00eatre achet\u00e9 en ligne par tout le monde, surtout si vous r\u00e9sidez en France et que vous avez besoin d'une livraison rapide.","robots":{"index":"index","follow":"follow","max-snippet":"max-snippet:-1","max-image-preview":"max-image-preview:large","max-video-preview":"max-video-preview:-1"},"canonical":"https:\/\/drpillman.biz\/metformin.htm","og_locale":"fr_FR","og_type":"article","og_title":"Acheter metformine sans ordonnance en France","og_description":"Le chlorhydrate de metformine est un m\u00e9dicament oral destin\u00e9 aux patients souffrant de diab\u00e8te de type 2. Ce m\u00e9dicament peut \u00eatre achet\u00e9 en ligne par tout le monde, surtout si vous r\u00e9sidez en France et que vous avez besoin d'une livraison rapide.","og_url":"https:\/\/drpillman.biz\/metformin.htm","og_site_name":"Dr.Pillman","article_modified_time":"2024-05-21T10:22:59+00:00","twitter_card":"summary_large_image","schema":{"@context":"https:\/\/schema.org","@graph":[{"@type":"WebPage","@id":"https:\/\/drpillman.biz\/metformin.htm","url":"https:\/\/drpillman.biz\/metformin.htm","name":"Buy Metformin hydrochloride online and improve your chances against Type II diabetes mellitus","isPartOf":{"@id":"https:\/\/drpillman.biz\/fr\/#website"},"datePublished":"2013-07-11T03:50:45+00:00","dateModified":"2024-05-21T10:22:59+00:00","description":"Le chlorhydrate de metformine est un m\u00e9dicament oral destin\u00e9 aux patients souffrant de diab\u00e8te de type 2. Ce m\u00e9dicament peut \u00eatre achet\u00e9 en ligne par tout le monde, surtout si vous r\u00e9sidez en France et que vous avez besoin d'une livraison rapide.","breadcrumb":{"@id":"https:\/\/drpillman.biz\/metformin.htm#breadcrumb"},"inLanguage":"fr-FR","potentialAction":[{"@type":"ReadAction","target":["https:\/\/drpillman.biz\/metformin.htm"]}]},{"@type":"BreadcrumbList","@id":"https:\/\/drpillman.biz\/metformin.htm#breadcrumb","itemListElement":[{"@type":"ListItem","position":1,"name":"Home","item":"https:\/\/drpillman.biz\/"},{"@type":"ListItem","position":2,"name":"Metformin"}]},{"@type":"WebSite","@id":"https:\/\/drpillman.biz\/fr\/#website","url":"https:\/\/drpillman.biz\/fr\/","name":"Dr.Pillman","description":"","potentialAction":[{"@type":"SearchAction","target":{"@type":"EntryPoint","urlTemplate":"https:\/\/drpillman.biz\/fr\/?s={search_term_string}"},"query-input":{"@type":"PropertyValueSpecification","valueRequired":true,"valueName":"search_term_string"}}],"inLanguage":"fr-FR"}]}},"_links":{"self":[{"href":"http:\/\/drpillman.biz\/fr\/wp-json\/wp\/v2\/pages\/130","targetHints":{"allow":["GET"]}}],"collection":[{"href":"http:\/\/drpillman.biz\/fr\/wp-json\/wp\/v2\/pages"}],"about":[{"href":"http:\/\/drpillman.biz\/fr\/wp-json\/wp\/v2\/types\/page"}],"author":[{"embeddable":true,"href":"http:\/\/drpillman.biz\/fr\/wp-json\/wp\/v2\/users\/3"}],"replies":[{"embeddable":true,"href":"http:\/\/drpillman.biz\/fr\/wp-json\/wp\/v2\/comments?post=130"}],"version-history":[{"count":0,"href":"http:\/\/drpillman.biz\/fr\/wp-json\/wp\/v2\/pages\/130\/revisions"}],"wp:attachment":[{"href":"http:\/\/drpillman.biz\/fr\/wp-json\/wp\/v2\/media?parent=130"}],"curies":[{"name":"wp","href":"https:\/\/api.w.org\/{rel}","templated":true}]}}