{"id":187,"date":"2013-03-18T08:12:48","date_gmt":"2013-03-18T08:12:48","guid":{"rendered":"https:\/\/drpillman.biz\/?page_id=187"},"modified":"2024-05-17T20:52:59","modified_gmt":"2024-05-17T19:52:59","slug":"tamoxifen","status":"publish","type":"page","link":"http:\/\/drpillman.biz\/fr\/tamoxifen.htm","title":{"rendered":"Tamoxif\u00e8ne"},"content":{"rendered":"<div id=\"content-center\">\n<div id=\"content-image\">\n\t\t\t\t\t<img decoding=\"async\" src=\"\/img\/Tamoxifen.jpg\" alt=\"Tamoxif\u00e8ne\">\t\t\t\t<\/div>\n<div id=\"content-description\">\n<h1>Tamoxif\u00e8ne<\/h1>\n<p> <code><a href=\"https:\/\/200pills.com\/search.html?lang=fr&#038;cur=EUR&#038;key=Tamoxifen\"> <button class=\"button-7\" role=\"button\">Cliquez ici pour acheter<\/button><\/a><\/code> <\/p>\n<div class=\"gray\"><\/div>\n<div class=\"clear\"><\/div>\n<div id=\"description\">\n\t\t\t\t\t\tLe citrate de tamoxif\u00e8ne est un anti-\u0153strog\u00e8ne efficace utilis\u00e9 pour le traitement et la pr\u00e9vention du cancer du sein chez les femmes pr\u00e9sentant un risque \u00e9lev\u00e9 de cette maladie. Le tamoxif\u00e8ne a \u00e9t\u00e9 approuv\u00e9 en 1997 pour cet usage sp\u00e9cifique, mais il peut \u00eatre utilis\u00e9 \u00e0 d&#8217;autres fins en raison de son mode d&#8217;action particulier. \t\t\t\t\t<\/div>\n<div id=\"additional\">\n\t\t\t\t\t\tSynonymes :<span> Nolvadex<\/span>\n\t\t\t\t\t<\/div>\n<\/p><\/div>\n<div class=\"clear\"><\/div>\n<p>Le tamoxif\u00e8ne (citrate de tamoxif\u00e8ne) est un m\u00e9dicament class\u00e9 parmi les anti-\u0153strog\u00e8nes. Les m\u00e9dicaments de ce groupe sont utilis\u00e9s pour le traitement du cancer du sein, ainsi que pour la pr\u00e9vention de la maladie chez les femmes pr\u00e9sentant un risque \u00e9lev\u00e9. On ne sait pas exactement comment le citrate de tamoxif\u00e8ne agit, mais il peut bloquer les r\u00e9cepteurs \u00e0 la surface des cellules, s&#8217;assurant ainsi que les \u0153strog\u00e8nes (hormones li\u00e9es au d\u00e9veloppement du cancer) ne se lient pas \u00e0 la cellule, l&#8217;activant et favorisant la croissance d&#8217;une tumeur. Lorsque vous achetez du Tamoxifen en ligne, vous devez conna\u00eetre le dosage et la pr\u00e9paration dont vous avez besoin, car il existe des comprim\u00e9s de citrate de tamoxifen de 10 mg et 20 mg, ainsi que des solutions. Le tamoxif\u00e8ne peut \u00e9galement \u00eatre achet\u00e9 et utilis\u00e9 par les hommes atteints d&#8217;un cancer du sein invasif, en particulier apr\u00e8s une radioth\u00e9rapie ou une intervention chirurgicale. Le tamoxif\u00e8ne doit \u00eatre pris pendant une longue p\u00e9riode. Par cons\u00e9quent, si vous d\u00e9cidez d&#8217;acheter ce m\u00e9dicament en ligne, il est pr\u00e9f\u00e9rable de le commander en gros \u00e0 la pharmacie de votre choix d\u00e8s le d\u00e9but. Il est beaucoup plus avantageux d&#8217;acheter du citrate de tamoxif\u00e8ne en ligne de cette mani\u00e8re, car vous b\u00e9n\u00e9ficiez d&#8217;une remise importante. Pour traiter ou pr\u00e9venir le cancer du sein, le tamoxif\u00e8ne doit \u00eatre pris \u00e0 la dose de 10 mg deux fois par jour ou de 20 mg une fois par jour pendant une p\u00e9riode pouvant aller jusqu&#8217;\u00e0 5 ans. Le tamoxif\u00e8ne peut \u00e9galement \u00eatre utilis\u00e9 pour induire l&#8217;ovulation. Dans ce cas, il faut le prendre deux fois par jour (de 5 mg \u00e0 40 mg) pendant 4 jours, sauf avis contraire du professionnel de sant\u00e9. Le tamoxif\u00e8ne ne doit jamais \u00eatre utilis\u00e9 pendant la grossesse, car il risque de nuire \u00e0 la sant\u00e9 du f\u0153tus. Ce m\u00e9dicament est \u00e9galement contre-indiqu\u00e9 pour les femmes qui allaitent, car il r\u00e9duit la quantit\u00e9 de lait produite.<\/p>\n<div id=\"buynow\">\n<h1><a href=\"http:\/\/tamoxifencitrate.biz\/\" title=\"tamoxifencitrate.biz\">Acheter Tamoxifen Citrate.<\/a><\/h1>\n<\/div>\n<h2>Effets secondaires<\/h2>\n<p>La plupart des patientes ne d\u00e9veloppent pas d&#8217;effets secondaires lors de la prise de tamoxif\u00e8ne, tandis que d&#8217;autres peuvent en d\u00e9velopper. Les effets secondaires les plus fr\u00e9quents chez les patientes trait\u00e9es au tamoxif\u00e8ne sont la prise de poids, les pertes vaginales, les naus\u00e9es, les bouff\u00e9es de chaleur et l&#8217;absence de r\u00e8gles. Afin d&#8217;\u00e9viter d&#8217;autres effets secondaires et r\u00e9actions, le patient doit se rendre \u00e0 tous ses rendez-vous m\u00e9dicaux et signaler tout sympt\u00f4me inhabituel.<\/p>\n<\/p><\/div>\n<h2>Peut-on se procurer du Tamoxifen sans ordonnance en France?<\/h2>\n<p>Dans le contexte de la pr\u00e9vention et du traitement du cancer du sein, le Tamoxifen se profile comme un traitement hormonal incontournable. Cependant, la question qui se pose aux yeux de nombreux patients est de savoir s&#8217;il est envisageable d&#8217;acqu\u00e9rir ce m\u00e9dicament sans l&#8217;aval d&#8217;un prescripteur comp\u00e9tent. En France, la r\u00e9glementation en vigueur interdit strictement la vente de m\u00e9dicaments \u00e0 vis\u00e9e th\u00e9rapeutique sans ordonnance, et le Tamoxifen n&#8217;\u00e9chappe pas \u00e0 cette r\u00e8gle.<br \/>\nIl convient de souligner que le Tamoxifen est un traitement \u00e0 risque, dont l&#8217;utilisation doit \u00eatre soigneusement \u00e9valu\u00e9e et surveill\u00e9e par un m\u00e9decin. En effet, les effets secondaires potentiels, tels que les thromboses veineuses, les troubles visuels ou encore les risques de d\u00e9velopper d&#8217;autres types de cancer, imposent une gestion rigoureuse de ce traitement.<br \/>\nDans l&#8217;int\u00e9r\u00eat de la sant\u00e9 publique et pour garantir la s\u00e9curit\u00e9 des patients, il est imp\u00e9ratif de se tourner vers des canaux l\u00e9gaux et r\u00e9gul\u00e9s pour se procurer du Tamoxifen. La consultation d&#8217;un m\u00e9decin sp\u00e9cialis\u00e9 en oncologie est donc indispensable pour \u00e9valuer l&#8217;opportunit\u00e9 et la n\u00e9cessit\u00e9 de ce traitement, ainsi que pour d\u00e9terminer les modalit\u00e9s d&#8217;utilisation adapt\u00e9es \u00e0 chaque cas particulier.<br \/>\nEn somme, bien qu&#8217;il soit tentant de chercher \u00e0 obtenir du Tamoxifen sans ordonnance, il est crucial de respecter les r\u00e8gles en vigueur et de privil\u00e9gier la s\u00e9curit\u00e9 et l&#8217;efficacit\u00e9 du traitement. La collaboration avec un professionnel de la sant\u00e9 est la cl\u00e9 pour assurer un usage optimal et s\u00fbr de ce m\u00e9dicament.<\/p>\n","protected":false},"excerpt":{"rendered":"<p>Tamoxif\u00e8ne Cliquez ici pour acheter Le citrate de tamoxif\u00e8ne est un anti-\u0153strog\u00e8ne efficace utilis\u00e9 pour le traitement et la pr\u00e9vention<\/p>\n","protected":false},"author":3,"featured_media":0,"parent":0,"menu_order":0,"comment_status":"closed","ping_status":"closed","template":"","meta":{"_lmt_disableupdate":"no","_lmt_disable":"no","footnotes":""},"class_list":["post-187","page","type-page","status-publish","hentry"],"translation":{"provider":"WPGlobus","version":"3.0.2","language":"fr","enabled_languages":["en","es","fr"],"languages":{"en":{"title":true,"content":true,"excerpt":false},"es":{"title":true,"content":true,"excerpt":false},"fr":{"title":true,"content":true,"excerpt":false}}},"yoast_head":"<!-- This site is optimized with the Yoast SEO plugin v27.3 - https:\/\/yoast.com\/product\/yoast-seo-wordpress\/ -->\n<title>Acheter Tamoxif\u00e8ne 10 et 20 mg en ligne sans ordonnance en France<\/title>\n<meta name=\"description\" content=\"Achetez du citrate de tamoxif\u00e8ne abordable de haute qualit\u00e9 en ligne et prenez-le selon les instructions de votre m\u00e9decin pour pr\u00e9venir le cancer du sein ou s&#039;assurer que le cancer dont vous avez \u00e9t\u00e9 diagnostiqu\u00e9 ne continue pas de se propager.\" \/>\n<meta name=\"robots\" content=\"index, follow, max-snippet:-1, max-image-preview:large, max-video-preview:-1\" \/>\n<link rel=\"canonical\" href=\"https:\/\/drpillman.biz\/es\/tamoxifen.htm\" \/>\n<meta property=\"og:locale\" content=\"fr_FR\" \/>\n<meta property=\"og:type\" content=\"article\" \/>\n<meta property=\"og:title\" content=\"Acheter Tamoxif\u00e8ne 10 et 20 mg en ligne sans ordonnance en France\" \/>\n<meta property=\"og:description\" content=\"Achetez du citrate de tamoxif\u00e8ne abordable de haute qualit\u00e9 en ligne et prenez-le selon les instructions de votre m\u00e9decin pour pr\u00e9venir le cancer du sein ou s&#039;assurer que le cancer dont vous avez \u00e9t\u00e9 diagnostiqu\u00e9 ne continue pas de se propager.\" \/>\n<meta property=\"og:url\" content=\"https:\/\/drpillman.biz\/es\/tamoxifen.htm\" \/>\n<meta property=\"og:site_name\" content=\"Dr.Pillman\" \/>\n<meta property=\"article:modified_time\" content=\"2024-05-17T19:52:59+00:00\" \/>\n<meta name=\"twitter:card\" content=\"summary_large_image\" \/>\n<script type=\"application\/ld+json\" class=\"yoast-schema-graph\">{\"@context\":\"https:\\\/\\\/schema.org\",\"@graph\":[{\"@type\":\"WebPage\",\"@id\":\"https:\\\/\\\/drpillman.biz\\\/es\\\/tamoxifen.htm\",\"url\":\"https:\\\/\\\/drpillman.biz\\\/es\\\/tamoxifen.htm\",\"name\":\"Compre citrato de tamoxifeno altamente eficiente y asequible de una farmacia en l\u00ednea de confianza para evitar que su c\u00e1ncer se propague\",\"isPartOf\":{\"@id\":\"https:\\\/\\\/drpillman.biz\\\/#website\"},\"datePublished\":\"2013-03-18T08:12:48+00:00\",\"dateModified\":\"2024-05-17T19:52:59+00:00\",\"description\":\"Achetez du citrate de tamoxif\u00e8ne abordable de haute qualit\u00e9 en ligne et prenez-le selon les instructions de votre m\u00e9decin pour pr\u00e9venir le cancer du sein ou s'assurer que le cancer dont vous avez \u00e9t\u00e9 diagnostiqu\u00e9 ne continue pas de se propager.\",\"breadcrumb\":{\"@id\":\"https:\\\/\\\/drpillman.biz\\\/es\\\/tamoxifen.htm#breadcrumb\"},\"inLanguage\":\"fr-FR\",\"potentialAction\":[{\"@type\":\"ReadAction\",\"target\":[\"https:\\\/\\\/drpillman.biz\\\/es\\\/tamoxifen.htm\"]}]},{\"@type\":\"BreadcrumbList\",\"@id\":\"https:\\\/\\\/drpillman.biz\\\/es\\\/tamoxifen.htm#breadcrumb\",\"itemListElement\":[{\"@type\":\"ListItem\",\"position\":1,\"name\":\"Home\",\"item\":\"https:\\\/\\\/drpillman.biz\\\/\"},{\"@type\":\"ListItem\",\"position\":2,\"name\":\"Tamoxifeno\"}]},{\"@type\":\"WebSite\",\"@id\":\"https:\\\/\\\/drpillman.biz\\\/#website\",\"url\":\"https:\\\/\\\/drpillman.biz\\\/\",\"name\":\"Dr.Pillman\",\"description\":\"\",\"potentialAction\":[{\"@type\":\"SearchAction\",\"target\":{\"@type\":\"EntryPoint\",\"urlTemplate\":\"https:\\\/\\\/drpillman.biz\\\/?s={search_term_string}\"},\"query-input\":{\"@type\":\"PropertyValueSpecification\",\"valueRequired\":true,\"valueName\":\"search_term_string\"}}],\"inLanguage\":\"fr-FR\"}]}<\/script>\n<!-- \/ Yoast SEO plugin. -->","yoast_head_json":{"title":"Acheter Tamoxif\u00e8ne 10 et 20 mg en ligne sans ordonnance en France","description":"Achetez du citrate de tamoxif\u00e8ne abordable de haute qualit\u00e9 en ligne et prenez-le selon les instructions de votre m\u00e9decin pour pr\u00e9venir le cancer du sein ou s'assurer que le cancer dont vous avez \u00e9t\u00e9 diagnostiqu\u00e9 ne continue pas de se propager.","robots":{"index":"index","follow":"follow","max-snippet":"max-snippet:-1","max-image-preview":"max-image-preview:large","max-video-preview":"max-video-preview:-1"},"canonical":"https:\/\/drpillman.biz\/es\/tamoxifen.htm","og_locale":"fr_FR","og_type":"article","og_title":"Acheter Tamoxif\u00e8ne 10 et 20 mg en ligne sans ordonnance en France","og_description":"Achetez du citrate de tamoxif\u00e8ne abordable de haute qualit\u00e9 en ligne et prenez-le selon les instructions de votre m\u00e9decin pour pr\u00e9venir le cancer du sein ou s'assurer que le cancer dont vous avez \u00e9t\u00e9 diagnostiqu\u00e9 ne continue pas de se propager.","og_url":"https:\/\/drpillman.biz\/es\/tamoxifen.htm","og_site_name":"Dr.Pillman","article_modified_time":"2024-05-17T19:52:59+00:00","twitter_card":"summary_large_image","schema":{"@context":"https:\/\/schema.org","@graph":[{"@type":"WebPage","@id":"https:\/\/drpillman.biz\/es\/tamoxifen.htm","url":"https:\/\/drpillman.biz\/es\/tamoxifen.htm","name":"Compre citrato de tamoxifeno altamente eficiente y asequible de una farmacia en l\u00ednea de confianza para evitar que su c\u00e1ncer se propague","isPartOf":{"@id":"https:\/\/drpillman.biz\/#website"},"datePublished":"2013-03-18T08:12:48+00:00","dateModified":"2024-05-17T19:52:59+00:00","description":"Achetez du citrate de tamoxif\u00e8ne abordable de haute qualit\u00e9 en ligne et prenez-le selon les instructions de votre m\u00e9decin pour pr\u00e9venir le cancer du sein ou s'assurer que le cancer dont vous avez \u00e9t\u00e9 diagnostiqu\u00e9 ne continue pas de se propager.","breadcrumb":{"@id":"https:\/\/drpillman.biz\/es\/tamoxifen.htm#breadcrumb"},"inLanguage":"fr-FR","potentialAction":[{"@type":"ReadAction","target":["https:\/\/drpillman.biz\/es\/tamoxifen.htm"]}]},{"@type":"BreadcrumbList","@id":"https:\/\/drpillman.biz\/es\/tamoxifen.htm#breadcrumb","itemListElement":[{"@type":"ListItem","position":1,"name":"Home","item":"https:\/\/drpillman.biz\/"},{"@type":"ListItem","position":2,"name":"Tamoxifeno"}]},{"@type":"WebSite","@id":"https:\/\/drpillman.biz\/#website","url":"https:\/\/drpillman.biz\/","name":"Dr.Pillman","description":"","potentialAction":[{"@type":"SearchAction","target":{"@type":"EntryPoint","urlTemplate":"https:\/\/drpillman.biz\/?s={search_term_string}"},"query-input":{"@type":"PropertyValueSpecification","valueRequired":true,"valueName":"search_term_string"}}],"inLanguage":"fr-FR"}]}},"_links":{"self":[{"href":"http:\/\/drpillman.biz\/fr\/wp-json\/wp\/v2\/pages\/187","targetHints":{"allow":["GET"]}}],"collection":[{"href":"http:\/\/drpillman.biz\/fr\/wp-json\/wp\/v2\/pages"}],"about":[{"href":"http:\/\/drpillman.biz\/fr\/wp-json\/wp\/v2\/types\/page"}],"author":[{"embeddable":true,"href":"http:\/\/drpillman.biz\/fr\/wp-json\/wp\/v2\/users\/3"}],"replies":[{"embeddable":true,"href":"http:\/\/drpillman.biz\/fr\/wp-json\/wp\/v2\/comments?post=187"}],"version-history":[{"count":0,"href":"http:\/\/drpillman.biz\/fr\/wp-json\/wp\/v2\/pages\/187\/revisions"}],"wp:attachment":[{"href":"http:\/\/drpillman.biz\/fr\/wp-json\/wp\/v2\/media?parent=187"}],"curies":[{"name":"wp","href":"https:\/\/api.w.org\/{rel}","templated":true}]}}