{"id":49,"date":"2013-11-19T12:14:55","date_gmt":"2013-11-19T12:14:55","guid":{"rendered":"https:\/\/drpillman.biz\/?page_id=49"},"modified":"2024-05-17T12:55:24","modified_gmt":"2024-05-17T11:55:24","slug":"benadryl","status":"publish","type":"page","link":"http:\/\/drpillman.biz\/fr\/benadryl.htm","title":{"rendered":"Benadryl"},"content":{"rendered":"<div id=\"content-center\">\n<div id=\"content-image\">\n\t\t\t\t\t<img decoding=\"async\" src=\"\/img\/Benadryl.jpg\" alt=\"Benadryl\">\t\t\t\t<\/div>\n<div id=\"content-description\">\n<h1>Benadryl<\/h1>\n<p> <code><a href=\"https:\/\/200pills.com\/search.html?lang=fr&#038;cur=EUR&#038;key=Benadryl\"> <button class=\"button-7\" role=\"button\">Cliquez ici pour acheter<\/button><\/a><\/code><\/p>\n<div class=\"clear\"><\/div>\n<div id=\"description\">\n\t\t\t\t\t\tBenadryl est un antihistaminique d\u00e9livr\u00e9 sur ordonnance et utilis\u00e9 pour le traitement des sympt\u00f4mes du rhume, ainsi que de certains sympt\u00f4mes d&#8217;allergies, notamment le larmoiement, la toux, les d\u00e9mangeaisons, l&#8217;\u00e9coulement nasal, les \u00e9ternuements et les \u00e9ruptions cutan\u00e9es. Ce m\u00e9dicament ne doit pas \u00eatre utilis\u00e9 chez les patients de moins de 6 ans, sauf avis contraire du m\u00e9decin.\t\t\t\t\t<\/div>\n<div id=\"additional\">\n\t\t\t\t\t\tSynonymes :<span> Diphenhydramine<\/span>\n\t\t\t\t\t<\/div>\n<\/p><\/div>\n<div class=\"clear\"><\/div>\n<p>Benadryl est prescrit pour le traitement des sympt\u00f4mes allergiques. Son principe actif, la diph\u00e9nhydramine, soulage les sympt\u00f4mes d&#8217;allergies tels que les \u00e9ternuements, l&#8217;\u00e9coulement nasal, les d\u00e9mangeaisons du nez ou de la gorge, la toux, le larmoiement ou les d\u00e9mangeaisons des yeux, les \u00e9ruptions cutan\u00e9es et les d\u00e9mangeaisons. Certains sympt\u00f4mes du mal des transports, comme les vertiges, les vomissements et les naus\u00e9es, peuvent \u00e9galement \u00eatre trait\u00e9s avec Benadryl. L&#8217;ingr\u00e9dient actif de Benadryl, la diph\u00e9nhydramine, agit en bloquant l&#8217;histamine dans votre corps et l&#8217;emp\u00eache de provoquer les sympt\u00f4mes d&#8217;une r\u00e9action allergique. Vous pouvez acheter Benadryl au Royaume-Uni \u00e0 tout moment, car les pharmacies travaillant sp\u00e9cifiquement pour ce pays sont assez nombreuses. Une bonne pharmacie britannique qui vend le Benadryl (diphenhydramine) 25 mg g\u00e9n\u00e9rique s&#8217;assurera de livrer votre m\u00e9dicament rapidement et de vous faire payer moins cher que si vous achetiez dans une autre pharmacie internationale. Il n&#8217;est pas \u00e9tonnant que de plus en plus de personnes du Royaume-Uni passent des commandes en ligne et sugg\u00e8rent \u00e0 leurs amis d&#8217;acheter Benadryl ou d&#8217;autres m\u00e9dicaments dont ils ont besoin de la m\u00eame mani\u00e8re. L&#8217;achat de Benadryl en ligne est devenu une alternative tr\u00e8s pratique \u00e0 la visite d&#8217;une pharmacie et \u00e0 l&#8217;obtention d&#8217;une ordonnance. Pour que Benadryl soit le plus efficace possible, vous devez suivre les instructions \u00e0 la lettre, en prenant la dose de 25 mg avec ou sans nourriture. La dose de Benadryl sera bas\u00e9e sur le probl\u00e8me que vous essayez de traiter, votre \u00e2ge et votre \u00e9tat de sant\u00e9 g\u00e9n\u00e9ral. La dose peut \u00eatre diff\u00e9rente de 25 mg et vous devez suivre les recommandations de votre m\u00e9decin, car elles seront bas\u00e9es sur vos besoins individuels.<\/p>\n<h2>Effets secondaires<\/h2>\n<p>Vous devez conna\u00eetre la diff\u00e9rence entre les effets secondaires l\u00e9gers et les effets secondaires plus graves de Benadryl afin de continuer \u00e0 prendre le m\u00e9dicament ou de signaler les sympt\u00f4mes \u00e0 votre m\u00e9decin. Vous devez signaler imm\u00e9diatement les crises d&#8217;\u00e9pilepsie, les difficult\u00e9s \u00e0 uriner, les battements de c\u0153ur irr\u00e9guliers ou les changements d&#8217;humeur, tandis que les effets secondaires l\u00e9gers tels que la s\u00e9cheresse de la bouche, la somnolence, la constipation, les vertiges, la vision floue et les maux d&#8217;estomac s&#8217;am\u00e9liorent g\u00e9n\u00e9ralement d&#8217;eux-m\u00eames sans qu&#8217;il soit n\u00e9cessaire de contacter votre m\u00e9decin ou d&#8217;interrompre le traitement.<\/p>\n<\/p><\/div>\n<h2>La disponibilit\u00e9 de Benadryl sans ordonnance en France<\/h2>\n<p>Il est important de discuter de la disponibilit\u00e9 du Benadryl sans ordonnance en France. Malheureusement, la r\u00e9ponse \u00e0 cette question est quelque peu complexe. Bien que le Benadryl soit largement utilis\u00e9 et soit consid\u00e9r\u00e9 comme un m\u00e9dicament s\u00fbr dans de nombreux pays, sa disponibilit\u00e9 sans ordonnance en France est sujette \u00e0 des r\u00e8glements stricts.Dans certains pays, le Benadryl est disponible sans ordonnance dans les pharmacies, ce qui facilite son acc\u00e8s pour ceux qui en ont besoin. Cependant, en France, les r\u00e8glements en mati\u00e8re de m\u00e9dicaments sont plus rigoureux. Bien que le Benadryl soit disponible dans les pharmacies fran\u00e7aises, son achat n\u00e9cessite g\u00e9n\u00e9ralement une ordonnance d\u00e9livr\u00e9e par un m\u00e9decin.Cela peut \u00eatre d\u00e9concertant pour ceux qui sont habitu\u00e9s \u00e0 acheter des m\u00e9dicaments en vente libre dans d&#8217;autres pays. La r\u00e9glementation stricte vise \u00e0 assurer la s\u00e9curit\u00e9 des patients en s&#8217;assurant que les m\u00e9dicaments sont utilis\u00e9s de mani\u00e8re appropri\u00e9e et sous la supervision d&#8217;un professionnel de la sant\u00e9.N\u00e9anmoins, il est toujours recommand\u00e9 de consulter un m\u00e9decin ou un pharmacien pour obtenir des conseils sur l&#8217;utilisation appropri\u00e9e du Benadryl, m\u00eame s&#8217;il est disponible sans ordonnance dans d&#8217;autres pays. Ils peuvent fournir des informations pr\u00e9cieuses sur les doses appropri\u00e9es, les effets secondaires potentiels et les interactions m\u00e9dicamenteuses.En r\u00e9sum\u00e9, bien que le Benadryl puisse \u00eatre disponible sans ordonnance dans certains pays, en France, son achat n\u00e9cessite g\u00e9n\u00e9ralement une ordonnance m\u00e9dicale. Il est important de respecter les r\u00e9glementations en mati\u00e8re de m\u00e9dicaments et de consulter un professionnel de la sant\u00e9 pour obtenir des conseils appropri\u00e9s sur son utilisation.<\/p>\n","protected":false},"excerpt":{"rendered":"<p>Benadryl Cliquez ici pour acheter Benadryl est un antihistaminique d\u00e9livr\u00e9 sur ordonnance et utilis\u00e9 pour le traitement des sympt\u00f4mes du<\/p>\n","protected":false},"author":3,"featured_media":0,"parent":0,"menu_order":0,"comment_status":"closed","ping_status":"closed","template":"","meta":{"_lmt_disableupdate":"no","_lmt_disable":"no","footnotes":""},"class_list":["post-49","page","type-page","status-publish","hentry"],"translation":{"provider":"WPGlobus","version":"3.0.2","language":"fr","enabled_languages":["en","es","fr"],"languages":{"en":{"title":true,"content":true,"excerpt":false},"es":{"title":true,"content":true,"excerpt":false},"fr":{"title":true,"content":true,"excerpt":false}}},"yoast_head":"<!-- This site is optimized with the Yoast SEO plugin v27.5 - https:\/\/yoast.com\/product\/yoast-seo-wordpress\/ -->\n<title>Acheter Benadryl 25 mg en ligne sans ordonnance en France<\/title>\n<meta name=\"description\" content=\"Achetez du benadryl (diphenhydramine) 25 mg dans une pharmacie de France pour le traitement des \u00e9ternuements, des yeux aqueux, des \u00e9ruptions cutan\u00e9es, du nez qui coule, des d\u00e9mangeaisons et d&#039;autres sympt\u00f4mes de rhume ou d&#039;allergies communs.\" \/>\n<meta name=\"robots\" content=\"index, follow, max-snippet:-1, max-image-preview:large, max-video-preview:-1\" \/>\n<link rel=\"canonical\" href=\"http:\/\/drpillman.biz\/fr\/benadryl.htm\" \/>\n<meta property=\"og:locale\" content=\"fr_FR\" \/>\n<meta property=\"og:type\" content=\"article\" \/>\n<meta property=\"og:title\" content=\"Acheter Benadryl 25 mg en ligne sans ordonnance en France\" \/>\n<meta property=\"og:description\" content=\"Achetez du benadryl (diphenhydramine) 25 mg dans une pharmacie de France pour le traitement des \u00e9ternuements, des yeux aqueux, des \u00e9ruptions cutan\u00e9es, du nez qui coule, des d\u00e9mangeaisons et d&#039;autres sympt\u00f4mes de rhume ou d&#039;allergies communs.\" \/>\n<meta property=\"og:url\" content=\"http:\/\/drpillman.biz\/fr\/benadryl.htm\" \/>\n<meta property=\"og:site_name\" content=\"Dr.Pillman\" \/>\n<meta property=\"article:modified_time\" content=\"2024-05-17T11:55:24+00:00\" \/>\n<meta name=\"twitter:card\" content=\"summary_large_image\" \/>\n<script type=\"application\/ld+json\" class=\"yoast-schema-graph\">{\"@context\":\"https:\\\/\\\/schema.org\",\"@graph\":[{\"@type\":\"WebPage\",\"@id\":\"http:\\\/\\\/drpillman.biz\\\/fr\\\/benadryl.htm\",\"url\":\"http:\\\/\\\/drpillman.biz\\\/fr\\\/benadryl.htm\",\"name\":\"Acheter Benadryl 25 mg en ligne sans ordonnance en France\",\"isPartOf\":{\"@id\":\"https:\\\/\\\/drpillman.biz\\\/#website\"},\"datePublished\":\"2013-11-19T12:14:55+00:00\",\"dateModified\":\"2024-05-17T11:55:24+00:00\",\"description\":\"Achetez du benadryl (diphenhydramine) 25 mg dans une pharmacie de France pour le traitement des \u00e9ternuements, des yeux aqueux, des \u00e9ruptions cutan\u00e9es, du nez qui coule, des d\u00e9mangeaisons et d'autres sympt\u00f4mes de rhume ou d'allergies communs.\",\"breadcrumb\":{\"@id\":\"http:\\\/\\\/drpillman.biz\\\/fr\\\/benadryl.htm#breadcrumb\"},\"inLanguage\":\"fr-FR\",\"potentialAction\":[{\"@type\":\"ReadAction\",\"target\":[\"http:\\\/\\\/drpillman.biz\\\/fr\\\/benadryl.htm\"]}]},{\"@type\":\"BreadcrumbList\",\"@id\":\"http:\\\/\\\/drpillman.biz\\\/fr\\\/benadryl.htm#breadcrumb\",\"itemListElement\":[{\"@type\":\"ListItem\",\"position\":1,\"name\":\"Home\",\"item\":\"https:\\\/\\\/drpillman.biz\\\/\"},{\"@type\":\"ListItem\",\"position\":2,\"name\":\"Benadryl\"}]},{\"@type\":\"WebSite\",\"@id\":\"https:\\\/\\\/drpillman.biz\\\/#website\",\"url\":\"https:\\\/\\\/drpillman.biz\\\/\",\"name\":\"Dr.Pillman\",\"description\":\"\",\"potentialAction\":[{\"@type\":\"SearchAction\",\"target\":{\"@type\":\"EntryPoint\",\"urlTemplate\":\"https:\\\/\\\/drpillman.biz\\\/?s={search_term_string}\"},\"query-input\":{\"@type\":\"PropertyValueSpecification\",\"valueRequired\":true,\"valueName\":\"search_term_string\"}}],\"inLanguage\":\"fr-FR\"}]}<\/script>\n<!-- \/ Yoast SEO plugin. -->","yoast_head_json":{"title":"Acheter Benadryl 25 mg en ligne sans ordonnance en France","description":"Achetez du benadryl (diphenhydramine) 25 mg dans une pharmacie de France pour le traitement des \u00e9ternuements, des yeux aqueux, des \u00e9ruptions cutan\u00e9es, du nez qui coule, des d\u00e9mangeaisons et d'autres sympt\u00f4mes de rhume ou d'allergies communs.","robots":{"index":"index","follow":"follow","max-snippet":"max-snippet:-1","max-image-preview":"max-image-preview:large","max-video-preview":"max-video-preview:-1"},"canonical":"http:\/\/drpillman.biz\/fr\/benadryl.htm","og_locale":"fr_FR","og_type":"article","og_title":"Acheter Benadryl 25 mg en ligne sans ordonnance en France","og_description":"Achetez du benadryl (diphenhydramine) 25 mg dans une pharmacie de France pour le traitement des \u00e9ternuements, des yeux aqueux, des \u00e9ruptions cutan\u00e9es, du nez qui coule, des d\u00e9mangeaisons et d'autres sympt\u00f4mes de rhume ou d'allergies communs.","og_url":"http:\/\/drpillman.biz\/fr\/benadryl.htm","og_site_name":"Dr.Pillman","article_modified_time":"2024-05-17T11:55:24+00:00","twitter_card":"summary_large_image","schema":{"@context":"https:\/\/schema.org","@graph":[{"@type":"WebPage","@id":"http:\/\/drpillman.biz\/fr\/benadryl.htm","url":"http:\/\/drpillman.biz\/fr\/benadryl.htm","name":"Acheter Benadryl 25 mg en ligne sans ordonnance en France","isPartOf":{"@id":"https:\/\/drpillman.biz\/#website"},"datePublished":"2013-11-19T12:14:55+00:00","dateModified":"2024-05-17T11:55:24+00:00","description":"Achetez du benadryl (diphenhydramine) 25 mg dans une pharmacie de France pour le traitement des \u00e9ternuements, des yeux aqueux, des \u00e9ruptions cutan\u00e9es, du nez qui coule, des d\u00e9mangeaisons et d'autres sympt\u00f4mes de rhume ou d'allergies communs.","breadcrumb":{"@id":"http:\/\/drpillman.biz\/fr\/benadryl.htm#breadcrumb"},"inLanguage":"fr-FR","potentialAction":[{"@type":"ReadAction","target":["http:\/\/drpillman.biz\/fr\/benadryl.htm"]}]},{"@type":"BreadcrumbList","@id":"http:\/\/drpillman.biz\/fr\/benadryl.htm#breadcrumb","itemListElement":[{"@type":"ListItem","position":1,"name":"Home","item":"https:\/\/drpillman.biz\/"},{"@type":"ListItem","position":2,"name":"Benadryl"}]},{"@type":"WebSite","@id":"https:\/\/drpillman.biz\/#website","url":"https:\/\/drpillman.biz\/","name":"Dr.Pillman","description":"","potentialAction":[{"@type":"SearchAction","target":{"@type":"EntryPoint","urlTemplate":"https:\/\/drpillman.biz\/?s={search_term_string}"},"query-input":{"@type":"PropertyValueSpecification","valueRequired":true,"valueName":"search_term_string"}}],"inLanguage":"fr-FR"}]}},"_links":{"self":[{"href":"http:\/\/drpillman.biz\/fr\/wp-json\/wp\/v2\/pages\/49","targetHints":{"allow":["GET"]}}],"collection":[{"href":"http:\/\/drpillman.biz\/fr\/wp-json\/wp\/v2\/pages"}],"about":[{"href":"http:\/\/drpillman.biz\/fr\/wp-json\/wp\/v2\/types\/page"}],"author":[{"embeddable":true,"href":"http:\/\/drpillman.biz\/fr\/wp-json\/wp\/v2\/users\/3"}],"replies":[{"embeddable":true,"href":"http:\/\/drpillman.biz\/fr\/wp-json\/wp\/v2\/comments?post=49"}],"version-history":[{"count":0,"href":"http:\/\/drpillman.biz\/fr\/wp-json\/wp\/v2\/pages\/49\/revisions"}],"wp:attachment":[{"href":"http:\/\/drpillman.biz\/fr\/wp-json\/wp\/v2\/media?parent=49"}],"curies":[{"name":"wp","href":"https:\/\/api.w.org\/{rel}","templated":true}]}}