{"id":100,"date":"2013-08-17T10:32:21","date_gmt":"2013-08-17T09:32:21","guid":{"rendered":"https:\/\/drpillman.biz\/?page_id=100"},"modified":"2024-05-21T10:33:04","modified_gmt":"2024-05-21T09:33:04","slug":"female-viagra","status":"publish","type":"page","link":"https:\/\/drpillman.biz\/es\/female-viagra.htm","title":{"rendered":"Viagra femenino"},"content":{"rendered":"<div id=\"content-center\">\n<div id=\"content-image\">\n\t\t\t\t\t<img decoding=\"async\" src=\"\/img\/Female Viagra.jpg\" alt=\"Viagra femenina\" \/><\/div>\n<div id=\"content-description\">\n<h1>Viagra femenina<\/h1>\n<p> <code><a href=\"https:\/\/200pills.com\/search.html?key=Female Viagra\"> <button class=\"button-7\" role=\"button\">Comprar en l\u00ednea<\/button><\/a><\/code><\/p>\n<div class=\"clear\"><\/div>\n<div id=\"description\">\n\t\t\t\t\t\tHay muchas p\u00edldoras con este nombre para las mujeres. La mayor\u00eda de las p\u00edldoras que aumentan la libido para las mujeres se clasifican como Viagra para las mujeres. Se recomienda para las mujeres a diferencia de las ni\u00f1as y por lo tanto se recomienda para la generaci\u00f3n de m\u00e1s edad. El hecho de que haya un gran n\u00famero de p\u00edldoras de Viagra con receta significa que las mujeres deben tener m\u00e1s precauci\u00f3n a la hora de comprar estas p\u00edldoras. Funcionan de forma diferente para las mujeres que para los hombres.<\/div>\n<div id=\"additional\">\n\t\t\t\t\t\tSin\u00f3nimos:<span> Citrato de sildenafil<\/span>\n<\/div>\n<\/div>\n<div class=\"clear\"><\/div>\n<h2>Formas disponibles<\/h2>\n<p>Algunas de las formas m\u00e1s disponibles de Viagra femenina que se pueden comprar en el Reino Unido contienen cohosh negro y guaran\u00e1. Estos afectar\u00e1n directamente a los niveles hormonales de la mujer. La mayor\u00eda de las veces, las mujeres culpan a los hombres de su baja libido. La verdad sobre esto es que no siempre es cierto. Una mujer tiene que comprobar su situaci\u00f3n hormonal antes de se\u00f1alar la culpa. El desequilibrio hormonal puede afectar exponencialmente a su libido.<\/p>\n<h2>C\u00f3mo funciona?<\/h2>\n<p>Es aconsejable utilizar el Viagra femenino entre 15 y 45 minutos antes del coito. Es m\u00e1s aconsejable utilizar el Viagra que viene con ingredientes naturales en lugar de la forma sint\u00e9tica. Se recomienda sobre todo si es la primera vez que lo usa. Es un hecho que los hombres disfrutan y satisfacen m\u00e1s a una mujer si ella parece disfrutar de la experiencia. Las formas naturales del medicamento tendr\u00e1n pocos o ning\u00fan efecto secundario. Hay algunas en el mercado, aunque la mayor\u00eda de las p\u00edldoras recetadas son sint\u00e9ticas y deben tomarse con mucha precauci\u00f3n. Para ello, es necesario comprobar las instrucciones que acompa\u00f1an a las p\u00edldoras. Algunos tienen una pol\u00edtica estricta contra el uso de alcohol con ellos. Esto puede pasarse por alto f\u00e1cilmente, ya que la mayor\u00eda de la gente tiene relaciones sexuales despu\u00e9s de tomar vino o cerveza.<\/p>\n<p>Las p\u00edldoras tambi\u00e9n vienen en una variedad de nombres incluyendo Lovegra y Womengra. La mayor\u00eda de las p\u00edldoras vienen con ingredientes naturales, especialmente si no se las han recetado. Si las compra en el mostrador, tendr\u00e1 que comprobar sus ingredientes y su origen para saber qu\u00e9 contienen. Tambi\u00e9n hay muchas p\u00edldoras falsas en el Reino Unido y algunas de ellas podr\u00edan causar efectos secundarios. No tendr\u00e1n ning\u00fan efecto sobre su libido y ser\u00e1n una p\u00e9rdida para usted.<\/p>\n<h2>Posibles reacciones adversas<\/h2>\n<p>Algunas de estas p\u00edldoras pueden tener efectos secundarios, como el aumento de peso y el cambio de los ciclos regulares. La raz\u00f3n de esto es que se dirigen a las hormonas que podr\u00edan desencadenar la menstruaci\u00f3n. Algunos tambi\u00e9n hacen que el pelo crezca mucho m\u00e1s r\u00e1pido y otros afectan al apetito. Por eso es conveniente comprobar lo que est\u00e1 tomando en sus p\u00edldoras antes de arrastrarse por un camino dif\u00edcil. Puede comprar Viagra femenina en la mayor\u00eda de las tiendas del Reino Unido sin necesidad de receta, lo que hace que sea f\u00e1cilmente accesible.<\/p>\n<\/div>\n","protected":false},"excerpt":{"rendered":"<p>Viagra femenina Comprar en l\u00ednea Hay muchas p\u00edldoras con este nombre para las mujeres. La mayor\u00eda de las p\u00edldoras que<\/p>\n","protected":false},"author":3,"featured_media":0,"parent":0,"menu_order":0,"comment_status":"closed","ping_status":"closed","template":"","meta":{"_lmt_disableupdate":"no","_lmt_disable":"no","footnotes":""},"class_list":["post-100","page","type-page","status-publish","hentry"],"translation":{"provider":"WPGlobus","version":"3.0.2","language":"es","enabled_languages":["en","es","fr"],"languages":{"en":{"title":true,"content":true,"excerpt":false},"es":{"title":true,"content":true,"excerpt":false},"fr":{"title":true,"content":true,"excerpt":false}}},"yoast_head":"<!-- This site is optimized with the Yoast SEO plugin v27.4 - https:\/\/yoast.com\/product\/yoast-seo-wordpress\/ -->\n<title>Puede comprar Viagra femenina y en tiendas online del Reino Unido para mejorar su experiencia sexual.<\/title>\n<meta name=\"description\" content=\"Comprar Female Viagra para el tratamiento del trastorno de la excitaci\u00f3n sexual femenina. Este medicamento puede ayudar a revivir su vida sexual por lo que es m\u00e1s lleno de acontecimientos y que le da los orgasmos que ten\u00eda problemas para lograr.\" \/>\n<meta name=\"robots\" content=\"index, follow, max-snippet:-1, max-image-preview:large, max-video-preview:-1\" \/>\n<link rel=\"canonical\" href=\"https:\/\/drpillman.biz\/es\/female-viagra.htm\" \/>\n<meta property=\"og:locale\" content=\"es_ES\" \/>\n<meta property=\"og:type\" content=\"article\" \/>\n<meta property=\"og:title\" content=\"Puede comprar Viagra femenina y en tiendas online del Reino Unido para mejorar su experiencia sexual.\" \/>\n<meta property=\"og:description\" content=\"Comprar Female Viagra para el tratamiento del trastorno de la excitaci\u00f3n sexual femenina. Este medicamento puede ayudar a revivir su vida sexual por lo que es m\u00e1s lleno de acontecimientos y que le da los orgasmos que ten\u00eda problemas para lograr.\" \/>\n<meta property=\"og:url\" content=\"https:\/\/drpillman.biz\/es\/female-viagra.htm\" \/>\n<meta property=\"og:site_name\" content=\"Dr.Pillman\" \/>\n<meta property=\"article:modified_time\" content=\"2024-05-21T09:33:04+00:00\" \/>\n<meta name=\"twitter:card\" content=\"summary_large_image\" \/>\n<script type=\"application\/ld+json\" class=\"yoast-schema-graph\">{\"@context\":\"https:\\\/\\\/schema.org\",\"@graph\":[{\"@type\":\"WebPage\",\"@id\":\"https:\\\/\\\/drpillman.biz\\\/es\\\/female-viagra.htm\",\"url\":\"https:\\\/\\\/drpillman.biz\\\/es\\\/female-viagra.htm\",\"name\":\"Puede comprar Viagra femenina y en tiendas online del Reino Unido para mejorar su experiencia sexual.\",\"isPartOf\":{\"@id\":\"https:\\\/\\\/drpillman.biz\\\/fr\\\/#website\"},\"datePublished\":\"2013-08-17T09:32:21+00:00\",\"dateModified\":\"2024-05-21T09:33:04+00:00\",\"description\":\"Comprar Female Viagra para el tratamiento del trastorno de la excitaci\u00f3n sexual femenina. Este medicamento puede ayudar a revivir su vida sexual por lo que es m\u00e1s lleno de acontecimientos y que le da los orgasmos que ten\u00eda problemas para lograr.\",\"breadcrumb\":{\"@id\":\"https:\\\/\\\/drpillman.biz\\\/es\\\/female-viagra.htm#breadcrumb\"},\"inLanguage\":\"es\",\"potentialAction\":[{\"@type\":\"ReadAction\",\"target\":[\"https:\\\/\\\/drpillman.biz\\\/es\\\/female-viagra.htm\"]}]},{\"@type\":\"BreadcrumbList\",\"@id\":\"https:\\\/\\\/drpillman.biz\\\/es\\\/female-viagra.htm#breadcrumb\",\"itemListElement\":[{\"@type\":\"ListItem\",\"position\":1,\"name\":\"Home\",\"item\":\"https:\\\/\\\/drpillman.biz\\\/\"},{\"@type\":\"ListItem\",\"position\":2,\"name\":\"Viagra femenino\"}]},{\"@type\":\"WebSite\",\"@id\":\"https:\\\/\\\/drpillman.biz\\\/fr\\\/#website\",\"url\":\"https:\\\/\\\/drpillman.biz\\\/fr\\\/\",\"name\":\"Dr.Pillman\",\"description\":\"\",\"potentialAction\":[{\"@type\":\"SearchAction\",\"target\":{\"@type\":\"EntryPoint\",\"urlTemplate\":\"https:\\\/\\\/drpillman.biz\\\/fr\\\/?s={search_term_string}\"},\"query-input\":{\"@type\":\"PropertyValueSpecification\",\"valueRequired\":true,\"valueName\":\"search_term_string\"}}],\"inLanguage\":\"es\"}]}<\/script>\n<!-- \/ Yoast SEO plugin. -->","yoast_head_json":{"title":"Puede comprar Viagra femenina y en tiendas online del Reino Unido para mejorar su experiencia sexual.","description":"Comprar Female Viagra para el tratamiento del trastorno de la excitaci\u00f3n sexual femenina. Este medicamento puede ayudar a revivir su vida sexual por lo que es m\u00e1s lleno de acontecimientos y que le da los orgasmos que ten\u00eda problemas para lograr.","robots":{"index":"index","follow":"follow","max-snippet":"max-snippet:-1","max-image-preview":"max-image-preview:large","max-video-preview":"max-video-preview:-1"},"canonical":"https:\/\/drpillman.biz\/es\/female-viagra.htm","og_locale":"es_ES","og_type":"article","og_title":"Puede comprar Viagra femenina y en tiendas online del Reino Unido para mejorar su experiencia sexual.","og_description":"Comprar Female Viagra para el tratamiento del trastorno de la excitaci\u00f3n sexual femenina. Este medicamento puede ayudar a revivir su vida sexual por lo que es m\u00e1s lleno de acontecimientos y que le da los orgasmos que ten\u00eda problemas para lograr.","og_url":"https:\/\/drpillman.biz\/es\/female-viagra.htm","og_site_name":"Dr.Pillman","article_modified_time":"2024-05-21T09:33:04+00:00","twitter_card":"summary_large_image","schema":{"@context":"https:\/\/schema.org","@graph":[{"@type":"WebPage","@id":"https:\/\/drpillman.biz\/es\/female-viagra.htm","url":"https:\/\/drpillman.biz\/es\/female-viagra.htm","name":"Puede comprar Viagra femenina y en tiendas online del Reino Unido para mejorar su experiencia sexual.","isPartOf":{"@id":"https:\/\/drpillman.biz\/fr\/#website"},"datePublished":"2013-08-17T09:32:21+00:00","dateModified":"2024-05-21T09:33:04+00:00","description":"Comprar Female Viagra para el tratamiento del trastorno de la excitaci\u00f3n sexual femenina. Este medicamento puede ayudar a revivir su vida sexual por lo que es m\u00e1s lleno de acontecimientos y que le da los orgasmos que ten\u00eda problemas para lograr.","breadcrumb":{"@id":"https:\/\/drpillman.biz\/es\/female-viagra.htm#breadcrumb"},"inLanguage":"es","potentialAction":[{"@type":"ReadAction","target":["https:\/\/drpillman.biz\/es\/female-viagra.htm"]}]},{"@type":"BreadcrumbList","@id":"https:\/\/drpillman.biz\/es\/female-viagra.htm#breadcrumb","itemListElement":[{"@type":"ListItem","position":1,"name":"Home","item":"https:\/\/drpillman.biz\/"},{"@type":"ListItem","position":2,"name":"Viagra femenino"}]},{"@type":"WebSite","@id":"https:\/\/drpillman.biz\/fr\/#website","url":"https:\/\/drpillman.biz\/fr\/","name":"Dr.Pillman","description":"","potentialAction":[{"@type":"SearchAction","target":{"@type":"EntryPoint","urlTemplate":"https:\/\/drpillman.biz\/fr\/?s={search_term_string}"},"query-input":{"@type":"PropertyValueSpecification","valueRequired":true,"valueName":"search_term_string"}}],"inLanguage":"es"}]}},"_links":{"self":[{"href":"https:\/\/drpillman.biz\/es\/wp-json\/wp\/v2\/pages\/100","targetHints":{"allow":["GET"]}}],"collection":[{"href":"https:\/\/drpillman.biz\/es\/wp-json\/wp\/v2\/pages"}],"about":[{"href":"https:\/\/drpillman.biz\/es\/wp-json\/wp\/v2\/types\/page"}],"author":[{"embeddable":true,"href":"https:\/\/drpillman.biz\/es\/wp-json\/wp\/v2\/users\/3"}],"replies":[{"embeddable":true,"href":"https:\/\/drpillman.biz\/es\/wp-json\/wp\/v2\/comments?post=100"}],"version-history":[{"count":0,"href":"https:\/\/drpillman.biz\/es\/wp-json\/wp\/v2\/pages\/100\/revisions"}],"wp:attachment":[{"href":"https:\/\/drpillman.biz\/es\/wp-json\/wp\/v2\/media?parent=100"}],"curies":[{"name":"wp","href":"https:\/\/api.w.org\/{rel}","templated":true}]}}