{"id":103,"date":"2013-08-15T07:54:43","date_gmt":"2013-08-15T06:54:43","guid":{"rendered":"https:\/\/drpillman.biz\/?page_id=103"},"modified":"2024-05-21T10:42:43","modified_gmt":"2024-05-21T09:42:43","slug":"gabapentin","status":"publish","type":"page","link":"https:\/\/drpillman.biz\/es\/gabapentin.htm","title":{"rendered":"Gabapentina"},"content":{"rendered":"<div id=\"content-center\">\n<div id=\"content-image\">\n\t\t\t\t\t<img decoding=\"async\" src=\"\/img\/Gabapentin.jpg\" alt=\"Gabapentina\" \/><\/div>\n<div id=\"content-description\">\n<h1>Gabapentina<\/h1>\n<p> <code><a href=\"https:\/\/200pills.com\/search.html?key=Gabapentin\"> <button class=\"button-7\" role=\"button\">Comprar en l\u00ednea<\/button><\/a><\/code> <\/p>\n<div class=\"gray\"><\/div>\n<div class=\"clear\"><\/div>\n<div id=\"description\">\n\t\t\t\t\t\tLa gabapentina es un anticonvulsivo que se prescribe para el tratamiento y la prevenci\u00f3n de las convulsiones y que fue aprobado por la Administraci\u00f3n de Alimentos y Medicamentos en 1993. \u00bfEst\u00e1 buscando gabapentina en concentraciones de 300 mg y 400 mg, y no ha podido encontrar este anticonvulsivo en su farmacia local? Si es as\u00ed, puede comprar f\u00e1cilmente gabapentina en l\u00ednea y beneficiarse de descuentos en el precio. La calidad del producto es id\u00e9ntica y todos los medicamentos se fabrican en un entorno seguro y est\u00e9ril.<\/div>\n<div id=\"additional\">\n\t\t\t\t\t\tSin\u00f3nimos:<span> Neurontin<\/span>\n<\/div>\n<\/div>\n<div class=\"clear\"><\/div>\n<p>La gabapentina est\u00e1 disponible con receta m\u00e9dica y viene en tres formas diferentes: como soluci\u00f3n oral, en forma de tabletas o en forma de c\u00e1psulas. El f\u00e1rmaco viene en concentraciones que van de 100 mg a 400 mg para las c\u00e1psulas, y de 100 mg a 800 mg para los comprimidos. Generalmente, se prescribe a quienes sufren de epilepsia, aunque la gabapentina puede utilizarse para tratar el dolor asociado a la neuralgia posherp\u00e9tica o para tratar el SPI (acr\u00f3nimo del s\u00edndrome de las piernas inquietas).<\/p>\n<h2>C\u00f3mo funciona<\/h2>\n<p>La gabapentina est\u00e1 aprobada por la FDA para el tratamiento de los trastornos convulsivos, as\u00ed como para el tratamiento de los da\u00f1os nerviosos, aunque el f\u00e1rmaco se utiliza ampliamente para el tratamiento de otras condiciones (usos no aprobados). Se utiliza en el tratamiento de la fibromialgia, el hipo, los s\u00edntomas de abstinencia de sustancias y alcohol o en el tratamiento de la hiperhidrosis.<\/p>\n<p>El mecanismo exacto de acci\u00f3n no se ha explorado por completo, aunque se sabe que este anticonvulsivo trata las convulsiones disminuyendo los niveles de excitaci\u00f3n anormal a nivel cerebral. Como analg\u00e9sico, la gabapentina act\u00faa cambiando la forma en que el cuerpo percibe el dolor.<\/p>\n<h2>Interacciones con otros medicamentos y precauciones<\/h2>\n<p>Si tiene problemas digestivos y sigue un tratamiento con anti\u00e1cidos (independientemente de su naturaleza) debe evitar tomar gabapentina, ya que se sabe que los anti\u00e1cidos reducen su eficacia. Tambi\u00e9n se sabe que la gabapentina interact\u00faa con la morfina.<\/p>\n<p>Las mujeres embarazadas o en periodo de lactancia no deben utilizar nunca gabapentina, ya que este f\u00e1rmaco pasa f\u00e1cilmente a la leche materna, lo que perjudica al beb\u00e9.<\/p>\n<h2>C\u00f3mo tomar gabapentina<\/h2>\n<p>Los pacientes deben tomar este f\u00e1rmaco exactamente como se lo indique su m\u00e9dico &#8211; la gabapentina puede tomarse con o sin alimentos, y los pacientes suelen empezar con una dosis inicial de no m\u00e1s de 300 mg al d\u00eda &#8211; la dosis puede aumentarse o reducirse en funci\u00f3n del resultado del tratamiento, as\u00ed como de la aparici\u00f3n y la intensidad de las convulsiones. Lea atentamente y siga las instrucciones de la etiqueta.<\/p>\n<h2>Posibles reacciones adversas<\/h2>\n<p>Los tratamientos antiepil\u00e9pticos pueden provocar varios efectos secundarios desagradables, aunque suelen desaparecer en pocas horas y no suponen una amenaza grave para la salud; aun as\u00ed, no deben ignorarse. La retenci\u00f3n de l\u00edquidos junto con los mareos son algunos de los s\u00edntomas m\u00e1s comunes, aunque no requieren necesariamente atenci\u00f3n m\u00e9dica a menos que persistan.<\/p>\n<p>Por otra parte, los estudios han revelado que los pacientes que est\u00e1n en tratamiento con anticonvulsivos tienen un mayor riesgo de comportamiento suicida, por lo que todos los pacientes deben estar bajo estrecha atenci\u00f3n m\u00e9dica. Si nota alg\u00fan cambio en su patr\u00f3n de pensamiento o un empeoramiento de sus s\u00edntomas, p\u00f3ngase en contacto con su m\u00e9dico lo antes posible.<\/p>\n<\/div>\n","protected":false},"excerpt":{"rendered":"<p>Gabapentina Comprar en l\u00ednea La gabapentina es un anticonvulsivo que se prescribe para el tratamiento y la prevenci\u00f3n de las<\/p>\n","protected":false},"author":3,"featured_media":0,"parent":0,"menu_order":0,"comment_status":"closed","ping_status":"closed","template":"","meta":{"_lmt_disableupdate":"no","_lmt_disable":"no","footnotes":""},"class_list":["post-103","page","type-page","status-publish","hentry"],"translation":{"provider":"WPGlobus","version":"3.0.2","language":"es","enabled_languages":["en","es","fr"],"languages":{"en":{"title":true,"content":true,"excerpt":false},"es":{"title":true,"content":true,"excerpt":false},"fr":{"title":true,"content":true,"excerpt":false}}},"yoast_head":"<!-- This site is optimized with the Yoast SEO plugin v27.4 - https:\/\/yoast.com\/product\/yoast-seo-wordpress\/ -->\n<title>Gabapentina en l\u00ednea para el tratamiento de convulsiones | Comprar gabapentina 300 y 400 mg<\/title>\n<meta name=\"description\" content=\"Compre gabapentina 300 mg o 400 mg en l\u00ednea dependiendo de la dosis que le recetara su m\u00e9dico. Normalmente usar\u00edas gabapentina para la neuralgia pos Herp\u00e9tica y algunos tipos de convulsiones.\" \/>\n<meta name=\"robots\" content=\"index, follow, max-snippet:-1, max-image-preview:large, max-video-preview:-1\" \/>\n<link rel=\"canonical\" href=\"https:\/\/drpillman.biz\/gabapentin.htm\" \/>\n<meta property=\"og:locale\" content=\"es_ES\" \/>\n<meta property=\"og:type\" content=\"article\" \/>\n<meta property=\"og:title\" content=\"Gabapentina en l\u00ednea para el tratamiento de convulsiones | Comprar gabapentina 300 y 400 mg\" \/>\n<meta property=\"og:description\" content=\"Compre gabapentina 300 mg o 400 mg en l\u00ednea dependiendo de la dosis que le recetara su m\u00e9dico. Normalmente usar\u00edas gabapentina para la neuralgia pos Herp\u00e9tica y algunos tipos de convulsiones.\" \/>\n<meta property=\"og:url\" content=\"https:\/\/drpillman.biz\/gabapentin.htm\" \/>\n<meta property=\"og:site_name\" content=\"Dr.Pillman\" \/>\n<meta property=\"article:modified_time\" content=\"2024-05-21T09:42:43+00:00\" \/>\n<meta name=\"twitter:card\" content=\"summary_large_image\" \/>\n<script type=\"application\/ld+json\" class=\"yoast-schema-graph\">{\"@context\":\"https:\\\/\\\/schema.org\",\"@graph\":[{\"@type\":\"WebPage\",\"@id\":\"https:\\\/\\\/drpillman.biz\\\/gabapentin.htm\",\"url\":\"https:\\\/\\\/drpillman.biz\\\/gabapentin.htm\",\"name\":\"Gabapentin Online For The Treatment Of Seizures | Buy Gabapentin 300 and 400 Mg\",\"isPartOf\":{\"@id\":\"https:\\\/\\\/drpillman.biz\\\/fr\\\/#website\"},\"datePublished\":\"2013-08-15T06:54:43+00:00\",\"dateModified\":\"2024-05-21T09:42:43+00:00\",\"description\":\"Compre gabapentina 300 mg o 400 mg en l\u00ednea dependiendo de la dosis que le recetara su m\u00e9dico. Normalmente usar\u00edas gabapentina para la neuralgia pos Herp\u00e9tica y algunos tipos de convulsiones.\",\"breadcrumb\":{\"@id\":\"https:\\\/\\\/drpillman.biz\\\/gabapentin.htm#breadcrumb\"},\"inLanguage\":\"es\",\"potentialAction\":[{\"@type\":\"ReadAction\",\"target\":[\"https:\\\/\\\/drpillman.biz\\\/gabapentin.htm\"]}]},{\"@type\":\"BreadcrumbList\",\"@id\":\"https:\\\/\\\/drpillman.biz\\\/gabapentin.htm#breadcrumb\",\"itemListElement\":[{\"@type\":\"ListItem\",\"position\":1,\"name\":\"Home\",\"item\":\"https:\\\/\\\/drpillman.biz\\\/fr\\\/\"},{\"@type\":\"ListItem\",\"position\":2,\"name\":\"Gabapentin\"}]},{\"@type\":\"WebSite\",\"@id\":\"https:\\\/\\\/drpillman.biz\\\/fr\\\/#website\",\"url\":\"https:\\\/\\\/drpillman.biz\\\/fr\\\/\",\"name\":\"Dr.Pillman\",\"description\":\"\",\"potentialAction\":[{\"@type\":\"SearchAction\",\"target\":{\"@type\":\"EntryPoint\",\"urlTemplate\":\"https:\\\/\\\/drpillman.biz\\\/fr\\\/?s={search_term_string}\"},\"query-input\":{\"@type\":\"PropertyValueSpecification\",\"valueRequired\":true,\"valueName\":\"search_term_string\"}}],\"inLanguage\":\"es\"}]}<\/script>\n<!-- \/ Yoast SEO plugin. -->","yoast_head_json":{"title":"Gabapentina en l\u00ednea para el tratamiento de convulsiones | Comprar gabapentina 300 y 400 mg","description":"Compre gabapentina 300 mg o 400 mg en l\u00ednea dependiendo de la dosis que le recetara su m\u00e9dico. Normalmente usar\u00edas gabapentina para la neuralgia pos Herp\u00e9tica y algunos tipos de convulsiones.","robots":{"index":"index","follow":"follow","max-snippet":"max-snippet:-1","max-image-preview":"max-image-preview:large","max-video-preview":"max-video-preview:-1"},"canonical":"https:\/\/drpillman.biz\/gabapentin.htm","og_locale":"es_ES","og_type":"article","og_title":"Gabapentina en l\u00ednea para el tratamiento de convulsiones | Comprar gabapentina 300 y 400 mg","og_description":"Compre gabapentina 300 mg o 400 mg en l\u00ednea dependiendo de la dosis que le recetara su m\u00e9dico. Normalmente usar\u00edas gabapentina para la neuralgia pos Herp\u00e9tica y algunos tipos de convulsiones.","og_url":"https:\/\/drpillman.biz\/gabapentin.htm","og_site_name":"Dr.Pillman","article_modified_time":"2024-05-21T09:42:43+00:00","twitter_card":"summary_large_image","schema":{"@context":"https:\/\/schema.org","@graph":[{"@type":"WebPage","@id":"https:\/\/drpillman.biz\/gabapentin.htm","url":"https:\/\/drpillman.biz\/gabapentin.htm","name":"Gabapentin Online For The Treatment Of Seizures | Buy Gabapentin 300 and 400 Mg","isPartOf":{"@id":"https:\/\/drpillman.biz\/fr\/#website"},"datePublished":"2013-08-15T06:54:43+00:00","dateModified":"2024-05-21T09:42:43+00:00","description":"Compre gabapentina 300 mg o 400 mg en l\u00ednea dependiendo de la dosis que le recetara su m\u00e9dico. Normalmente usar\u00edas gabapentina para la neuralgia pos Herp\u00e9tica y algunos tipos de convulsiones.","breadcrumb":{"@id":"https:\/\/drpillman.biz\/gabapentin.htm#breadcrumb"},"inLanguage":"es","potentialAction":[{"@type":"ReadAction","target":["https:\/\/drpillman.biz\/gabapentin.htm"]}]},{"@type":"BreadcrumbList","@id":"https:\/\/drpillman.biz\/gabapentin.htm#breadcrumb","itemListElement":[{"@type":"ListItem","position":1,"name":"Home","item":"https:\/\/drpillman.biz\/fr\/"},{"@type":"ListItem","position":2,"name":"Gabapentin"}]},{"@type":"WebSite","@id":"https:\/\/drpillman.biz\/fr\/#website","url":"https:\/\/drpillman.biz\/fr\/","name":"Dr.Pillman","description":"","potentialAction":[{"@type":"SearchAction","target":{"@type":"EntryPoint","urlTemplate":"https:\/\/drpillman.biz\/fr\/?s={search_term_string}"},"query-input":{"@type":"PropertyValueSpecification","valueRequired":true,"valueName":"search_term_string"}}],"inLanguage":"es"}]}},"_links":{"self":[{"href":"https:\/\/drpillman.biz\/es\/wp-json\/wp\/v2\/pages\/103","targetHints":{"allow":["GET"]}}],"collection":[{"href":"https:\/\/drpillman.biz\/es\/wp-json\/wp\/v2\/pages"}],"about":[{"href":"https:\/\/drpillman.biz\/es\/wp-json\/wp\/v2\/types\/page"}],"author":[{"embeddable":true,"href":"https:\/\/drpillman.biz\/es\/wp-json\/wp\/v2\/users\/3"}],"replies":[{"embeddable":true,"href":"https:\/\/drpillman.biz\/es\/wp-json\/wp\/v2\/comments?post=103"}],"version-history":[{"count":0,"href":"https:\/\/drpillman.biz\/es\/wp-json\/wp\/v2\/pages\/103\/revisions"}],"wp:attachment":[{"href":"https:\/\/drpillman.biz\/es\/wp-json\/wp\/v2\/media?parent=103"}],"curies":[{"name":"wp","href":"https:\/\/api.w.org\/{rel}","templated":true}]}}