{"id":109,"date":"2013-02-12T10:29:24","date_gmt":"2013-02-12T10:29:24","guid":{"rendered":"https:\/\/drpillman.biz\/?page_id=109"},"modified":"2024-05-17T20:00:44","modified_gmt":"2024-05-17T19:00:44","slug":"ibuprofen","status":"publish","type":"page","link":"https:\/\/drpillman.biz\/es\/ibuprofen.htm","title":{"rendered":"Ibuprofeno"},"content":{"rendered":"<div id=\"content-center\">\n<div id=\"content-image\"><img decoding=\"async\" src=\"\/img\/Ibuprofen.jpg\" alt=\"Ibuprofeno\" \/><\/div>\n<div id=\"content-description\">\n<h1>Ibuprofeno<\/h1>\n<p> <code><a href=\"https:\/\/200pills.com\/search.html?key=Ibuprofen\"> <button class=\"button-7\" role=\"button\">Comprar en l\u00ednea<\/button><\/a><\/code><\/p>\n<div class=\"gray\"><\/div>\n<div class=\"clear\"><\/div>\n<div id=\"description\">El ibuprofeno es un medicamento creado para aliviar la hinchaz\u00f3n, la inflamaci\u00f3n y el dolor causados por diversos problemas m\u00e9dicos, especialmente ciertos tipos de artritis. El ibuprofeno est\u00e1 disponible en el mercado bajo muchos nombres diferentes, y est\u00e1 disponible en dosis de 200 mg, 400 mg y 600 mg. Adem\u00e1s de aliviar el dolor causado por la artritis, el ibuprofeno tambi\u00e9n se utiliza para aliviar el dolor menstrual, el dolor muscular, los dolores de cabeza y las migra\u00f1as, as\u00ed como el dolor despu\u00e9s de una operaci\u00f3n o de un procedimiento dental.<\/div>\n<div id=\"additional\">Sin\u00f3nimos: <span>Motrin<\/span><\/div>\n<\/div>\n<div class=\"clear\"><\/div>\n<h2>C\u00f3mo tomar ibuprofeno<\/h2>\n<p>En general, la dosis recomendada de ibuprofeno es de tres a cuatro pastillas al d\u00eda para el tratamiento de la artritis, y una vez cada seis horas para controlar el dolor debido a otras causas m\u00e9dicas. Los pacientes deben seguir cuidadosamente las instrucciones de la etiqueta y las indicaciones del m\u00e9dico. Los que toman Ibuprofeno para controlar la artritis principal pueden necesitar seguir el tratamiento hasta dos semanas.<\/p>\n<h2>M\u00e1s informaci\u00f3n sobre el ibuprofeno<\/h2>\n<p>El ibuprofeno se presenta en forma de suspensi\u00f3n o de comprimidos, y puede interferir con la coordinaci\u00f3n y la agudeza mental &#8211; por eso se aconseja a las personas que est\u00e1n en tratamiento con ibuprofeno que no realicen tareas que requieran atenci\u00f3n y concentraci\u00f3n. La dosis recomendada no debe ser superada, ya que esto puede dar lugar a efectos secundarios graves &#8211; si usted nota cualquier reacci\u00f3n adversa molesta, p\u00f3ngase en contacto con su m\u00e9dico de inmediato.<\/p>\n<p>Se aconseja a los pacientes que compran Ibuprofeno sin receta m\u00e9dica que no tomen el medicamento durante m\u00e1s de tres d\u00edas seguidos. Si su m\u00e9dico le ha proporcionado un horario estricto para su tratamiento y ha olvidado tomar una dosis de ibuprofeno, tome el medicamento tan pronto como lo recuerde.<\/p>\n<h2>Posibles efectos secundarios<\/h2>\n<p>El ibuprofeno (especialmente la versi\u00f3n concentrada de 600 mg) puede provocar algunos efectos secundarios, pero suelen ser leves y no suponen una amenaza para la salud. No obstante, si nota alg\u00fan efecto secundario o malestar f\u00edsico, p\u00f3ngase en contacto con su m\u00e9dico y deje de tomar Ibuprofeno.<\/p>\n<h2>Precauciones<\/h2>\n<p>Es esencial que informe a su farmac\u00e9utico o a su proveedor de atenci\u00f3n m\u00e9dica sobre cualquier tratamiento que est\u00e9 siguiendo actualmente, incluido el tratamiento con medicamentos con o sin receta y suplementos de hierbas. Estos medicamentos pueden afectar a la eficacia del ibuprofeno o pueden interactuar, provocando reacciones adversas.<\/p>\n<p>Adem\u00e1s, tambi\u00e9n es importante que informe a su m\u00e9dico si padece alguna enfermedad del est\u00f3mago (como hemorragias o \u00falceras), hipertensi\u00f3n arterial, enfermedad card\u00edaca o renal. Las mujeres embarazadas o en periodo de lactancia, as\u00ed como las que planean quedarse embarazadas mientras est\u00e1n en tratamiento con Ibuprofeno, tambi\u00e9n deben informar al m\u00e9dico. Por \u00faltimo, pero no por ello menos importante, a los ni\u00f1os menores de 12 a\u00f1os no se les debe administrar Ibuprofeno sin prescripci\u00f3n m\u00e9dica.<\/p>\n<h2>Comprar ibuprofeno en Internet en las farmacias online<\/h2>\n<p>Si buscas una dosis concreta de ibuprofeno y no la encuentras en la farmacia local, las farmacias online pueden serte \u00fatiles. Puede comprar Ibuprofeno online en concentraciones de 200, 400 o 600 mg, sin receta m\u00e9dica. Este potente analg\u00e9sico le ser\u00e1 entregado en su casa r\u00e1pidamente y con un m\u00ednimo esfuerzo por su parte!<\/p>\n<\/div>\n","protected":false},"excerpt":{"rendered":"<p>Ibuprofeno Comprar en l\u00ednea El ibuprofeno es un medicamento creado para aliviar la hinchaz\u00f3n, la inflamaci\u00f3n y el dolor causados<\/p>\n","protected":false},"author":3,"featured_media":0,"parent":0,"menu_order":0,"comment_status":"closed","ping_status":"closed","template":"","meta":{"_lmt_disableupdate":"no","_lmt_disable":"no","footnotes":""},"class_list":["post-109","page","type-page","status-publish","hentry"],"translation":{"provider":"WPGlobus","version":"3.0.2","language":"es","enabled_languages":["en","es","fr"],"languages":{"en":{"title":true,"content":true,"excerpt":false},"es":{"title":true,"content":true,"excerpt":false},"fr":{"title":true,"content":true,"excerpt":false}}},"yoast_head":"<!-- This site is optimized with the Yoast SEO plugin v27.4 - https:\/\/yoast.com\/product\/yoast-seo-wordpress\/ -->\n<title>Comprar ibuprofeno 200, 400 y 600 mg en l\u00ednea para alivio del dolor<\/title>\n<meta name=\"description\" content=\"El ibuprofeno est\u00e1 destinado al tratamiento de tipos menos graves de dolor causado por dolor de muelas, dolor muscular, dolor de cabeza, etc. Las farmacias en l\u00ednea ofrecen comprar ibuprofeno 200 mg, 400 mg o 600 mg.\" \/>\n<meta name=\"robots\" content=\"index, follow, max-snippet:-1, max-image-preview:large, max-video-preview:-1\" \/>\n<link rel=\"canonical\" href=\"https:\/\/drpillman.biz\/ibuprofen.htm\" \/>\n<meta property=\"og:locale\" content=\"es_ES\" \/>\n<meta property=\"og:type\" content=\"article\" \/>\n<meta property=\"og:title\" content=\"Comprar ibuprofeno 200, 400 y 600 mg en l\u00ednea para alivio del dolor\" \/>\n<meta property=\"og:description\" content=\"El ibuprofeno est\u00e1 destinado al tratamiento de tipos menos graves de dolor causado por dolor de muelas, dolor muscular, dolor de cabeza, etc. Las farmacias en l\u00ednea ofrecen comprar ibuprofeno 200 mg, 400 mg o 600 mg.\" \/>\n<meta property=\"og:url\" content=\"https:\/\/drpillman.biz\/ibuprofen.htm\" \/>\n<meta property=\"og:site_name\" content=\"Dr.Pillman\" \/>\n<meta property=\"article:modified_time\" content=\"2024-05-17T19:00:44+00:00\" \/>\n<meta name=\"twitter:card\" content=\"summary_large_image\" \/>\n<script type=\"application\/ld+json\" class=\"yoast-schema-graph\">{\"@context\":\"https:\\\/\\\/schema.org\",\"@graph\":[{\"@type\":\"WebPage\",\"@id\":\"https:\\\/\\\/drpillman.biz\\\/ibuprofen.htm\",\"url\":\"https:\\\/\\\/drpillman.biz\\\/ibuprofen.htm\",\"name\":\"Buy Ibuprofen 200, 400 and 600 mg Online For Pain Relief\",\"isPartOf\":{\"@id\":\"https:\\\/\\\/drpillman.biz\\\/fr\\\/#website\"},\"datePublished\":\"2013-02-12T10:29:24+00:00\",\"dateModified\":\"2024-05-17T19:00:44+00:00\",\"description\":\"El ibuprofeno est\u00e1 destinado al tratamiento de tipos menos graves de dolor causado por dolor de muelas, dolor muscular, dolor de cabeza, etc. Las farmacias en l\u00ednea ofrecen comprar ibuprofeno 200 mg, 400 mg o 600 mg.\",\"breadcrumb\":{\"@id\":\"https:\\\/\\\/drpillman.biz\\\/ibuprofen.htm#breadcrumb\"},\"inLanguage\":\"es\",\"potentialAction\":[{\"@type\":\"ReadAction\",\"target\":[\"https:\\\/\\\/drpillman.biz\\\/ibuprofen.htm\"]}]},{\"@type\":\"BreadcrumbList\",\"@id\":\"https:\\\/\\\/drpillman.biz\\\/ibuprofen.htm#breadcrumb\",\"itemListElement\":[{\"@type\":\"ListItem\",\"position\":1,\"name\":\"Home\",\"item\":\"https:\\\/\\\/drpillman.biz\\\/fr\\\/\"},{\"@type\":\"ListItem\",\"position\":2,\"name\":\"Ibuprofen\"}]},{\"@type\":\"WebSite\",\"@id\":\"https:\\\/\\\/drpillman.biz\\\/fr\\\/#website\",\"url\":\"https:\\\/\\\/drpillman.biz\\\/fr\\\/\",\"name\":\"Dr.Pillman\",\"description\":\"\",\"potentialAction\":[{\"@type\":\"SearchAction\",\"target\":{\"@type\":\"EntryPoint\",\"urlTemplate\":\"https:\\\/\\\/drpillman.biz\\\/fr\\\/?s={search_term_string}\"},\"query-input\":{\"@type\":\"PropertyValueSpecification\",\"valueRequired\":true,\"valueName\":\"search_term_string\"}}],\"inLanguage\":\"es\"}]}<\/script>\n<!-- \/ Yoast SEO plugin. -->","yoast_head_json":{"title":"Comprar ibuprofeno 200, 400 y 600 mg en l\u00ednea para alivio del dolor","description":"El ibuprofeno est\u00e1 destinado al tratamiento de tipos menos graves de dolor causado por dolor de muelas, dolor muscular, dolor de cabeza, etc. Las farmacias en l\u00ednea ofrecen comprar ibuprofeno 200 mg, 400 mg o 600 mg.","robots":{"index":"index","follow":"follow","max-snippet":"max-snippet:-1","max-image-preview":"max-image-preview:large","max-video-preview":"max-video-preview:-1"},"canonical":"https:\/\/drpillman.biz\/ibuprofen.htm","og_locale":"es_ES","og_type":"article","og_title":"Comprar ibuprofeno 200, 400 y 600 mg en l\u00ednea para alivio del dolor","og_description":"El ibuprofeno est\u00e1 destinado al tratamiento de tipos menos graves de dolor causado por dolor de muelas, dolor muscular, dolor de cabeza, etc. Las farmacias en l\u00ednea ofrecen comprar ibuprofeno 200 mg, 400 mg o 600 mg.","og_url":"https:\/\/drpillman.biz\/ibuprofen.htm","og_site_name":"Dr.Pillman","article_modified_time":"2024-05-17T19:00:44+00:00","twitter_card":"summary_large_image","schema":{"@context":"https:\/\/schema.org","@graph":[{"@type":"WebPage","@id":"https:\/\/drpillman.biz\/ibuprofen.htm","url":"https:\/\/drpillman.biz\/ibuprofen.htm","name":"Buy Ibuprofen 200, 400 and 600 mg Online For Pain Relief","isPartOf":{"@id":"https:\/\/drpillman.biz\/fr\/#website"},"datePublished":"2013-02-12T10:29:24+00:00","dateModified":"2024-05-17T19:00:44+00:00","description":"El ibuprofeno est\u00e1 destinado al tratamiento de tipos menos graves de dolor causado por dolor de muelas, dolor muscular, dolor de cabeza, etc. Las farmacias en l\u00ednea ofrecen comprar ibuprofeno 200 mg, 400 mg o 600 mg.","breadcrumb":{"@id":"https:\/\/drpillman.biz\/ibuprofen.htm#breadcrumb"},"inLanguage":"es","potentialAction":[{"@type":"ReadAction","target":["https:\/\/drpillman.biz\/ibuprofen.htm"]}]},{"@type":"BreadcrumbList","@id":"https:\/\/drpillman.biz\/ibuprofen.htm#breadcrumb","itemListElement":[{"@type":"ListItem","position":1,"name":"Home","item":"https:\/\/drpillman.biz\/fr\/"},{"@type":"ListItem","position":2,"name":"Ibuprofen"}]},{"@type":"WebSite","@id":"https:\/\/drpillman.biz\/fr\/#website","url":"https:\/\/drpillman.biz\/fr\/","name":"Dr.Pillman","description":"","potentialAction":[{"@type":"SearchAction","target":{"@type":"EntryPoint","urlTemplate":"https:\/\/drpillman.biz\/fr\/?s={search_term_string}"},"query-input":{"@type":"PropertyValueSpecification","valueRequired":true,"valueName":"search_term_string"}}],"inLanguage":"es"}]}},"_links":{"self":[{"href":"https:\/\/drpillman.biz\/es\/wp-json\/wp\/v2\/pages\/109","targetHints":{"allow":["GET"]}}],"collection":[{"href":"https:\/\/drpillman.biz\/es\/wp-json\/wp\/v2\/pages"}],"about":[{"href":"https:\/\/drpillman.biz\/es\/wp-json\/wp\/v2\/types\/page"}],"author":[{"embeddable":true,"href":"https:\/\/drpillman.biz\/es\/wp-json\/wp\/v2\/users\/3"}],"replies":[{"embeddable":true,"href":"https:\/\/drpillman.biz\/es\/wp-json\/wp\/v2\/comments?post=109"}],"version-history":[{"count":0,"href":"https:\/\/drpillman.biz\/es\/wp-json\/wp\/v2\/pages\/109\/revisions"}],"wp:attachment":[{"href":"https:\/\/drpillman.biz\/es\/wp-json\/wp\/v2\/media?parent=109"}],"curies":[{"name":"wp","href":"https:\/\/api.w.org\/{rel}","templated":true}]}}