{"id":112,"date":"2013-09-18T02:38:43","date_gmt":"2013-09-18T01:38:43","guid":{"rendered":"https:\/\/drpillman.biz\/?page_id=112"},"modified":"2024-05-21T10:49:36","modified_gmt":"2024-05-21T09:49:36","slug":"kamagra","status":"publish","type":"page","link":"https:\/\/drpillman.biz\/es\/kamagra.htm","title":{"rendered":"Kamagra"},"content":{"rendered":"<div id=\"content-center\">\n<div id=\"content-image\">\n\t\t\t\t\t<img decoding=\"async\" src=\"\/img\/Kamagra.jpg\" alt=\"Kamagra\" \/><\/div>\n<div id=\"content-description\">\n<h1>Kamagra<\/h1>\n<p> <code><a href=\"https:\/\/200pills.com\/search.html?key=Kamagra\"> <button class=\"button-7\" role=\"button\">Comprar en l\u00ednea<\/button><\/a><\/code><\/p>\n<div class=\"clear\"><\/div>\n<div id=\"description\">\n\t\t\t\t\t\tKamagra es el nuevo y revolucionario medicamento que se denomina el mejor tratamiento para la disfunci\u00f3n er\u00e9ctil masculina o DE. Kamagra est\u00e1 ahora disponible para comprar barato en l\u00ednea en todo el mundo desde el Reino Unido y se est\u00e1 convirtiendo en la principal opci\u00f3n para los hombres para mejorar su rendimiento sexual. <\/div>\n<div id=\"additional\">\n\t\t\t\t\t\tSin\u00f3nimos:<span> Citrato de Sildenafil<\/span>\n<\/div>\n<\/div>\n<div class=\"clear\"><\/div>\n<h2>Informaci\u00f3n sobre el producto Kamagra<\/h2>\n<p>Hay muchos productos que dicen ser el mejor tratamiento para la disfunci\u00f3n er\u00e9ctil, pero Kamagra es el verdadero. Se han descubierto nuevos tipos de medicamentos con efectos similares al Viagra para los problemas de erecci\u00f3n masculina. Kamagra es uno de los mejores descubrimientos realizados en esta \u00e1rea de investigaci\u00f3n de medicamentos. Se ha descubierto que es m\u00e1s eficaz para el tratamiento de la disfunci\u00f3n er\u00e9ctil en los hombres, pero tambi\u00e9n es m\u00e1s c\u00f3modo para la mayor\u00eda de los usuarios.<\/p>\n<p>Cuando un hombre tiene problemas sexuales, es bastante estresante. No ser capaz de mantener una erecci\u00f3n no debe ser m\u00e1s complejo, tomando un medicamento que causa otros problemas f\u00edsicamente o psicol\u00f3gicamente. Kamagra est\u00e1 libre de tales preocupaciones, por lo que se est\u00e1 convirtiendo r\u00e1pidamente en el tratamiento m\u00e1s popular para la disfunci\u00f3n er\u00e9ctil en los hombres de todo el mundo.<\/p>\n<p>Otro problema con los medicamentos para la disfunci\u00f3n er\u00e9ctil es el coste. Kamagra est\u00e1 ayudando a los hombres en todo el mundo, porque es muy barato en comparaci\u00f3n con otros tipos similares de tratamientos farmacol\u00f3gicos. Al comprar Kamagra en l\u00ednea, es posible gastar mucho menos dinero y se entrega con la misma rapidez. A pesar de su bajo precio, Kamagra es igual de eficaz que los productos m\u00e1s costosos disponibles en cualquier farmacia local.<\/p>\n<p>Ahora los consumidores pueden comprar Kamagra en l\u00ednea a trav\u00e9s del Reino Unido y hacer que se env\u00ede a todo el mundo. Es el \u00fanico medicamento que es barato y eficaz para el tratamiento de la disfunci\u00f3n er\u00e9ctil. Comprar Kamagra de esta manera hace que el tratamiento de cualquier problema de disfunci\u00f3n er\u00e9ctil masculina sea menos embarazoso y m\u00e1s f\u00e1cil para el hombre medio. M\u00e1s hombres han hecho este incre\u00edble descubrimiento y ha cambiado sus vidas.<\/p>\n<p>Obtener el tratamiento adecuado es la prioridad para los hombres que sufren de problemas de disfunci\u00f3n er\u00e9ctil, as\u00ed que por qu\u00e9 no hacer el proceso m\u00e1s simple? No hay necesidad de sufrir innecesariamente, pero el tratamiento es la \u00fanica manera de resolver los problemas de disfunci\u00f3n er\u00e9ctil para los hombres de hoy. La medicaci\u00f3n Kamagra es un primer paso positivo para alcanzar el m\u00e1ximo rendimiento sexual y f\u00edsico.<\/p>\n<h2>Efectos secundarios<\/h2>\n<p>Al ser un medicamento nuevo, los compradores pueden preguntarse si Kamagra tiene alg\u00fan efecto secundario potencial. El uso adecuado de Kamagra no deber\u00eda producir ning\u00fan efecto secundario. Como ocurre con todos los medicamentos similares, existe la posibilidad de que se produzcan leves dolores de cabeza u otros dolores musculares menores. Kamagra ha sido probada a fondo y es segura para todos los usuarios, si se toma correctamente y seg\u00fan las indicaciones.<\/p>\n<p>Debido a la forma en que Kamagra trabaja con su qu\u00edmica biol\u00f3gica natural, algunos usuarios pueden experimentar el calentamiento de la cara, el cuello, el pecho o la congesti\u00f3n de los senos nasales. Puede que se produzca un ligero enrojecimiento de la piel. Todos estos efectos secundarios son normales para los usuarios de Kamagra por primera vez, pero ser\u00e1n breves y desaparecer\u00e1n sin volver a producirse. Al igual que con cualquier tipo de medicamento, si cualquier efecto secundario contin\u00faa o empeora, p\u00f3ngase en contacto con su m\u00e9dico local para obtener asesoramiento sobre el tratamiento.<\/p>\n<\/div>\n","protected":false},"excerpt":{"rendered":"<p>Kamagra Comprar en l\u00ednea Kamagra es el nuevo y revolucionario medicamento que se denomina el mejor tratamiento para la disfunci\u00f3n<\/p>\n","protected":false},"author":3,"featured_media":0,"parent":0,"menu_order":0,"comment_status":"closed","ping_status":"closed","template":"","meta":{"_lmt_disableupdate":"no","_lmt_disable":"no","footnotes":""},"class_list":["post-112","page","type-page","status-publish","hentry"],"translation":{"provider":"WPGlobus","version":"3.0.2","language":"es","enabled_languages":["en","es","fr"],"languages":{"en":{"title":true,"content":true,"excerpt":false},"es":{"title":true,"content":true,"excerpt":false},"fr":{"title":false,"content":true,"excerpt":false}}},"yoast_head":"<!-- This site is optimized with the Yoast SEO plugin v27.4 - https:\/\/yoast.com\/product\/yoast-seo-wordpress\/ -->\n<title>Compre kamagra en l\u00ednea para el tratamiento de la disfunci\u00f3n er\u00e9ctil<\/title>\n<meta name=\"description\" content=\"Kamagra es una droga que funciona para los s\u00edntomas de impotencia masculina. Los pacientes masculinos pueden comprar kamagra barato en l\u00ednea para disfrutar de una entrega r\u00e1pida y garant\u00edas de anonimato completa.\" \/>\n<meta name=\"robots\" content=\"index, follow, max-snippet:-1, max-image-preview:large, max-video-preview:-1\" \/>\n<link rel=\"canonical\" href=\"https:\/\/drpillman.biz\/kamagra.htm\" \/>\n<meta property=\"og:locale\" content=\"es_ES\" \/>\n<meta property=\"og:type\" content=\"article\" \/>\n<meta property=\"og:title\" content=\"Compre kamagra en l\u00ednea para el tratamiento de la disfunci\u00f3n er\u00e9ctil\" \/>\n<meta property=\"og:description\" content=\"Kamagra es una droga que funciona para los s\u00edntomas de impotencia masculina. Los pacientes masculinos pueden comprar kamagra barato en l\u00ednea para disfrutar de una entrega r\u00e1pida y garant\u00edas de anonimato completa.\" \/>\n<meta property=\"og:url\" content=\"https:\/\/drpillman.biz\/kamagra.htm\" \/>\n<meta property=\"og:site_name\" content=\"Dr.Pillman\" \/>\n<meta property=\"article:modified_time\" content=\"2024-05-21T09:49:36+00:00\" \/>\n<meta name=\"twitter:card\" content=\"summary_large_image\" \/>\n<script type=\"application\/ld+json\" class=\"yoast-schema-graph\">{\"@context\":\"https:\\\/\\\/schema.org\",\"@graph\":[{\"@type\":\"WebPage\",\"@id\":\"https:\\\/\\\/drpillman.biz\\\/kamagra.htm\",\"url\":\"https:\\\/\\\/drpillman.biz\\\/kamagra.htm\",\"name\":\"Buy Kamagra Online for Treatment of Erectile Dysfunction\",\"isPartOf\":{\"@id\":\"https:\\\/\\\/drpillman.biz\\\/es\\\/#website\"},\"datePublished\":\"2013-09-18T01:38:43+00:00\",\"dateModified\":\"2024-05-21T09:49:36+00:00\",\"description\":\"Kamagra es una droga que funciona para los s\u00edntomas de impotencia masculina. Los pacientes masculinos pueden comprar kamagra barato en l\u00ednea para disfrutar de una entrega r\u00e1pida y garant\u00edas de anonimato completa.\",\"breadcrumb\":{\"@id\":\"https:\\\/\\\/drpillman.biz\\\/kamagra.htm#breadcrumb\"},\"inLanguage\":\"es\",\"potentialAction\":[{\"@type\":\"ReadAction\",\"target\":[\"https:\\\/\\\/drpillman.biz\\\/kamagra.htm\"]}]},{\"@type\":\"BreadcrumbList\",\"@id\":\"https:\\\/\\\/drpillman.biz\\\/kamagra.htm#breadcrumb\",\"itemListElement\":[{\"@type\":\"ListItem\",\"position\":1,\"name\":\"Home\",\"item\":\"http:\\\/\\\/drpillman.biz\\\/\"},{\"@type\":\"ListItem\",\"position\":2,\"name\":\"Kamagra\"}]},{\"@type\":\"WebSite\",\"@id\":\"https:\\\/\\\/drpillman.biz\\\/es\\\/#website\",\"url\":\"https:\\\/\\\/drpillman.biz\\\/es\\\/\",\"name\":\"Dr.Pillman\",\"description\":\"\",\"potentialAction\":[{\"@type\":\"SearchAction\",\"target\":{\"@type\":\"EntryPoint\",\"urlTemplate\":\"https:\\\/\\\/drpillman.biz\\\/es\\\/?s={search_term_string}\"},\"query-input\":{\"@type\":\"PropertyValueSpecification\",\"valueRequired\":true,\"valueName\":\"search_term_string\"}}],\"inLanguage\":\"es\"}]}<\/script>\n<!-- \/ Yoast SEO plugin. -->","yoast_head_json":{"title":"Compre kamagra en l\u00ednea para el tratamiento de la disfunci\u00f3n er\u00e9ctil","description":"Kamagra es una droga que funciona para los s\u00edntomas de impotencia masculina. Los pacientes masculinos pueden comprar kamagra barato en l\u00ednea para disfrutar de una entrega r\u00e1pida y garant\u00edas de anonimato completa.","robots":{"index":"index","follow":"follow","max-snippet":"max-snippet:-1","max-image-preview":"max-image-preview:large","max-video-preview":"max-video-preview:-1"},"canonical":"https:\/\/drpillman.biz\/kamagra.htm","og_locale":"es_ES","og_type":"article","og_title":"Compre kamagra en l\u00ednea para el tratamiento de la disfunci\u00f3n er\u00e9ctil","og_description":"Kamagra es una droga que funciona para los s\u00edntomas de impotencia masculina. Los pacientes masculinos pueden comprar kamagra barato en l\u00ednea para disfrutar de una entrega r\u00e1pida y garant\u00edas de anonimato completa.","og_url":"https:\/\/drpillman.biz\/kamagra.htm","og_site_name":"Dr.Pillman","article_modified_time":"2024-05-21T09:49:36+00:00","twitter_card":"summary_large_image","schema":{"@context":"https:\/\/schema.org","@graph":[{"@type":"WebPage","@id":"https:\/\/drpillman.biz\/kamagra.htm","url":"https:\/\/drpillman.biz\/kamagra.htm","name":"Buy Kamagra Online for Treatment of Erectile Dysfunction","isPartOf":{"@id":"https:\/\/drpillman.biz\/es\/#website"},"datePublished":"2013-09-18T01:38:43+00:00","dateModified":"2024-05-21T09:49:36+00:00","description":"Kamagra es una droga que funciona para los s\u00edntomas de impotencia masculina. Los pacientes masculinos pueden comprar kamagra barato en l\u00ednea para disfrutar de una entrega r\u00e1pida y garant\u00edas de anonimato completa.","breadcrumb":{"@id":"https:\/\/drpillman.biz\/kamagra.htm#breadcrumb"},"inLanguage":"es","potentialAction":[{"@type":"ReadAction","target":["https:\/\/drpillman.biz\/kamagra.htm"]}]},{"@type":"BreadcrumbList","@id":"https:\/\/drpillman.biz\/kamagra.htm#breadcrumb","itemListElement":[{"@type":"ListItem","position":1,"name":"Home","item":"http:\/\/drpillman.biz\/"},{"@type":"ListItem","position":2,"name":"Kamagra"}]},{"@type":"WebSite","@id":"https:\/\/drpillman.biz\/es\/#website","url":"https:\/\/drpillman.biz\/es\/","name":"Dr.Pillman","description":"","potentialAction":[{"@type":"SearchAction","target":{"@type":"EntryPoint","urlTemplate":"https:\/\/drpillman.biz\/es\/?s={search_term_string}"},"query-input":{"@type":"PropertyValueSpecification","valueRequired":true,"valueName":"search_term_string"}}],"inLanguage":"es"}]}},"_links":{"self":[{"href":"https:\/\/drpillman.biz\/es\/wp-json\/wp\/v2\/pages\/112","targetHints":{"allow":["GET"]}}],"collection":[{"href":"https:\/\/drpillman.biz\/es\/wp-json\/wp\/v2\/pages"}],"about":[{"href":"https:\/\/drpillman.biz\/es\/wp-json\/wp\/v2\/types\/page"}],"author":[{"embeddable":true,"href":"https:\/\/drpillman.biz\/es\/wp-json\/wp\/v2\/users\/3"}],"replies":[{"embeddable":true,"href":"https:\/\/drpillman.biz\/es\/wp-json\/wp\/v2\/comments?post=112"}],"version-history":[{"count":0,"href":"https:\/\/drpillman.biz\/es\/wp-json\/wp\/v2\/pages\/112\/revisions"}],"wp:attachment":[{"href":"https:\/\/drpillman.biz\/es\/wp-json\/wp\/v2\/media?parent=112"}],"curies":[{"name":"wp","href":"https:\/\/api.w.org\/{rel}","templated":true}]}}