{"id":115,"date":"2013-09-11T12:25:03","date_gmt":"2013-09-11T11:25:03","guid":{"rendered":"https:\/\/drpillman.biz\/?page_id=115"},"modified":"2024-05-21T10:35:34","modified_gmt":"2024-05-21T09:35:34","slug":"kamagra-oral-jelly","status":"publish","type":"page","link":"https:\/\/drpillman.biz\/es\/kamagra-oral-jelly.htm","title":{"rendered":"Gelatina oral kamagra"},"content":{"rendered":"<div id=\"content-center\">\n<div id=\"content-image\">\n\t\t\t\t\t<img decoding=\"async\" src=\"\/img\/Kamagra Oral Jelly.jpg\" alt=\"Kamagra Oral Jelly\" \/><\/div>\n<div id=\"content-description\">\n<h1>Kamagra Oral Jelly<\/h1>\n<p> <code><a href=\"https:\/\/200pills.com\/search.html?key=Kamagra Oral Jelly\"> <button class=\"button-7\" role=\"button\">Comprar en l\u00ednea<\/button><\/a><\/code><\/p>\n<div class=\"clear\"><\/div>\n<div id=\"description\">\n\t\t\t\t\t\tLa disfunci\u00f3n er\u00e9ctil (com\u00fanmente conocida como disfunci\u00f3n er\u00e9ctil) es el s\u00edndrome m\u00e1s com\u00fan o tal vez una condici\u00f3n que ha tomado muchos hombres en todo el mundo en sus garras. Sin embargo, esto va a cambiar con la introducci\u00f3n de Kamagra Oral Jelly que es un remedio barato contra la impotencia que se suministra actualmente en todos los rincones del Reino Unido.<\/div>\n<div id=\"additional\">\n\t\t\t\t\t\tSin\u00f3nimos:<span> Citrato de sildenafil<\/span>\n<\/div>\n<\/div>\n<div class=\"clear\"><\/div>\n<h2>Qu\u00e9 es Kamagra Oral Jelly?<\/h2>\n<p>Kamagra Oral Jelly es un tipo de gel que est\u00e1 hecho de un producto qu\u00edmico llamado citrato de sildenafil (este producto qu\u00edmico tambi\u00e9n se utiliza para hacer la marca Viagra). Pertenece a un grupo de medicamentos com\u00fanmente conocidos como inhibidores de la PDE-5 y ha sido debidamente aprobado por diferentes juntas m\u00e9dicas reguladoras en todo el mundo.<\/p>\n<p>Cuando lo toma un hombre afectado por la disfunci\u00f3n er\u00e9ctil, llega instant\u00e1neamente a la sangre y bloquea la producci\u00f3n de PDE-5. La PDE-5, seg\u00fan los estudios de salud reproductiva, tiende a restringir el flujo de sangre al pene.<\/p>\n<p>La jalea oral tambi\u00e9n vigoriza la eficiencia de una enzima crucial llamada GMP c\u00edclico, permitiendo que las arterias se expandan ligeramente y por lo tanto crear m\u00e1s camino para el flujo adecuado de la sangre. Esta simple acci\u00f3n asegura el suministro de una gran cantidad de sangre a los m\u00fasculos del pene, lo que resulta en una erecci\u00f3n dura.<\/p>\n<p>Kamagra Oral Jelly no s\u00f3lo le ayuda a conseguir una erecci\u00f3n dura, sino que tambi\u00e9n le ayuda a mantenerla durante mucho tiempo. \u00bfDe qu\u00e9 sirve lograr una erecci\u00f3n dura como una roca si no puede mantenerla durante el tiempo suficiente para satisfacer a su pareja? Pues bien, el gel de Kamagra ayuda a la secreci\u00f3n de otra sustancia crucial en el cuerpo llamada \u00f3xido n\u00edtrico.<\/p>\n<p>Estudios cient\u00edficos avanzados muestran que hay una conexi\u00f3n directa entre la presencia de \u00f3xido n\u00edtrico en su cuerpo y el mantenimiento de una erecci\u00f3n. El \u00f3xido n\u00edtrico b\u00e1sicamente enfr\u00eda los tejidos del pene y les permite funcionar de forma \u00absobria\u00bb, lo que significa que se puede evitar f\u00e1cilmente el chorro instant\u00e1neo de sangre, algo que conduce a la p\u00e9rdida prematura de la erecci\u00f3n.<\/p>\n<h2>\u00bfCu\u00e1nto tiempo tarda en dar resultados tangibles?<\/h2>\n<p>Cuando compre Kamagra Oil Jelly, su farmac\u00e9utico le dir\u00e1 que lo tome cuando est\u00e9 excitado sexualmente. Una vez que lo trague, tardar\u00e1 una media de 15 minutos en hacer efecto. El medicamento sigue siendo eficaz en el cuerpo durante las siguientes 6 horas.<\/p>\n<h2>Cualquier efecto secundario?<\/h2>\n<p>Debido a su mecanismo de funcionamiento, sus efectos secundarios son m\u00ednimos. Sin embargo, hay que tener en cuenta que puede provocar problemas cardiovasculares si lo toma una persona con una enfermedad card\u00edaca subyacente. En algunos casos tambi\u00e9n se ha afirmado que provoca problemas leves de visi\u00f3n (el alcance de esto puede variar de un usuario a otro). Algunas personas pueden experimentar urticaria, patrones de respiraci\u00f3n incoherentes y\/o leves picores.<\/p>\n<h2>Quiere comprar Kamagra Oral Jelly barato en el Reino Unido?<\/h2>\n<p>Evite los atajos; insista en la calidad y busque un proveedor de confianza. Es la \u00fanica forma segura de salvaguardar su salud y asegurar su valor por dinero.<\/p>\n<h2>Resumen<\/h2>\n<p>Le deseamos lo mejor al considerar el uso de este pr\u00e1ctico remedio para la disfunci\u00f3n er\u00e9ctil. Por encima de todo, esperamos que<br \/>\naplique sabiamente los consejos aqu\u00ed expuestos.<\/p>\n<\/div>\n","protected":false},"excerpt":{"rendered":"<p>Kamagra Oral Jelly Comprar en l\u00ednea La disfunci\u00f3n er\u00e9ctil (com\u00fanmente conocida como disfunci\u00f3n er\u00e9ctil) es el s\u00edndrome m\u00e1s com\u00fan o<\/p>\n","protected":false},"author":3,"featured_media":0,"parent":0,"menu_order":0,"comment_status":"closed","ping_status":"closed","template":"","meta":{"_lmt_disableupdate":"no","_lmt_disable":"no","footnotes":""},"class_list":["post-115","page","type-page","status-publish","hentry"],"translation":{"provider":"WPGlobus","version":"3.0.2","language":"es","enabled_languages":["en","es","fr"],"languages":{"en":{"title":true,"content":true,"excerpt":false},"es":{"title":true,"content":true,"excerpt":false},"fr":{"title":true,"content":true,"excerpt":false}}},"yoast_head":"<!-- This site is optimized with the Yoast SEO plugin v27.4 - https:\/\/yoast.com\/product\/yoast-seo-wordpress\/ -->\n<title>Jelly oral de Kamagra La respuesta f\u00e1cil de consumir a una mejor creaci\u00f3n de amor para los hombres que buscan revitalizar su confianza interna<\/title>\n<meta name=\"description\" content=\"La gelatina oral de Kamagra es un medicamento muy eficiente utilizado para tratar la disfunci\u00f3n er\u00e9ctil. Tiene muchas farmacias disponibles para comprar gelatina oral de Kamagra barata entregadas r\u00e1pidamente en todo el Reino Unido.\" \/>\n<meta name=\"robots\" content=\"index, follow, max-snippet:-1, max-image-preview:large, max-video-preview:-1\" \/>\n<link rel=\"canonical\" href=\"https:\/\/drpillman.biz\/es\/kamagra-oral-jelly.htm\" \/>\n<meta property=\"og:locale\" content=\"es_ES\" \/>\n<meta property=\"og:type\" content=\"article\" \/>\n<meta property=\"og:title\" content=\"Jelly oral de Kamagra La respuesta f\u00e1cil de consumir a una mejor creaci\u00f3n de amor para los hombres que buscan revitalizar su confianza interna\" \/>\n<meta property=\"og:description\" content=\"La gelatina oral de Kamagra es un medicamento muy eficiente utilizado para tratar la disfunci\u00f3n er\u00e9ctil. Tiene muchas farmacias disponibles para comprar gelatina oral de Kamagra barata entregadas r\u00e1pidamente en todo el Reino Unido.\" \/>\n<meta property=\"og:url\" content=\"https:\/\/drpillman.biz\/es\/kamagra-oral-jelly.htm\" \/>\n<meta property=\"og:site_name\" content=\"Dr.Pillman\" \/>\n<meta property=\"article:modified_time\" content=\"2024-05-21T09:35:34+00:00\" \/>\n<meta name=\"twitter:card\" content=\"summary_large_image\" \/>\n<script type=\"application\/ld+json\" class=\"yoast-schema-graph\">{\"@context\":\"https:\\\/\\\/schema.org\",\"@graph\":[{\"@type\":\"WebPage\",\"@id\":\"https:\\\/\\\/drpillman.biz\\\/es\\\/kamagra-oral-jelly.htm\",\"url\":\"https:\\\/\\\/drpillman.biz\\\/es\\\/kamagra-oral-jelly.htm\",\"name\":\"Jelly oral de Kamagra La respuesta f\u00e1cil de consumir a una mejor creaci\u00f3n de amor para los hombres que buscan revitalizar su confianza interna\",\"isPartOf\":{\"@id\":\"https:\\\/\\\/drpillman.biz\\\/fr\\\/#website\"},\"datePublished\":\"2013-09-11T11:25:03+00:00\",\"dateModified\":\"2024-05-21T09:35:34+00:00\",\"description\":\"La gelatina oral de Kamagra es un medicamento muy eficiente utilizado para tratar la disfunci\u00f3n er\u00e9ctil. Tiene muchas farmacias disponibles para comprar gelatina oral de Kamagra barata entregadas r\u00e1pidamente en todo el Reino Unido.\",\"breadcrumb\":{\"@id\":\"https:\\\/\\\/drpillman.biz\\\/es\\\/kamagra-oral-jelly.htm#breadcrumb\"},\"inLanguage\":\"es\",\"potentialAction\":[{\"@type\":\"ReadAction\",\"target\":[\"https:\\\/\\\/drpillman.biz\\\/es\\\/kamagra-oral-jelly.htm\"]}]},{\"@type\":\"BreadcrumbList\",\"@id\":\"https:\\\/\\\/drpillman.biz\\\/es\\\/kamagra-oral-jelly.htm#breadcrumb\",\"itemListElement\":[{\"@type\":\"ListItem\",\"position\":1,\"name\":\"Home\",\"item\":\"https:\\\/\\\/drpillman.biz\\\/fr\\\/\"},{\"@type\":\"ListItem\",\"position\":2,\"name\":\"Gelatina oral kamagra\"}]},{\"@type\":\"WebSite\",\"@id\":\"https:\\\/\\\/drpillman.biz\\\/fr\\\/#website\",\"url\":\"https:\\\/\\\/drpillman.biz\\\/fr\\\/\",\"name\":\"Dr.Pillman\",\"description\":\"\",\"potentialAction\":[{\"@type\":\"SearchAction\",\"target\":{\"@type\":\"EntryPoint\",\"urlTemplate\":\"https:\\\/\\\/drpillman.biz\\\/fr\\\/?s={search_term_string}\"},\"query-input\":{\"@type\":\"PropertyValueSpecification\",\"valueRequired\":true,\"valueName\":\"search_term_string\"}}],\"inLanguage\":\"es\"}]}<\/script>\n<!-- \/ Yoast SEO plugin. -->","yoast_head_json":{"title":"Jelly oral de Kamagra La respuesta f\u00e1cil de consumir a una mejor creaci\u00f3n de amor para los hombres que buscan revitalizar su confianza interna","description":"La gelatina oral de Kamagra es un medicamento muy eficiente utilizado para tratar la disfunci\u00f3n er\u00e9ctil. Tiene muchas farmacias disponibles para comprar gelatina oral de Kamagra barata entregadas r\u00e1pidamente en todo el Reino Unido.","robots":{"index":"index","follow":"follow","max-snippet":"max-snippet:-1","max-image-preview":"max-image-preview:large","max-video-preview":"max-video-preview:-1"},"canonical":"https:\/\/drpillman.biz\/es\/kamagra-oral-jelly.htm","og_locale":"es_ES","og_type":"article","og_title":"Jelly oral de Kamagra La respuesta f\u00e1cil de consumir a una mejor creaci\u00f3n de amor para los hombres que buscan revitalizar su confianza interna","og_description":"La gelatina oral de Kamagra es un medicamento muy eficiente utilizado para tratar la disfunci\u00f3n er\u00e9ctil. Tiene muchas farmacias disponibles para comprar gelatina oral de Kamagra barata entregadas r\u00e1pidamente en todo el Reino Unido.","og_url":"https:\/\/drpillman.biz\/es\/kamagra-oral-jelly.htm","og_site_name":"Dr.Pillman","article_modified_time":"2024-05-21T09:35:34+00:00","twitter_card":"summary_large_image","schema":{"@context":"https:\/\/schema.org","@graph":[{"@type":"WebPage","@id":"https:\/\/drpillman.biz\/es\/kamagra-oral-jelly.htm","url":"https:\/\/drpillman.biz\/es\/kamagra-oral-jelly.htm","name":"Jelly oral de Kamagra La respuesta f\u00e1cil de consumir a una mejor creaci\u00f3n de amor para los hombres que buscan revitalizar su confianza interna","isPartOf":{"@id":"https:\/\/drpillman.biz\/fr\/#website"},"datePublished":"2013-09-11T11:25:03+00:00","dateModified":"2024-05-21T09:35:34+00:00","description":"La gelatina oral de Kamagra es un medicamento muy eficiente utilizado para tratar la disfunci\u00f3n er\u00e9ctil. Tiene muchas farmacias disponibles para comprar gelatina oral de Kamagra barata entregadas r\u00e1pidamente en todo el Reino Unido.","breadcrumb":{"@id":"https:\/\/drpillman.biz\/es\/kamagra-oral-jelly.htm#breadcrumb"},"inLanguage":"es","potentialAction":[{"@type":"ReadAction","target":["https:\/\/drpillman.biz\/es\/kamagra-oral-jelly.htm"]}]},{"@type":"BreadcrumbList","@id":"https:\/\/drpillman.biz\/es\/kamagra-oral-jelly.htm#breadcrumb","itemListElement":[{"@type":"ListItem","position":1,"name":"Home","item":"https:\/\/drpillman.biz\/fr\/"},{"@type":"ListItem","position":2,"name":"Gelatina oral kamagra"}]},{"@type":"WebSite","@id":"https:\/\/drpillman.biz\/fr\/#website","url":"https:\/\/drpillman.biz\/fr\/","name":"Dr.Pillman","description":"","potentialAction":[{"@type":"SearchAction","target":{"@type":"EntryPoint","urlTemplate":"https:\/\/drpillman.biz\/fr\/?s={search_term_string}"},"query-input":{"@type":"PropertyValueSpecification","valueRequired":true,"valueName":"search_term_string"}}],"inLanguage":"es"}]}},"_links":{"self":[{"href":"https:\/\/drpillman.biz\/es\/wp-json\/wp\/v2\/pages\/115","targetHints":{"allow":["GET"]}}],"collection":[{"href":"https:\/\/drpillman.biz\/es\/wp-json\/wp\/v2\/pages"}],"about":[{"href":"https:\/\/drpillman.biz\/es\/wp-json\/wp\/v2\/types\/page"}],"author":[{"embeddable":true,"href":"https:\/\/drpillman.biz\/es\/wp-json\/wp\/v2\/users\/3"}],"replies":[{"embeddable":true,"href":"https:\/\/drpillman.biz\/es\/wp-json\/wp\/v2\/comments?post=115"}],"version-history":[{"count":0,"href":"https:\/\/drpillman.biz\/es\/wp-json\/wp\/v2\/pages\/115\/revisions"}],"wp:attachment":[{"href":"https:\/\/drpillman.biz\/es\/wp-json\/wp\/v2\/media?parent=115"}],"curies":[{"name":"wp","href":"https:\/\/api.w.org\/{rel}","templated":true}]}}