{"id":121,"date":"2013-08-16T06:57:45","date_gmt":"2013-08-16T05:57:45","guid":{"rendered":"https:\/\/drpillman.biz\/?page_id=121"},"modified":"2024-05-17T20:13:42","modified_gmt":"2024-05-17T19:13:42","slug":"levitra","status":"publish","type":"page","link":"https:\/\/drpillman.biz\/es\/levitra.htm","title":{"rendered":"Levitra"},"content":{"rendered":"<div id=\"content-center\">\n<div id=\"content-image\">\n\t\t\t\t\t<img decoding=\"async\" src=\"\/img\/Levitra.jpg\" alt=\"Levitra\" \/><\/div>\n<div id=\"content-description\">\n<h1>Levitra<\/h1>\n<p> <code><a href=\"https:\/\/200pills.com\/search.html?key=Levitra\"> <button class=\"button-7\" role=\"button\">Comprar en l\u00ednea<\/button><\/a><\/code><\/p>\n<div class=\"clear\"><\/div>\n<div id=\"description\">\n\t\t\t\t\t\tLevitra es uno de los tres medicamentos aprobados para el tratamiento de pacientes con disfunci\u00f3n er\u00e9ctil. Comienza a funcionar despu\u00e9s de aproximadamente 45 minutos y permite al paciente completar el acto sexual con \u00e9xito al interferir con una enzima espec\u00edfica conocida como fosfodiesterasa tipo 5. <\/div>\n<div id=\"additional\">\n\t\t\t\t\t\tSin\u00f3nimos:<span> Vardenafil<\/span>\n<\/div>\n<\/div>\n<div class=\"clear\"><\/div>\n<p>Levitra es un potente medicamento aprobado por la FDA para el tratamiento de la disfunci\u00f3n er\u00e9ctil en los hombres a pesar de su edad y lo que caus\u00f3 el problema en primer lugar. Este medicamento se utiliza desde 2003 y est\u00e1 disponible en una variedad de dosis para que cada paciente tome la dosis m\u00ednima eficaz, evitando los efectos secundarios. El Levitra gen\u00e9rico puede comprarse por Internet: por suerte, hay muchas farmacias brit\u00e1nicas de confianza que ofrecen encargar Levitra 20 mg gen\u00e9rico en l\u00ednea con una entrega r\u00e1pida y discreta. Encontrar una farmacia as\u00ed significa poder comprar Levitra 20 mg o cualquier otra dosis en cualquier momento que se necesite y en cualquier cantidad que se requiera. No es un secreto que las farmacias del Reino Unido ofrecen precios muy competitivos para Levitra, lo que hace que su vida sexual sea m\u00e1s excitante y a la vez muy asequible. La dosis de Levitra se determina en funci\u00f3n de las necesidades individuales de cada paciente, pero la dosis de 20 mg es actualmente la m\u00e1s com\u00fan con la que la mayor\u00eda de los pacientes se benefician sin desarrollar efectos secundarios. Levitra act\u00faa estimulando un mayor flujo sangu\u00edneo en los tejidos del pene, lo que permite mantener la erecci\u00f3n durante m\u00e1s tiempo. Levitra debe ser tomado \u00fanicamente por pacientes masculinos y no debe ser compartido con otras personas a las que no se les haya recomendado seg\u00fan el diagn\u00f3stico. Es importante evitar tomar Levitra con m\u00e1s frecuencia que cada 24 horas, ya que es probable que se produzcan algunos s\u00edntomas desagradables de sobredosis. Este f\u00e1rmaco debe tomarse seg\u00fan sea necesario, cada vez antes de la relaci\u00f3n sexual, ya que de lo contrario no tendr\u00e1 ning\u00fan efecto sobre la erecci\u00f3n.<\/p>\n<h2>Efectos secundarios<\/h2>\n<p>Levitra puede causar algunos efectos secundarios en algunos pacientes, pero la mayor\u00eda de ellos son muy leves y de corta duraci\u00f3n. Se sabe que en algunos pacientes que toman el medicamento se producen los siguientes efectos secundarios: malestar estomacal, dolor de espalda, congesti\u00f3n nasal, enrojecimiento e indigesti\u00f3n. Los efectos secundarios menos comunes y m\u00e1s graves pueden incluir priapismo, alteraciones de la visi\u00f3n del color y algunos otros. Cualquier efecto secundario grave que se detecte debe ser comunicado a su m\u00e9dico de inmediato.<\/p>\n<\/div>\n","protected":false},"excerpt":{"rendered":"<p>Levitra Comprar en l\u00ednea Levitra es uno de los tres medicamentos aprobados para el tratamiento de pacientes con disfunci\u00f3n er\u00e9ctil.<\/p>\n","protected":false},"author":3,"featured_media":0,"parent":0,"menu_order":0,"comment_status":"closed","ping_status":"closed","template":"","meta":{"_lmt_disableupdate":"no","_lmt_disable":"no","footnotes":""},"class_list":["post-121","page","type-page","status-publish","hentry"],"translation":{"provider":"WPGlobus","version":"3.0.2","language":"es","enabled_languages":["en","es","fr"],"languages":{"en":{"title":true,"content":true,"excerpt":false},"es":{"title":true,"content":true,"excerpt":false},"fr":{"title":true,"content":true,"excerpt":false}}},"yoast_head":"<!-- This site is optimized with the Yoast SEO plugin v27.4 - https:\/\/yoast.com\/product\/yoast-seo-wordpress\/ -->\n<title>Es hora de que compre Levitra gen\u00e9rico barato 20 mg en una farmacia en l\u00ednea. Comprar levitra de calidad y controlar sus s\u00edntomas<\/title>\n<meta name=\"description\" content=\"Levitra puede ser la opci\u00f3n correcta si est\u00e1 buscando un medicamento de educaci\u00f3n gen\u00e9rica eficiente para comprar en l\u00ednea en la farmacia del Reino Unido en el que puede confiar cuando necesite un tratamiento eficiente.\" \/>\n<meta name=\"robots\" content=\"index, follow, max-snippet:-1, max-image-preview:large, max-video-preview:-1\" \/>\n<link rel=\"canonical\" href=\"https:\/\/drpillman.biz\/levitra.htm\" \/>\n<meta property=\"og:locale\" content=\"es_ES\" \/>\n<meta property=\"og:type\" content=\"article\" \/>\n<meta property=\"og:title\" content=\"Es hora de que compre Levitra gen\u00e9rico barato 20 mg en una farmacia en l\u00ednea. Comprar levitra de calidad y controlar sus s\u00edntomas\" \/>\n<meta property=\"og:description\" content=\"Levitra puede ser la opci\u00f3n correcta si est\u00e1 buscando un medicamento de educaci\u00f3n gen\u00e9rica eficiente para comprar en l\u00ednea en la farmacia del Reino Unido en el que puede confiar cuando necesite un tratamiento eficiente.\" \/>\n<meta property=\"og:url\" content=\"https:\/\/drpillman.biz\/levitra.htm\" \/>\n<meta property=\"og:site_name\" content=\"Dr.Pillman\" \/>\n<meta property=\"article:modified_time\" content=\"2024-05-17T19:13:42+00:00\" \/>\n<meta name=\"twitter:card\" content=\"summary_large_image\" \/>\n<script type=\"application\/ld+json\" class=\"yoast-schema-graph\">{\"@context\":\"https:\\\/\\\/schema.org\",\"@graph\":[{\"@type\":\"WebPage\",\"@id\":\"https:\\\/\\\/drpillman.biz\\\/levitra.htm\",\"url\":\"https:\\\/\\\/drpillman.biz\\\/levitra.htm\",\"name\":\"It's time for you to buy cheap generic Levitra 20 mg at an online pharmacy. Buy quality Levitra from UK and get your symptoms under control\",\"isPartOf\":{\"@id\":\"https:\\\/\\\/drpillman.biz\\\/fr\\\/#website\"},\"datePublished\":\"2013-08-16T05:57:45+00:00\",\"dateModified\":\"2024-05-17T19:13:42+00:00\",\"description\":\"Levitra puede ser la opci\u00f3n correcta si est\u00e1 buscando un medicamento de educaci\u00f3n gen\u00e9rica eficiente para comprar en l\u00ednea en la farmacia del Reino Unido en el que puede confiar cuando necesite un tratamiento eficiente.\",\"breadcrumb\":{\"@id\":\"https:\\\/\\\/drpillman.biz\\\/levitra.htm#breadcrumb\"},\"inLanguage\":\"es\",\"potentialAction\":[{\"@type\":\"ReadAction\",\"target\":[\"https:\\\/\\\/drpillman.biz\\\/levitra.htm\"]}]},{\"@type\":\"BreadcrumbList\",\"@id\":\"https:\\\/\\\/drpillman.biz\\\/levitra.htm#breadcrumb\",\"itemListElement\":[{\"@type\":\"ListItem\",\"position\":1,\"name\":\"Home\",\"item\":\"https:\\\/\\\/drpillman.biz\\\/fr\\\/\"},{\"@type\":\"ListItem\",\"position\":2,\"name\":\"Levitra\"}]},{\"@type\":\"WebSite\",\"@id\":\"https:\\\/\\\/drpillman.biz\\\/fr\\\/#website\",\"url\":\"https:\\\/\\\/drpillman.biz\\\/fr\\\/\",\"name\":\"Dr.Pillman\",\"description\":\"\",\"potentialAction\":[{\"@type\":\"SearchAction\",\"target\":{\"@type\":\"EntryPoint\",\"urlTemplate\":\"https:\\\/\\\/drpillman.biz\\\/fr\\\/?s={search_term_string}\"},\"query-input\":{\"@type\":\"PropertyValueSpecification\",\"valueRequired\":true,\"valueName\":\"search_term_string\"}}],\"inLanguage\":\"es\"}]}<\/script>\n<!-- \/ Yoast SEO plugin. -->","yoast_head_json":{"title":"Es hora de que compre Levitra gen\u00e9rico barato 20 mg en una farmacia en l\u00ednea. Comprar levitra de calidad y controlar sus s\u00edntomas","description":"Levitra puede ser la opci\u00f3n correcta si est\u00e1 buscando un medicamento de educaci\u00f3n gen\u00e9rica eficiente para comprar en l\u00ednea en la farmacia del Reino Unido en el que puede confiar cuando necesite un tratamiento eficiente.","robots":{"index":"index","follow":"follow","max-snippet":"max-snippet:-1","max-image-preview":"max-image-preview:large","max-video-preview":"max-video-preview:-1"},"canonical":"https:\/\/drpillman.biz\/levitra.htm","og_locale":"es_ES","og_type":"article","og_title":"Es hora de que compre Levitra gen\u00e9rico barato 20 mg en una farmacia en l\u00ednea. Comprar levitra de calidad y controlar sus s\u00edntomas","og_description":"Levitra puede ser la opci\u00f3n correcta si est\u00e1 buscando un medicamento de educaci\u00f3n gen\u00e9rica eficiente para comprar en l\u00ednea en la farmacia del Reino Unido en el que puede confiar cuando necesite un tratamiento eficiente.","og_url":"https:\/\/drpillman.biz\/levitra.htm","og_site_name":"Dr.Pillman","article_modified_time":"2024-05-17T19:13:42+00:00","twitter_card":"summary_large_image","schema":{"@context":"https:\/\/schema.org","@graph":[{"@type":"WebPage","@id":"https:\/\/drpillman.biz\/levitra.htm","url":"https:\/\/drpillman.biz\/levitra.htm","name":"It's time for you to buy cheap generic Levitra 20 mg at an online pharmacy. Buy quality Levitra from UK and get your symptoms under control","isPartOf":{"@id":"https:\/\/drpillman.biz\/fr\/#website"},"datePublished":"2013-08-16T05:57:45+00:00","dateModified":"2024-05-17T19:13:42+00:00","description":"Levitra puede ser la opci\u00f3n correcta si est\u00e1 buscando un medicamento de educaci\u00f3n gen\u00e9rica eficiente para comprar en l\u00ednea en la farmacia del Reino Unido en el que puede confiar cuando necesite un tratamiento eficiente.","breadcrumb":{"@id":"https:\/\/drpillman.biz\/levitra.htm#breadcrumb"},"inLanguage":"es","potentialAction":[{"@type":"ReadAction","target":["https:\/\/drpillman.biz\/levitra.htm"]}]},{"@type":"BreadcrumbList","@id":"https:\/\/drpillman.biz\/levitra.htm#breadcrumb","itemListElement":[{"@type":"ListItem","position":1,"name":"Home","item":"https:\/\/drpillman.biz\/fr\/"},{"@type":"ListItem","position":2,"name":"Levitra"}]},{"@type":"WebSite","@id":"https:\/\/drpillman.biz\/fr\/#website","url":"https:\/\/drpillman.biz\/fr\/","name":"Dr.Pillman","description":"","potentialAction":[{"@type":"SearchAction","target":{"@type":"EntryPoint","urlTemplate":"https:\/\/drpillman.biz\/fr\/?s={search_term_string}"},"query-input":{"@type":"PropertyValueSpecification","valueRequired":true,"valueName":"search_term_string"}}],"inLanguage":"es"}]}},"_links":{"self":[{"href":"https:\/\/drpillman.biz\/es\/wp-json\/wp\/v2\/pages\/121","targetHints":{"allow":["GET"]}}],"collection":[{"href":"https:\/\/drpillman.biz\/es\/wp-json\/wp\/v2\/pages"}],"about":[{"href":"https:\/\/drpillman.biz\/es\/wp-json\/wp\/v2\/types\/page"}],"author":[{"embeddable":true,"href":"https:\/\/drpillman.biz\/es\/wp-json\/wp\/v2\/users\/3"}],"replies":[{"embeddable":true,"href":"https:\/\/drpillman.biz\/es\/wp-json\/wp\/v2\/comments?post=121"}],"version-history":[{"count":0,"href":"https:\/\/drpillman.biz\/es\/wp-json\/wp\/v2\/pages\/121\/revisions"}],"wp:attachment":[{"href":"https:\/\/drpillman.biz\/es\/wp-json\/wp\/v2\/media?parent=121"}],"curies":[{"name":"wp","href":"https:\/\/api.w.org\/{rel}","templated":true}]}}