{"id":124,"date":"2013-07-27T03:59:05","date_gmt":"2013-07-27T02:59:05","guid":{"rendered":"https:\/\/drpillman.biz\/?page_id=124"},"modified":"2024-05-17T20:15:31","modified_gmt":"2024-05-17T19:15:31","slug":"levothyroxine","status":"publish","type":"page","link":"https:\/\/drpillman.biz\/es\/levothyroxine.htm","title":{"rendered":"Levotiroxina"},"content":{"rendered":"<div id=\"content-center\">\n<div id=\"content-image\">\n\t\t\t\t\t<img decoding=\"async\" src=\"\/img\/Levothyroxine.jpg\" alt=\"Levotiroxina\" \/><\/div>\n<div id=\"content-description\">\n<h1>Levotiroxina<\/h1>\n<p> <code><a href=\"https:\/\/200pills.com\/search.html?key=Levothyroxine\"> <button class=\"button-7\" role=\"button\">Comprar en l\u00ednea<\/button><\/a><\/code> <\/p>\n<div class=\"gray\"><\/div>\n<div class=\"clear\"><\/div>\n<div id=\"description\">\n\t\t\t\t\t\tLa levotiroxina es un sustituto de la hormona producida naturalmente por la gl\u00e1ndula tiroides. Tambi\u00e9n se conoce con el nombre de Tiroxina. Las hormonas tiroideas desempe\u00f1an un papel muy importante en nuestro organismo, ya que ayudan a regular el ritmo del metabolismo. Sin suficientes hormonas tiroideas en el cuerpo, no puede funcionar correctamente y puede conducir a problemas graves como el aumento de peso, p\u00e9rdida de cabello, piel gruesa, pobre crecimiento.<\/div>\n<div id=\"additional\">\n\t\t\t\t\t\tSin\u00f3nimos:<span> Synthroid, Tiroxina<\/span>\n<\/div>\n<\/div>\n<div class=\"clear\"><\/div>\n<p>Las hormonas tiroideas tambi\u00e9n regulan el calor del cuerpo humano. Por lo tanto, las personas que sufren de tiroides se sienten sensibles al fr\u00edo.<\/p>\n<p>La gl\u00e1ndula tiroides produce tiroxina y tri-yodotironina. La tiroxina se convierte en tri-yodotironina en otras partes del cuerpo. Cuando la gl\u00e1ndula tiroidea deja de producir tiroxina, se produce una deficiencia de tri-yodotironina en el organismo. provocar los problemas descritos anteriormente.<\/p>\n<h2>Dosis e indicaciones<\/h2>\n<p>La levotiroxina debe tomarse por la ma\u00f1ana con agua y con el est\u00f3mago vac\u00edo. La dosis debe ser la recomendada por su m\u00e9dico. Normalmente, una dosis de 1 &#8211; 1.Se recomiendan 7 mg por 1 kg de peso corporal. Si se olvida de tomar una dosis, no tome el doble al d\u00eda siguiente. No se recomienda tomar pastillas adicionales para las dosis omitidas.<\/p>\n<p>No debes dejar de tomar este medicamento por tu cuenta. Consulta con el m\u00e9dico si puedes dejar de tomar las pastillas. Normalmente, la levotiroxina tarda un par de semanas en hacer efecto. Si la gl\u00e1ndula tiroidea ha dejado de funcionar por completo, puede ser necesario tomar levotiroxina durante el resto de la vida.<\/p>\n<h2>Levotiroxina y embarazo<\/h2>\n<p>Las mujeres embarazadas pueden seguir tomando Levotiroxina, ya que no causa ning\u00fan da\u00f1o al feto. Consulte con el m\u00e9dico la dosis adecuada en caso de embarazo. Las madres lactantes tambi\u00e9n pueden seguir tomando Levotiroxina. Pasa a la leche materna pero no se considera perjudicial para los beb\u00e9s.<\/p>\n<h2>Interacciones<\/h2>\n<p>Es importante que comparta su historial m\u00e9dico con el m\u00e9dico, ya que algunas mezclas de medicamentos pueden ser perjudiciales para el organismo. La levotiroxina no debe tomarse en combinaci\u00f3n con ning\u00fan medicamento anticoagulante, ya que se sabe que aumenta el efecto anticoagulante, lo que puede provocar una hemorragia excesiva en caso de lesi\u00f3n.<\/p>\n<p>Adem\u00e1s, si la levotiroxina se toma con anti\u00e1cidos, sucralfato, ciproflaxcina y otros medicamentos similares, puede que el cuerpo no la absorba correctamente. Debe haber un intervalo de al menos 4 horas entre la toma de estos medicamentos y la Levotiroxina.<\/p>\n<h2>Efectos secundarios de la levotiroxina<\/h2>\n<p>La levotiroxina provoca efectos secundarios menores como insomnio temporal, p\u00e9rdida de peso, pulso irregular. Estos efectos secundarios suelen desaparecer al cabo de unos d\u00edas, cuando el cuerpo se adapta al nuevo medicamento.<\/p>\n<p>Si se produce alg\u00fan otro efecto secundario grave, como disnea, sudoraci\u00f3n intensa o dolor en el pecho, se debe solicitar asistencia m\u00e9dica inmediatamente.<\/p>\n<h2>Ventajas de comprar levotiroxina en l\u00ednea<\/h2>\n<p>Es muy f\u00e1cil comprar Levotiroxina online. El proceso es similar al de pedir un par de vaqueros por Internet. S\u00f3lo tiene que ir a su farmacia en l\u00ednea favorita, seleccionar la dosis requerida, dar los detalles de env\u00edo, hacer el pago y ya est\u00e1. En estas farmacias no se requiere ninguna receta m\u00e9dica.<\/p>\n<p>Adem\u00e1s de la comodidad, pedir Levotiroxina online tiene otras ventajas.<\/p>\n<p>Ahorrar\u00e1 mucho dinero si pide Tiroxina online. Los precios en las farmacias online son siempre m\u00e1s baratos que en la tienda local. Adem\u00e1s, estas farmacias ofrecen grandes descuentos para los pedidos al por mayor, as\u00ed como p\u00edldoras gratuitas si eres un cliente fiel.<\/p>\n<\/div>\n","protected":false},"excerpt":{"rendered":"<p>Levotiroxina Comprar en l\u00ednea La levotiroxina es un sustituto de la hormona producida naturalmente por la gl\u00e1ndula tiroides. Tambi\u00e9n se<\/p>\n","protected":false},"author":3,"featured_media":0,"parent":0,"menu_order":0,"comment_status":"closed","ping_status":"closed","template":"","meta":{"_lmt_disableupdate":"no","_lmt_disable":"no","footnotes":""},"class_list":["post-124","page","type-page","status-publish","hentry"],"translation":{"provider":"WPGlobus","version":"3.0.2","language":"es","enabled_languages":["en","es","fr"],"languages":{"en":{"title":true,"content":true,"excerpt":false},"es":{"title":true,"content":true,"excerpt":false},"fr":{"title":true,"content":true,"excerpt":false}}},"yoast_head":"<!-- This site is optimized with the Yoast SEO plugin v27.4 - https:\/\/yoast.com\/product\/yoast-seo-wordpress\/ -->\n<title>Compre levotiroxina (tiroxina) en l\u00ednea sin receta, env\u00edo r\u00e1pido<\/title>\n<meta name=\"description\" content=\"La levotiroxina es parte de una terapia de reemplazo hormonal administrada a pacientes con hipotiroidismo. Puede comprar tiroxina en l\u00ednea para regular su metabolismo de manera m\u00e1s eficiente.\" \/>\n<meta name=\"robots\" content=\"index, follow, max-snippet:-1, max-image-preview:large, max-video-preview:-1\" \/>\n<link rel=\"canonical\" href=\"https:\/\/drpillman.biz\/levothyroxine.htm\" \/>\n<meta property=\"og:locale\" content=\"es_ES\" \/>\n<meta property=\"og:type\" content=\"article\" \/>\n<meta property=\"og:title\" content=\"Compre levotiroxina (tiroxina) en l\u00ednea sin receta, env\u00edo r\u00e1pido\" \/>\n<meta property=\"og:description\" content=\"La levotiroxina es parte de una terapia de reemplazo hormonal administrada a pacientes con hipotiroidismo. Puede comprar tiroxina en l\u00ednea para regular su metabolismo de manera m\u00e1s eficiente.\" \/>\n<meta property=\"og:url\" content=\"https:\/\/drpillman.biz\/levothyroxine.htm\" \/>\n<meta property=\"og:site_name\" content=\"Dr.Pillman\" \/>\n<meta property=\"article:modified_time\" content=\"2024-05-17T19:15:31+00:00\" \/>\n<meta name=\"twitter:card\" content=\"summary_large_image\" \/>\n<script type=\"application\/ld+json\" class=\"yoast-schema-graph\">{\"@context\":\"https:\\\/\\\/schema.org\",\"@graph\":[{\"@type\":\"WebPage\",\"@id\":\"https:\\\/\\\/drpillman.biz\\\/levothyroxine.htm\",\"url\":\"https:\\\/\\\/drpillman.biz\\\/levothyroxine.htm\",\"name\":\"Buy Levothyroxine (Thyroxine) Online Without Prescription, Fast Shipping\",\"isPartOf\":{\"@id\":\"https:\\\/\\\/drpillman.biz\\\/fr\\\/#website\"},\"datePublished\":\"2013-07-27T02:59:05+00:00\",\"dateModified\":\"2024-05-17T19:15:31+00:00\",\"description\":\"La levotiroxina es parte de una terapia de reemplazo hormonal administrada a pacientes con hipotiroidismo. Puede comprar tiroxina en l\u00ednea para regular su metabolismo de manera m\u00e1s eficiente.\",\"breadcrumb\":{\"@id\":\"https:\\\/\\\/drpillman.biz\\\/levothyroxine.htm#breadcrumb\"},\"inLanguage\":\"es\",\"potentialAction\":[{\"@type\":\"ReadAction\",\"target\":[\"https:\\\/\\\/drpillman.biz\\\/levothyroxine.htm\"]}]},{\"@type\":\"BreadcrumbList\",\"@id\":\"https:\\\/\\\/drpillman.biz\\\/levothyroxine.htm#breadcrumb\",\"itemListElement\":[{\"@type\":\"ListItem\",\"position\":1,\"name\":\"Home\",\"item\":\"https:\\\/\\\/drpillman.biz\\\/fr\\\/\"},{\"@type\":\"ListItem\",\"position\":2,\"name\":\"Levothyroxine\"}]},{\"@type\":\"WebSite\",\"@id\":\"https:\\\/\\\/drpillman.biz\\\/fr\\\/#website\",\"url\":\"https:\\\/\\\/drpillman.biz\\\/fr\\\/\",\"name\":\"Dr.Pillman\",\"description\":\"\",\"potentialAction\":[{\"@type\":\"SearchAction\",\"target\":{\"@type\":\"EntryPoint\",\"urlTemplate\":\"https:\\\/\\\/drpillman.biz\\\/fr\\\/?s={search_term_string}\"},\"query-input\":{\"@type\":\"PropertyValueSpecification\",\"valueRequired\":true,\"valueName\":\"search_term_string\"}}],\"inLanguage\":\"es\"}]}<\/script>\n<!-- \/ Yoast SEO plugin. -->","yoast_head_json":{"title":"Compre levotiroxina (tiroxina) en l\u00ednea sin receta, env\u00edo r\u00e1pido","description":"La levotiroxina es parte de una terapia de reemplazo hormonal administrada a pacientes con hipotiroidismo. Puede comprar tiroxina en l\u00ednea para regular su metabolismo de manera m\u00e1s eficiente.","robots":{"index":"index","follow":"follow","max-snippet":"max-snippet:-1","max-image-preview":"max-image-preview:large","max-video-preview":"max-video-preview:-1"},"canonical":"https:\/\/drpillman.biz\/levothyroxine.htm","og_locale":"es_ES","og_type":"article","og_title":"Compre levotiroxina (tiroxina) en l\u00ednea sin receta, env\u00edo r\u00e1pido","og_description":"La levotiroxina es parte de una terapia de reemplazo hormonal administrada a pacientes con hipotiroidismo. Puede comprar tiroxina en l\u00ednea para regular su metabolismo de manera m\u00e1s eficiente.","og_url":"https:\/\/drpillman.biz\/levothyroxine.htm","og_site_name":"Dr.Pillman","article_modified_time":"2024-05-17T19:15:31+00:00","twitter_card":"summary_large_image","schema":{"@context":"https:\/\/schema.org","@graph":[{"@type":"WebPage","@id":"https:\/\/drpillman.biz\/levothyroxine.htm","url":"https:\/\/drpillman.biz\/levothyroxine.htm","name":"Buy Levothyroxine (Thyroxine) Online Without Prescription, Fast Shipping","isPartOf":{"@id":"https:\/\/drpillman.biz\/fr\/#website"},"datePublished":"2013-07-27T02:59:05+00:00","dateModified":"2024-05-17T19:15:31+00:00","description":"La levotiroxina es parte de una terapia de reemplazo hormonal administrada a pacientes con hipotiroidismo. Puede comprar tiroxina en l\u00ednea para regular su metabolismo de manera m\u00e1s eficiente.","breadcrumb":{"@id":"https:\/\/drpillman.biz\/levothyroxine.htm#breadcrumb"},"inLanguage":"es","potentialAction":[{"@type":"ReadAction","target":["https:\/\/drpillman.biz\/levothyroxine.htm"]}]},{"@type":"BreadcrumbList","@id":"https:\/\/drpillman.biz\/levothyroxine.htm#breadcrumb","itemListElement":[{"@type":"ListItem","position":1,"name":"Home","item":"https:\/\/drpillman.biz\/fr\/"},{"@type":"ListItem","position":2,"name":"Levothyroxine"}]},{"@type":"WebSite","@id":"https:\/\/drpillman.biz\/fr\/#website","url":"https:\/\/drpillman.biz\/fr\/","name":"Dr.Pillman","description":"","potentialAction":[{"@type":"SearchAction","target":{"@type":"EntryPoint","urlTemplate":"https:\/\/drpillman.biz\/fr\/?s={search_term_string}"},"query-input":{"@type":"PropertyValueSpecification","valueRequired":true,"valueName":"search_term_string"}}],"inLanguage":"es"}]}},"_links":{"self":[{"href":"https:\/\/drpillman.biz\/es\/wp-json\/wp\/v2\/pages\/124","targetHints":{"allow":["GET"]}}],"collection":[{"href":"https:\/\/drpillman.biz\/es\/wp-json\/wp\/v2\/pages"}],"about":[{"href":"https:\/\/drpillman.biz\/es\/wp-json\/wp\/v2\/types\/page"}],"author":[{"embeddable":true,"href":"https:\/\/drpillman.biz\/es\/wp-json\/wp\/v2\/users\/3"}],"replies":[{"embeddable":true,"href":"https:\/\/drpillman.biz\/es\/wp-json\/wp\/v2\/comments?post=124"}],"version-history":[{"count":0,"href":"https:\/\/drpillman.biz\/es\/wp-json\/wp\/v2\/pages\/124\/revisions"}],"wp:attachment":[{"href":"https:\/\/drpillman.biz\/es\/wp-json\/wp\/v2\/media?parent=124"}],"curies":[{"name":"wp","href":"https:\/\/api.w.org\/{rel}","templated":true}]}}