{"id":127,"date":"2013-01-21T09:16:25","date_gmt":"2013-01-21T09:16:25","guid":{"rendered":"https:\/\/drpillman.biz\/?page_id=127"},"modified":"2024-05-17T20:17:20","modified_gmt":"2024-05-17T19:17:20","slug":"lidocaine","status":"publish","type":"page","link":"https:\/\/drpillman.biz\/es\/lidocaine.htm","title":{"rendered":"Lidoca\u00edna"},"content":{"rendered":"<div id=\"content-center\">\n<div id=\"content-image\">\n\t\t\t\t\t<img decoding=\"async\" src=\"\/img\/Lidocaine.jpg\" alt=\"Lidoca\u00edna\" \/><\/div>\n<div id=\"content-description\">\n<h1>Lidoca\u00edna<\/h1>\n<p> <code><a href=\"https:\/\/200pills.com\/search.html?key=Lidocaine\"> <button class=\"button-7\" role=\"button\">Comprar en l\u00ednea<\/button><\/a><\/code> <\/p>\n<div class=\"gray\"><\/div>\n<div class=\"clear\"><\/div>\n<div id=\"description\">\n\t\t\t\t\t\tEl gel de lidoca\u00edna puede ser muy \u00fatil para aliviar el dolor local. Las personas al\u00e9rgicas a la lidoca\u00edna o a cualquier compuesto presente en este gel, as\u00ed como aquellas que tengan una infecci\u00f3n o un \u00e1rea abierta alrededor de la zona que va a ser tratada con el gel deben evitar el uso del gel de lidoca\u00edna a toda costa. Consulte a su m\u00e9dico sobre estas cuestiones antes de utilizar el gel.<\/div>\n<div id=\"additional\">\n\t\t\t\t\t\tSin\u00f3nimos:<span> Xiloca\u00edna<\/span>\n<\/div>\n<\/div>\n<div class=\"clear\"><\/div>\n<p>Si est\u00e1 embarazada o amamantando a un beb\u00e9, si es al\u00e9rgica a los alimentos, si ha tenido una reacci\u00f3n al\u00e9rgica grave a los anest\u00e9sicos o si tiene problemas de coraz\u00f3n, ri\u00f1\u00f3n o h\u00edgado, tambi\u00e9n debe ponerse en contacto con su m\u00e9dico antes de utilizar el gel de lidoca\u00edna, para evitar situaciones desagradables. El gel debe utilizarse exactamente seg\u00fan las instrucciones de su m\u00e9dico, y debe lavarse bien las manos despu\u00e9s de utilizarlo.<\/p>\n<h2>Precauciones<\/h2>\n<p>Evite el contacto con los ojos, la nariz o la boca, ya que el gel de lidoca\u00edna puede ser t\u00f3xico; est\u00e1 dise\u00f1ado s\u00f3lo para uso externo. Si accidentalmente entra en contacto directo con el gel, limpie los ojos o la zona afectada con agua fr\u00eda del grifo y consulte a su m\u00e9dico inmediatamente.<\/p>\n<p>Si el gel de lidoca\u00edna no alivia el dolor en varios d\u00edas o si nota alg\u00fan cambio alrededor de la zona afectada (como hinchaz\u00f3n, enrojecimiento o incluso sangrado), debe consultar a su m\u00e9dico. La lidoca\u00edna no debe usarse nunca en la piel da\u00f1ada, y los pacientes no deben superar la dosis recomendada, ya que esto puede provocar reacciones adversas indeseables.<\/p>\n<p>Los ni\u00f1os menores de 12 a\u00f1os no deben utilizar el gel de lidoca\u00edna sin una prescripci\u00f3n m\u00e9dica y sin una visita previa a la consulta del m\u00e9dico. El gel es altamente inflamable, por lo que debe mantenerse alejado del fuego y de cualquier otra fuente de calor, incluida la luz solar directa. El tubo debe estar bien cerrado antes de guardarlo, y el medicamento debe mantenerse a temperatura ambiente, lejos de la humedad y fuera del alcance de los ni\u00f1os y las mascotas.<\/p>\n<h2>Efectos secundarios<\/h2>\n<p>El gel de lidoca\u00edna no suele provocar efectos secundarios graves si el tratamiento se utiliza exactamente como lo indica el m\u00e9dico o est\u00e1 escrito en la etiqueta m\u00e9dica. Sin embargo, algunas personas que son hipersensibles a los compuestos del gel de lidoca\u00edna pueden sentir una leve molestia que deber\u00eda desaparecer en unas horas. Si las molestias persisten y experimenta dificultad para respirar o hinchaz\u00f3n de la lengua y los labios, podr\u00eda experimentar una reacci\u00f3n adversa grave y debe buscar atenci\u00f3n m\u00e9dica urgente.<\/p>\n<h2>Comprar gel de lidoca\u00edna en l\u00ednea sin receta m\u00e9dica<\/h2>\n<p>Si ha sufrido una lesi\u00f3n recientemente y le resulta dif\u00edcil sobrellevar el dolor, pero no quiere depender de los AINE, entonces el gel de lidoca\u00edna es sin duda una gran opci\u00f3n para uso externo. Se puede pedir el gel de lidoca\u00edna en l\u00ednea en farmacias virtuales en las que no se requiere receta m\u00e9dica. Adem\u00e1s, otra gran ventaja es que el gel de lidoca\u00edna es considerablemente m\u00e1s barato en Internet.<\/p>\n<\/div>\n","protected":false},"excerpt":{"rendered":"<p>Lidoca\u00edna Comprar en l\u00ednea El gel de lidoca\u00edna puede ser muy \u00fatil para aliviar el dolor local. Las personas al\u00e9rgicas<\/p>\n","protected":false},"author":3,"featured_media":0,"parent":0,"menu_order":0,"comment_status":"closed","ping_status":"closed","template":"","meta":{"_lmt_disableupdate":"no","_lmt_disable":"no","footnotes":""},"class_list":["post-127","page","type-page","status-publish","hentry"],"translation":{"provider":"WPGlobus","version":"3.0.2","language":"es","enabled_languages":["en","es","fr"],"languages":{"en":{"title":true,"content":true,"excerpt":false},"es":{"title":true,"content":true,"excerpt":false},"fr":{"title":true,"content":true,"excerpt":false}}},"yoast_head":"<!-- This site is optimized with the Yoast SEO plugin v27.4 - https:\/\/yoast.com\/product\/yoast-seo-wordpress\/ -->\n<title>El gel de lidoca\u00edna es un anest\u00e9sico poderoso que se aplica a la piel, y su prop\u00f3sito es adormecer los nervios, evitando as\u00ed que el paciente sienta dolor<\/title>\n<meta name=\"description\" content=\"El gel de lidoca\u00edna es un anest\u00e9sico local con propiedades entumecedoras. Despu\u00e9s de comprar gel de lidoca\u00edna en la farmacia de su elecci\u00f3n, deber\u00e1 aplicarlo a un \u00e1rea muy espec\u00edfica antes de un procedimiento m\u00e9dico invasivo.\" \/>\n<meta name=\"robots\" content=\"index, follow, max-snippet:-1, max-image-preview:large, max-video-preview:-1\" \/>\n<link rel=\"canonical\" href=\"https:\/\/drpillman.biz\/fr\/lidocaine.htm\" \/>\n<meta property=\"og:locale\" content=\"es_ES\" \/>\n<meta property=\"og:type\" content=\"article\" \/>\n<meta property=\"og:title\" content=\"El gel de lidoca\u00edna es un anest\u00e9sico poderoso que se aplica a la piel, y su prop\u00f3sito es adormecer los nervios, evitando as\u00ed que el paciente sienta dolor\" \/>\n<meta property=\"og:description\" content=\"El gel de lidoca\u00edna es un anest\u00e9sico local con propiedades entumecedoras. Despu\u00e9s de comprar gel de lidoca\u00edna en la farmacia de su elecci\u00f3n, deber\u00e1 aplicarlo a un \u00e1rea muy espec\u00edfica antes de un procedimiento m\u00e9dico invasivo.\" \/>\n<meta property=\"og:url\" content=\"https:\/\/drpillman.biz\/fr\/lidocaine.htm\" \/>\n<meta property=\"og:site_name\" content=\"Dr.Pillman\" \/>\n<meta property=\"article:modified_time\" content=\"2024-05-17T19:17:20+00:00\" \/>\n<meta name=\"twitter:card\" content=\"summary_large_image\" \/>\n<script type=\"application\/ld+json\" class=\"yoast-schema-graph\">{\"@context\":\"https:\\\/\\\/schema.org\",\"@graph\":[{\"@type\":\"WebPage\",\"@id\":\"https:\\\/\\\/drpillman.biz\\\/fr\\\/lidocaine.htm\",\"url\":\"https:\\\/\\\/drpillman.biz\\\/fr\\\/lidocaine.htm\",\"name\":\"Acheter Lidoca\u00efne 10 mg en ligne sans ordonnance en France\",\"isPartOf\":{\"@id\":\"https:\\\/\\\/drpillman.biz\\\/fr\\\/#website\"},\"datePublished\":\"2013-01-21T09:16:25+00:00\",\"dateModified\":\"2024-05-17T19:17:20+00:00\",\"description\":\"El gel de lidoca\u00edna es un anest\u00e9sico local con propiedades entumecedoras. Despu\u00e9s de comprar gel de lidoca\u00edna en la farmacia de su elecci\u00f3n, deber\u00e1 aplicarlo a un \u00e1rea muy espec\u00edfica antes de un procedimiento m\u00e9dico invasivo.\",\"breadcrumb\":{\"@id\":\"https:\\\/\\\/drpillman.biz\\\/fr\\\/lidocaine.htm#breadcrumb\"},\"inLanguage\":\"es\",\"potentialAction\":[{\"@type\":\"ReadAction\",\"target\":[\"https:\\\/\\\/drpillman.biz\\\/fr\\\/lidocaine.htm\"]}]},{\"@type\":\"BreadcrumbList\",\"@id\":\"https:\\\/\\\/drpillman.biz\\\/fr\\\/lidocaine.htm#breadcrumb\",\"itemListElement\":[{\"@type\":\"ListItem\",\"position\":1,\"name\":\"Home\",\"item\":\"https:\\\/\\\/drpillman.biz\\\/fr\\\/\"},{\"@type\":\"ListItem\",\"position\":2,\"name\":\"Lidoca\u00efne\"}]},{\"@type\":\"WebSite\",\"@id\":\"https:\\\/\\\/drpillman.biz\\\/fr\\\/#website\",\"url\":\"https:\\\/\\\/drpillman.biz\\\/fr\\\/\",\"name\":\"Dr.Pillman\",\"description\":\"\",\"potentialAction\":[{\"@type\":\"SearchAction\",\"target\":{\"@type\":\"EntryPoint\",\"urlTemplate\":\"https:\\\/\\\/drpillman.biz\\\/fr\\\/?s={search_term_string}\"},\"query-input\":{\"@type\":\"PropertyValueSpecification\",\"valueRequired\":true,\"valueName\":\"search_term_string\"}}],\"inLanguage\":\"es\"}]}<\/script>\n<!-- \/ Yoast SEO plugin. -->","yoast_head_json":{"title":"El gel de lidoca\u00edna es un anest\u00e9sico poderoso que se aplica a la piel, y su prop\u00f3sito es adormecer los nervios, evitando as\u00ed que el paciente sienta dolor","description":"El gel de lidoca\u00edna es un anest\u00e9sico local con propiedades entumecedoras. Despu\u00e9s de comprar gel de lidoca\u00edna en la farmacia de su elecci\u00f3n, deber\u00e1 aplicarlo a un \u00e1rea muy espec\u00edfica antes de un procedimiento m\u00e9dico invasivo.","robots":{"index":"index","follow":"follow","max-snippet":"max-snippet:-1","max-image-preview":"max-image-preview:large","max-video-preview":"max-video-preview:-1"},"canonical":"https:\/\/drpillman.biz\/fr\/lidocaine.htm","og_locale":"es_ES","og_type":"article","og_title":"El gel de lidoca\u00edna es un anest\u00e9sico poderoso que se aplica a la piel, y su prop\u00f3sito es adormecer los nervios, evitando as\u00ed que el paciente sienta dolor","og_description":"El gel de lidoca\u00edna es un anest\u00e9sico local con propiedades entumecedoras. Despu\u00e9s de comprar gel de lidoca\u00edna en la farmacia de su elecci\u00f3n, deber\u00e1 aplicarlo a un \u00e1rea muy espec\u00edfica antes de un procedimiento m\u00e9dico invasivo.","og_url":"https:\/\/drpillman.biz\/fr\/lidocaine.htm","og_site_name":"Dr.Pillman","article_modified_time":"2024-05-17T19:17:20+00:00","twitter_card":"summary_large_image","schema":{"@context":"https:\/\/schema.org","@graph":[{"@type":"WebPage","@id":"https:\/\/drpillman.biz\/fr\/lidocaine.htm","url":"https:\/\/drpillman.biz\/fr\/lidocaine.htm","name":"Acheter Lidoca\u00efne 10 mg en ligne sans ordonnance en France","isPartOf":{"@id":"https:\/\/drpillman.biz\/fr\/#website"},"datePublished":"2013-01-21T09:16:25+00:00","dateModified":"2024-05-17T19:17:20+00:00","description":"El gel de lidoca\u00edna es un anest\u00e9sico local con propiedades entumecedoras. Despu\u00e9s de comprar gel de lidoca\u00edna en la farmacia de su elecci\u00f3n, deber\u00e1 aplicarlo a un \u00e1rea muy espec\u00edfica antes de un procedimiento m\u00e9dico invasivo.","breadcrumb":{"@id":"https:\/\/drpillman.biz\/fr\/lidocaine.htm#breadcrumb"},"inLanguage":"es","potentialAction":[{"@type":"ReadAction","target":["https:\/\/drpillman.biz\/fr\/lidocaine.htm"]}]},{"@type":"BreadcrumbList","@id":"https:\/\/drpillman.biz\/fr\/lidocaine.htm#breadcrumb","itemListElement":[{"@type":"ListItem","position":1,"name":"Home","item":"https:\/\/drpillman.biz\/fr\/"},{"@type":"ListItem","position":2,"name":"Lidoca\u00efne"}]},{"@type":"WebSite","@id":"https:\/\/drpillman.biz\/fr\/#website","url":"https:\/\/drpillman.biz\/fr\/","name":"Dr.Pillman","description":"","potentialAction":[{"@type":"SearchAction","target":{"@type":"EntryPoint","urlTemplate":"https:\/\/drpillman.biz\/fr\/?s={search_term_string}"},"query-input":{"@type":"PropertyValueSpecification","valueRequired":true,"valueName":"search_term_string"}}],"inLanguage":"es"}]}},"_links":{"self":[{"href":"https:\/\/drpillman.biz\/es\/wp-json\/wp\/v2\/pages\/127","targetHints":{"allow":["GET"]}}],"collection":[{"href":"https:\/\/drpillman.biz\/es\/wp-json\/wp\/v2\/pages"}],"about":[{"href":"https:\/\/drpillman.biz\/es\/wp-json\/wp\/v2\/types\/page"}],"author":[{"embeddable":true,"href":"https:\/\/drpillman.biz\/es\/wp-json\/wp\/v2\/users\/3"}],"replies":[{"embeddable":true,"href":"https:\/\/drpillman.biz\/es\/wp-json\/wp\/v2\/comments?post=127"}],"version-history":[{"count":0,"href":"https:\/\/drpillman.biz\/es\/wp-json\/wp\/v2\/pages\/127\/revisions"}],"wp:attachment":[{"href":"https:\/\/drpillman.biz\/es\/wp-json\/wp\/v2\/media?parent=127"}],"curies":[{"name":"wp","href":"https:\/\/api.w.org\/{rel}","templated":true}]}}