{"id":133,"date":"2013-11-09T11:30:05","date_gmt":"2013-11-09T11:30:05","guid":{"rendered":"https:\/\/drpillman.biz\/?page_id=133"},"modified":"2024-05-21T11:28:32","modified_gmt":"2024-05-21T10:28:32","slug":"metronidazole","status":"publish","type":"page","link":"https:\/\/drpillman.biz\/es\/metronidazole.htm","title":{"rendered":"Metronidazol"},"content":{"rendered":"<div id=\"content-center\">\n<div id=\"content-image\"><img decoding=\"async\" src=\"\/img\/Metronidazole.jpg\" alt=\"Metronidazol\" \/><\/div>\n<div id=\"content-description\">\n<h1>Metronidazol<\/h1>\n<p> <code><a href=\"https:\/\/200pills.com\/search.html?key=Metronidazole\"> <button class=\"button-7\" role=\"button\">Comprar en l\u00ednea<\/button><\/a><\/code><\/p>\n<div class=\"gray\"><\/div>\n<div class=\"clear\"><\/div>\n<div id=\"description\">El metronidazol es un tipo de antibi\u00f3tico que trata las infecciones bacterianas del sistema digestivo, la piel, las articulaciones, las v\u00edas respiratorias y la vagina. El metronidazol no se utiliza para tratar infecciones v\u00edricas como gripes o resfriados. Tambi\u00e9n se ha utilizado para aliviar los s\u00edntomas de la enfermedad de Crohn.<\/div>\n<div id=\"additional\">Sin\u00f3nimos: <span>Flagyl<\/span><\/div>\n<\/div>\n<div class=\"clear\"><\/div>\n<h2>Usos<\/h2>\n<p>El metronidazol se presenta en forma de comprimidos y c\u00e1psulas y se utiliza para combatir las infecciones en todo el cuerpo. Los comprimidos de liberaci\u00f3n prolongada est\u00e1n hechos para tratar las infecciones vaginales o la vaginosis bacteriana. El principal beneficio de este medicamento es que impide la reproducci\u00f3n de las bacterias. Este medicamento se ha utilizado con mucho \u00e9xito para tratar las infecciones persistentes por Helicobacter pylori.<\/p>\n<p>Si sigue las instrucciones para tomar Metronidazol, su infecci\u00f3n deber\u00eda empezar a curarse de inmediato. Sus s\u00edntomas podr\u00edan mejorar antes de que la infecci\u00f3n se elimine por completo, por lo que es importante que termine toda la medicaci\u00f3n. Hay que tener en cuenta que este f\u00e1rmaco puede interactuar con otros medicamentos como anticoagulantes, litio, disulfiram y cimetidina.<\/p>\n<h2>Formas<\/h2>\n<p>Los comprimidos de Metronidazol vienen en forma de 250 mg o Metronidazol 500 mg, y suelen tomarse tres veces al d\u00eda. Se sugiere que tome las p\u00edldoras con agua a la hora de las comidas. No debes beber alcohol cuando tomes Metronidazol. Se recomienda que no duplique las dosis si se salta una. Debe saber que si se salta varias dosis podr\u00eda aumentar el riesgo de que las futuras infecciones sean resistentes a los antibi\u00f3ticos.<\/p>\n<h2>Efectos secundarios<\/h2>\n<p>A veces la gente puede experimentar efectos secundarios, pero no son comunes para la mayor\u00eda de las personas. Los efectos secundarios m\u00e1s t\u00edpicos del Metronidazol son malestar estomacal y n\u00e1useas. Algunas personas han experimentado un sabor met\u00e1lico despu\u00e9s de tomar este medicamento.<\/p>\n<p>Otros efectos secundarios leves son las erupciones cut\u00e1neas y el picor excesivo. Las reacciones adversas m\u00e1s graves pueden ser la neuropat\u00eda perif\u00e9rica y los ataques convulsivos. Los individuos que experimentaron esos efectos secundarios hab\u00edan estado tomando dosis prolongadas del medicamento.<\/p>\n<h2>Comprar en l\u00ednea en el Reino Unido nunca ha sido tan f\u00e1cil<\/h2>\n<p>Puedes comprar f\u00e1cilmente Metronidazol online y ahorrar dinero. Millones de personas prefieren comprar sus medicamentos de esta manera porque es muy f\u00e1cil y conveniente. Y, usted puede comprar la mejor calidad de Metronidazol en nuestra farmacia sin receta m\u00e9dica. Esto significa que no tienes que pagar una visita al m\u00e9dico. Nuestra tienda online vende todas las formas de Metronidazol a precios muy bajos.<\/p>\n<p>Puede sentirse muy seguro al comprar Metronidazole en nuestra tienda de farmacia online. Su pedido ser\u00e1 procesado r\u00e1pidamente y usted recibir\u00e1 un correo electr\u00f3nico de nosotros que le permite saber que su pedido est\u00e1 listo para ser enviado. Enviamos todos nuestros productos en embalajes muy seguros para que reciba su medicaci\u00f3n en las mejores condiciones. Comprar Metronidazol online en el Reino Unido es muy pr\u00e1ctico porque no tienes que salir de casa. No m\u00e1s viajes a la farmacia local!<\/p>\n<p>Comprar Metronidazol online es una decisi\u00f3n muy l\u00f3gica porque se ahorra dinero y la molestia de hacer una cita con el m\u00e9dico. Usted ser\u00e1 capaz de obtener su medicamento muy r\u00e1pidamente despu\u00e9s de que su pedido sea procesado. Nuestro departamento de atenci\u00f3n al cliente est\u00e1 disponible las 24 horas del d\u00eda, los 7 d\u00edas de la semana, y puede ayudarle con su compra de Metronidazol. No dude en ponerse en contacto con nosotros si tiene alguna pregunta sobre nuestros productos o su pedido.<\/p>\n<\/div>\n","protected":false},"excerpt":{"rendered":"<p>Metronidazol Comprar en l\u00ednea El metronidazol es un tipo de antibi\u00f3tico que trata las infecciones bacterianas del sistema digestivo, la<\/p>\n","protected":false},"author":3,"featured_media":0,"parent":0,"menu_order":0,"comment_status":"closed","ping_status":"closed","template":"","meta":{"_lmt_disableupdate":"no","_lmt_disable":"no","footnotes":""},"class_list":["post-133","page","type-page","status-publish","hentry"],"translation":{"provider":"WPGlobus","version":"3.0.2","language":"es","enabled_languages":["en","es","fr"],"languages":{"en":{"title":true,"content":true,"excerpt":false},"es":{"title":true,"content":true,"excerpt":false},"fr":{"title":true,"content":true,"excerpt":false}}},"yoast_head":"<!-- This site is optimized with the Yoast SEO plugin v27.4 - https:\/\/yoast.com\/product\/yoast-seo-wordpress\/ -->\n<title>Compre metronidazol en l\u00ednea y ahorre dinero ahora cuando realice un pedido hoy<\/title>\n<meta name=\"description\" content=\"Compre metronidazol en l\u00ednea en una farmacia confiable para tratar su infecci\u00f3n bacteriana de manera r\u00e1pida y eficiente. Este medicamento luchar\u00e1 contra las bacterias en su cuerpo, permitiendo que su sistema inmunitario recupere el control.\" \/>\n<meta name=\"robots\" content=\"index, follow, max-snippet:-1, max-image-preview:large, max-video-preview:-1\" \/>\n<link rel=\"canonical\" href=\"https:\/\/drpillman.biz\/fr\/metronidazole.htm\" \/>\n<meta property=\"og:locale\" content=\"es_ES\" \/>\n<meta property=\"og:type\" content=\"article\" \/>\n<meta property=\"og:title\" content=\"Compre metronidazol en l\u00ednea y ahorre dinero ahora cuando realice un pedido hoy\" \/>\n<meta property=\"og:description\" content=\"Compre metronidazol en l\u00ednea en una farmacia confiable para tratar su infecci\u00f3n bacteriana de manera r\u00e1pida y eficiente. Este medicamento luchar\u00e1 contra las bacterias en su cuerpo, permitiendo que su sistema inmunitario recupere el control.\" \/>\n<meta property=\"og:url\" content=\"https:\/\/drpillman.biz\/fr\/metronidazole.htm\" \/>\n<meta property=\"og:site_name\" content=\"Dr.Pillman\" \/>\n<meta property=\"article:modified_time\" content=\"2024-05-21T10:28:32+00:00\" \/>\n<meta name=\"twitter:card\" content=\"summary_large_image\" \/>\n<script type=\"application\/ld+json\" class=\"yoast-schema-graph\">{\"@context\":\"https:\\\/\\\/schema.org\",\"@graph\":[{\"@type\":\"WebPage\",\"@id\":\"https:\\\/\\\/drpillman.biz\\\/fr\\\/metronidazole.htm\",\"url\":\"https:\\\/\\\/drpillman.biz\\\/fr\\\/metronidazole.htm\",\"name\":\"Acheter M\u00e9tronidazole 200 et 400 mg en ligne sans ordonnance en France\",\"isPartOf\":{\"@id\":\"https:\\\/\\\/drpillman.biz\\\/fr\\\/#website\"},\"datePublished\":\"2013-11-09T11:30:05+00:00\",\"dateModified\":\"2024-05-21T10:28:32+00:00\",\"description\":\"Compre metronidazol en l\u00ednea en una farmacia confiable para tratar su infecci\u00f3n bacteriana de manera r\u00e1pida y eficiente. Este medicamento luchar\u00e1 contra las bacterias en su cuerpo, permitiendo que su sistema inmunitario recupere el control.\",\"breadcrumb\":{\"@id\":\"https:\\\/\\\/drpillman.biz\\\/fr\\\/metronidazole.htm#breadcrumb\"},\"inLanguage\":\"es\",\"potentialAction\":[{\"@type\":\"ReadAction\",\"target\":[\"https:\\\/\\\/drpillman.biz\\\/fr\\\/metronidazole.htm\"]}]},{\"@type\":\"BreadcrumbList\",\"@id\":\"https:\\\/\\\/drpillman.biz\\\/fr\\\/metronidazole.htm#breadcrumb\",\"itemListElement\":[{\"@type\":\"ListItem\",\"position\":1,\"name\":\"Home\",\"item\":\"https:\\\/\\\/drpillman.biz\\\/fr\\\/\"},{\"@type\":\"ListItem\",\"position\":2,\"name\":\"M\u00e9tronidazole\"}]},{\"@type\":\"WebSite\",\"@id\":\"https:\\\/\\\/drpillman.biz\\\/fr\\\/#website\",\"url\":\"https:\\\/\\\/drpillman.biz\\\/fr\\\/\",\"name\":\"Dr.Pillman\",\"description\":\"\",\"potentialAction\":[{\"@type\":\"SearchAction\",\"target\":{\"@type\":\"EntryPoint\",\"urlTemplate\":\"https:\\\/\\\/drpillman.biz\\\/fr\\\/?s={search_term_string}\"},\"query-input\":{\"@type\":\"PropertyValueSpecification\",\"valueRequired\":true,\"valueName\":\"search_term_string\"}}],\"inLanguage\":\"es\"}]}<\/script>\n<!-- \/ Yoast SEO plugin. -->","yoast_head_json":{"title":"Compre metronidazol en l\u00ednea y ahorre dinero ahora cuando realice un pedido hoy","description":"Compre metronidazol en l\u00ednea en una farmacia confiable para tratar su infecci\u00f3n bacteriana de manera r\u00e1pida y eficiente. Este medicamento luchar\u00e1 contra las bacterias en su cuerpo, permitiendo que su sistema inmunitario recupere el control.","robots":{"index":"index","follow":"follow","max-snippet":"max-snippet:-1","max-image-preview":"max-image-preview:large","max-video-preview":"max-video-preview:-1"},"canonical":"https:\/\/drpillman.biz\/fr\/metronidazole.htm","og_locale":"es_ES","og_type":"article","og_title":"Compre metronidazol en l\u00ednea y ahorre dinero ahora cuando realice un pedido hoy","og_description":"Compre metronidazol en l\u00ednea en una farmacia confiable para tratar su infecci\u00f3n bacteriana de manera r\u00e1pida y eficiente. Este medicamento luchar\u00e1 contra las bacterias en su cuerpo, permitiendo que su sistema inmunitario recupere el control.","og_url":"https:\/\/drpillman.biz\/fr\/metronidazole.htm","og_site_name":"Dr.Pillman","article_modified_time":"2024-05-21T10:28:32+00:00","twitter_card":"summary_large_image","schema":{"@context":"https:\/\/schema.org","@graph":[{"@type":"WebPage","@id":"https:\/\/drpillman.biz\/fr\/metronidazole.htm","url":"https:\/\/drpillman.biz\/fr\/metronidazole.htm","name":"Acheter M\u00e9tronidazole 200 et 400 mg en ligne sans ordonnance en France","isPartOf":{"@id":"https:\/\/drpillman.biz\/fr\/#website"},"datePublished":"2013-11-09T11:30:05+00:00","dateModified":"2024-05-21T10:28:32+00:00","description":"Compre metronidazol en l\u00ednea en una farmacia confiable para tratar su infecci\u00f3n bacteriana de manera r\u00e1pida y eficiente. Este medicamento luchar\u00e1 contra las bacterias en su cuerpo, permitiendo que su sistema inmunitario recupere el control.","breadcrumb":{"@id":"https:\/\/drpillman.biz\/fr\/metronidazole.htm#breadcrumb"},"inLanguage":"es","potentialAction":[{"@type":"ReadAction","target":["https:\/\/drpillman.biz\/fr\/metronidazole.htm"]}]},{"@type":"BreadcrumbList","@id":"https:\/\/drpillman.biz\/fr\/metronidazole.htm#breadcrumb","itemListElement":[{"@type":"ListItem","position":1,"name":"Home","item":"https:\/\/drpillman.biz\/fr\/"},{"@type":"ListItem","position":2,"name":"M\u00e9tronidazole"}]},{"@type":"WebSite","@id":"https:\/\/drpillman.biz\/fr\/#website","url":"https:\/\/drpillman.biz\/fr\/","name":"Dr.Pillman","description":"","potentialAction":[{"@type":"SearchAction","target":{"@type":"EntryPoint","urlTemplate":"https:\/\/drpillman.biz\/fr\/?s={search_term_string}"},"query-input":{"@type":"PropertyValueSpecification","valueRequired":true,"valueName":"search_term_string"}}],"inLanguage":"es"}]}},"_links":{"self":[{"href":"https:\/\/drpillman.biz\/es\/wp-json\/wp\/v2\/pages\/133","targetHints":{"allow":["GET"]}}],"collection":[{"href":"https:\/\/drpillman.biz\/es\/wp-json\/wp\/v2\/pages"}],"about":[{"href":"https:\/\/drpillman.biz\/es\/wp-json\/wp\/v2\/types\/page"}],"author":[{"embeddable":true,"href":"https:\/\/drpillman.biz\/es\/wp-json\/wp\/v2\/users\/3"}],"replies":[{"embeddable":true,"href":"https:\/\/drpillman.biz\/es\/wp-json\/wp\/v2\/comments?post=133"}],"version-history":[{"count":0,"href":"https:\/\/drpillman.biz\/es\/wp-json\/wp\/v2\/pages\/133\/revisions"}],"wp:attachment":[{"href":"https:\/\/drpillman.biz\/es\/wp-json\/wp\/v2\/media?parent=133"}],"curies":[{"name":"wp","href":"https:\/\/api.w.org\/{rel}","templated":true}]}}