{"id":136,"date":"2013-04-11T10:49:25","date_gmt":"2013-04-11T09:49:25","guid":{"rendered":"https:\/\/drpillman.biz\/?page_id=136"},"modified":"2024-05-17T20:21:09","modified_gmt":"2024-05-17T19:21:09","slug":"naltrexone","status":"publish","type":"page","link":"https:\/\/drpillman.biz\/es\/naltrexone.htm","title":{"rendered":"Naltrexona"},"content":{"rendered":"<div id=\"content-center\">\n<div id=\"content-image\">\n\t\t\t\t\t<img decoding=\"async\" src=\"\/img\/Naltrexone.jpg\" alt=\"Naltrexona\" \/><\/div>\n<div id=\"content-description\">\n<h1>Naltrexona<\/h1>\n<p> <code><a href=\"https:\/\/200pills.com\/search.html?key=Naltrexone\"> <button class=\"button-7\" role=\"button\">Comprar en l\u00ednea<\/button><\/a><\/code> <\/p>\n<div class=\"gray\"><\/div>\n<div class=\"clear\"><\/div>\n<div id=\"description\">\n\t\t\t\t\t\tEl clorhidrato de naltrexona es un f\u00e1rmaco muy eficaz para el tratamiento del abuso de sustancias. Tomar Naltrexona es s\u00f3lo una parte del programa, entre otras t\u00e9cnicas utilizadas, como el asesoramiento y los cambios en el estilo de vida. Tambi\u00e9n puede utilizarse en personas con antecedentes de abuso de alcohol.<\/div>\n<div id=\"additional\">\n\t\t\t\t\t\tSin\u00f3nimos:<span> Revia<\/span>\n<\/div>\n<\/div>\n<div class=\"clear\"><\/div>\n<p>La naltrexona est\u00e1 destinada a pacientes adictos a grupos espec\u00edficos de drogas. Su uso est\u00e1 destinado a ayudar al paciente a evitar el uso de opi\u00e1ceos una vez que ha dejado de tomarlos. Cuando compre Naltrexone 50 mg o cualquier otra dosis, se convertir\u00e1 en una parte de su programa de tratamiento. Junto con el clorhidrato de naltrexona 50 mg, es posible que tambi\u00e9n tenga que realizar un asesoramiento y cambiar su estilo de vida para ajustarlo a sus necesidades personales. La Naltrexona no est\u00e1 indicada para pacientes que est\u00e9n consumiendo alg\u00fan opi\u00e1ceo, ya que de lo contrario se pueden experimentar s\u00edntomas de abstinencia graves y muy desagradables. La naltrexona tambi\u00e9n es conocida por disminuir el deseo del paciente de beber alcohol. Las personas que decidan comprar Naltrexona 50 mg online deben leer el prospecto con mucho cuidado para saber exactamente c\u00f3mo tomar el medicamento. Por lo general, la dosis de 50 mg de Naltrexona se toma una vez al d\u00eda. A veces puede ser necesario tomar una dosis doble o triple de clorhidrato de naltrexona cada 2-3 d\u00edas. Si la Naltrexona provoca malestar estomacal, puede tomarse con alg\u00fan alimento para disminuir el desagradable s\u00edntoma. Para asegurarse de que siempre recuerda tomar su dosis de Naltrexona, es mejor hacerlo a la misma hora todos los d\u00edas. Debe establecer una rutina que le ayude a recordar la siguiente dosis que debe tomar. Si cree que debe tomar una dosis superior a la de clorhidrato de naltrexona 50 mg, debe consultarlo siempre con un profesional sanitario cualificado para ver si es seguro y beneficioso para usted.<\/p>\n<h2>Efectos secundarios<\/h2>\n<p>La mayor\u00eda de las personas que toman Naltrexona no experimentan ning\u00fan efecto secundario. Sin embargo, pueden producirse efectos secundarios como problemas para dormir, dolor de cabeza, n\u00e1useas, mareos y ansiedad, especialmente al principio del tratamiento. No debe preocuparse mientras los efectos secundarios mencionados desaparezcan pronto por s\u00ed solos. Es mejor informar a su m\u00e9dico de cualquier caso de empeoramiento o persistencia de los efectos secundarios leves.<\/p>\n<\/div>\n","protected":false},"excerpt":{"rendered":"<p>Naltrexona Comprar en l\u00ednea El clorhidrato de naltrexona es un f\u00e1rmaco muy eficaz para el tratamiento del abuso de sustancias.<\/p>\n","protected":false},"author":3,"featured_media":0,"parent":0,"menu_order":0,"comment_status":"closed","ping_status":"closed","template":"","meta":{"_lmt_disableupdate":"no","_lmt_disable":"no","footnotes":""},"class_list":["post-136","page","type-page","status-publish","hentry"],"translation":{"provider":"WPGlobus","version":"3.0.2","language":"es","enabled_languages":["en","es","fr"],"languages":{"en":{"title":true,"content":true,"excerpt":false},"es":{"title":true,"content":true,"excerpt":false},"fr":{"title":true,"content":true,"excerpt":false}}},"yoast_head":"<!-- This site is optimized with the Yoast SEO plugin v27.4 - https:\/\/yoast.com\/product\/yoast-seo-wordpress\/ -->\n<title>Puede comprar clorhidrato de naltrexone 50 mg en l\u00ednea si desea ahorrar algo de tiempo y pagar menos dinero por el mismo medicamento de calidad<\/title>\n<meta name=\"description\" content=\"Compre uno de los mejores antagonistas opioides naltrexone hidrocloruro 50 mg para lidiar con su adicci\u00f3n a las drogas narc\u00f3ticas o el alcohol de manera eficiente, sin sacrificar ninguna de las cosas en la vida que sol\u00eda disfrutar.\" \/>\n<meta name=\"robots\" content=\"index, follow, max-snippet:-1, max-image-preview:large, max-video-preview:-1\" \/>\n<link rel=\"canonical\" href=\"https:\/\/drpillman.biz\/es\/naltrexone.htm\" \/>\n<meta property=\"og:locale\" content=\"es_ES\" \/>\n<meta property=\"og:type\" content=\"article\" \/>\n<meta property=\"og:title\" content=\"Puede comprar clorhidrato de naltrexone 50 mg en l\u00ednea si desea ahorrar algo de tiempo y pagar menos dinero por el mismo medicamento de calidad\" \/>\n<meta property=\"og:description\" content=\"Compre uno de los mejores antagonistas opioides naltrexone hidrocloruro 50 mg para lidiar con su adicci\u00f3n a las drogas narc\u00f3ticas o el alcohol de manera eficiente, sin sacrificar ninguna de las cosas en la vida que sol\u00eda disfrutar.\" \/>\n<meta property=\"og:url\" content=\"https:\/\/drpillman.biz\/es\/naltrexone.htm\" \/>\n<meta property=\"og:site_name\" content=\"Dr.Pillman\" \/>\n<meta property=\"article:modified_time\" content=\"2024-05-17T19:21:09+00:00\" \/>\n<meta name=\"twitter:card\" content=\"summary_large_image\" \/>\n<script type=\"application\/ld+json\" class=\"yoast-schema-graph\">{\"@context\":\"https:\\\/\\\/schema.org\",\"@graph\":[{\"@type\":\"WebPage\",\"@id\":\"https:\\\/\\\/drpillman.biz\\\/es\\\/naltrexone.htm\",\"url\":\"https:\\\/\\\/drpillman.biz\\\/es\\\/naltrexone.htm\",\"name\":\"Puede comprar clorhidrato de naltrexone 50 mg en l\u00ednea si desea ahorrar algo de tiempo y pagar menos dinero por el mismo medicamento de calidad\",\"isPartOf\":{\"@id\":\"https:\\\/\\\/drpillman.biz\\\/fr\\\/#website\"},\"datePublished\":\"2013-04-11T09:49:25+00:00\",\"dateModified\":\"2024-05-17T19:21:09+00:00\",\"description\":\"Compre uno de los mejores antagonistas opioides naltrexone hidrocloruro 50 mg para lidiar con su adicci\u00f3n a las drogas narc\u00f3ticas o el alcohol de manera eficiente, sin sacrificar ninguna de las cosas en la vida que sol\u00eda disfrutar.\",\"breadcrumb\":{\"@id\":\"https:\\\/\\\/drpillman.biz\\\/es\\\/naltrexone.htm#breadcrumb\"},\"inLanguage\":\"es\",\"potentialAction\":[{\"@type\":\"ReadAction\",\"target\":[\"https:\\\/\\\/drpillman.biz\\\/es\\\/naltrexone.htm\"]}]},{\"@type\":\"BreadcrumbList\",\"@id\":\"https:\\\/\\\/drpillman.biz\\\/es\\\/naltrexone.htm#breadcrumb\",\"itemListElement\":[{\"@type\":\"ListItem\",\"position\":1,\"name\":\"Home\",\"item\":\"https:\\\/\\\/drpillman.biz\\\/fr\\\/\"},{\"@type\":\"ListItem\",\"position\":2,\"name\":\"Naltrexona\"}]},{\"@type\":\"WebSite\",\"@id\":\"https:\\\/\\\/drpillman.biz\\\/fr\\\/#website\",\"url\":\"https:\\\/\\\/drpillman.biz\\\/fr\\\/\",\"name\":\"Dr.Pillman\",\"description\":\"\",\"potentialAction\":[{\"@type\":\"SearchAction\",\"target\":{\"@type\":\"EntryPoint\",\"urlTemplate\":\"https:\\\/\\\/drpillman.biz\\\/fr\\\/?s={search_term_string}\"},\"query-input\":{\"@type\":\"PropertyValueSpecification\",\"valueRequired\":true,\"valueName\":\"search_term_string\"}}],\"inLanguage\":\"es\"}]}<\/script>\n<!-- \/ Yoast SEO plugin. -->","yoast_head_json":{"title":"Puede comprar clorhidrato de naltrexone 50 mg en l\u00ednea si desea ahorrar algo de tiempo y pagar menos dinero por el mismo medicamento de calidad","description":"Compre uno de los mejores antagonistas opioides naltrexone hidrocloruro 50 mg para lidiar con su adicci\u00f3n a las drogas narc\u00f3ticas o el alcohol de manera eficiente, sin sacrificar ninguna de las cosas en la vida que sol\u00eda disfrutar.","robots":{"index":"index","follow":"follow","max-snippet":"max-snippet:-1","max-image-preview":"max-image-preview:large","max-video-preview":"max-video-preview:-1"},"canonical":"https:\/\/drpillman.biz\/es\/naltrexone.htm","og_locale":"es_ES","og_type":"article","og_title":"Puede comprar clorhidrato de naltrexone 50 mg en l\u00ednea si desea ahorrar algo de tiempo y pagar menos dinero por el mismo medicamento de calidad","og_description":"Compre uno de los mejores antagonistas opioides naltrexone hidrocloruro 50 mg para lidiar con su adicci\u00f3n a las drogas narc\u00f3ticas o el alcohol de manera eficiente, sin sacrificar ninguna de las cosas en la vida que sol\u00eda disfrutar.","og_url":"https:\/\/drpillman.biz\/es\/naltrexone.htm","og_site_name":"Dr.Pillman","article_modified_time":"2024-05-17T19:21:09+00:00","twitter_card":"summary_large_image","schema":{"@context":"https:\/\/schema.org","@graph":[{"@type":"WebPage","@id":"https:\/\/drpillman.biz\/es\/naltrexone.htm","url":"https:\/\/drpillman.biz\/es\/naltrexone.htm","name":"Puede comprar clorhidrato de naltrexone 50 mg en l\u00ednea si desea ahorrar algo de tiempo y pagar menos dinero por el mismo medicamento de calidad","isPartOf":{"@id":"https:\/\/drpillman.biz\/fr\/#website"},"datePublished":"2013-04-11T09:49:25+00:00","dateModified":"2024-05-17T19:21:09+00:00","description":"Compre uno de los mejores antagonistas opioides naltrexone hidrocloruro 50 mg para lidiar con su adicci\u00f3n a las drogas narc\u00f3ticas o el alcohol de manera eficiente, sin sacrificar ninguna de las cosas en la vida que sol\u00eda disfrutar.","breadcrumb":{"@id":"https:\/\/drpillman.biz\/es\/naltrexone.htm#breadcrumb"},"inLanguage":"es","potentialAction":[{"@type":"ReadAction","target":["https:\/\/drpillman.biz\/es\/naltrexone.htm"]}]},{"@type":"BreadcrumbList","@id":"https:\/\/drpillman.biz\/es\/naltrexone.htm#breadcrumb","itemListElement":[{"@type":"ListItem","position":1,"name":"Home","item":"https:\/\/drpillman.biz\/fr\/"},{"@type":"ListItem","position":2,"name":"Naltrexona"}]},{"@type":"WebSite","@id":"https:\/\/drpillman.biz\/fr\/#website","url":"https:\/\/drpillman.biz\/fr\/","name":"Dr.Pillman","description":"","potentialAction":[{"@type":"SearchAction","target":{"@type":"EntryPoint","urlTemplate":"https:\/\/drpillman.biz\/fr\/?s={search_term_string}"},"query-input":{"@type":"PropertyValueSpecification","valueRequired":true,"valueName":"search_term_string"}}],"inLanguage":"es"}]}},"_links":{"self":[{"href":"https:\/\/drpillman.biz\/es\/wp-json\/wp\/v2\/pages\/136","targetHints":{"allow":["GET"]}}],"collection":[{"href":"https:\/\/drpillman.biz\/es\/wp-json\/wp\/v2\/pages"}],"about":[{"href":"https:\/\/drpillman.biz\/es\/wp-json\/wp\/v2\/types\/page"}],"author":[{"embeddable":true,"href":"https:\/\/drpillman.biz\/es\/wp-json\/wp\/v2\/users\/3"}],"replies":[{"embeddable":true,"href":"https:\/\/drpillman.biz\/es\/wp-json\/wp\/v2\/comments?post=136"}],"version-history":[{"count":0,"href":"https:\/\/drpillman.biz\/es\/wp-json\/wp\/v2\/pages\/136\/revisions"}],"wp:attachment":[{"href":"https:\/\/drpillman.biz\/es\/wp-json\/wp\/v2\/media?parent=136"}],"curies":[{"name":"wp","href":"https:\/\/api.w.org\/{rel}","templated":true}]}}