{"id":139,"date":"2013-01-20T01:50:44","date_gmt":"2013-01-20T01:50:44","guid":{"rendered":"https:\/\/drpillman.biz\/?page_id=139"},"modified":"2024-05-17T20:23:01","modified_gmt":"2024-05-17T19:23:01","slug":"naproxen","status":"publish","type":"page","link":"https:\/\/drpillman.biz\/es\/naproxen.htm","title":{"rendered":"Naproxen"},"content":{"rendered":"<div id=\"content-center\">\n<div id=\"content-image\"><img decoding=\"async\" src=\"\/img\/Naproxen.jpg\" alt=\"Naproxeno\" \/><\/div>\n<div id=\"content-description\">\n<h1>Naproxeno<\/h1>\n<p> <code><a href=\"https:\/\/200pills.com\/search.html?key=Naproxen\"> <button class=\"button-7\" role=\"button\">Comprar en l\u00ednealo<\/button><\/a><\/code><\/p>\n<div class=\"gray\"><\/div>\n<div class=\"clear\"><\/div>\n<div id=\"description\">El naproxeno es un AINE que trata el dolor y la inflamaci\u00f3n causados por la tendinitis, la lechada, la artritis o el dolor asociado a los dolores menstruales. El naproxeno se utiliza no s\u00f3lo para aliviar la inflamaci\u00f3n y el dolor causados por los trastornos articulares o el reumatismo, sino tambi\u00e9n para el dolor muscular y de los tendones, para el tratamiento de la gota o los dolores menstruales, as\u00ed como para el tratamiento de las migra\u00f1as, los esguinces y las distensiones.<\/div>\n<div id=\"additional\">Sin\u00f3nimos: <span>Naprosyn<\/span><\/div>\n<\/div>\n<div class=\"clear\"><\/div>\n<h2>Mecanismo de acci\u00f3n<\/h2>\n<p>El naproxeno bloquea la enzima COX, que estimula la producci\u00f3n de ciertas sustancias qu\u00edmicas despu\u00e9s de una lesi\u00f3n grave &#8211; al bloquear esta enzima, el naproxeno reduce autom\u00e1ticamente el dolor y la inflamaci\u00f3n. Algunas formas del medicamento vienen con un recubrimiento especial que protege el est\u00f3mago contra las \u00falceras y las irritaciones, mientras que otras formas est\u00e1n disponibles con f\u00f3rmula de liberaci\u00f3n prolongada.<\/p>\n<h2>Precauciones<\/h2>\n<p>Aunque el naproxeno es un medicamento generalmente seguro, es esencial que pregunte a su farmac\u00e9utico antes de empezar a utilizarlo, ya que puede interactuar con otros medicamentos (especialmente con otros AINE como el ibuprofeno y los medicamentos que contienen aspirina o ketoprofeno). Tambi\u00e9n se aconseja a los pacientes que disminuyan la ingesta de alcohol durante el curso del tratamiento, ya que puede provocar hemorragias y molestias estomacales.<\/p>\n<p>El naproxeno ha sido probado previamente y se ha considerado peligroso para las mujeres embarazadas o en periodo de lactancia, ya que puede causar defectos de nacimiento. Las mujeres embarazadas deben evitar tomar Naproxeno a toda costa, ya que puede pasar a la leche materna o influir en el desarrollo del feto. El naproxeno est\u00e1 destinado \u00fanicamente a los adultos y no debe administrarse a los ni\u00f1os, a menos que su m\u00e9dico se lo indique.<\/p>\n<p>Las personas al\u00e9rgicas al Naproxeno o a otros AINE similares deben evitar tomar este medicamento, ya que es muy posible que se produzca una reacci\u00f3n al\u00e9rgica. Si usted experimenta hinchaz\u00f3n de la lengua, los labios y la cara junto con la falta de aire y ocasionalmente urticaria en todo el cuerpo, entonces usted podr\u00eda tener una reacci\u00f3n al\u00e9rgica al Naproxeno o uno de sus ingredientes y necesita ayuda profesional de inmediato.<\/p>\n<p>Por \u00faltimo, pero no por ello menos importante, los pacientes con p\u00f3lipos en la nariz y los que padecen trastornos de la coagulaci\u00f3n de la sangre o trastornos hemorr\u00e1gicos tambi\u00e9n deben tener mucha precauci\u00f3n al utilizar Naproxeno. Tambi\u00e9n se aconseja encarecidamente a los fumadores que reduzcan el n\u00famero de cigarrillos al d\u00eda.<\/p>\n<h2>Efectos secundarios y riesgos<\/h2>\n<p>Al igual que los dem\u00e1s AINE, el naproxeno puede aumentar el riesgo de sufrir un accidente cerebrovascular o un ataque card\u00edaco a largo plazo; este aspecto es especialmente peligroso para quienes ya padecen una enfermedad card\u00edaca o tienen antecedentes familiares de enfermedad card\u00edaca, diabetes o hipertensi\u00f3n. El naproxeno no est\u00e1 pensado para un uso prolongado. En casos aislados, puede da\u00f1ar el est\u00f3mago o los intestinos y los pacientes de edad avanzada corren mayor riesgo que los j\u00f3venes. Vigila siempre los efectos secundarios: si notas alg\u00fan cambio o reacci\u00f3n adversa, deja de tomar Naproxeno y ponte en contacto con tu m\u00e9dico inmediatamente.<\/p>\n<h2>Comprar Naproxeno Online Para Aliviar el Dolor<\/h2>\n<p>El naproxeno est\u00e1 disponible en diferentes concentraciones, y las m\u00e1s populares son el naproxeno de 250 mg y el de 500 mg. Puede encontrar ambas versiones en l\u00ednea y comprar Naproxen en una farmacia online en cuesti\u00f3n de segundos. Este medicamento de marca utiliza ingredientes de primera categor\u00eda junto con un precio asequible y un proceso de pedido c\u00f3modo!<\/p>\n<\/div>\n","protected":false},"excerpt":{"rendered":"<p>Naproxeno Comprar en l\u00ednealo El naproxeno es un AINE que trata el dolor y la inflamaci\u00f3n causados por la tendinitis,<\/p>\n","protected":false},"author":3,"featured_media":0,"parent":0,"menu_order":0,"comment_status":"closed","ping_status":"closed","template":"","meta":{"_lmt_disableupdate":"no","_lmt_disable":"no","footnotes":""},"class_list":["post-139","page","type-page","status-publish","hentry"],"translation":{"provider":"WPGlobus","version":"3.0.2","language":"es","enabled_languages":["en","es","fr"],"languages":{"en":{"title":true,"content":true,"excerpt":false},"es":{"title":true,"content":true,"excerpt":false},"fr":{"title":true,"content":true,"excerpt":false}}},"yoast_head":"<!-- This site is optimized with the Yoast SEO plugin v27.4 - https:\/\/yoast.com\/product\/yoast-seo-wordpress\/ -->\n<title>Naproxen en l\u00ednea para el tratamiento del dolor y la inflamaci\u00f3n | Comprar naproxen 250 y 500 mg<\/title>\n<meta name=\"description\" content=\"Si tiene dolor e inflamaci\u00f3n debido a artritis o afecciones similares, es posible que deba comprar naproxeno de 250 mg o 500 mg en l\u00ednea y asegurarse de que los s\u00edntomas est\u00e9n bajo su control total.\" \/>\n<meta name=\"robots\" content=\"index, follow, max-snippet:-1, max-image-preview:large, max-video-preview:-1\" \/>\n<link rel=\"canonical\" href=\"https:\/\/drpillman.biz\/naproxen.htm\" \/>\n<meta property=\"og:locale\" content=\"es_ES\" \/>\n<meta property=\"og:type\" content=\"article\" \/>\n<meta property=\"og:title\" content=\"Naproxen en l\u00ednea para el tratamiento del dolor y la inflamaci\u00f3n | Comprar naproxen 250 y 500 mg\" \/>\n<meta property=\"og:description\" content=\"Si tiene dolor e inflamaci\u00f3n debido a artritis o afecciones similares, es posible que deba comprar naproxeno de 250 mg o 500 mg en l\u00ednea y asegurarse de que los s\u00edntomas est\u00e9n bajo su control total.\" \/>\n<meta property=\"og:url\" content=\"https:\/\/drpillman.biz\/naproxen.htm\" \/>\n<meta property=\"og:site_name\" content=\"Dr.Pillman\" \/>\n<meta property=\"article:modified_time\" content=\"2024-05-17T19:23:01+00:00\" \/>\n<meta name=\"twitter:card\" content=\"summary_large_image\" \/>\n<script type=\"application\/ld+json\" class=\"yoast-schema-graph\">{\"@context\":\"https:\\\/\\\/schema.org\",\"@graph\":[{\"@type\":\"WebPage\",\"@id\":\"https:\\\/\\\/drpillman.biz\\\/naproxen.htm\",\"url\":\"https:\\\/\\\/drpillman.biz\\\/naproxen.htm\",\"name\":\"Naproxen Online For The Treatment Of Pain And Inflammation | Buy Naproxen 250 and 500 mg\",\"isPartOf\":{\"@id\":\"https:\\\/\\\/drpillman.biz\\\/fr\\\/#website\"},\"datePublished\":\"2013-01-20T01:50:44+00:00\",\"dateModified\":\"2024-05-17T19:23:01+00:00\",\"description\":\"Si tiene dolor e inflamaci\u00f3n debido a artritis o afecciones similares, es posible que deba comprar naproxeno de 250 mg o 500 mg en l\u00ednea y asegurarse de que los s\u00edntomas est\u00e9n bajo su control total.\",\"breadcrumb\":{\"@id\":\"https:\\\/\\\/drpillman.biz\\\/naproxen.htm#breadcrumb\"},\"inLanguage\":\"es\",\"potentialAction\":[{\"@type\":\"ReadAction\",\"target\":[\"https:\\\/\\\/drpillman.biz\\\/naproxen.htm\"]}]},{\"@type\":\"BreadcrumbList\",\"@id\":\"https:\\\/\\\/drpillman.biz\\\/naproxen.htm#breadcrumb\",\"itemListElement\":[{\"@type\":\"ListItem\",\"position\":1,\"name\":\"Home\",\"item\":\"https:\\\/\\\/drpillman.biz\\\/fr\\\/\"},{\"@type\":\"ListItem\",\"position\":2,\"name\":\"Naproxen\"}]},{\"@type\":\"WebSite\",\"@id\":\"https:\\\/\\\/drpillman.biz\\\/fr\\\/#website\",\"url\":\"https:\\\/\\\/drpillman.biz\\\/fr\\\/\",\"name\":\"Dr.Pillman\",\"description\":\"\",\"potentialAction\":[{\"@type\":\"SearchAction\",\"target\":{\"@type\":\"EntryPoint\",\"urlTemplate\":\"https:\\\/\\\/drpillman.biz\\\/fr\\\/?s={search_term_string}\"},\"query-input\":{\"@type\":\"PropertyValueSpecification\",\"valueRequired\":true,\"valueName\":\"search_term_string\"}}],\"inLanguage\":\"es\"}]}<\/script>\n<!-- \/ Yoast SEO plugin. -->","yoast_head_json":{"title":"Naproxen en l\u00ednea para el tratamiento del dolor y la inflamaci\u00f3n | Comprar naproxen 250 y 500 mg","description":"Si tiene dolor e inflamaci\u00f3n debido a artritis o afecciones similares, es posible que deba comprar naproxeno de 250 mg o 500 mg en l\u00ednea y asegurarse de que los s\u00edntomas est\u00e9n bajo su control total.","robots":{"index":"index","follow":"follow","max-snippet":"max-snippet:-1","max-image-preview":"max-image-preview:large","max-video-preview":"max-video-preview:-1"},"canonical":"https:\/\/drpillman.biz\/naproxen.htm","og_locale":"es_ES","og_type":"article","og_title":"Naproxen en l\u00ednea para el tratamiento del dolor y la inflamaci\u00f3n | Comprar naproxen 250 y 500 mg","og_description":"Si tiene dolor e inflamaci\u00f3n debido a artritis o afecciones similares, es posible que deba comprar naproxeno de 250 mg o 500 mg en l\u00ednea y asegurarse de que los s\u00edntomas est\u00e9n bajo su control total.","og_url":"https:\/\/drpillman.biz\/naproxen.htm","og_site_name":"Dr.Pillman","article_modified_time":"2024-05-17T19:23:01+00:00","twitter_card":"summary_large_image","schema":{"@context":"https:\/\/schema.org","@graph":[{"@type":"WebPage","@id":"https:\/\/drpillman.biz\/naproxen.htm","url":"https:\/\/drpillman.biz\/naproxen.htm","name":"Naproxen Online For The Treatment Of Pain And Inflammation | Buy Naproxen 250 and 500 mg","isPartOf":{"@id":"https:\/\/drpillman.biz\/fr\/#website"},"datePublished":"2013-01-20T01:50:44+00:00","dateModified":"2024-05-17T19:23:01+00:00","description":"Si tiene dolor e inflamaci\u00f3n debido a artritis o afecciones similares, es posible que deba comprar naproxeno de 250 mg o 500 mg en l\u00ednea y asegurarse de que los s\u00edntomas est\u00e9n bajo su control total.","breadcrumb":{"@id":"https:\/\/drpillman.biz\/naproxen.htm#breadcrumb"},"inLanguage":"es","potentialAction":[{"@type":"ReadAction","target":["https:\/\/drpillman.biz\/naproxen.htm"]}]},{"@type":"BreadcrumbList","@id":"https:\/\/drpillman.biz\/naproxen.htm#breadcrumb","itemListElement":[{"@type":"ListItem","position":1,"name":"Home","item":"https:\/\/drpillman.biz\/fr\/"},{"@type":"ListItem","position":2,"name":"Naproxen"}]},{"@type":"WebSite","@id":"https:\/\/drpillman.biz\/fr\/#website","url":"https:\/\/drpillman.biz\/fr\/","name":"Dr.Pillman","description":"","potentialAction":[{"@type":"SearchAction","target":{"@type":"EntryPoint","urlTemplate":"https:\/\/drpillman.biz\/fr\/?s={search_term_string}"},"query-input":{"@type":"PropertyValueSpecification","valueRequired":true,"valueName":"search_term_string"}}],"inLanguage":"es"}]}},"_links":{"self":[{"href":"https:\/\/drpillman.biz\/es\/wp-json\/wp\/v2\/pages\/139","targetHints":{"allow":["GET"]}}],"collection":[{"href":"https:\/\/drpillman.biz\/es\/wp-json\/wp\/v2\/pages"}],"about":[{"href":"https:\/\/drpillman.biz\/es\/wp-json\/wp\/v2\/types\/page"}],"author":[{"embeddable":true,"href":"https:\/\/drpillman.biz\/es\/wp-json\/wp\/v2\/users\/3"}],"replies":[{"embeddable":true,"href":"https:\/\/drpillman.biz\/es\/wp-json\/wp\/v2\/comments?post=139"}],"version-history":[{"count":0,"href":"https:\/\/drpillman.biz\/es\/wp-json\/wp\/v2\/pages\/139\/revisions"}],"wp:attachment":[{"href":"https:\/\/drpillman.biz\/es\/wp-json\/wp\/v2\/media?parent=139"}],"curies":[{"name":"wp","href":"https:\/\/api.w.org\/{rel}","templated":true}]}}