{"id":142,"date":"2013-06-17T07:09:03","date_gmt":"2013-06-17T06:09:03","guid":{"rendered":"https:\/\/drpillman.biz\/?page_id=142"},"modified":"2024-05-17T20:24:52","modified_gmt":"2024-05-17T19:24:52","slug":"nitrofurantoin","status":"publish","type":"page","link":"https:\/\/drpillman.biz\/es\/nitrofurantoin.htm","title":{"rendered":"Nitrofuranto\u00edna"},"content":{"rendered":"<div id=\"content-center\">\n<div id=\"content-image\">\n\t\t\t\t\t<img decoding=\"async\" src=\"\/img\/Nitrofurantoin.jpg\" alt=\"Nitrofuranto\u00edna\" \/><\/div>\n<div id=\"content-description\">\n<h1>Nitrofuranto\u00edna<\/h1>\n<p> <code><a href=\"https:\/\/200pills.com\/search.html?key=Nitrofurantoin\"> <button class=\"button-7\" role=\"button\">Comprar en l\u00ednea<\/button><\/a><\/code> <\/p>\n<div class=\"gray\"><\/div>\n<div class=\"clear\"><\/div>\n<div id=\"description\">\n\t\t\t\t\t\tLa nitrofuranto\u00edna se prescribe para el tratamiento de infecciones espec\u00edficas del tracto urinario o para su prevenci\u00f3n eficaz. Este antibi\u00f3tico puede tener que tomarse con alg\u00fan alimento o leche para evitar los s\u00edntomas estomacales que pueden molestar a un n\u00famero comparativamente peque\u00f1o de pacientes.<\/div>\n<div id=\"additional\">\n\t\t\t\t\t\tSin\u00f3nimos:<span> Furadantin<\/span>\n<\/div>\n<\/div>\n<div class=\"clear\"><\/div>\n<p>La nitrofuranto\u00edna es un antibi\u00f3tico utilizado para el tratamiento de las infecciones que afectan al tracto urinario, siendo especialmente eficaz contra la E. Bacterias Coli, Enterobacter, Enterococcus, Staphylococcus Aureus y Klebsiella. Sus efectos se basan en impedir que la bacteria se extienda de forma incontrolada, lo que ayuda a tu sistema inmunitario a tomar el control del organismo y combatir la infecci\u00f3n m\u00e1s r\u00e1pidamente. La nitrofuranto\u00edna no est\u00e1 indicada para el tratamiento de infecciones v\u00edricas, ya que los virus no son organismos vivos y no responden a los efectos del medicamento. Si no est\u00e1 seguro de d\u00f3nde conseguir Nitrofurantoin, deber\u00eda probarlo s\u00f3lo esta vez y comprar Nitrofurantoin 50 mg o 100 mg en una farmacia online. Las farmacias en l\u00ednea son muy populares hoy en d\u00eda, ya que ofrecen Nitrofuranto\u00edna 100 mg o 50 mg de alta calidad sin necesidad de receta m\u00e9dica. Tambi\u00e9n puede comprar Nitrofurantoin a cualquier hora del d\u00eda o de la noche, lo que lo hace muy conveniente comparado con una farmacia normal con sus horas de trabajo y d\u00edas libres. La nitrofuranto\u00edna debe tomarse por v\u00eda oral, con leche o alg\u00fan alimento, a menos que su m\u00e9dico le indique lo contrario. Siempre es mejor tomar Nitrofuranto\u00edna a la misma hora y de la misma manera porque los antibi\u00f3ticos act\u00faan con mayor eficacia cuando se mantiene el mismo nivel del medicamento en el torrente sangu\u00edneo. Debe consultar con su m\u00e9dico la duraci\u00f3n de su tratamiento y si necesita comprar Nitrofuranto\u00edna 50 mg o 100 mg para asegurarse de que est\u00e1 tomando la dosis m\u00ednima eficaz.<\/p>\n<h2>Efectos secundarios<\/h2>\n<p>La nitrofuranto\u00edna, como la mayor\u00eda de los medicamentos, puede provocar efectos secundarios en algunos pacientes. La posibilidad de desarrollar efectos secundarios y su intensidad no puede predecirse, porque cada paciente tiene una forma \u00fanica de reaccionar a los nuevos medicamentos que se toman. Los efectos secundarios m\u00e1s comunes con Nitrofuranto\u00edna son dolor de cabeza, p\u00e9rdida de apetito, n\u00e1useas y v\u00f3mitos. Debe hablar con su m\u00e9dico o notificar a su farmac\u00e9utico si alguno de esos efectos secundarios menores empeora o no desaparece despu\u00e9s de alg\u00fan tiempo.<\/p>\n<\/div>\n","protected":false},"excerpt":{"rendered":"<p>Nitrofuranto\u00edna Comprar en l\u00ednea La nitrofuranto\u00edna se prescribe para el tratamiento de infecciones espec\u00edficas del tracto urinario o para su<\/p>\n","protected":false},"author":3,"featured_media":0,"parent":0,"menu_order":0,"comment_status":"closed","ping_status":"closed","template":"","meta":{"_lmt_disableupdate":"no","_lmt_disable":"no","footnotes":""},"class_list":["post-142","page","type-page","status-publish","hentry"],"translation":{"provider":"WPGlobus","version":"3.0.2","language":"es","enabled_languages":["en","es","fr"],"languages":{"en":{"title":true,"content":true,"excerpt":false},"es":{"title":true,"content":true,"excerpt":false},"fr":{"title":true,"content":true,"excerpt":false}}},"yoast_head":"<!-- This site is optimized with the Yoast SEO plugin v27.4 - https:\/\/yoast.com\/product\/yoast-seo-wordpress\/ -->\n<title>Compre nitrofurantoin 50 y 100 mg y trate su infecci\u00f3n urinaria de manera eficiente, deshaci\u00e9ndose de los s\u00edntomas desagradables poco despu\u00e9s de comenzar<\/title>\n<meta name=\"description\" content=\"Compre nitrofuranto\u00edna de calidad 50 mg y 100 mg. Puede ordenar este antibi\u00f3tico eficiente y seguro por adelantado para tratar infecciones del tracto urinario causadas por tipos espec\u00edficos de bacterias.\" \/>\n<meta name=\"robots\" content=\"index, follow, max-snippet:-1, max-image-preview:large, max-video-preview:-1\" \/>\n<link rel=\"canonical\" href=\"https:\/\/drpillman.biz\/nitrofurantoin.htm\" \/>\n<meta property=\"og:locale\" content=\"es_ES\" \/>\n<meta property=\"og:type\" content=\"article\" \/>\n<meta property=\"og:title\" content=\"Compre nitrofurantoin 50 y 100 mg y trate su infecci\u00f3n urinaria de manera eficiente, deshaci\u00e9ndose de los s\u00edntomas desagradables poco despu\u00e9s de comenzar\" \/>\n<meta property=\"og:description\" content=\"Compre nitrofuranto\u00edna de calidad 50 mg y 100 mg. Puede ordenar este antibi\u00f3tico eficiente y seguro por adelantado para tratar infecciones del tracto urinario causadas por tipos espec\u00edficos de bacterias.\" \/>\n<meta property=\"og:url\" content=\"https:\/\/drpillman.biz\/nitrofurantoin.htm\" \/>\n<meta property=\"og:site_name\" content=\"Dr.Pillman\" \/>\n<meta property=\"article:modified_time\" content=\"2024-05-17T19:24:52+00:00\" \/>\n<meta name=\"twitter:card\" content=\"summary_large_image\" \/>\n<script type=\"application\/ld+json\" class=\"yoast-schema-graph\">{\"@context\":\"https:\\\/\\\/schema.org\",\"@graph\":[{\"@type\":\"WebPage\",\"@id\":\"https:\\\/\\\/drpillman.biz\\\/nitrofurantoin.htm\",\"url\":\"https:\\\/\\\/drpillman.biz\\\/nitrofurantoin.htm\",\"name\":\"Buy Nitrofurantoin 50 & 100 mg and treat your urinary infection efficiently, getting rid of the unpleasant symptoms soon after you start\",\"isPartOf\":{\"@id\":\"https:\\\/\\\/drpillman.biz\\\/fr\\\/#website\"},\"datePublished\":\"2013-06-17T06:09:03+00:00\",\"dateModified\":\"2024-05-17T19:24:52+00:00\",\"description\":\"Compre nitrofuranto\u00edna de calidad 50 mg y 100 mg. Puede ordenar este antibi\u00f3tico eficiente y seguro por adelantado para tratar infecciones del tracto urinario causadas por tipos espec\u00edficos de bacterias.\",\"breadcrumb\":{\"@id\":\"https:\\\/\\\/drpillman.biz\\\/nitrofurantoin.htm#breadcrumb\"},\"inLanguage\":\"es\",\"potentialAction\":[{\"@type\":\"ReadAction\",\"target\":[\"https:\\\/\\\/drpillman.biz\\\/nitrofurantoin.htm\"]}]},{\"@type\":\"BreadcrumbList\",\"@id\":\"https:\\\/\\\/drpillman.biz\\\/nitrofurantoin.htm#breadcrumb\",\"itemListElement\":[{\"@type\":\"ListItem\",\"position\":1,\"name\":\"Home\",\"item\":\"https:\\\/\\\/drpillman.biz\\\/fr\\\/\"},{\"@type\":\"ListItem\",\"position\":2,\"name\":\"Nitrofurantoin\"}]},{\"@type\":\"WebSite\",\"@id\":\"https:\\\/\\\/drpillman.biz\\\/fr\\\/#website\",\"url\":\"https:\\\/\\\/drpillman.biz\\\/fr\\\/\",\"name\":\"Dr.Pillman\",\"description\":\"\",\"potentialAction\":[{\"@type\":\"SearchAction\",\"target\":{\"@type\":\"EntryPoint\",\"urlTemplate\":\"https:\\\/\\\/drpillman.biz\\\/fr\\\/?s={search_term_string}\"},\"query-input\":{\"@type\":\"PropertyValueSpecification\",\"valueRequired\":true,\"valueName\":\"search_term_string\"}}],\"inLanguage\":\"es\"}]}<\/script>\n<!-- \/ Yoast SEO plugin. -->","yoast_head_json":{"title":"Compre nitrofurantoin 50 y 100 mg y trate su infecci\u00f3n urinaria de manera eficiente, deshaci\u00e9ndose de los s\u00edntomas desagradables poco despu\u00e9s de comenzar","description":"Compre nitrofuranto\u00edna de calidad 50 mg y 100 mg. Puede ordenar este antibi\u00f3tico eficiente y seguro por adelantado para tratar infecciones del tracto urinario causadas por tipos espec\u00edficos de bacterias.","robots":{"index":"index","follow":"follow","max-snippet":"max-snippet:-1","max-image-preview":"max-image-preview:large","max-video-preview":"max-video-preview:-1"},"canonical":"https:\/\/drpillman.biz\/nitrofurantoin.htm","og_locale":"es_ES","og_type":"article","og_title":"Compre nitrofurantoin 50 y 100 mg y trate su infecci\u00f3n urinaria de manera eficiente, deshaci\u00e9ndose de los s\u00edntomas desagradables poco despu\u00e9s de comenzar","og_description":"Compre nitrofuranto\u00edna de calidad 50 mg y 100 mg. Puede ordenar este antibi\u00f3tico eficiente y seguro por adelantado para tratar infecciones del tracto urinario causadas por tipos espec\u00edficos de bacterias.","og_url":"https:\/\/drpillman.biz\/nitrofurantoin.htm","og_site_name":"Dr.Pillman","article_modified_time":"2024-05-17T19:24:52+00:00","twitter_card":"summary_large_image","schema":{"@context":"https:\/\/schema.org","@graph":[{"@type":"WebPage","@id":"https:\/\/drpillman.biz\/nitrofurantoin.htm","url":"https:\/\/drpillman.biz\/nitrofurantoin.htm","name":"Buy Nitrofurantoin 50 & 100 mg and treat your urinary infection efficiently, getting rid of the unpleasant symptoms soon after you start","isPartOf":{"@id":"https:\/\/drpillman.biz\/fr\/#website"},"datePublished":"2013-06-17T06:09:03+00:00","dateModified":"2024-05-17T19:24:52+00:00","description":"Compre nitrofuranto\u00edna de calidad 50 mg y 100 mg. Puede ordenar este antibi\u00f3tico eficiente y seguro por adelantado para tratar infecciones del tracto urinario causadas por tipos espec\u00edficos de bacterias.","breadcrumb":{"@id":"https:\/\/drpillman.biz\/nitrofurantoin.htm#breadcrumb"},"inLanguage":"es","potentialAction":[{"@type":"ReadAction","target":["https:\/\/drpillman.biz\/nitrofurantoin.htm"]}]},{"@type":"BreadcrumbList","@id":"https:\/\/drpillman.biz\/nitrofurantoin.htm#breadcrumb","itemListElement":[{"@type":"ListItem","position":1,"name":"Home","item":"https:\/\/drpillman.biz\/fr\/"},{"@type":"ListItem","position":2,"name":"Nitrofurantoin"}]},{"@type":"WebSite","@id":"https:\/\/drpillman.biz\/fr\/#website","url":"https:\/\/drpillman.biz\/fr\/","name":"Dr.Pillman","description":"","potentialAction":[{"@type":"SearchAction","target":{"@type":"EntryPoint","urlTemplate":"https:\/\/drpillman.biz\/fr\/?s={search_term_string}"},"query-input":{"@type":"PropertyValueSpecification","valueRequired":true,"valueName":"search_term_string"}}],"inLanguage":"es"}]}},"_links":{"self":[{"href":"https:\/\/drpillman.biz\/es\/wp-json\/wp\/v2\/pages\/142","targetHints":{"allow":["GET"]}}],"collection":[{"href":"https:\/\/drpillman.biz\/es\/wp-json\/wp\/v2\/pages"}],"about":[{"href":"https:\/\/drpillman.biz\/es\/wp-json\/wp\/v2\/types\/page"}],"author":[{"embeddable":true,"href":"https:\/\/drpillman.biz\/es\/wp-json\/wp\/v2\/users\/3"}],"replies":[{"embeddable":true,"href":"https:\/\/drpillman.biz\/es\/wp-json\/wp\/v2\/comments?post=142"}],"version-history":[{"count":0,"href":"https:\/\/drpillman.biz\/es\/wp-json\/wp\/v2\/pages\/142\/revisions"}],"wp:attachment":[{"href":"https:\/\/drpillman.biz\/es\/wp-json\/wp\/v2\/media?parent=142"}],"curies":[{"name":"wp","href":"https:\/\/api.w.org\/{rel}","templated":true}]}}