{"id":148,"date":"2013-09-12T05:33:41","date_gmt":"2013-09-12T04:33:41","guid":{"rendered":"https:\/\/drpillman.biz\/?page_id=148"},"modified":"2024-05-21T10:35:10","modified_gmt":"2024-05-21T09:35:10","slug":"orlistat","status":"publish","type":"page","link":"https:\/\/drpillman.biz\/es\/orlistat.htm","title":{"rendered":"Orlistat"},"content":{"rendered":"<div id=\"content-center\">\n<div id=\"content-image\">\n\t\t\t\t\t<img decoding=\"async\" src=\"\/img\/Orlistat.jpg\" alt=\"Orlistat\" \/><\/div>\n<div id=\"content-description\">\n<h1>Orlistat<\/h1>\n<p> <code><a href=\"https:\/\/200pills.com\/search.html?key=Orlistat\"> <button class=\"button-7\" role=\"button\">Comprar en l\u00ednea<\/button><\/a><\/code> <\/p>\n<div class=\"gray\"><\/div>\n<div class=\"clear\"><\/div>\n<div id=\"description\">\n\t\t\t\t\t\tPara todos los que sufren de obesidad, existe un nuevo medicamento milagroso llamado Orlistat que puede reducir dr\u00e1sticamente su peso impidiendo la absorci\u00f3n de grasas por parte de su cuerpo. Este incre\u00edble f\u00e1rmaco est\u00e1 disponible en l\u00ednea, y los residentes del Reino Unido deber\u00edan considerar seriamente la posibilidad de comprar alguna cantidad de \u00e9l en l\u00ednea, con el fin de perder peso de una manera saludable y eficiente. Para el beneficio de los enfermos de obesidad de todo el mundo que buscan una gran oferta en un medicamento eficaz para la p\u00e9rdida de peso, ahora se presentar\u00e1 m\u00e1s informaci\u00f3n sobre el medicamento contra la obesidad Orlistat.<\/div>\n<div id=\"additional\">\n\t\t\t\t\t\tSin\u00f3nimos:<span> Xenical<\/span>\n<\/div>\n<\/div>\n<div class=\"clear\"><\/div>\n<p>Aprobado para su venta en el Reino Unido en 2009, este medicamento relativamente nuevo ya est\u00e1 ahorrando dinero a los compradores inteligentes, y tambi\u00e9n les ayuda a perder peso. Aunque tambi\u00e9n se han lanzado algunas versiones sin receta de este medicamento, no tienen la misma dosis que la versi\u00f3n con receta (la versi\u00f3n sin receta es una dosis de 60 mg, mientras que la versi\u00f3n con receta es una dosis de 120 mg).<\/p>\n<h2>Usos m\u00e9dicos<\/h2>\n<p>Orlistat utiliza un derivado saturado de un compuesto natural llamado lipstatina, cuya funci\u00f3n en nuestro organismo es inhibir las lipasas pancre\u00e1ticas. B\u00e1sicamente, lo que esto significa es que Orlistat le dar\u00e1 a su cuerpo la capacidad de absorber considerablemente menos grasas de las que su cuerpo normalmente absorber\u00eda sin el uso de este notable medicamento. Otro aspecto altamente positivo de usar Orlistat es que tiene una instancia muy alta de prevenir o reducir los casos de diabetes tipo 2 en ciertos individuos. Durante los ensayos cl\u00ednicos de Orlistat, se descubri\u00f3 que el f\u00e1rmaco hab\u00eda reducido la incidencia de la diabetes en aproximadamente el cuarenta por ciento de las personas obesas.<\/p>\n<h2>Efectos secundarios<\/h2>\n<p>Por suerte para los usuarios de Orlistat, los efectos secundarios son muy limitados y no suponen ning\u00fan tipo de riesgo significativo para su usuario. El \u00fanico efecto secundario potencial de tomar Orlistat es un problema gastrointestinal, llamado esteatorrea. Esta condici\u00f3n se refiere a tener heces sueltas o aceitosas, y se puede combatir f\u00e1cilmente simplemente con una dieta baja en grasas mientras se toma Orlistat. Cuando se han seguido al pie de la letra todas las recomendaciones asociadas a la toma de Orlistat 120 mg, este f\u00e1rmaco supone un peligro m\u00ednimo o nulo para su usuario. Comprar este medicamento en l\u00ednea es realmente el m\u00e9todo m\u00e1s c\u00f3modo y rentable de adquisici\u00f3n disponible hoy en d\u00eda.<\/p>\n<h2>Por qu\u00e9 comprar Orlistat en l\u00ednea?<\/h2>\n<p>Adquirir su medicamento Orlistat en l\u00ednea es realmente la mejor manera de comprarlo, ya que al utilizar Internet para comprar este medicamento, probablemente ahorrar\u00e1 una gran cantidad de dinero y tiempo en el proceso (en comparaci\u00f3n con la obtenci\u00f3n de este medicamento de alg\u00fan tipo de minorista o distribuidor en persona). Muchos clientes satisfechos en el Reino Unido ya han visto los incre\u00edbles ahorros y la conveniencia asociada con la compra de su medicamento Orlistat 120 mg en l\u00ednea, y esta tendencia seguramente s\u00f3lo crecer\u00e1 con el tiempo, ya que la expansi\u00f3n de Internet es una tendencia que no ha dejado de progresar y avanzar. Siendo el Orlistat un f\u00e1rmaco tan popular y de \u00e9xito casi inmediato, tendr\u00eda sentido intentar adquirirlo en l\u00ednea en la medida de lo posible. Esto se debe al hecho de que, en el pasado, el Orlistat ha sido muy escaso, con aumentos repentinos de precio debido a la relativa falta de disponibilidad de uno de los principales ingredientes del Orlistat.<\/p>\n<\/div>\n","protected":false},"excerpt":{"rendered":"<p>Orlistat Comprar en l\u00ednea Para todos los que sufren de obesidad, existe un nuevo medicamento milagroso llamado Orlistat que puede<\/p>\n","protected":false},"author":3,"featured_media":0,"parent":0,"menu_order":0,"comment_status":"closed","ping_status":"closed","template":"","meta":{"_lmt_disableupdate":"no","_lmt_disable":"no","footnotes":""},"class_list":["post-148","page","type-page","status-publish","hentry"],"translation":{"provider":"WPGlobus","version":"3.0.2","language":"es","enabled_languages":["en","es","fr"],"languages":{"en":{"title":true,"content":true,"excerpt":false},"es":{"title":true,"content":true,"excerpt":false},"fr":{"title":true,"content":true,"excerpt":false}}},"yoast_head":"<!-- This site is optimized with the Yoast SEO plugin v27.3 - https:\/\/yoast.com\/product\/yoast-seo-wordpress\/ -->\n<title>Comprar orlistat en l\u00ednea para tratar la obesidad | Ordenar orlistat 120 mg desde el Reino Unido<\/title>\n<meta name=\"description\" content=\"Compre orlistat 120 mg en l\u00ednea para deshacerse del peso excesivo sin tener que sufrir hambre. Una buena farmacia del Reino Unido puede darle una buena oferta para este y cualquier otro medicamento que pueda necesitar en alg\u00fan momento.\" \/>\n<meta name=\"robots\" content=\"index, follow, max-snippet:-1, max-image-preview:large, max-video-preview:-1\" \/>\n<link rel=\"canonical\" href=\"https:\/\/drpillman.biz\/fr\/orlistat.htm\" \/>\n<meta property=\"og:locale\" content=\"es_ES\" \/>\n<meta property=\"og:type\" content=\"article\" \/>\n<meta property=\"og:title\" content=\"Comprar orlistat en l\u00ednea para tratar la obesidad | Ordenar orlistat 120 mg desde el Reino Unido\" \/>\n<meta property=\"og:description\" content=\"Compre orlistat 120 mg en l\u00ednea para deshacerse del peso excesivo sin tener que sufrir hambre. Una buena farmacia del Reino Unido puede darle una buena oferta para este y cualquier otro medicamento que pueda necesitar en alg\u00fan momento.\" \/>\n<meta property=\"og:url\" content=\"https:\/\/drpillman.biz\/fr\/orlistat.htm\" \/>\n<meta property=\"og:site_name\" content=\"Dr.Pillman\" \/>\n<meta property=\"article:modified_time\" content=\"2024-05-21T09:35:10+00:00\" \/>\n<meta name=\"twitter:card\" content=\"summary_large_image\" \/>\n<script type=\"application\/ld+json\" class=\"yoast-schema-graph\">{\"@context\":\"https:\\\/\\\/schema.org\",\"@graph\":[{\"@type\":\"WebPage\",\"@id\":\"https:\\\/\\\/drpillman.biz\\\/fr\\\/orlistat.htm\",\"url\":\"https:\\\/\\\/drpillman.biz\\\/fr\\\/orlistat.htm\",\"name\":\"Acheter Orlistat 120 et 60 mg en ligne sans ordonnance en France\",\"isPartOf\":{\"@id\":\"https:\\\/\\\/drpillman.biz\\\/fr\\\/#website\"},\"datePublished\":\"2013-09-12T04:33:41+00:00\",\"dateModified\":\"2024-05-21T09:35:10+00:00\",\"description\":\"Compre orlistat 120 mg en l\u00ednea para deshacerse del peso excesivo sin tener que sufrir hambre. Una buena farmacia del Reino Unido puede darle una buena oferta para este y cualquier otro medicamento que pueda necesitar en alg\u00fan momento.\",\"breadcrumb\":{\"@id\":\"https:\\\/\\\/drpillman.biz\\\/fr\\\/orlistat.htm#breadcrumb\"},\"inLanguage\":\"es\",\"potentialAction\":[{\"@type\":\"ReadAction\",\"target\":[\"https:\\\/\\\/drpillman.biz\\\/fr\\\/orlistat.htm\"]}]},{\"@type\":\"BreadcrumbList\",\"@id\":\"https:\\\/\\\/drpillman.biz\\\/fr\\\/orlistat.htm#breadcrumb\",\"itemListElement\":[{\"@type\":\"ListItem\",\"position\":1,\"name\":\"Home\",\"item\":\"https:\\\/\\\/drpillman.biz\\\/fr\\\/\"},{\"@type\":\"ListItem\",\"position\":2,\"name\":\"Orlistat\"}]},{\"@type\":\"WebSite\",\"@id\":\"https:\\\/\\\/drpillman.biz\\\/fr\\\/#website\",\"url\":\"https:\\\/\\\/drpillman.biz\\\/fr\\\/\",\"name\":\"Dr.Pillman\",\"description\":\"\",\"potentialAction\":[{\"@type\":\"SearchAction\",\"target\":{\"@type\":\"EntryPoint\",\"urlTemplate\":\"https:\\\/\\\/drpillman.biz\\\/fr\\\/?s={search_term_string}\"},\"query-input\":{\"@type\":\"PropertyValueSpecification\",\"valueRequired\":true,\"valueName\":\"search_term_string\"}}],\"inLanguage\":\"es\"}]}<\/script>\n<!-- \/ Yoast SEO plugin. -->","yoast_head_json":{"title":"Comprar orlistat en l\u00ednea para tratar la obesidad | Ordenar orlistat 120 mg desde el Reino Unido","description":"Compre orlistat 120 mg en l\u00ednea para deshacerse del peso excesivo sin tener que sufrir hambre. Una buena farmacia del Reino Unido puede darle una buena oferta para este y cualquier otro medicamento que pueda necesitar en alg\u00fan momento.","robots":{"index":"index","follow":"follow","max-snippet":"max-snippet:-1","max-image-preview":"max-image-preview:large","max-video-preview":"max-video-preview:-1"},"canonical":"https:\/\/drpillman.biz\/fr\/orlistat.htm","og_locale":"es_ES","og_type":"article","og_title":"Comprar orlistat en l\u00ednea para tratar la obesidad | Ordenar orlistat 120 mg desde el Reino Unido","og_description":"Compre orlistat 120 mg en l\u00ednea para deshacerse del peso excesivo sin tener que sufrir hambre. Una buena farmacia del Reino Unido puede darle una buena oferta para este y cualquier otro medicamento que pueda necesitar en alg\u00fan momento.","og_url":"https:\/\/drpillman.biz\/fr\/orlistat.htm","og_site_name":"Dr.Pillman","article_modified_time":"2024-05-21T09:35:10+00:00","twitter_card":"summary_large_image","schema":{"@context":"https:\/\/schema.org","@graph":[{"@type":"WebPage","@id":"https:\/\/drpillman.biz\/fr\/orlistat.htm","url":"https:\/\/drpillman.biz\/fr\/orlistat.htm","name":"Acheter Orlistat 120 et 60 mg en ligne sans ordonnance en France","isPartOf":{"@id":"https:\/\/drpillman.biz\/fr\/#website"},"datePublished":"2013-09-12T04:33:41+00:00","dateModified":"2024-05-21T09:35:10+00:00","description":"Compre orlistat 120 mg en l\u00ednea para deshacerse del peso excesivo sin tener que sufrir hambre. Una buena farmacia del Reino Unido puede darle una buena oferta para este y cualquier otro medicamento que pueda necesitar en alg\u00fan momento.","breadcrumb":{"@id":"https:\/\/drpillman.biz\/fr\/orlistat.htm#breadcrumb"},"inLanguage":"es","potentialAction":[{"@type":"ReadAction","target":["https:\/\/drpillman.biz\/fr\/orlistat.htm"]}]},{"@type":"BreadcrumbList","@id":"https:\/\/drpillman.biz\/fr\/orlistat.htm#breadcrumb","itemListElement":[{"@type":"ListItem","position":1,"name":"Home","item":"https:\/\/drpillman.biz\/fr\/"},{"@type":"ListItem","position":2,"name":"Orlistat"}]},{"@type":"WebSite","@id":"https:\/\/drpillman.biz\/fr\/#website","url":"https:\/\/drpillman.biz\/fr\/","name":"Dr.Pillman","description":"","potentialAction":[{"@type":"SearchAction","target":{"@type":"EntryPoint","urlTemplate":"https:\/\/drpillman.biz\/fr\/?s={search_term_string}"},"query-input":{"@type":"PropertyValueSpecification","valueRequired":true,"valueName":"search_term_string"}}],"inLanguage":"es"}]}},"_links":{"self":[{"href":"https:\/\/drpillman.biz\/es\/wp-json\/wp\/v2\/pages\/148","targetHints":{"allow":["GET"]}}],"collection":[{"href":"https:\/\/drpillman.biz\/es\/wp-json\/wp\/v2\/pages"}],"about":[{"href":"https:\/\/drpillman.biz\/es\/wp-json\/wp\/v2\/types\/page"}],"author":[{"embeddable":true,"href":"https:\/\/drpillman.biz\/es\/wp-json\/wp\/v2\/users\/3"}],"replies":[{"embeddable":true,"href":"https:\/\/drpillman.biz\/es\/wp-json\/wp\/v2\/comments?post=148"}],"version-history":[{"count":0,"href":"https:\/\/drpillman.biz\/es\/wp-json\/wp\/v2\/pages\/148\/revisions"}],"wp:attachment":[{"href":"https:\/\/drpillman.biz\/es\/wp-json\/wp\/v2\/media?parent=148"}],"curies":[{"name":"wp","href":"https:\/\/api.w.org\/{rel}","templated":true}]}}