{"id":151,"date":"2013-08-24T02:46:01","date_gmt":"2013-08-24T01:46:01","guid":{"rendered":"https:\/\/drpillman.biz\/?page_id=151"},"modified":"2024-05-17T20:30:28","modified_gmt":"2024-05-17T19:30:28","slug":"paxil","status":"publish","type":"page","link":"https:\/\/drpillman.biz\/es\/paxil.htm","title":{"rendered":"Paxil"},"content":{"rendered":"<div id=\"content-center\">\n<div id=\"content-image\">\n\t\t\t\t\t<img decoding=\"async\" src=\"\/img\/Paxil.jpg\" alt=\"Paxil\" \/><\/div>\n<div id=\"content-description\">\n<h1>Paxil<\/h1>\n<p> <code><a href=\"https:\/\/200pills.com\/search.html?key=Paxil\"> <button class=\"button-7\" role=\"button\">Comprar en l\u00ednea<\/button><\/a><\/code><\/p>\n<div class=\"clear\"><\/div>\n<div id=\"description\">\n\t\t\t\t\t\tPaxil est\u00e1 destinado al tratamiento de la depresi\u00f3n, el trastorno obsesivo-compulsivo y otros trastornos causados por un desequilibrio de las sustancias qu\u00edmicas en el cerebro. Este medicamento es un inhibidor selectivo de la recaptaci\u00f3n de serotonina que mejorar\u00e1 su calidad de vida al cambiar el equilibrio de la serotonina en el cerebro.<\/div>\n<div id=\"additional\">\n\t\t\t\t\t\tSin\u00f3nimos:<span> Paroxetina<\/span>\n<\/div>\n<\/div>\n<div class=\"clear\"><\/div>\n<p>Paxil es un inhibidor selectivo de la recaptaci\u00f3n de serotonina que se utiliza para el tratamiento de las afecciones que se producen debido al desequilibrio de las sustancias qu\u00edmicas en el cerebro. Se prescribe con mayor frecuencia para el trastorno obsesivo-compulsivo, los trastornos de ansiedad, los ataques de p\u00e1nico, el s\u00edndrome de estr\u00e9s postraum\u00e1tico y el trastorno depresivo mayor. Los usos no indicados de Paxil incluyen el trastorno premenstrual y la depresi\u00f3n bipolar. Este medicamento restablece el equilibrio de las sustancias qu\u00edmicas en el cerebro, mejorando el estado de \u00e1nimo del paciente, aumentando el apetito y potenciando los niveles de energ\u00eda. Puede comprar Paxil en su farmacia local o comprar Paxil gen\u00e9rico (clorhidrato de paroxetina) en el Reino Unido a trav\u00e9s de Internet. Las farmacias en l\u00ednea que trabajan para los residentes del Reino Unido ofrecen un alto nivel de servicio, medicamentos de calidad excepcional y precios bajos que no deber\u00eda esperar encontrar en ning\u00fan otro lugar. Las farmacias del Reino Unido que ofrecen la posibilidad de comprar Paxil (clorhidrato de paroxetina) te permiten hacer un pedido en pocos minutos, con la seguridad de que la entrega ser\u00e1 puntual y podr\u00e1s empezar el tratamiento cuando lo necesites o seguir tomando Paxil si se te est\u00e1 acabando. Paxil suele tomarse una vez al d\u00eda con algo de comida o sin ella. Muchos pacientes prefieren tomar Paxil con algo de comida, ya que disminuye las posibilidades de tener n\u00e1useas. Aunque te sientas mucho mejor despu\u00e9s de empezar a tomar Paxil, aseg\u00farate de continuar con la misma rutina de tratamiento, tomando la dosis exacta prescrita. Su progreso puede perderse si interrumpe el tratamiento repentinamente antes de que su m\u00e9dico se lo indique.<\/p>\n<h2>Efectos secundarios<\/h2>\n<p>Paxil puede provocar efectos secundarios al iniciar el tratamiento, especialmente si la dosis es superior a la necesaria. Puede experimentar mareos, sequedad de boca, p\u00e9rdida de apetito, bostezos, n\u00e1useas, somnolencia, debilidad o problemas para dormir en alg\u00fan momento y tendr\u00e1 que vigilar esos efectos secundarios cuidadosamente. Si los efectos secundarios mencionados cambian de intensidad de manera que resulten demasiado molestos, lo mejor es hablar con el m\u00e9dico de inmediato para ver si es necesario realizar alg\u00fan ajuste.<\/p>\n<\/div>\n","protected":false},"excerpt":{"rendered":"<p>Paxil Comprar en l\u00ednea Paxil est\u00e1 destinado al tratamiento de la depresi\u00f3n, el trastorno obsesivo-compulsivo y otros trastornos causados por<\/p>\n","protected":false},"author":3,"featured_media":0,"parent":0,"menu_order":0,"comment_status":"closed","ping_status":"closed","template":"","meta":{"_lmt_disableupdate":"no","_lmt_disable":"no","footnotes":""},"class_list":["post-151","page","type-page","status-publish","hentry"],"translation":{"provider":"WPGlobus","version":"3.0.2","language":"es","enabled_languages":["en","es","fr"],"languages":{"en":{"title":true,"content":true,"excerpt":false},"es":{"title":true,"content":true,"excerpt":false},"fr":{"title":true,"content":true,"excerpt":false}}},"yoast_head":"<!-- This site is optimized with the Yoast SEO plugin v27.4 - https:\/\/yoast.com\/product\/yoast-seo-wordpress\/ -->\n<title>Compre Paxil (clorhidrato de paroxetina) convenientemente con una entrega r\u00e1pida y confiable directamente a su puerta<\/title>\n<meta name=\"description\" content=\"Paxil es un antidepresivo utilizado para tratar la depresi\u00f3n y una variedad de trastornos de ansiedad. Puede comprar clorhidrato de paroxetina y disfrutar de un env\u00edo r\u00e1pido para comenzar el tratamiento antes.\" \/>\n<meta name=\"robots\" content=\"index, follow, max-snippet:-1, max-image-preview:large, max-video-preview:-1\" \/>\n<link rel=\"canonical\" href=\"https:\/\/drpillman.biz\/paxil.htm\" \/>\n<meta property=\"og:locale\" content=\"es_ES\" \/>\n<meta property=\"og:type\" content=\"article\" \/>\n<meta property=\"og:title\" content=\"Compre Paxil (clorhidrato de paroxetina) convenientemente con una entrega r\u00e1pida y confiable directamente a su puerta\" \/>\n<meta property=\"og:description\" content=\"Paxil es un antidepresivo utilizado para tratar la depresi\u00f3n y una variedad de trastornos de ansiedad. Puede comprar clorhidrato de paroxetina y disfrutar de un env\u00edo r\u00e1pido para comenzar el tratamiento antes.\" \/>\n<meta property=\"og:url\" content=\"https:\/\/drpillman.biz\/paxil.htm\" \/>\n<meta property=\"og:site_name\" content=\"Dr.Pillman\" \/>\n<meta property=\"article:modified_time\" content=\"2024-05-17T19:30:28+00:00\" \/>\n<meta name=\"twitter:card\" content=\"summary_large_image\" \/>\n<script type=\"application\/ld+json\" class=\"yoast-schema-graph\">{\"@context\":\"https:\\\/\\\/schema.org\",\"@graph\":[{\"@type\":\"WebPage\",\"@id\":\"https:\\\/\\\/drpillman.biz\\\/paxil.htm\",\"url\":\"https:\\\/\\\/drpillman.biz\\\/paxil.htm\",\"name\":\"Buy Paxil (paroxetine hydrochloride) in UK conveniently with fast and reliable delivery straight to your doorstep\",\"isPartOf\":{\"@id\":\"https:\\\/\\\/drpillman.biz\\\/fr\\\/#website\"},\"datePublished\":\"2013-08-24T01:46:01+00:00\",\"dateModified\":\"2024-05-17T19:30:28+00:00\",\"description\":\"Paxil es un antidepresivo utilizado para tratar la depresi\u00f3n y una variedad de trastornos de ansiedad. Puede comprar clorhidrato de paroxetina y disfrutar de un env\u00edo r\u00e1pido para comenzar el tratamiento antes.\",\"breadcrumb\":{\"@id\":\"https:\\\/\\\/drpillman.biz\\\/paxil.htm#breadcrumb\"},\"inLanguage\":\"es\",\"potentialAction\":[{\"@type\":\"ReadAction\",\"target\":[\"https:\\\/\\\/drpillman.biz\\\/paxil.htm\"]}]},{\"@type\":\"BreadcrumbList\",\"@id\":\"https:\\\/\\\/drpillman.biz\\\/paxil.htm#breadcrumb\",\"itemListElement\":[{\"@type\":\"ListItem\",\"position\":1,\"name\":\"Home\",\"item\":\"https:\\\/\\\/drpillman.biz\\\/\"},{\"@type\":\"ListItem\",\"position\":2,\"name\":\"Paxil\"}]},{\"@type\":\"WebSite\",\"@id\":\"https:\\\/\\\/drpillman.biz\\\/fr\\\/#website\",\"url\":\"https:\\\/\\\/drpillman.biz\\\/fr\\\/\",\"name\":\"Dr.Pillman\",\"description\":\"\",\"potentialAction\":[{\"@type\":\"SearchAction\",\"target\":{\"@type\":\"EntryPoint\",\"urlTemplate\":\"https:\\\/\\\/drpillman.biz\\\/fr\\\/?s={search_term_string}\"},\"query-input\":{\"@type\":\"PropertyValueSpecification\",\"valueRequired\":true,\"valueName\":\"search_term_string\"}}],\"inLanguage\":\"es\"}]}<\/script>\n<!-- \/ Yoast SEO plugin. -->","yoast_head_json":{"title":"Compre Paxil (clorhidrato de paroxetina) convenientemente con una entrega r\u00e1pida y confiable directamente a su puerta","description":"Paxil es un antidepresivo utilizado para tratar la depresi\u00f3n y una variedad de trastornos de ansiedad. Puede comprar clorhidrato de paroxetina y disfrutar de un env\u00edo r\u00e1pido para comenzar el tratamiento antes.","robots":{"index":"index","follow":"follow","max-snippet":"max-snippet:-1","max-image-preview":"max-image-preview:large","max-video-preview":"max-video-preview:-1"},"canonical":"https:\/\/drpillman.biz\/paxil.htm","og_locale":"es_ES","og_type":"article","og_title":"Compre Paxil (clorhidrato de paroxetina) convenientemente con una entrega r\u00e1pida y confiable directamente a su puerta","og_description":"Paxil es un antidepresivo utilizado para tratar la depresi\u00f3n y una variedad de trastornos de ansiedad. Puede comprar clorhidrato de paroxetina y disfrutar de un env\u00edo r\u00e1pido para comenzar el tratamiento antes.","og_url":"https:\/\/drpillman.biz\/paxil.htm","og_site_name":"Dr.Pillman","article_modified_time":"2024-05-17T19:30:28+00:00","twitter_card":"summary_large_image","schema":{"@context":"https:\/\/schema.org","@graph":[{"@type":"WebPage","@id":"https:\/\/drpillman.biz\/paxil.htm","url":"https:\/\/drpillman.biz\/paxil.htm","name":"Buy Paxil (paroxetine hydrochloride) in UK conveniently with fast and reliable delivery straight to your doorstep","isPartOf":{"@id":"https:\/\/drpillman.biz\/fr\/#website"},"datePublished":"2013-08-24T01:46:01+00:00","dateModified":"2024-05-17T19:30:28+00:00","description":"Paxil es un antidepresivo utilizado para tratar la depresi\u00f3n y una variedad de trastornos de ansiedad. Puede comprar clorhidrato de paroxetina y disfrutar de un env\u00edo r\u00e1pido para comenzar el tratamiento antes.","breadcrumb":{"@id":"https:\/\/drpillman.biz\/paxil.htm#breadcrumb"},"inLanguage":"es","potentialAction":[{"@type":"ReadAction","target":["https:\/\/drpillman.biz\/paxil.htm"]}]},{"@type":"BreadcrumbList","@id":"https:\/\/drpillman.biz\/paxil.htm#breadcrumb","itemListElement":[{"@type":"ListItem","position":1,"name":"Home","item":"https:\/\/drpillman.biz\/"},{"@type":"ListItem","position":2,"name":"Paxil"}]},{"@type":"WebSite","@id":"https:\/\/drpillman.biz\/fr\/#website","url":"https:\/\/drpillman.biz\/fr\/","name":"Dr.Pillman","description":"","potentialAction":[{"@type":"SearchAction","target":{"@type":"EntryPoint","urlTemplate":"https:\/\/drpillman.biz\/fr\/?s={search_term_string}"},"query-input":{"@type":"PropertyValueSpecification","valueRequired":true,"valueName":"search_term_string"}}],"inLanguage":"es"}]}},"_links":{"self":[{"href":"https:\/\/drpillman.biz\/es\/wp-json\/wp\/v2\/pages\/151","targetHints":{"allow":["GET"]}}],"collection":[{"href":"https:\/\/drpillman.biz\/es\/wp-json\/wp\/v2\/pages"}],"about":[{"href":"https:\/\/drpillman.biz\/es\/wp-json\/wp\/v2\/types\/page"}],"author":[{"embeddable":true,"href":"https:\/\/drpillman.biz\/es\/wp-json\/wp\/v2\/users\/3"}],"replies":[{"embeddable":true,"href":"https:\/\/drpillman.biz\/es\/wp-json\/wp\/v2\/comments?post=151"}],"version-history":[{"count":0,"href":"https:\/\/drpillman.biz\/es\/wp-json\/wp\/v2\/pages\/151\/revisions"}],"wp:attachment":[{"href":"https:\/\/drpillman.biz\/es\/wp-json\/wp\/v2\/media?parent=151"}],"curies":[{"name":"wp","href":"https:\/\/api.w.org\/{rel}","templated":true}]}}