{"id":154,"date":"2013-05-12T09:02:21","date_gmt":"2013-05-12T08:02:21","guid":{"rendered":"https:\/\/drpillman.biz\/?page_id=154"},"modified":"2024-05-17T20:32:29","modified_gmt":"2024-05-17T19:32:29","slug":"permethrin","status":"publish","type":"page","link":"https:\/\/drpillman.biz\/es\/permethrin.htm","title":{"rendered":"Permetrina"},"content":{"rendered":"<div id=\"content-center\">\n<div id=\"content-image\"><img decoding=\"async\" src=\"\/img\/Permethrin.jpg\" alt=\"Permetrina\" \/><\/div>\n<div id=\"content-description\">\n<h1>Permetrina<\/h1>\n<p> <code><a href=\"https:\/\/200pills.com\/search.html?key=Permethrin\"> <button class=\"button-7\" role=\"button\">Comprar en l\u00ednea<\/button><\/a><\/code><\/p>\n<div class=\"gray\"><\/div>\n<div class=\"clear\"><\/div>\n<div id=\"description\">La permetrina se desarroll\u00f3 para el tratamiento de la sarna (causada por los \u00e1caros). Este medicamento mata a los \u00e1caros y se asegura de que los huevos no se conviertan en nuevos \u00e1caros, aliviando los s\u00edntomas de manera eficiente. La permetrina es un remedio t\u00f3pico que debe aplicarse exactamente como se indica.<\/div>\n<div id=\"additional\">Sin\u00f3nimos: <span>Acticin<\/span><\/div>\n<\/div>\n<div class=\"clear\"><\/div>\n<p>La crema de permetrina al 5% es un remedio t\u00f3pico dise\u00f1ado para el tratamiento de la sarna, que es una enfermedad causada por \u00e1caros que infectan la piel y provocan una serie de s\u00edntomas desagradables. La permetrina pertenece a la clase de las piretrinas; act\u00faa matando a los \u00e1caros y evitando que sus huevos se conviertan en especies adultas. Puede comprar la crema de permetrina al 5% en su farmacia local o pedirla en l\u00ednea. La segunda variante es preferible si tiene una familia numerosa y todos requieren este tipo de tratamiento en el momento, pero no quiere gastar demasiado tiempo o dinero. Al comprar permetrina en l\u00ednea, b\u00e1sicamente se ahorra mucho dinero, por no mencionar el hecho de que s\u00f3lo necesita un par de minutos para hacer un pedido. La crema de permetrina al 5% debe aplicarse sobre la piel siguiendo las instrucciones. Es importante aplicar la crema desde la cabeza hasta la planta de los pies, prestando especial atenci\u00f3n a los pliegues de la piel. Una vez aplicada la crema, se puede lavar despu\u00e9s de ocho a catorce horas. Si se aplica correctamente, la permetrina no deber\u00eda causar efectos secundarios como irritaci\u00f3n o ardor. Es posible que el picor contin\u00fae hasta 4 semanas despu\u00e9s de la aplicaci\u00f3n de la crema: esto no significa que el tratamiento no haya tenido \u00e9xito. Los \u00e1caros muertos que permanecen en la piel pueden seguir provocando los s\u00edntomas incluso mucho despu\u00e9s de haberlos eliminado. S\u00f3lo es necesario aplicar la crema una vez para matar a los \u00e1caros y evitar su propagaci\u00f3n, pero puede ser necesaria una ronda adicional de tratamiento si se produce una reinfestaci\u00f3n.<\/p>\n<h2>Efectos secundarios<\/h2>\n<p>La permetrina es completamente segura para su uso en la piel, pero algunos efectos secundarios son posibles. Los efectos secundarios tienen que ver principalmente con la reacci\u00f3n de la piel a la crema aplicada, por lo que existe la posibilidad de que se produzca irritaci\u00f3n, picor, hinchaz\u00f3n, enrojecimiento o ardor. Estos efectos secundarios tienden a desaparecer pronto, aunque hay que vigilarlos de cerca para asegurarse de que as\u00ed sea. Las reacciones al\u00e9rgicas graves a la permetrina son bastante raras y muy poco probables.<\/p>\n<\/div>\n","protected":false},"excerpt":{"rendered":"<p>Permetrina Comprar en l\u00ednea La permetrina se desarroll\u00f3 para el tratamiento de la sarna (causada por los \u00e1caros). Este medicamento<\/p>\n","protected":false},"author":3,"featured_media":0,"parent":0,"menu_order":0,"comment_status":"closed","ping_status":"closed","template":"","meta":{"_lmt_disableupdate":"no","_lmt_disable":"no","footnotes":""},"class_list":["post-154","page","type-page","status-publish","hentry"],"translation":{"provider":"WPGlobus","version":"3.0.2","language":"es","enabled_languages":["en","es","fr"],"languages":{"en":{"title":true,"content":true,"excerpt":false},"es":{"title":true,"content":true,"excerpt":false},"fr":{"title":true,"content":true,"excerpt":false}}},"yoast_head":"<!-- This site is optimized with the Yoast SEO plugin v27.4 - https:\/\/yoast.com\/product\/yoast-seo-wordpress\/ -->\n<title>Compre crema de permetrina 5% para tratar la sarna que se libra de usted y sus seres queridos del vergonzoso problema de una vez por todas<\/title>\n<meta name=\"description\" content=\"Compre crema de permetrina del 5% para el tratamiento de sarna y piojos de cabeza. Al aplicar esta crema seg\u00fan lo indicado, podr\u00e1 evitar que los s\u00edntomas lo molesten y deshacerse del problema de una vez por todas.\" \/>\n<meta name=\"robots\" content=\"index, follow, max-snippet:-1, max-image-preview:large, max-video-preview:-1\" \/>\n<link rel=\"canonical\" href=\"https:\/\/drpillman.biz\/fr\/permethrin.htm\" \/>\n<meta property=\"og:locale\" content=\"es_ES\" \/>\n<meta property=\"og:type\" content=\"article\" \/>\n<meta property=\"og:title\" content=\"Compre crema de permetrina 5% para tratar la sarna que se libra de usted y sus seres queridos del vergonzoso problema de una vez por todas\" \/>\n<meta property=\"og:description\" content=\"Compre crema de permetrina del 5% para el tratamiento de sarna y piojos de cabeza. Al aplicar esta crema seg\u00fan lo indicado, podr\u00e1 evitar que los s\u00edntomas lo molesten y deshacerse del problema de una vez por todas.\" \/>\n<meta property=\"og:url\" content=\"https:\/\/drpillman.biz\/fr\/permethrin.htm\" \/>\n<meta property=\"og:site_name\" content=\"Dr.Pillman\" \/>\n<meta property=\"article:modified_time\" content=\"2024-05-17T19:32:29+00:00\" \/>\n<meta name=\"twitter:card\" content=\"summary_large_image\" \/>\n<script type=\"application\/ld+json\" class=\"yoast-schema-graph\">{\"@context\":\"https:\\\/\\\/schema.org\",\"@graph\":[{\"@type\":\"WebPage\",\"@id\":\"https:\\\/\\\/drpillman.biz\\\/fr\\\/permethrin.htm\",\"url\":\"https:\\\/\\\/drpillman.biz\\\/fr\\\/permethrin.htm\",\"name\":\"Acheter Perm\u00e9thrine 5% 30 g et 60 g en ligne sans ordonnance en France\",\"isPartOf\":{\"@id\":\"https:\\\/\\\/drpillman.biz\\\/fr\\\/#website\"},\"datePublished\":\"2013-05-12T08:02:21+00:00\",\"dateModified\":\"2024-05-17T19:32:29+00:00\",\"description\":\"Compre crema de permetrina del 5% para el tratamiento de sarna y piojos de cabeza. Al aplicar esta crema seg\u00fan lo indicado, podr\u00e1 evitar que los s\u00edntomas lo molesten y deshacerse del problema de una vez por todas.\",\"breadcrumb\":{\"@id\":\"https:\\\/\\\/drpillman.biz\\\/fr\\\/permethrin.htm#breadcrumb\"},\"inLanguage\":\"es\",\"potentialAction\":[{\"@type\":\"ReadAction\",\"target\":[\"https:\\\/\\\/drpillman.biz\\\/fr\\\/permethrin.htm\"]}]},{\"@type\":\"BreadcrumbList\",\"@id\":\"https:\\\/\\\/drpillman.biz\\\/fr\\\/permethrin.htm#breadcrumb\",\"itemListElement\":[{\"@type\":\"ListItem\",\"position\":1,\"name\":\"Home\",\"item\":\"https:\\\/\\\/drpillman.biz\\\/fr\\\/\"},{\"@type\":\"ListItem\",\"position\":2,\"name\":\"Perm\u00e9thrine\"}]},{\"@type\":\"WebSite\",\"@id\":\"https:\\\/\\\/drpillman.biz\\\/fr\\\/#website\",\"url\":\"https:\\\/\\\/drpillman.biz\\\/fr\\\/\",\"name\":\"Dr.Pillman\",\"description\":\"\",\"potentialAction\":[{\"@type\":\"SearchAction\",\"target\":{\"@type\":\"EntryPoint\",\"urlTemplate\":\"https:\\\/\\\/drpillman.biz\\\/fr\\\/?s={search_term_string}\"},\"query-input\":{\"@type\":\"PropertyValueSpecification\",\"valueRequired\":true,\"valueName\":\"search_term_string\"}}],\"inLanguage\":\"es\"}]}<\/script>\n<!-- \/ Yoast SEO plugin. -->","yoast_head_json":{"title":"Compre crema de permetrina 5% para tratar la sarna que se libra de usted y sus seres queridos del vergonzoso problema de una vez por todas","description":"Compre crema de permetrina del 5% para el tratamiento de sarna y piojos de cabeza. Al aplicar esta crema seg\u00fan lo indicado, podr\u00e1 evitar que los s\u00edntomas lo molesten y deshacerse del problema de una vez por todas.","robots":{"index":"index","follow":"follow","max-snippet":"max-snippet:-1","max-image-preview":"max-image-preview:large","max-video-preview":"max-video-preview:-1"},"canonical":"https:\/\/drpillman.biz\/fr\/permethrin.htm","og_locale":"es_ES","og_type":"article","og_title":"Compre crema de permetrina 5% para tratar la sarna que se libra de usted y sus seres queridos del vergonzoso problema de una vez por todas","og_description":"Compre crema de permetrina del 5% para el tratamiento de sarna y piojos de cabeza. Al aplicar esta crema seg\u00fan lo indicado, podr\u00e1 evitar que los s\u00edntomas lo molesten y deshacerse del problema de una vez por todas.","og_url":"https:\/\/drpillman.biz\/fr\/permethrin.htm","og_site_name":"Dr.Pillman","article_modified_time":"2024-05-17T19:32:29+00:00","twitter_card":"summary_large_image","schema":{"@context":"https:\/\/schema.org","@graph":[{"@type":"WebPage","@id":"https:\/\/drpillman.biz\/fr\/permethrin.htm","url":"https:\/\/drpillman.biz\/fr\/permethrin.htm","name":"Acheter Perm\u00e9thrine 5% 30 g et 60 g en ligne sans ordonnance en France","isPartOf":{"@id":"https:\/\/drpillman.biz\/fr\/#website"},"datePublished":"2013-05-12T08:02:21+00:00","dateModified":"2024-05-17T19:32:29+00:00","description":"Compre crema de permetrina del 5% para el tratamiento de sarna y piojos de cabeza. Al aplicar esta crema seg\u00fan lo indicado, podr\u00e1 evitar que los s\u00edntomas lo molesten y deshacerse del problema de una vez por todas.","breadcrumb":{"@id":"https:\/\/drpillman.biz\/fr\/permethrin.htm#breadcrumb"},"inLanguage":"es","potentialAction":[{"@type":"ReadAction","target":["https:\/\/drpillman.biz\/fr\/permethrin.htm"]}]},{"@type":"BreadcrumbList","@id":"https:\/\/drpillman.biz\/fr\/permethrin.htm#breadcrumb","itemListElement":[{"@type":"ListItem","position":1,"name":"Home","item":"https:\/\/drpillman.biz\/fr\/"},{"@type":"ListItem","position":2,"name":"Perm\u00e9thrine"}]},{"@type":"WebSite","@id":"https:\/\/drpillman.biz\/fr\/#website","url":"https:\/\/drpillman.biz\/fr\/","name":"Dr.Pillman","description":"","potentialAction":[{"@type":"SearchAction","target":{"@type":"EntryPoint","urlTemplate":"https:\/\/drpillman.biz\/fr\/?s={search_term_string}"},"query-input":{"@type":"PropertyValueSpecification","valueRequired":true,"valueName":"search_term_string"}}],"inLanguage":"es"}]}},"_links":{"self":[{"href":"https:\/\/drpillman.biz\/es\/wp-json\/wp\/v2\/pages\/154","targetHints":{"allow":["GET"]}}],"collection":[{"href":"https:\/\/drpillman.biz\/es\/wp-json\/wp\/v2\/pages"}],"about":[{"href":"https:\/\/drpillman.biz\/es\/wp-json\/wp\/v2\/types\/page"}],"author":[{"embeddable":true,"href":"https:\/\/drpillman.biz\/es\/wp-json\/wp\/v2\/users\/3"}],"replies":[{"embeddable":true,"href":"https:\/\/drpillman.biz\/es\/wp-json\/wp\/v2\/comments?post=154"}],"version-history":[{"count":0,"href":"https:\/\/drpillman.biz\/es\/wp-json\/wp\/v2\/pages\/154\/revisions"}],"wp:attachment":[{"href":"https:\/\/drpillman.biz\/es\/wp-json\/wp\/v2\/media?parent=154"}],"curies":[{"name":"wp","href":"https:\/\/api.w.org\/{rel}","templated":true}]}}