{"id":160,"date":"2013-02-15T07:25:58","date_gmt":"2013-02-15T07:25:58","guid":{"rendered":"https:\/\/drpillman.biz\/?page_id=160"},"modified":"2024-05-17T20:36:21","modified_gmt":"2024-05-17T19:36:21","slug":"propranolol","status":"publish","type":"page","link":"https:\/\/drpillman.biz\/es\/propranolol.htm","title":{"rendered":"Propranolol"},"content":{"rendered":"<div id=\"content-center\">\n<div id=\"content-image\">\n\t\t\t\t\t<img decoding=\"async\" src=\"\/img\/Propranolol.jpg\" alt=\"Propranolol\" \/><\/div>\n<div id=\"content-description\">\n<h1>Propranolol<\/h1>\n<p> <code><a href=\"https:\/\/200pills.com\/search.html?key=Propranolol\"> <button class=\"button-7\" role=\"button\">Comprar en l\u00ednea<\/button><\/a><\/code> <\/p>\n<div class=\"gray\"><\/div>\n<div class=\"clear\"><\/div>\n<div id=\"description\">\n\t\t\t\t\t\tSi sufre ataques de ansiedad, p\u00e1nico, temblores en las manos, hipertensi\u00f3n, dolores en el pecho (angina de pecho), migra\u00f1as, trastornos del ritmo card\u00edaco y algunos problemas circulatorios cardiovasculares, su m\u00e9dico podr\u00eda recetarle Propranolol, considerado un avance pionero como bloqueador beta cuando se descubri\u00f3 en los a\u00f1os 60. El nombre gen\u00e9rico es Clorhidrato de Propranolol y se comercializa bajo varias marcas por varias compa\u00f1\u00edas farmac\u00e9uticas como Sandoz, Wyeth y AstraZenea (Inderal LA, Deralin, Sumial, InnPran XL, Bedrano SR, etc). El propranolol est\u00e1 disponible en forma de comprimido, c\u00e1psula oral de liberaci\u00f3n prolongada, soluci\u00f3n oral y concentrado oral. Usted puede comprar cualquiera de estos o ir para el clorhidrato de propranolol gen\u00e9rico de cualquier farmacia en l\u00ednea del Reino Unido, con o sin receta.<\/div>\n<div id=\"additional\">\n\t\t\t\t\t\tSin\u00f3nimos:<span> Inderal<\/span>\n<\/div>\n<\/div>\n<div class=\"clear\"><\/div>\n<h2>Dosis recomendada para adultos<\/h2>\n<p>Las dosis que se indican a continuaci\u00f3n para las distintas dolencias que puede tratar el f\u00e1rmaco son s\u00f3lo orientativas y se aconseja que consulte a su m\u00e9dico para asegurarse de que la dosis es adecuada para usted o para el estado de salud espec\u00edfico de su hijo. Esta puede ser la base para pedir la cantidad correcta al comprar Propranolol en cualquier farmacia online del Reino Unido.<\/p>\n<p>-Para la hipertensi\u00f3n: Dosis inicial de 40 mg dos veces al d\u00eda o 80 mg una vez al d\u00eda administrada cerca de la hora de acostarse;<br \/>\n-Para la angina de pecho: dosis diaria total de 80-320 mg 2-4 veces al d\u00eda;<br \/>\n-Para las arritmias: Total de 10 mg 3-4 veces al d\u00eda administrados antes de las comidas y antes de acostarse;<br \/>\n-Para el infarto de miocardio: Total de 180 a 240 mg cada d\u00eda repartidos en 3 o 4 dosis;<br \/>\n-Para la profilaxis de la migra\u00f1a: Dosis inicial de 90 mg al d\u00eda seguida de una dosis de mantenimiento de 160-240 mg diarios repartidos en varias dosis a lo largo del d\u00eda;<br \/>\n-Para el temblor esencial benigno: Dosis inicial de 40 mg dos veces al d\u00eda y una dosis de mantenimiento de 120 -320 md al d\u00eda<br \/>\n-Para la estenosis a\u00f3rtica: Un total de 20-40 mg tomados 3-4 veces al d\u00eda, antes de las comidas y antes de acostarse;<br \/>\n-Para el feocromocitoma: dosis preoperatoria de 60 mg al d\u00eda 3 d\u00edas antes de la cirug\u00eda, y 30 mg al d\u00eda para el manejo del tumor inoperable;<\/p>\n<h2>Dosis pedi\u00e1trica recomendada<\/h2>\n<p>-Para las arritmias: Dosis inicial de 0.5 a 1 mg\/kg al d\u00eda cada 6-9 horas seguido de una dosis de mantenimiento de 2-4 mg\/kg al d\u00eda y puede aumentarse pero sin superar los 16 mg\/kg al d\u00eda;<br \/>\n-Para la hipertensi\u00f3n: Dosis inicial de 0.5 a 1 mg\/kg al d\u00eda cada 6-12 horas que puede aumentarse gradualmente cada semana hasta alcanzar una dosis habitual de 1-5 mg.lg por d\u00eda hasta un m\u00e1ximo de 8 mg\/kg por d\u00eda;<br \/>\n-Para la Tirotoxicosis: I2 mg\/kg por d\u00eda cada 6-12 horas para los beb\u00e9s y 10-40 mg cada 8 horas para los adolescentes.<\/p>\n<h2>Efectos secundarios<\/h2>\n<p>Se sabe que el propranolol, al igual que cualquier f\u00e1rmaco de prescripci\u00f3n, provoca efectos secundarios en algunas personas m\u00e1s que en otras. Los efectos secundarios que figuran aqu\u00ed no son exhaustivos, pero si experimenta latidos card\u00edacos irregulares, desmayos y mareos, v\u00f3mitos, dificultad para respirar incluso con un trabajo leve, hinchaz\u00f3n de los tobillos, erupciones cut\u00e1neas graves, ardor en los ojos, malestar abdominal, coloraci\u00f3n amarillenta del s\u00ed y de la piel, orina oscura o sensaci\u00f3n de fr\u00edo en las manos o los pies, debe solicitar ayuda m\u00e9dica de inmediato. Tambi\u00e9n pueden producirse otros efectos secundarios como depresi\u00f3n, alucinaciones o confusi\u00f3n. Los efectos secundarios menos graves pueden incluir n\u00e1useas, diarrea, disminuci\u00f3n del deseo sexual, impotencia, problemas de sue\u00f1o, estre\u00f1imiento o cansancio.<\/p>\n<h2>Precauci\u00f3n<\/h2>\n<p>Si usted es al\u00e9rgico al clorhidrato de Propranolol, sufre de asma, de un ritmo card\u00edaco lento o de alguna dolencia card\u00edaca grave como el \u00abs\u00edndrome del seno enfermo\u00bb, no debe tomar Propranolol. Y si usted es diab\u00e9tico, tiene hipotensi\u00f3n cr\u00f3nica, un trastorno de la tiroides, tiene problemas respiratorios, problemas de h\u00edgado o ri\u00f1\u00f3n, problemas de circulaci\u00f3n de la sangre y la condici\u00f3n del coraz\u00f3n congestivo, aseg\u00farese de informar a su m\u00e9dico antes de que \u00e9l \/ ella hace una receta de Propranolol.<\/p>\n<p>Se ha documentado que los betabloqueantes relajan el m\u00fasculo card\u00edaco y constri\u00f1en el m\u00fasculo liso, y han mostrado efectos aditivos cuando se toman con otros f\u00e1rmacos para disminuir la presi\u00f3n arterial, o reducir la conductividad o la contractilidad del coraz\u00f3n. Se producen reacciones significativas con Verapamilo, Epinefrina y agonistas de los receptores adren\u00e9rgicos beta 2 como Formoterol, Slmeterol, Salbutamol, Levosalbutamol, etc. as\u00ed como antiinflamatorios no esteroideos, rifampicina, lidoca\u00edna, simetidina y clonidina. La coadministraci\u00f3n con Fluvoxamina ralentiza el metabolismo del clorhidrato de Propranolol, que termina con niveles elevados en la sangre. Aunque puede comprar hidrocloruro de propranolol o su equivalente gen\u00e9rico en las tiendas del Reino Unido sin receta, es mejor que consulte con su m\u00e9dico para comprobar si alg\u00fan medicamento que est\u00e9 tomando puede causar problemas al tomar propranolol.<\/p>\n<\/div>\n","protected":false},"excerpt":{"rendered":"<p>Propranolol Comprar en l\u00ednea Si sufre ataques de ansiedad, p\u00e1nico, temblores en las manos, hipertensi\u00f3n, dolores en el pecho (angina<\/p>\n","protected":false},"author":3,"featured_media":0,"parent":0,"menu_order":0,"comment_status":"closed","ping_status":"closed","template":"","meta":{"_lmt_disableupdate":"no","_lmt_disable":"no","footnotes":""},"class_list":["post-160","page","type-page","status-publish","hentry"],"translation":{"provider":"WPGlobus","version":"3.0.2","language":"es","enabled_languages":["en","es","fr"],"languages":{"en":{"title":true,"content":true,"excerpt":false},"es":{"title":true,"content":true,"excerpt":false},"fr":{"title":true,"content":true,"excerpt":false}}},"yoast_head":"<!-- This site is optimized with the Yoast SEO plugin v27.4 - https:\/\/yoast.com\/product\/yoast-seo-wordpress\/ -->\n<title>Calme los nervios con clorhidrato de propranolol: c\u00f3mpralo en las farmacias en l\u00ednea del Reino Unido<\/title>\n<meta name=\"description\" content=\"El clorhidrato de propranolol es un betabloqueo utilizado para pacientes con presi\u00f3n arterial alta, angina y ciertas afecciones card\u00edacas. Tambi\u00e9n puede comprar propranolol en l\u00ednea para reducir la gravedad de las migra\u00f1as.\" \/>\n<meta name=\"robots\" content=\"index, follow, max-snippet:-1, max-image-preview:large, max-video-preview:-1\" \/>\n<link rel=\"canonical\" href=\"https:\/\/drpillman.biz\/es\/propranolol.htm\" \/>\n<meta property=\"og:locale\" content=\"es_ES\" \/>\n<meta property=\"og:type\" content=\"article\" \/>\n<meta property=\"og:title\" content=\"Calme los nervios con clorhidrato de propranolol: c\u00f3mpralo en las farmacias en l\u00ednea del Reino Unido\" \/>\n<meta property=\"og:description\" content=\"El clorhidrato de propranolol es un betabloqueo utilizado para pacientes con presi\u00f3n arterial alta, angina y ciertas afecciones card\u00edacas. Tambi\u00e9n puede comprar propranolol en l\u00ednea para reducir la gravedad de las migra\u00f1as.\" \/>\n<meta property=\"og:url\" content=\"https:\/\/drpillman.biz\/es\/propranolol.htm\" \/>\n<meta property=\"og:site_name\" content=\"Dr.Pillman\" \/>\n<meta property=\"article:modified_time\" content=\"2024-05-17T19:36:21+00:00\" \/>\n<meta name=\"twitter:card\" content=\"summary_large_image\" \/>\n<script type=\"application\/ld+json\" class=\"yoast-schema-graph\">{\"@context\":\"https:\\\/\\\/schema.org\",\"@graph\":[{\"@type\":\"WebPage\",\"@id\":\"https:\\\/\\\/drpillman.biz\\\/es\\\/propranolol.htm\",\"url\":\"https:\\\/\\\/drpillman.biz\\\/es\\\/propranolol.htm\",\"name\":\"Calme los nervios con clorhidrato de propranolol: c\u00f3mpralo en las farmacias en l\u00ednea del Reino Unido\",\"isPartOf\":{\"@id\":\"https:\\\/\\\/drpillman.biz\\\/#website\"},\"datePublished\":\"2013-02-15T07:25:58+00:00\",\"dateModified\":\"2024-05-17T19:36:21+00:00\",\"description\":\"El clorhidrato de propranolol es un betabloqueo utilizado para pacientes con presi\u00f3n arterial alta, angina y ciertas afecciones card\u00edacas. Tambi\u00e9n puede comprar propranolol en l\u00ednea para reducir la gravedad de las migra\u00f1as.\",\"breadcrumb\":{\"@id\":\"https:\\\/\\\/drpillman.biz\\\/es\\\/propranolol.htm#breadcrumb\"},\"inLanguage\":\"es\",\"potentialAction\":[{\"@type\":\"ReadAction\",\"target\":[\"https:\\\/\\\/drpillman.biz\\\/es\\\/propranolol.htm\"]}]},{\"@type\":\"BreadcrumbList\",\"@id\":\"https:\\\/\\\/drpillman.biz\\\/es\\\/propranolol.htm#breadcrumb\",\"itemListElement\":[{\"@type\":\"ListItem\",\"position\":1,\"name\":\"Home\",\"item\":\"https:\\\/\\\/drpillman.biz\\\/\"},{\"@type\":\"ListItem\",\"position\":2,\"name\":\"Propranolol\"}]},{\"@type\":\"WebSite\",\"@id\":\"https:\\\/\\\/drpillman.biz\\\/#website\",\"url\":\"https:\\\/\\\/drpillman.biz\\\/\",\"name\":\"Dr.Pillman\",\"description\":\"\",\"potentialAction\":[{\"@type\":\"SearchAction\",\"target\":{\"@type\":\"EntryPoint\",\"urlTemplate\":\"https:\\\/\\\/drpillman.biz\\\/?s={search_term_string}\"},\"query-input\":{\"@type\":\"PropertyValueSpecification\",\"valueRequired\":true,\"valueName\":\"search_term_string\"}}],\"inLanguage\":\"es\"}]}<\/script>\n<!-- \/ Yoast SEO plugin. -->","yoast_head_json":{"title":"Calme los nervios con clorhidrato de propranolol: c\u00f3mpralo en las farmacias en l\u00ednea del Reino Unido","description":"El clorhidrato de propranolol es un betabloqueo utilizado para pacientes con presi\u00f3n arterial alta, angina y ciertas afecciones card\u00edacas. Tambi\u00e9n puede comprar propranolol en l\u00ednea para reducir la gravedad de las migra\u00f1as.","robots":{"index":"index","follow":"follow","max-snippet":"max-snippet:-1","max-image-preview":"max-image-preview:large","max-video-preview":"max-video-preview:-1"},"canonical":"https:\/\/drpillman.biz\/es\/propranolol.htm","og_locale":"es_ES","og_type":"article","og_title":"Calme los nervios con clorhidrato de propranolol: c\u00f3mpralo en las farmacias en l\u00ednea del Reino Unido","og_description":"El clorhidrato de propranolol es un betabloqueo utilizado para pacientes con presi\u00f3n arterial alta, angina y ciertas afecciones card\u00edacas. Tambi\u00e9n puede comprar propranolol en l\u00ednea para reducir la gravedad de las migra\u00f1as.","og_url":"https:\/\/drpillman.biz\/es\/propranolol.htm","og_site_name":"Dr.Pillman","article_modified_time":"2024-05-17T19:36:21+00:00","twitter_card":"summary_large_image","schema":{"@context":"https:\/\/schema.org","@graph":[{"@type":"WebPage","@id":"https:\/\/drpillman.biz\/es\/propranolol.htm","url":"https:\/\/drpillman.biz\/es\/propranolol.htm","name":"Calme los nervios con clorhidrato de propranolol: c\u00f3mpralo en las farmacias en l\u00ednea del Reino Unido","isPartOf":{"@id":"https:\/\/drpillman.biz\/#website"},"datePublished":"2013-02-15T07:25:58+00:00","dateModified":"2024-05-17T19:36:21+00:00","description":"El clorhidrato de propranolol es un betabloqueo utilizado para pacientes con presi\u00f3n arterial alta, angina y ciertas afecciones card\u00edacas. Tambi\u00e9n puede comprar propranolol en l\u00ednea para reducir la gravedad de las migra\u00f1as.","breadcrumb":{"@id":"https:\/\/drpillman.biz\/es\/propranolol.htm#breadcrumb"},"inLanguage":"es","potentialAction":[{"@type":"ReadAction","target":["https:\/\/drpillman.biz\/es\/propranolol.htm"]}]},{"@type":"BreadcrumbList","@id":"https:\/\/drpillman.biz\/es\/propranolol.htm#breadcrumb","itemListElement":[{"@type":"ListItem","position":1,"name":"Home","item":"https:\/\/drpillman.biz\/"},{"@type":"ListItem","position":2,"name":"Propranolol"}]},{"@type":"WebSite","@id":"https:\/\/drpillman.biz\/#website","url":"https:\/\/drpillman.biz\/","name":"Dr.Pillman","description":"","potentialAction":[{"@type":"SearchAction","target":{"@type":"EntryPoint","urlTemplate":"https:\/\/drpillman.biz\/?s={search_term_string}"},"query-input":{"@type":"PropertyValueSpecification","valueRequired":true,"valueName":"search_term_string"}}],"inLanguage":"es"}]}},"_links":{"self":[{"href":"https:\/\/drpillman.biz\/es\/wp-json\/wp\/v2\/pages\/160","targetHints":{"allow":["GET"]}}],"collection":[{"href":"https:\/\/drpillman.biz\/es\/wp-json\/wp\/v2\/pages"}],"about":[{"href":"https:\/\/drpillman.biz\/es\/wp-json\/wp\/v2\/types\/page"}],"author":[{"embeddable":true,"href":"https:\/\/drpillman.biz\/es\/wp-json\/wp\/v2\/users\/3"}],"replies":[{"embeddable":true,"href":"https:\/\/drpillman.biz\/es\/wp-json\/wp\/v2\/comments?post=160"}],"version-history":[{"count":0,"href":"https:\/\/drpillman.biz\/es\/wp-json\/wp\/v2\/pages\/160\/revisions"}],"wp:attachment":[{"href":"https:\/\/drpillman.biz\/es\/wp-json\/wp\/v2\/media?parent=160"}],"curies":[{"name":"wp","href":"https:\/\/api.w.org\/{rel}","templated":true}]}}