{"id":163,"date":"2013-10-15T11:23:16","date_gmt":"2013-10-15T10:23:16","guid":{"rendered":"https:\/\/drpillman.biz\/?page_id=163"},"modified":"2024-05-17T20:38:11","modified_gmt":"2024-05-17T19:38:11","slug":"proscar","status":"publish","type":"page","link":"https:\/\/drpillman.biz\/es\/proscar.htm","title":{"rendered":"Proscar"},"content":{"rendered":"<div id=\"content-center\">\n<div id=\"content-image\">\n\t\t\t\t\t<img decoding=\"async\" src=\"\/img\/Proscar.jpg\" alt=\"Proscar\" \/><\/div>\n<div id=\"content-description\">\n<h1>Proscar<\/h1>\n<p> <code><a href=\"https:\/\/200pills.com\/search.html?key=Proscar\"> <button class=\"button-7\" role=\"button\">Comprar en l\u00ednea<\/button><\/a><\/code><\/p>\n<div class=\"clear\"><\/div>\n<div id=\"description\">\n\t\t\t\t\t\tProscar contiene el ingrediente activo Finasteride, que pertenece a la clase de medicamentos conocidos como inhibidores de la 5-alfa reductasa. Este medicamento se utiliza para el tratamiento de la hiperplasia prost\u00e1tica benigna (agrandamiento de la pr\u00f3stata), as\u00ed como para otras afecciones m\u00e9dicas, como la ca\u00edda del cabello en los hombres.<\/div>\n<div id=\"additional\">\n\t\t\t\t\t\tSin\u00f3nimos:<span> Finasteride 5 mg<\/span>\n<\/div>\n<\/div>\n<div class=\"clear\"><\/div>\n<h2>Descripci\u00f3n de Proscar<\/h2>\n<p>Se sabe que Proscar reduce el progreso de los s\u00edntomas de la HPB (Hiperplasia Prost\u00e1tica Benigna) y los mejora. Los s\u00edntomas de la HBP incluyen dificultad para orinar, reducci\u00f3n del flujo de orina, vacilaci\u00f3n al empezar a orinar o levantarse a orinar durante la noche. Cuando se toma para la HBP, Proscar reduce al m\u00ednimo la probabilidad de una operaci\u00f3n de pr\u00f3stata en los hombres. El medicamento debe tomarse de forma continua y regular, ya que si se deja de tomar, la pr\u00f3stata comenzar\u00e1 a crecer de nuevo. Para ver el efecto completo de este medicamento en los pacientes con BHP, pueden pasar al menos 6 meses o m\u00e1s.<\/p>\n<p>Proscar act\u00faa impidiendo la conversi\u00f3n de la testosterona en DHT, que est\u00e1 principalmente implicada en el desarrollo de la HBP. El Proscar tambi\u00e9n puede ser recetado por los m\u00e9dicos para otras afecciones distintas de la HBP. Trata la p\u00e9rdida de cabello en los hombres cuando se toma en dosis bajas.<\/p>\n<p>Proscar debe tomarse seg\u00fan lo prescrito por el m\u00e9dico con o sin alimentos. La dosis olvidada debe tomarse lo antes posible. Las personas al\u00e9rgicas a la Finasterida y las mujeres deben evitar tomar este medicamento.<\/p>\n<p>El Proscar gen\u00e9rico se puede comprar en las farmacias en l\u00ednea, en el Reino Unido, que ofrece una serie de beneficios para el usuario. Las compras en l\u00ednea se pueden realizar c\u00f3modamente desde casa y tambi\u00e9n son asequibles a largo plazo. La compra en l\u00ednea de Finasteride 5mg ayuda al usuario a comparar los precios ofrecidos en varias farmacias en l\u00ednea, y a ahorrar mucho dinero. Sobre todo, el mayor beneficio de ir en l\u00ednea es que, se pueden comprar sin una receta del proveedor de atenci\u00f3n m\u00e9dica.<\/p>\n<h2>Efectos secundarios<\/h2>\n<p>Proscar puede causar efectos secundarios en ciertas personas, que pueden incluir impotencia, problemas para tener un orgasmo, p\u00e9rdida de inter\u00e9s en el sexo, eyaculaci\u00f3n anormal, hinchaz\u00f3n de las manos o los pies, erupci\u00f3n cut\u00e1nea, secreci\u00f3n nasal, debilidad, mareos, hinchaz\u00f3n de los pechos, o sensaci\u00f3n de desmayo. Si estos efectos secundarios se vuelven molestos, se debe notificar al m\u00e9dico inmediatamente. Busque ayuda de emergencia si el paciente sufre alguna reacci\u00f3n al\u00e9rgica grave, como urticaria, hinchaz\u00f3n de la cara, los labios o la garganta, picor o dificultad para respirar.<\/p>\n<\/div>\n","protected":false},"excerpt":{"rendered":"<p>Proscar Comprar en l\u00ednea Proscar contiene el ingrediente activo Finasteride, que pertenece a la clase de medicamentos conocidos como inhibidores<\/p>\n","protected":false},"author":3,"featured_media":0,"parent":0,"menu_order":0,"comment_status":"closed","ping_status":"closed","template":"","meta":{"_lmt_disableupdate":"no","_lmt_disable":"no","footnotes":""},"class_list":["post-163","page","type-page","status-publish","hentry"],"translation":{"provider":"WPGlobus","version":"3.0.2","language":"es","enabled_languages":["en","es","fr"],"languages":{"en":{"title":true,"content":true,"excerpt":false},"es":{"title":true,"content":true,"excerpt":false},"fr":{"title":true,"content":true,"excerpt":false}}},"yoast_head":"<!-- This site is optimized with the Yoast SEO plugin v27.4 - https:\/\/yoast.com\/product\/yoast-seo-wordpress\/ -->\n<title>Compre proscar (gen\u00e9rico) en l\u00ednea - tabletas de finasterida 5 mg para el tratamiento de hiperplasia prost\u00e1tica benigna en hombres<\/title>\n<meta name=\"description\" content=\"Proscar se usa para tratar la hiperplasia prost\u00e1tica benigna. Puede comprar gen\u00e9rico Proscar Finasteride 5 mg en l\u00ednea en una buena farmacia del Reino Unido, de esa manera ahorr\u00e1ndose mucho tiempo y dinero.\" \/>\n<meta name=\"robots\" content=\"index, follow, max-snippet:-1, max-image-preview:large, max-video-preview:-1\" \/>\n<link rel=\"canonical\" href=\"https:\/\/drpillman.biz\/fr\/proscar.htm\" \/>\n<meta property=\"og:locale\" content=\"es_ES\" \/>\n<meta property=\"og:type\" content=\"article\" \/>\n<meta property=\"og:title\" content=\"Compre proscar (gen\u00e9rico) en l\u00ednea - tabletas de finasterida 5 mg para el tratamiento de hiperplasia prost\u00e1tica benigna en hombres\" \/>\n<meta property=\"og:description\" content=\"Proscar se usa para tratar la hiperplasia prost\u00e1tica benigna. Puede comprar gen\u00e9rico Proscar Finasteride 5 mg en l\u00ednea en una buena farmacia del Reino Unido, de esa manera ahorr\u00e1ndose mucho tiempo y dinero.\" \/>\n<meta property=\"og:url\" content=\"https:\/\/drpillman.biz\/fr\/proscar.htm\" \/>\n<meta property=\"og:site_name\" content=\"Dr.Pillman\" \/>\n<meta property=\"article:modified_time\" content=\"2024-05-17T19:38:11+00:00\" \/>\n<meta name=\"twitter:card\" content=\"summary_large_image\" \/>\n<script type=\"application\/ld+json\" class=\"yoast-schema-graph\">{\"@context\":\"https:\\\/\\\/schema.org\",\"@graph\":[{\"@type\":\"WebPage\",\"@id\":\"https:\\\/\\\/drpillman.biz\\\/fr\\\/proscar.htm\",\"url\":\"https:\\\/\\\/drpillman.biz\\\/fr\\\/proscar.htm\",\"name\":\"Acheter Proscar 1 et 5 mg en ligne sans ordonnance en France\",\"isPartOf\":{\"@id\":\"https:\\\/\\\/drpillman.biz\\\/#website\"},\"datePublished\":\"2013-10-15T10:23:16+00:00\",\"dateModified\":\"2024-05-17T19:38:11+00:00\",\"description\":\"Proscar se usa para tratar la hiperplasia prost\u00e1tica benigna. Puede comprar gen\u00e9rico Proscar Finasteride 5 mg en l\u00ednea en una buena farmacia del Reino Unido, de esa manera ahorr\u00e1ndose mucho tiempo y dinero.\",\"breadcrumb\":{\"@id\":\"https:\\\/\\\/drpillman.biz\\\/fr\\\/proscar.htm#breadcrumb\"},\"inLanguage\":\"es\",\"potentialAction\":[{\"@type\":\"ReadAction\",\"target\":[\"https:\\\/\\\/drpillman.biz\\\/fr\\\/proscar.htm\"]}]},{\"@type\":\"BreadcrumbList\",\"@id\":\"https:\\\/\\\/drpillman.biz\\\/fr\\\/proscar.htm#breadcrumb\",\"itemListElement\":[{\"@type\":\"ListItem\",\"position\":1,\"name\":\"Home\",\"item\":\"https:\\\/\\\/drpillman.biz\\\/\"},{\"@type\":\"ListItem\",\"position\":2,\"name\":\"Proscar\"}]},{\"@type\":\"WebSite\",\"@id\":\"https:\\\/\\\/drpillman.biz\\\/#website\",\"url\":\"https:\\\/\\\/drpillman.biz\\\/\",\"name\":\"Dr.Pillman\",\"description\":\"\",\"potentialAction\":[{\"@type\":\"SearchAction\",\"target\":{\"@type\":\"EntryPoint\",\"urlTemplate\":\"https:\\\/\\\/drpillman.biz\\\/?s={search_term_string}\"},\"query-input\":{\"@type\":\"PropertyValueSpecification\",\"valueRequired\":true,\"valueName\":\"search_term_string\"}}],\"inLanguage\":\"es\"}]}<\/script>\n<!-- \/ Yoast SEO plugin. -->","yoast_head_json":{"title":"Compre proscar (gen\u00e9rico) en l\u00ednea - tabletas de finasterida 5 mg para el tratamiento de hiperplasia prost\u00e1tica benigna en hombres","description":"Proscar se usa para tratar la hiperplasia prost\u00e1tica benigna. Puede comprar gen\u00e9rico Proscar Finasteride 5 mg en l\u00ednea en una buena farmacia del Reino Unido, de esa manera ahorr\u00e1ndose mucho tiempo y dinero.","robots":{"index":"index","follow":"follow","max-snippet":"max-snippet:-1","max-image-preview":"max-image-preview:large","max-video-preview":"max-video-preview:-1"},"canonical":"https:\/\/drpillman.biz\/fr\/proscar.htm","og_locale":"es_ES","og_type":"article","og_title":"Compre proscar (gen\u00e9rico) en l\u00ednea - tabletas de finasterida 5 mg para el tratamiento de hiperplasia prost\u00e1tica benigna en hombres","og_description":"Proscar se usa para tratar la hiperplasia prost\u00e1tica benigna. Puede comprar gen\u00e9rico Proscar Finasteride 5 mg en l\u00ednea en una buena farmacia del Reino Unido, de esa manera ahorr\u00e1ndose mucho tiempo y dinero.","og_url":"https:\/\/drpillman.biz\/fr\/proscar.htm","og_site_name":"Dr.Pillman","article_modified_time":"2024-05-17T19:38:11+00:00","twitter_card":"summary_large_image","schema":{"@context":"https:\/\/schema.org","@graph":[{"@type":"WebPage","@id":"https:\/\/drpillman.biz\/fr\/proscar.htm","url":"https:\/\/drpillman.biz\/fr\/proscar.htm","name":"Acheter Proscar 1 et 5 mg en ligne sans ordonnance en France","isPartOf":{"@id":"https:\/\/drpillman.biz\/#website"},"datePublished":"2013-10-15T10:23:16+00:00","dateModified":"2024-05-17T19:38:11+00:00","description":"Proscar se usa para tratar la hiperplasia prost\u00e1tica benigna. Puede comprar gen\u00e9rico Proscar Finasteride 5 mg en l\u00ednea en una buena farmacia del Reino Unido, de esa manera ahorr\u00e1ndose mucho tiempo y dinero.","breadcrumb":{"@id":"https:\/\/drpillman.biz\/fr\/proscar.htm#breadcrumb"},"inLanguage":"es","potentialAction":[{"@type":"ReadAction","target":["https:\/\/drpillman.biz\/fr\/proscar.htm"]}]},{"@type":"BreadcrumbList","@id":"https:\/\/drpillman.biz\/fr\/proscar.htm#breadcrumb","itemListElement":[{"@type":"ListItem","position":1,"name":"Home","item":"https:\/\/drpillman.biz\/"},{"@type":"ListItem","position":2,"name":"Proscar"}]},{"@type":"WebSite","@id":"https:\/\/drpillman.biz\/#website","url":"https:\/\/drpillman.biz\/","name":"Dr.Pillman","description":"","potentialAction":[{"@type":"SearchAction","target":{"@type":"EntryPoint","urlTemplate":"https:\/\/drpillman.biz\/?s={search_term_string}"},"query-input":{"@type":"PropertyValueSpecification","valueRequired":true,"valueName":"search_term_string"}}],"inLanguage":"es"}]}},"_links":{"self":[{"href":"https:\/\/drpillman.biz\/es\/wp-json\/wp\/v2\/pages\/163","targetHints":{"allow":["GET"]}}],"collection":[{"href":"https:\/\/drpillman.biz\/es\/wp-json\/wp\/v2\/pages"}],"about":[{"href":"https:\/\/drpillman.biz\/es\/wp-json\/wp\/v2\/types\/page"}],"author":[{"embeddable":true,"href":"https:\/\/drpillman.biz\/es\/wp-json\/wp\/v2\/users\/3"}],"replies":[{"embeddable":true,"href":"https:\/\/drpillman.biz\/es\/wp-json\/wp\/v2\/comments?post=163"}],"version-history":[{"count":0,"href":"https:\/\/drpillman.biz\/es\/wp-json\/wp\/v2\/pages\/163\/revisions"}],"wp:attachment":[{"href":"https:\/\/drpillman.biz\/es\/wp-json\/wp\/v2\/media?parent=163"}],"curies":[{"name":"wp","href":"https:\/\/api.w.org\/{rel}","templated":true}]}}