{"id":172,"date":"2013-11-14T12:30:15","date_gmt":"2013-11-14T12:30:15","guid":{"rendered":"https:\/\/drpillman.biz\/?page_id=172"},"modified":"2024-05-17T20:43:36","modified_gmt":"2024-05-17T19:43:36","slug":"seroquel","status":"publish","type":"page","link":"https:\/\/drpillman.biz\/es\/seroquel.htm","title":{"rendered":"Seroquel"},"content":{"rendered":"<div id=\"content-center\">\n<div id=\"content-image\">\n\t\t\t\t\t<img decoding=\"async\" src=\"\/img\/Seroquel.jpg\" alt=\"Seroquel\" \/><\/div>\n<div id=\"content-description\">\n<h1>Seroquel<\/h1>\n<p> <code><a href=\"https:\/\/200pills.com\/search.html?key=Seroquel\"> <button class=\"button-7\" role=\"button\">Comprar en l\u00ednea<\/button><\/a><\/code><\/p>\n<div class=\"clear\"><\/div>\n<div id=\"description\">\n\t\t\t\t\t\tSeroquel es un f\u00e1rmaco eficaz prescrito para el tratamiento de la esquizofrenia y el trastorno bipolar. No debe administrarse a pacientes menores de 13 a\u00f1os a menos que los beneficios del tratamiento superen los posibles riesgos y no exista una alternativa m\u00e1s segura para el paciente.<\/div>\n<div id=\"additional\">\n\t\t\t\t\t\tSin\u00f3nimos:<span> Quetiapina<\/span>\n<\/div>\n<\/div>\n<div class=\"clear\"><\/div>\n<p>Seroquel (quetiapina) es un medicamento antipsic\u00f3tico de venta con receta cuyo ingrediente activo, la quetiapina, act\u00faa afectando a determinadas sustancias qu\u00edmicas del cerebro. Seroquel est\u00e1 destinado al tratamiento de la depresi\u00f3n man\u00edaca en pacientes de al menos 10 a\u00f1os de edad y de la esquizofrenia en pacientes de al menos 13 a\u00f1os de edad. Tambi\u00e9n puede ser necesario combinar este f\u00e1rmaco con otros medicamentos para tratar a los adultos con trastorno depresivo mayor. Independientemente de si compra quetiapina en l\u00ednea o en su farmacia local, deber\u00e1 conocer la dosis exacta y la cantidad necesaria para el curso de su tratamiento. Es importante comprar Seroquel en una farmacia online de confianza para asegurarse de que est\u00e1 tomando un medicamento de alta calidad de un fabricante autorizado. Tener una buena farmacia en l\u00ednea lista y esperando para comprar quetiapina en la cantidad requerida es muy importante, ya que permite ahorrar su tiempo y su dinero mientras obtiene el tratamiento que necesita para mejorar. Si tiene niveles altos de colesterol, presi\u00f3n arterial alta, trastorno de la tiroides, problemas de h\u00edgado, enfermedad del ri\u00f1\u00f3n o enfermedad del coraz\u00f3n, tendr\u00e1 que hablar con su m\u00e9dico sobre la posibilidad de tomar Seroquel. Es posible que su dosis deba ser diferente en funci\u00f3n de esa informaci\u00f3n. Este medicamento puede no ser seguro para las mujeres embarazadas. Tampoco deben utilizarlo las mujeres en periodo de lactancia, ya que pasa a la leche materna y puede da\u00f1ar al beb\u00e9. Los pacientes menores de 24 a\u00f1os deben acudir a su m\u00e9dico con regularidad durante los 3 primeros meses de tratamiento para excluir la posibilidad de que se produzcan pensamientos o acciones suicidas como consecuencia del uso de quetiapina.<\/p>\n<h2>Efectos secundarios<\/h2>\n<p>Una reacci\u00f3n grave a Seroquel s\u00f3lo es posible si tiene un historial de reacciones al\u00e9rgicas a la quetiapina, en cuyo caso no deber\u00eda tomar este medicamento. En la mayor\u00eda de los pacientes, s\u00f3lo se producen algunos efectos secundarios leves, como dolor de garganta, mareos, estre\u00f1imiento, aumento de peso, malestar estomacal, n\u00e1useas, dolor de est\u00f3mago, sequedad de boca o somnolencia. Debe informar a su m\u00e9dico de cualquier problema que no desaparezca pronto por s\u00ed solo.<\/p>\n<\/div>\n","protected":false},"excerpt":{"rendered":"<p>Seroquel Comprar en l\u00ednea Seroquel es un f\u00e1rmaco eficaz prescrito para el tratamiento de la esquizofrenia y el trastorno bipolar.<\/p>\n","protected":false},"author":3,"featured_media":0,"parent":0,"menu_order":0,"comment_status":"closed","ping_status":"closed","template":"","meta":{"_lmt_disableupdate":"no","_lmt_disable":"no","footnotes":""},"class_list":["post-172","page","type-page","status-publish","hentry"],"translation":{"provider":"WPGlobus","version":"3.0.2","language":"es","enabled_languages":["en","es","fr"],"languages":{"en":{"title":true,"content":true,"excerpt":false},"es":{"title":true,"content":true,"excerpt":false},"fr":{"title":true,"content":true,"excerpt":false}}},"yoast_head":"<!-- This site is optimized with the Yoast SEO plugin v27.3 - https:\/\/yoast.com\/product\/yoast-seo-wordpress\/ -->\n<title>Compre Seroquel (Quetiapine) en l\u00ednea para apreciar todas las ventajas de realizar su pedido por la cantidad requerida en solo unos minutos<\/title>\n<meta name=\"description\" content=\"Seroquel eficiente para tratar la esquizofrenia en pacientes de al menos 13 a\u00f1os de edad. Siempre puede comprar Quetiapine (nombre gen\u00e9rico para Seroquel) a trav\u00e9s de Internet para que el tratamiento sea m\u00e1s barato.\" \/>\n<meta name=\"robots\" content=\"index, follow, max-snippet:-1, max-image-preview:large, max-video-preview:-1\" \/>\n<link rel=\"canonical\" href=\"https:\/\/drpillman.biz\/seroquel.htm\" \/>\n<meta property=\"og:locale\" content=\"es_ES\" \/>\n<meta property=\"og:type\" content=\"article\" \/>\n<meta property=\"og:title\" content=\"Compre Seroquel (Quetiapine) en l\u00ednea para apreciar todas las ventajas de realizar su pedido por la cantidad requerida en solo unos minutos\" \/>\n<meta property=\"og:description\" content=\"Seroquel eficiente para tratar la esquizofrenia en pacientes de al menos 13 a\u00f1os de edad. Siempre puede comprar Quetiapine (nombre gen\u00e9rico para Seroquel) a trav\u00e9s de Internet para que el tratamiento sea m\u00e1s barato.\" \/>\n<meta property=\"og:url\" content=\"https:\/\/drpillman.biz\/seroquel.htm\" \/>\n<meta property=\"og:site_name\" content=\"Dr.Pillman\" \/>\n<meta property=\"article:modified_time\" content=\"2024-05-17T19:43:36+00:00\" \/>\n<meta name=\"twitter:card\" content=\"summary_large_image\" \/>\n<script type=\"application\/ld+json\" class=\"yoast-schema-graph\">{\"@context\":\"https:\\\/\\\/schema.org\",\"@graph\":[{\"@type\":\"WebPage\",\"@id\":\"https:\\\/\\\/drpillman.biz\\\/seroquel.htm\",\"url\":\"https:\\\/\\\/drpillman.biz\\\/seroquel.htm\",\"name\":\"Buy Seroquel (quetiapine) online to appreciate all the advantages of placing your order for the amount required in just a few minutes\",\"isPartOf\":{\"@id\":\"https:\\\/\\\/drpillman.biz\\\/es\\\/#website\"},\"datePublished\":\"2013-11-14T12:30:15+00:00\",\"dateModified\":\"2024-05-17T19:43:36+00:00\",\"description\":\"Seroquel eficiente para tratar la esquizofrenia en pacientes de al menos 13 a\u00f1os de edad. Siempre puede comprar Quetiapine (nombre gen\u00e9rico para Seroquel) a trav\u00e9s de Internet para que el tratamiento sea m\u00e1s barato.\",\"breadcrumb\":{\"@id\":\"https:\\\/\\\/drpillman.biz\\\/seroquel.htm#breadcrumb\"},\"inLanguage\":\"es\",\"potentialAction\":[{\"@type\":\"ReadAction\",\"target\":[\"https:\\\/\\\/drpillman.biz\\\/seroquel.htm\"]}]},{\"@type\":\"BreadcrumbList\",\"@id\":\"https:\\\/\\\/drpillman.biz\\\/seroquel.htm#breadcrumb\",\"itemListElement\":[{\"@type\":\"ListItem\",\"position\":1,\"name\":\"Home\",\"item\":\"https:\\\/\\\/drpillman.biz\\\/es\\\/\"},{\"@type\":\"ListItem\",\"position\":2,\"name\":\"Seroquel\"}]},{\"@type\":\"WebSite\",\"@id\":\"https:\\\/\\\/drpillman.biz\\\/es\\\/#website\",\"url\":\"https:\\\/\\\/drpillman.biz\\\/es\\\/\",\"name\":\"Dr.Pillman\",\"description\":\"\",\"potentialAction\":[{\"@type\":\"SearchAction\",\"target\":{\"@type\":\"EntryPoint\",\"urlTemplate\":\"https:\\\/\\\/drpillman.biz\\\/es\\\/?s={search_term_string}\"},\"query-input\":{\"@type\":\"PropertyValueSpecification\",\"valueRequired\":true,\"valueName\":\"search_term_string\"}}],\"inLanguage\":\"es\"}]}<\/script>\n<!-- \/ Yoast SEO plugin. -->","yoast_head_json":{"title":"Compre Seroquel (Quetiapine) en l\u00ednea para apreciar todas las ventajas de realizar su pedido por la cantidad requerida en solo unos minutos","description":"Seroquel eficiente para tratar la esquizofrenia en pacientes de al menos 13 a\u00f1os de edad. Siempre puede comprar Quetiapine (nombre gen\u00e9rico para Seroquel) a trav\u00e9s de Internet para que el tratamiento sea m\u00e1s barato.","robots":{"index":"index","follow":"follow","max-snippet":"max-snippet:-1","max-image-preview":"max-image-preview:large","max-video-preview":"max-video-preview:-1"},"canonical":"https:\/\/drpillman.biz\/seroquel.htm","og_locale":"es_ES","og_type":"article","og_title":"Compre Seroquel (Quetiapine) en l\u00ednea para apreciar todas las ventajas de realizar su pedido por la cantidad requerida en solo unos minutos","og_description":"Seroquel eficiente para tratar la esquizofrenia en pacientes de al menos 13 a\u00f1os de edad. Siempre puede comprar Quetiapine (nombre gen\u00e9rico para Seroquel) a trav\u00e9s de Internet para que el tratamiento sea m\u00e1s barato.","og_url":"https:\/\/drpillman.biz\/seroquel.htm","og_site_name":"Dr.Pillman","article_modified_time":"2024-05-17T19:43:36+00:00","twitter_card":"summary_large_image","schema":{"@context":"https:\/\/schema.org","@graph":[{"@type":"WebPage","@id":"https:\/\/drpillman.biz\/seroquel.htm","url":"https:\/\/drpillman.biz\/seroquel.htm","name":"Buy Seroquel (quetiapine) online to appreciate all the advantages of placing your order for the amount required in just a few minutes","isPartOf":{"@id":"https:\/\/drpillman.biz\/es\/#website"},"datePublished":"2013-11-14T12:30:15+00:00","dateModified":"2024-05-17T19:43:36+00:00","description":"Seroquel eficiente para tratar la esquizofrenia en pacientes de al menos 13 a\u00f1os de edad. Siempre puede comprar Quetiapine (nombre gen\u00e9rico para Seroquel) a trav\u00e9s de Internet para que el tratamiento sea m\u00e1s barato.","breadcrumb":{"@id":"https:\/\/drpillman.biz\/seroquel.htm#breadcrumb"},"inLanguage":"es","potentialAction":[{"@type":"ReadAction","target":["https:\/\/drpillman.biz\/seroquel.htm"]}]},{"@type":"BreadcrumbList","@id":"https:\/\/drpillman.biz\/seroquel.htm#breadcrumb","itemListElement":[{"@type":"ListItem","position":1,"name":"Home","item":"https:\/\/drpillman.biz\/es\/"},{"@type":"ListItem","position":2,"name":"Seroquel"}]},{"@type":"WebSite","@id":"https:\/\/drpillman.biz\/es\/#website","url":"https:\/\/drpillman.biz\/es\/","name":"Dr.Pillman","description":"","potentialAction":[{"@type":"SearchAction","target":{"@type":"EntryPoint","urlTemplate":"https:\/\/drpillman.biz\/es\/?s={search_term_string}"},"query-input":{"@type":"PropertyValueSpecification","valueRequired":true,"valueName":"search_term_string"}}],"inLanguage":"es"}]}},"_links":{"self":[{"href":"https:\/\/drpillman.biz\/es\/wp-json\/wp\/v2\/pages\/172","targetHints":{"allow":["GET"]}}],"collection":[{"href":"https:\/\/drpillman.biz\/es\/wp-json\/wp\/v2\/pages"}],"about":[{"href":"https:\/\/drpillman.biz\/es\/wp-json\/wp\/v2\/types\/page"}],"author":[{"embeddable":true,"href":"https:\/\/drpillman.biz\/es\/wp-json\/wp\/v2\/users\/3"}],"replies":[{"embeddable":true,"href":"https:\/\/drpillman.biz\/es\/wp-json\/wp\/v2\/comments?post=172"}],"version-history":[{"count":0,"href":"https:\/\/drpillman.biz\/es\/wp-json\/wp\/v2\/pages\/172\/revisions"}],"wp:attachment":[{"href":"https:\/\/drpillman.biz\/es\/wp-json\/wp\/v2\/media?parent=172"}],"curies":[{"name":"wp","href":"https:\/\/api.w.org\/{rel}","templated":true}]}}