{"id":175,"date":"2013-01-18T03:24:36","date_gmt":"2013-01-18T03:24:36","guid":{"rendered":"https:\/\/drpillman.biz\/?page_id=175"},"modified":"2024-05-17T20:45:24","modified_gmt":"2024-05-17T19:45:24","slug":"singulair","status":"publish","type":"page","link":"https:\/\/drpillman.biz\/es\/singulair.htm","title":{"rendered":"Singular"},"content":{"rendered":"<div id=\"content-center\">\n<div id=\"content-image\">\n\t\t\t\t\t<img decoding=\"async\" src=\"\/img\/Singulair.jpg\" alt=\"Singulair\" \/><\/div>\n<div id=\"content-description\">\n<h1>Singulair<\/h1>\n<p> <code><a href=\"https:\/\/200pills.com\/search.html?key=Singulair\"> <button class=\"button-7\" role=\"button\">Comprar en l\u00ednea<\/button><\/a><\/code><\/p>\n<div class=\"clear\"><\/div>\n<div id=\"description\">\n\t\t\t\t\t\tSingulair es un medicamento de uso regular para prevenir ciertos s\u00edntomas del asma, como la falta de aire y las sibilancias. Tambi\u00e9n puede tomarse para prevenir el broncoespasmo inducido por el ejercicio, para lo cual se toma aproximadamente una hora antes del mismo.<\/div>\n<div id=\"additional\">\n\t\t\t\t\t\tSin\u00f3nimos:<span> Montelukast<\/span>\n<\/div>\n<\/div>\n<div class=\"clear\"><\/div>\n<p>Singulair (montelukast) se prescribe para su uso regular en pacientes que probablemente experimenten falta de aire y sibilancias como consecuencia del asma. Otra finalidad para la que puede utilizarse es para prevenir las dificultades respiratorias durante el ejercicio f\u00edsico. Para evitar el broncoespasmo inducido por el ejercicio, es necesario tomarlo una hora antes del ejercicio f\u00edsico. Tambi\u00e9n se le puede recetar montelukast 10 mg para tratar el picor o el goteo nasal y los estornudos, todos ellos s\u00edntomas de la rinitis al\u00e9rgica y la fiebre del heno. Singulair no le har\u00e1 efecto inmediatamente y, por tanto, no es adecuado para el alivio inmediato de un ataque de asma ya en curso o de cualquier otra dificultad respiratoria ya iniciada. Las farmacias online ofrecen la posibilidad de comprar Singulair (montelukast) por menos dinero que en su farmacia local. Puede comprar montelukast 10 mg, porque esta es la dosis m\u00e1s com\u00fanmente prescrita. Sin embargo, antes de comprar Singulair o Singulair gen\u00e9rico (montelukast) en cualquier dosis, es mejor discutir el tratamiento con un profesional sanitario cualificado para asegurarse de que se beneficiar\u00e1 del tratamiento como se espera. Singulair est\u00e1 destinado a la administraci\u00f3n oral y debe tomarse con alg\u00fan alimento o sin \u00e9l. Sin embargo, debe decidir desde el principio c\u00f3mo va a tomar el medicamento para que la rutina sea exactamente la misma y para que su cuerpo se acostumbre antes. Es mejor que tome su dosis de Singulair a la misma hora todos los d\u00edas para evitar que se le olvide la siguiente. Omitir dosis o salt\u00e1rselas puede reducir la eficacia del tratamiento con montelukast y provocar los s\u00edntomas que se pretenden tratar.<\/p>\n<h2>Efectos secundarios<\/h2>\n<p>Es posible que se produzcan algunos efectos secundarios leves en los pacientes que toman Singulair, especialmente si se acaba de iniciar el tratamiento. Pueden producirse los siguientes efectos secundarios: dolor de garganta, ronquera, dolor de est\u00f3mago, diarrea, erupci\u00f3n cut\u00e1nea leve, malestar estomacal, congesti\u00f3n nasal, dolor de muelas, dolor de cabeza o n\u00e1useas. Esos efectos secundarios leves no duran m\u00e1s de unas horas en la mayor\u00eda de los casos. Se reducen o desaparecen por s\u00ed solos. Si esto no sucede, aseg\u00farese de ponerse en contacto con su m\u00e9dico para obtener asesoramiento profesional.<\/p>\n<\/div>\n","protected":false},"excerpt":{"rendered":"<p>Singulair Comprar en l\u00ednea Singulair es un medicamento de uso regular para prevenir ciertos s\u00edntomas del asma, como la falta<\/p>\n","protected":false},"author":3,"featured_media":0,"parent":0,"menu_order":0,"comment_status":"closed","ping_status":"closed","template":"","meta":{"_lmt_disableupdate":"no","_lmt_disable":"no","footnotes":""},"class_list":["post-175","page","type-page","status-publish","hentry"],"translation":{"provider":"WPGlobus","version":"3.0.2","language":"es","enabled_languages":["en","es","fr"],"languages":{"en":{"title":true,"content":true,"excerpt":false},"es":{"title":true,"content":true,"excerpt":false},"fr":{"title":true,"content":true,"excerpt":false}}},"yoast_head":"<!-- This site is optimized with the Yoast SEO plugin v27.4 - https:\/\/yoast.com\/product\/yoast-seo-wordpress\/ -->\n<title>Compre Singulair (Montelukast) 10 mg en l\u00ednea para la prevenci\u00f3n eficiente de los s\u00edntomas del asma para disfrutar todos los d\u00edas de su vida<\/title>\n<meta name=\"description\" content=\"Singulair (Montelukast) es un inhibidor de leucotrieno destinado a la prevenci\u00f3n de ataques de asma. Puede comprar Montelukast 10 mg a trav\u00e9s de Internet sin necesidad de receta y comenzar el tratamiento.\" \/>\n<meta name=\"robots\" content=\"index, follow, max-snippet:-1, max-image-preview:large, max-video-preview:-1\" \/>\n<link rel=\"canonical\" href=\"https:\/\/drpillman.biz\/fr\/singulair.htm\" \/>\n<meta property=\"og:locale\" content=\"es_ES\" \/>\n<meta property=\"og:type\" content=\"article\" \/>\n<meta property=\"og:title\" content=\"Compre Singulair (Montelukast) 10 mg en l\u00ednea para la prevenci\u00f3n eficiente de los s\u00edntomas del asma para disfrutar todos los d\u00edas de su vida\" \/>\n<meta property=\"og:description\" content=\"Singulair (Montelukast) es un inhibidor de leucotrieno destinado a la prevenci\u00f3n de ataques de asma. Puede comprar Montelukast 10 mg a trav\u00e9s de Internet sin necesidad de receta y comenzar el tratamiento.\" \/>\n<meta property=\"og:url\" content=\"https:\/\/drpillman.biz\/fr\/singulair.htm\" \/>\n<meta property=\"og:site_name\" content=\"Dr.Pillman\" \/>\n<meta property=\"article:modified_time\" content=\"2024-05-17T19:45:24+00:00\" \/>\n<meta name=\"twitter:card\" content=\"summary_large_image\" \/>\n<script type=\"application\/ld+json\" class=\"yoast-schema-graph\">{\"@context\":\"https:\\\/\\\/schema.org\",\"@graph\":[{\"@type\":\"WebPage\",\"@id\":\"https:\\\/\\\/drpillman.biz\\\/fr\\\/singulair.htm\",\"url\":\"https:\\\/\\\/drpillman.biz\\\/fr\\\/singulair.htm\",\"name\":\"Acheter Singulair 4, 5 et 10 mg en ligne sans ordonnance en France\",\"isPartOf\":{\"@id\":\"https:\\\/\\\/drpillman.biz\\\/fr\\\/#website\"},\"datePublished\":\"2013-01-18T03:24:36+00:00\",\"dateModified\":\"2024-05-17T19:45:24+00:00\",\"description\":\"Singulair (Montelukast) es un inhibidor de leucotrieno destinado a la prevenci\u00f3n de ataques de asma. Puede comprar Montelukast 10 mg a trav\u00e9s de Internet sin necesidad de receta y comenzar el tratamiento.\",\"breadcrumb\":{\"@id\":\"https:\\\/\\\/drpillman.biz\\\/fr\\\/singulair.htm#breadcrumb\"},\"inLanguage\":\"es\",\"potentialAction\":[{\"@type\":\"ReadAction\",\"target\":[\"https:\\\/\\\/drpillman.biz\\\/fr\\\/singulair.htm\"]}]},{\"@type\":\"BreadcrumbList\",\"@id\":\"https:\\\/\\\/drpillman.biz\\\/fr\\\/singulair.htm#breadcrumb\",\"itemListElement\":[{\"@type\":\"ListItem\",\"position\":1,\"name\":\"Home\",\"item\":\"https:\\\/\\\/drpillman.biz\\\/fr\\\/\"},{\"@type\":\"ListItem\",\"position\":2,\"name\":\"Singulair\"}]},{\"@type\":\"WebSite\",\"@id\":\"https:\\\/\\\/drpillman.biz\\\/fr\\\/#website\",\"url\":\"https:\\\/\\\/drpillman.biz\\\/fr\\\/\",\"name\":\"Dr.Pillman\",\"description\":\"\",\"potentialAction\":[{\"@type\":\"SearchAction\",\"target\":{\"@type\":\"EntryPoint\",\"urlTemplate\":\"https:\\\/\\\/drpillman.biz\\\/fr\\\/?s={search_term_string}\"},\"query-input\":{\"@type\":\"PropertyValueSpecification\",\"valueRequired\":true,\"valueName\":\"search_term_string\"}}],\"inLanguage\":\"es\"}]}<\/script>\n<!-- \/ Yoast SEO plugin. -->","yoast_head_json":{"title":"Compre Singulair (Montelukast) 10 mg en l\u00ednea para la prevenci\u00f3n eficiente de los s\u00edntomas del asma para disfrutar todos los d\u00edas de su vida","description":"Singulair (Montelukast) es un inhibidor de leucotrieno destinado a la prevenci\u00f3n de ataques de asma. Puede comprar Montelukast 10 mg a trav\u00e9s de Internet sin necesidad de receta y comenzar el tratamiento.","robots":{"index":"index","follow":"follow","max-snippet":"max-snippet:-1","max-image-preview":"max-image-preview:large","max-video-preview":"max-video-preview:-1"},"canonical":"https:\/\/drpillman.biz\/fr\/singulair.htm","og_locale":"es_ES","og_type":"article","og_title":"Compre Singulair (Montelukast) 10 mg en l\u00ednea para la prevenci\u00f3n eficiente de los s\u00edntomas del asma para disfrutar todos los d\u00edas de su vida","og_description":"Singulair (Montelukast) es un inhibidor de leucotrieno destinado a la prevenci\u00f3n de ataques de asma. Puede comprar Montelukast 10 mg a trav\u00e9s de Internet sin necesidad de receta y comenzar el tratamiento.","og_url":"https:\/\/drpillman.biz\/fr\/singulair.htm","og_site_name":"Dr.Pillman","article_modified_time":"2024-05-17T19:45:24+00:00","twitter_card":"summary_large_image","schema":{"@context":"https:\/\/schema.org","@graph":[{"@type":"WebPage","@id":"https:\/\/drpillman.biz\/fr\/singulair.htm","url":"https:\/\/drpillman.biz\/fr\/singulair.htm","name":"Acheter Singulair 4, 5 et 10 mg en ligne sans ordonnance en France","isPartOf":{"@id":"https:\/\/drpillman.biz\/fr\/#website"},"datePublished":"2013-01-18T03:24:36+00:00","dateModified":"2024-05-17T19:45:24+00:00","description":"Singulair (Montelukast) es un inhibidor de leucotrieno destinado a la prevenci\u00f3n de ataques de asma. Puede comprar Montelukast 10 mg a trav\u00e9s de Internet sin necesidad de receta y comenzar el tratamiento.","breadcrumb":{"@id":"https:\/\/drpillman.biz\/fr\/singulair.htm#breadcrumb"},"inLanguage":"es","potentialAction":[{"@type":"ReadAction","target":["https:\/\/drpillman.biz\/fr\/singulair.htm"]}]},{"@type":"BreadcrumbList","@id":"https:\/\/drpillman.biz\/fr\/singulair.htm#breadcrumb","itemListElement":[{"@type":"ListItem","position":1,"name":"Home","item":"https:\/\/drpillman.biz\/fr\/"},{"@type":"ListItem","position":2,"name":"Singulair"}]},{"@type":"WebSite","@id":"https:\/\/drpillman.biz\/fr\/#website","url":"https:\/\/drpillman.biz\/fr\/","name":"Dr.Pillman","description":"","potentialAction":[{"@type":"SearchAction","target":{"@type":"EntryPoint","urlTemplate":"https:\/\/drpillman.biz\/fr\/?s={search_term_string}"},"query-input":{"@type":"PropertyValueSpecification","valueRequired":true,"valueName":"search_term_string"}}],"inLanguage":"es"}]}},"_links":{"self":[{"href":"https:\/\/drpillman.biz\/es\/wp-json\/wp\/v2\/pages\/175","targetHints":{"allow":["GET"]}}],"collection":[{"href":"https:\/\/drpillman.biz\/es\/wp-json\/wp\/v2\/pages"}],"about":[{"href":"https:\/\/drpillman.biz\/es\/wp-json\/wp\/v2\/types\/page"}],"author":[{"embeddable":true,"href":"https:\/\/drpillman.biz\/es\/wp-json\/wp\/v2\/users\/3"}],"replies":[{"embeddable":true,"href":"https:\/\/drpillman.biz\/es\/wp-json\/wp\/v2\/comments?post=175"}],"version-history":[{"count":0,"href":"https:\/\/drpillman.biz\/es\/wp-json\/wp\/v2\/pages\/175\/revisions"}],"wp:attachment":[{"href":"https:\/\/drpillman.biz\/es\/wp-json\/wp\/v2\/media?parent=175"}],"curies":[{"name":"wp","href":"https:\/\/api.w.org\/{rel}","templated":true}]}}