{"id":178,"date":"2013-04-21T07:03:53","date_gmt":"2013-04-21T06:03:53","guid":{"rendered":"https:\/\/drpillman.biz\/?page_id=178"},"modified":"2024-05-21T12:55:27","modified_gmt":"2024-05-21T11:55:27","slug":"sporanox","status":"publish","type":"page","link":"https:\/\/drpillman.biz\/es\/sporanox.htm","title":{"rendered":"Esporanox"},"content":{"rendered":"<div id=\"content-center\">\n<div id=\"content-image\">\n\t\t\t\t\t<img decoding=\"async\" src=\"\/img\/Sporanox.jpg\" alt=\"Sporanox\" \/><\/div>\n<div id=\"content-description\">\n<h1>Sporanox<\/h1>\n<p> <code><a href=\"https:\/\/200pills.com\/search.html?key=Sporanox\"> <button class=\"button-7\" role=\"button\">Comprar en l\u00ednea<\/button><\/a><\/code><\/p>\n<div class=\"clear\"><\/div>\n<div id=\"description\">\n\t\t\t\t\t\tSporanox es un f\u00e1rmaco antif\u00fangico triz\u00f3lico que act\u00faa como un antibi\u00f3tico, pero est\u00e1 destinado a tratar las dolencias causadas por infecciones f\u00fangicas. Es el nombre de marca del medicamento gen\u00e9rico Itraconazol descubierto farmacol\u00f3gicamente en 1984. Como medicamento antif\u00fangico, el f\u00e1rmaco puede administrarse por v\u00eda intravenosa o ingerirse por v\u00eda oral. Sin embargo, la opci\u00f3n intravenosa no est\u00e1 disponible en el Reino Unido. Para la administraci\u00f3n oral Sporanox vienen en c\u00e1psulas de 100 mg, as\u00ed como soluciones orales que se formulan de manera diferente y no debe ser tomado indistintamente. Tanto las c\u00e1psulas como las soluciones orales est\u00e1n disponibles en l\u00ednea en las farmacias del Reino Unido con o sin receta.<\/div>\n<div id=\"additional\">\n\t\t\t\t\t\tSin\u00f3nimos:<span> Itraconazol<\/span>\n<\/div>\n<\/div>\n<div class=\"clear\"><\/div>\n<h2>Indicaciones<\/h2>\n<p>Sporanox est\u00e1 indicado para personas con infecciones por hongos en los pulmones, la piel, las u\u00f1as, la garganta, la boca y el es\u00f3fago. Tiene una eficacia curativa m\u00e1s amplia que la de los medicamentos con fluconazol y es especialmente eficaz contra el Aspericillus cuando el fluconazol no funciona. Tambi\u00e9n es eficaz para tratar la esporotricosis, la blastomicosis, la onicomicosis y la histoplasmosis. El itraconazol de Sporanox es un 99% proteico y pr\u00e1cticamente no penetra en el l\u00edquido cefalorraqu\u00eddeo. Por lo tanto, no se prescribe generalmente para tratar la meningitis y otras infecciones microbianas del sistema nervioso central. No obstante, se ha documentado el \u00e9xito del f\u00e1rmaco en el tratamiento de la meningitis coccidioidea y criptoc\u00f3cica.<\/p>\n<p>El f\u00e1rmaco tambi\u00e9n se prescribe para pacientes con infecciones sist\u00e9micas que incluyen la candidasis, la criptococosis y la aspergilosis, en las que otros antif\u00fangicos az\u00f3licos pueden ser menos eficaces o inadecuados. El itraconazol de Sporanox se est\u00e1 estudiando actualmente como posible agente anticancer\u00edgeno para el tratamiento del c\u00e1ncer de pr\u00f3stata, el carcinoma de c\u00e9lulas basales y el c\u00e1ncer de pulm\u00f3n de c\u00e9lulas no peque\u00f1as.<\/p>\n<h2>Mecanismo de acci\u00f3n<\/h2>\n<p>El itraconazol en Sporanox act\u00faa de la misma manera que un inhibidor de la enzima desmetilasa con otros medicamentos antif\u00fangicos azoles. Inhibe la s\u00edntesis de ergostersol impulsada por los hongos. Sin embargo, es farmacol\u00f3gicamente diferente de otros agentes az\u00f3licos por ser el \u00fanico f\u00e1rmaco entre ellos que inhibe tanto la andiog\u00e9nesis como la v\u00eda de se\u00f1alizaci\u00f3n del erizo, que son distintas de su inhibici\u00f3n de la citocromo P450 14-alfa-desmetilasa de la conversi\u00f3n del lanosterol en colesterol.<\/p>\n<h2>Dosificaci\u00f3n<\/h2>\n<p>Cada c\u00e1psula de 100 mg de Sporanox debe ingerirse con un vaso lleno de agua despu\u00e9s de una comida para asegurar su absorci\u00f3n en el est\u00f3mago. En el caso de las soluciones orales prescritas para la boca y la garganta, la soluci\u00f3n debe hacerse g\u00e1rgaras en\u00e9rgicas en la palma de la mano durante unos segundos y luego tragarse, con o sin alimentos, preferiblemente estos \u00faltimos. Sporanox s\u00f3lo debe tomarse seg\u00fan las indicaciones de la receta. Por lo tanto, es importante obtener una receta incluso si puede comprar Sporanox o sus otras marcas de Itraconazol en l\u00ednea en las farmacias del Reino Unido sin una.<\/p>\n<h2>Efectos secundarios<\/h2>\n<p>Sporanox puede provocar somnolencia o mareos y no debe tomarse si tiene que conducir o manejar maquinaria pesada. Tambi\u00e9n puede provocar un ligero dolor de cabeza y zumbidos en los o\u00eddos. En raras reacciones, el Sporanox ha causado da\u00f1os hep\u00e1ticos graves y a menudo mortales. Si despu\u00e9s de tomar el medicamento, experimenta repentinamente v\u00f3mitos, n\u00e1useas, dolor abdominal, p\u00e9rdida de apetito, fatiga por trabajos ligeros, ictericia, picor en la piel, orina o heces oscuras, informe inmediatamente a su m\u00e9dico, ya que cualquiera de ellos podr\u00eda ser un s\u00edntoma temprano de da\u00f1o hep\u00e1tico. En otras situaciones raras, se sabe que el Sporanox desencadena una insuficiencia card\u00edaca congestiva o ICC. Si desarrolla dolores en el pecho, dificultad para respirar o hinchaz\u00f3n en cualquier momento mientras toma Sporanox, p\u00f3ngase en contacto con su m\u00e9dico inmediatamente ya que cualquiera de estos signos puede indicar la aparici\u00f3n de una insuficiencia card\u00edaca congestiva.<\/p>\n<h2>Precauci\u00f3n<\/h2>\n<p>Antes de tomar Sporanox, aseg\u00farese de consultar primero con su m\u00e9dico si tiene antecedentes de ICC u otras afecciones de las v\u00e1lvulas del coraz\u00f3n, trastorno pulmonar obstructivo cr\u00f3nico u otras dolencias pulmonares, o hinchaz\u00f3n o edema importantes. No tome Sporanox si ya est\u00e1 tomando cisaprida (Propulsid), astemizol (Hismanal), pimozida (Orap), midazolam (Versed), triazolam (Halcion), simvastatina (Zocor), ovastatina (Mevacor) o quinidina (Cardioquin, Quinidex, Quinora, Quin-Release, Quinaglute o Quin-G). La interacci\u00f3n de Sporanox con cualquiera de estos f\u00e1rmacos podr\u00eda dar lugar a reacciones graves, si no mortales.<\/p>\n<p>Tambi\u00e9n se sabe que el f\u00e1rmaco pasa a la leche materna de la madre lactante y no debe tomarse cuando se amamanta al beb\u00e9. Se recomienda encarecidamente la anticoncepci\u00f3n a las mujeres que puedan quedarse embarazadas durante el tratamiento con Sporanox y durante los dos meses siguientes al mismo. Beba alcohol con moderaci\u00f3n, ya que el alcohol y el Sporanox tomados simult\u00e1neamente pueden afectar negativamente al h\u00edgado. Por \u00faltimo, si le gusta el pomelo o el zumo de pomelo, sepa que Sporanox puede interactuar con la fruta, lo que podr\u00eda provocar efectos secundarios potencialmente graves.<\/p>\n<\/div>\n","protected":false},"excerpt":{"rendered":"<p>Sporanox Comprar en l\u00ednea Sporanox es un f\u00e1rmaco antif\u00fangico triz\u00f3lico que act\u00faa como un antibi\u00f3tico, pero est\u00e1 destinado a tratar<\/p>\n","protected":false},"author":3,"featured_media":0,"parent":0,"menu_order":0,"comment_status":"closed","ping_status":"closed","template":"","meta":{"_lmt_disableupdate":"no","_lmt_disable":"no","footnotes":""},"class_list":["post-178","page","type-page","status-publish","hentry"],"translation":{"provider":"WPGlobus","version":"3.0.2","language":"es","enabled_languages":["en","es","fr"],"languages":{"en":{"title":true,"content":true,"excerpt":false},"es":{"title":true,"content":true,"excerpt":false},"fr":{"title":true,"content":true,"excerpt":false}}},"yoast_head":"<!-- This site is optimized with the Yoast SEO plugin v27.4 - https:\/\/yoast.com\/product\/yoast-seo-wordpress\/ -->\n<title>Para dolencias causadas por hongos, compre sporanox (itraconazol) 100 mg en l\u00ednea<\/title>\n<meta name=\"description\" content=\"Sporanox (itraconazol) es un antif\u00fangico recetado tomado para infecciones que pueden afectar cualquier parte del cuerpo del paciente. Es bastante seguro y f\u00e1cil comprar itraconazol 100 mg en l\u00ednea sin receta.\" \/>\n<meta name=\"robots\" content=\"index, follow, max-snippet:-1, max-image-preview:large, max-video-preview:-1\" \/>\n<link rel=\"canonical\" href=\"https:\/\/drpillman.biz\/es\/sporanox.htm\" \/>\n<meta property=\"og:locale\" content=\"es_ES\" \/>\n<meta property=\"og:type\" content=\"article\" \/>\n<meta property=\"og:title\" content=\"Para dolencias causadas por hongos, compre sporanox (itraconazol) 100 mg en l\u00ednea\" \/>\n<meta property=\"og:description\" content=\"Sporanox (itraconazol) es un antif\u00fangico recetado tomado para infecciones que pueden afectar cualquier parte del cuerpo del paciente. Es bastante seguro y f\u00e1cil comprar itraconazol 100 mg en l\u00ednea sin receta.\" \/>\n<meta property=\"og:url\" content=\"https:\/\/drpillman.biz\/es\/sporanox.htm\" \/>\n<meta property=\"og:site_name\" content=\"Dr.Pillman\" \/>\n<meta property=\"article:modified_time\" content=\"2024-05-21T11:55:27+00:00\" \/>\n<meta name=\"twitter:card\" content=\"summary_large_image\" \/>\n<script type=\"application\/ld+json\" class=\"yoast-schema-graph\">{\"@context\":\"https:\\\/\\\/schema.org\",\"@graph\":[{\"@type\":\"WebPage\",\"@id\":\"https:\\\/\\\/drpillman.biz\\\/es\\\/sporanox.htm\",\"url\":\"https:\\\/\\\/drpillman.biz\\\/es\\\/sporanox.htm\",\"name\":\"Para dolencias causadas por hongos, compre sporanox (itraconazol) 100 mg en l\u00ednea\",\"isPartOf\":{\"@id\":\"https:\\\/\\\/drpillman.biz\\\/fr\\\/#website\"},\"datePublished\":\"2013-04-21T06:03:53+00:00\",\"dateModified\":\"2024-05-21T11:55:27+00:00\",\"description\":\"Sporanox (itraconazol) es un antif\u00fangico recetado tomado para infecciones que pueden afectar cualquier parte del cuerpo del paciente. Es bastante seguro y f\u00e1cil comprar itraconazol 100 mg en l\u00ednea sin receta.\",\"breadcrumb\":{\"@id\":\"https:\\\/\\\/drpillman.biz\\\/es\\\/sporanox.htm#breadcrumb\"},\"inLanguage\":\"es\",\"potentialAction\":[{\"@type\":\"ReadAction\",\"target\":[\"https:\\\/\\\/drpillman.biz\\\/es\\\/sporanox.htm\"]}]},{\"@type\":\"BreadcrumbList\",\"@id\":\"https:\\\/\\\/drpillman.biz\\\/es\\\/sporanox.htm#breadcrumb\",\"itemListElement\":[{\"@type\":\"ListItem\",\"position\":1,\"name\":\"Home\",\"item\":\"https:\\\/\\\/drpillman.biz\\\/fr\\\/\"},{\"@type\":\"ListItem\",\"position\":2,\"name\":\"Esporanox\"}]},{\"@type\":\"WebSite\",\"@id\":\"https:\\\/\\\/drpillman.biz\\\/fr\\\/#website\",\"url\":\"https:\\\/\\\/drpillman.biz\\\/fr\\\/\",\"name\":\"Dr.Pillman\",\"description\":\"\",\"potentialAction\":[{\"@type\":\"SearchAction\",\"target\":{\"@type\":\"EntryPoint\",\"urlTemplate\":\"https:\\\/\\\/drpillman.biz\\\/fr\\\/?s={search_term_string}\"},\"query-input\":{\"@type\":\"PropertyValueSpecification\",\"valueRequired\":true,\"valueName\":\"search_term_string\"}}],\"inLanguage\":\"es\"}]}<\/script>\n<!-- \/ Yoast SEO plugin. -->","yoast_head_json":{"title":"Para dolencias causadas por hongos, compre sporanox (itraconazol) 100 mg en l\u00ednea","description":"Sporanox (itraconazol) es un antif\u00fangico recetado tomado para infecciones que pueden afectar cualquier parte del cuerpo del paciente. Es bastante seguro y f\u00e1cil comprar itraconazol 100 mg en l\u00ednea sin receta.","robots":{"index":"index","follow":"follow","max-snippet":"max-snippet:-1","max-image-preview":"max-image-preview:large","max-video-preview":"max-video-preview:-1"},"canonical":"https:\/\/drpillman.biz\/es\/sporanox.htm","og_locale":"es_ES","og_type":"article","og_title":"Para dolencias causadas por hongos, compre sporanox (itraconazol) 100 mg en l\u00ednea","og_description":"Sporanox (itraconazol) es un antif\u00fangico recetado tomado para infecciones que pueden afectar cualquier parte del cuerpo del paciente. Es bastante seguro y f\u00e1cil comprar itraconazol 100 mg en l\u00ednea sin receta.","og_url":"https:\/\/drpillman.biz\/es\/sporanox.htm","og_site_name":"Dr.Pillman","article_modified_time":"2024-05-21T11:55:27+00:00","twitter_card":"summary_large_image","schema":{"@context":"https:\/\/schema.org","@graph":[{"@type":"WebPage","@id":"https:\/\/drpillman.biz\/es\/sporanox.htm","url":"https:\/\/drpillman.biz\/es\/sporanox.htm","name":"Para dolencias causadas por hongos, compre sporanox (itraconazol) 100 mg en l\u00ednea","isPartOf":{"@id":"https:\/\/drpillman.biz\/fr\/#website"},"datePublished":"2013-04-21T06:03:53+00:00","dateModified":"2024-05-21T11:55:27+00:00","description":"Sporanox (itraconazol) es un antif\u00fangico recetado tomado para infecciones que pueden afectar cualquier parte del cuerpo del paciente. Es bastante seguro y f\u00e1cil comprar itraconazol 100 mg en l\u00ednea sin receta.","breadcrumb":{"@id":"https:\/\/drpillman.biz\/es\/sporanox.htm#breadcrumb"},"inLanguage":"es","potentialAction":[{"@type":"ReadAction","target":["https:\/\/drpillman.biz\/es\/sporanox.htm"]}]},{"@type":"BreadcrumbList","@id":"https:\/\/drpillman.biz\/es\/sporanox.htm#breadcrumb","itemListElement":[{"@type":"ListItem","position":1,"name":"Home","item":"https:\/\/drpillman.biz\/fr\/"},{"@type":"ListItem","position":2,"name":"Esporanox"}]},{"@type":"WebSite","@id":"https:\/\/drpillman.biz\/fr\/#website","url":"https:\/\/drpillman.biz\/fr\/","name":"Dr.Pillman","description":"","potentialAction":[{"@type":"SearchAction","target":{"@type":"EntryPoint","urlTemplate":"https:\/\/drpillman.biz\/fr\/?s={search_term_string}"},"query-input":{"@type":"PropertyValueSpecification","valueRequired":true,"valueName":"search_term_string"}}],"inLanguage":"es"}]}},"_links":{"self":[{"href":"https:\/\/drpillman.biz\/es\/wp-json\/wp\/v2\/pages\/178","targetHints":{"allow":["GET"]}}],"collection":[{"href":"https:\/\/drpillman.biz\/es\/wp-json\/wp\/v2\/pages"}],"about":[{"href":"https:\/\/drpillman.biz\/es\/wp-json\/wp\/v2\/types\/page"}],"author":[{"embeddable":true,"href":"https:\/\/drpillman.biz\/es\/wp-json\/wp\/v2\/users\/3"}],"replies":[{"embeddable":true,"href":"https:\/\/drpillman.biz\/es\/wp-json\/wp\/v2\/comments?post=178"}],"version-history":[{"count":0,"href":"https:\/\/drpillman.biz\/es\/wp-json\/wp\/v2\/pages\/178\/revisions"}],"wp:attachment":[{"href":"https:\/\/drpillman.biz\/es\/wp-json\/wp\/v2\/media?parent=178"}],"curies":[{"name":"wp","href":"https:\/\/api.w.org\/{rel}","templated":true}]}}