{"id":181,"date":"2013-03-15T09:28:12","date_gmt":"2013-03-15T09:28:12","guid":{"rendered":"https:\/\/drpillman.biz\/?page_id=181"},"modified":"2024-05-17T20:49:07","modified_gmt":"2024-05-17T19:49:07","slug":"strattera","status":"publish","type":"page","link":"https:\/\/drpillman.biz\/es\/strattera.htm","title":{"rendered":"Stratera"},"content":{"rendered":"<div id=\"content-center\">\n<div id=\"content-image\">\n\t\t\t\t\t<img decoding=\"async\" src=\"\/img\/Strattera.jpg\" alt=\"Strattera\" \/><\/div>\n<div id=\"content-description\">\n<h1>Strattera<\/h1>\n<p> <code><a href=\"https:\/\/200pills.com\/search.html?key=Strattera\"> <button class=\"button-7\" role=\"button\">Comprar en l\u00ednea<\/button><\/a><\/code><\/p>\n<div class=\"clear\"><\/div>\n<div id=\"description\">\n\t\t\t\t\t\tStrattera es un medicamento no estimulante destinado al tratamiento del TDAH en ni\u00f1os y adultos. Act\u00faa aumentando los niveles de norepinefrina y reduciendo el comportamiento impulsivo que suelen tener los pacientes con TDAH. Este f\u00e1rmaco ha sido aprobado por la FDA y s\u00f3lo deben tomarlo los pacientes que lo necesiten claramente.<\/div>\n<div id=\"additional\">\n\t\t\t\t\t\tSin\u00f3nimos:<span> Atomoxetina<\/span>\n<\/div>\n<\/div>\n<div class=\"clear\"><\/div>\n<p>Strattera es una de las opciones m\u00e1s populares para el tratamiento del TDAH (trastorno por d\u00e9ficit de atenci\u00f3n e hiperactividad). La ventaja de Strattera sobre otros medicamentos para el TDAH es que puede ser utilizado tanto por adultos como por ni\u00f1os. Strattera tambi\u00e9n est\u00e1 clasificado como un medicamento no estimulante, lo que significa que es probable que cause menos o ning\u00fan efecto secundario y que funcionar\u00e1 mejor para el paciente. Por ejemplo, al comprar Strattera online, se asegura de que usted o su hijo no experimentar\u00e1n somnolencia o agitaci\u00f3n, adem\u00e1s de que no habr\u00e1 riesgo de desarrollar una adicci\u00f3n. Todos estos factores son importantes para tener en cuenta a la hora de decidir si Strattera es el medicamento adecuado para su hijo o para usted mismo. Dado que hoy en d\u00eda es tan f\u00e1cil y asequible comprar Strattera en l\u00ednea, es otra opci\u00f3n que puede considerar seriamente. Despu\u00e9s de todo, comprar Strattera en l\u00ednea significa gastar menos dinero y tiempo sin dejar de obtener la misma calidad, y no hay raz\u00f3n para perder una oportunidad tan grande. Contar con una farmacia en l\u00ednea de confianza para pedir Strattera significa que obtendr\u00e1 mejores ofertas y precios al por mayor, as\u00ed como una entrega r\u00e1pida a su puerta. Dado que Strattera suele tomarse durante periodos m\u00e1s largos, es mejor que lo pidas al por mayor, para ahorrarte una cantidad considerable de dinero. Strattera debe tomarse regularmente y en la dosis exacta prescrita. Tomarlo a intervalos regulares le ayudar\u00e1 a evitar que se pierda alguna de las dosis, lo que puede provocar el regreso de los s\u00edntomas que est\u00e1 tratando de controlar.<\/p>\n<h2>Efectos secundarios<\/h2>\n<p>Los efectos secundarios de Strattera pueden aparecer en algunos pacientes, mientras que la mayor\u00eda de los dem\u00e1s podr\u00e1n seguir su tratamiento sin experimentar ninguno. Se sabe que los pacientes que acaban de empezar el tratamiento presentan los siguientes s\u00edntomas: cambios de humor, disminuci\u00f3n del apetito, malestar estomacal, n\u00e1useas y mareos. Sin embargo, es probable que esos efectos secundarios afecten s\u00f3lo a un peque\u00f1o porcentaje de pacientes y suelen desaparecer por s\u00ed solos.<\/p>\n<\/div>\n","protected":false},"excerpt":{"rendered":"<p>Strattera Comprar en l\u00ednea Strattera es un medicamento no estimulante destinado al tratamiento del TDAH en ni\u00f1os y adultos. Act\u00faa<\/p>\n","protected":false},"author":3,"featured_media":0,"parent":0,"menu_order":0,"comment_status":"closed","ping_status":"closed","template":"","meta":{"_lmt_disableupdate":"no","_lmt_disable":"no","footnotes":""},"class_list":["post-181","page","type-page","status-publish","hentry"],"translation":{"provider":"WPGlobus","version":"3.0.2","language":"es","enabled_languages":["en","es","fr"],"languages":{"en":{"title":true,"content":true,"excerpt":false},"es":{"title":true,"content":true,"excerpt":false},"fr":{"title":true,"content":true,"excerpt":false}}},"yoast_head":"<!-- This site is optimized with the Yoast SEO plugin v27.4 - https:\/\/yoast.com\/product\/yoast-seo-wordpress\/ -->\n<title>Compre strattera en l\u00ednea para tratar el TDAH y aseg\u00farese de que su hijo disfrute de la vida de la forma en que debe disfrutar<\/title>\n<meta name=\"description\" content=\"Compre strattera en l\u00ednea realmente barato. Este medicamento se usa para el tratamiento del trastorno por d\u00e9ficit de atenci\u00f3n hiperactividad en ni\u00f1os y pacientes mayores si necesitan este tipo de tratamiento en alg\u00fan momento.\" \/>\n<meta name=\"robots\" content=\"index, follow, max-snippet:-1, max-image-preview:large, max-video-preview:-1\" \/>\n<link rel=\"canonical\" href=\"https:\/\/drpillman.biz\/es\/strattera.htm\" \/>\n<meta property=\"og:locale\" content=\"es_ES\" \/>\n<meta property=\"og:type\" content=\"article\" \/>\n<meta property=\"og:title\" content=\"Compre strattera en l\u00ednea para tratar el TDAH y aseg\u00farese de que su hijo disfrute de la vida de la forma en que debe disfrutar\" \/>\n<meta property=\"og:description\" content=\"Compre strattera en l\u00ednea realmente barato. Este medicamento se usa para el tratamiento del trastorno por d\u00e9ficit de atenci\u00f3n hiperactividad en ni\u00f1os y pacientes mayores si necesitan este tipo de tratamiento en alg\u00fan momento.\" \/>\n<meta property=\"og:url\" content=\"https:\/\/drpillman.biz\/es\/strattera.htm\" \/>\n<meta property=\"og:site_name\" content=\"Dr.Pillman\" \/>\n<meta property=\"article:modified_time\" content=\"2024-05-17T19:49:07+00:00\" \/>\n<meta name=\"twitter:card\" content=\"summary_large_image\" \/>\n<script type=\"application\/ld+json\" class=\"yoast-schema-graph\">{\"@context\":\"https:\\\/\\\/schema.org\",\"@graph\":[{\"@type\":\"WebPage\",\"@id\":\"https:\\\/\\\/drpillman.biz\\\/es\\\/strattera.htm\",\"url\":\"https:\\\/\\\/drpillman.biz\\\/es\\\/strattera.htm\",\"name\":\"Compre strattera en l\u00ednea para tratar el TDAH y aseg\u00farese de que su hijo disfrute de la vida de la forma en que debe disfrutar\",\"isPartOf\":{\"@id\":\"https:\\\/\\\/drpillman.biz\\\/fr\\\/#website\"},\"datePublished\":\"2013-03-15T09:28:12+00:00\",\"dateModified\":\"2024-05-17T19:49:07+00:00\",\"description\":\"Compre strattera en l\u00ednea realmente barato. Este medicamento se usa para el tratamiento del trastorno por d\u00e9ficit de atenci\u00f3n hiperactividad en ni\u00f1os y pacientes mayores si necesitan este tipo de tratamiento en alg\u00fan momento.\",\"breadcrumb\":{\"@id\":\"https:\\\/\\\/drpillman.biz\\\/es\\\/strattera.htm#breadcrumb\"},\"inLanguage\":\"es\",\"potentialAction\":[{\"@type\":\"ReadAction\",\"target\":[\"https:\\\/\\\/drpillman.biz\\\/es\\\/strattera.htm\"]}]},{\"@type\":\"BreadcrumbList\",\"@id\":\"https:\\\/\\\/drpillman.biz\\\/es\\\/strattera.htm#breadcrumb\",\"itemListElement\":[{\"@type\":\"ListItem\",\"position\":1,\"name\":\"Home\",\"item\":\"https:\\\/\\\/drpillman.biz\\\/fr\\\/\"},{\"@type\":\"ListItem\",\"position\":2,\"name\":\"Stratera\"}]},{\"@type\":\"WebSite\",\"@id\":\"https:\\\/\\\/drpillman.biz\\\/fr\\\/#website\",\"url\":\"https:\\\/\\\/drpillman.biz\\\/fr\\\/\",\"name\":\"Dr.Pillman\",\"description\":\"\",\"potentialAction\":[{\"@type\":\"SearchAction\",\"target\":{\"@type\":\"EntryPoint\",\"urlTemplate\":\"https:\\\/\\\/drpillman.biz\\\/fr\\\/?s={search_term_string}\"},\"query-input\":{\"@type\":\"PropertyValueSpecification\",\"valueRequired\":true,\"valueName\":\"search_term_string\"}}],\"inLanguage\":\"es\"}]}<\/script>\n<!-- \/ Yoast SEO plugin. -->","yoast_head_json":{"title":"Compre strattera en l\u00ednea para tratar el TDAH y aseg\u00farese de que su hijo disfrute de la vida de la forma en que debe disfrutar","description":"Compre strattera en l\u00ednea realmente barato. Este medicamento se usa para el tratamiento del trastorno por d\u00e9ficit de atenci\u00f3n hiperactividad en ni\u00f1os y pacientes mayores si necesitan este tipo de tratamiento en alg\u00fan momento.","robots":{"index":"index","follow":"follow","max-snippet":"max-snippet:-1","max-image-preview":"max-image-preview:large","max-video-preview":"max-video-preview:-1"},"canonical":"https:\/\/drpillman.biz\/es\/strattera.htm","og_locale":"es_ES","og_type":"article","og_title":"Compre strattera en l\u00ednea para tratar el TDAH y aseg\u00farese de que su hijo disfrute de la vida de la forma en que debe disfrutar","og_description":"Compre strattera en l\u00ednea realmente barato. Este medicamento se usa para el tratamiento del trastorno por d\u00e9ficit de atenci\u00f3n hiperactividad en ni\u00f1os y pacientes mayores si necesitan este tipo de tratamiento en alg\u00fan momento.","og_url":"https:\/\/drpillman.biz\/es\/strattera.htm","og_site_name":"Dr.Pillman","article_modified_time":"2024-05-17T19:49:07+00:00","twitter_card":"summary_large_image","schema":{"@context":"https:\/\/schema.org","@graph":[{"@type":"WebPage","@id":"https:\/\/drpillman.biz\/es\/strattera.htm","url":"https:\/\/drpillman.biz\/es\/strattera.htm","name":"Compre strattera en l\u00ednea para tratar el TDAH y aseg\u00farese de que su hijo disfrute de la vida de la forma en que debe disfrutar","isPartOf":{"@id":"https:\/\/drpillman.biz\/fr\/#website"},"datePublished":"2013-03-15T09:28:12+00:00","dateModified":"2024-05-17T19:49:07+00:00","description":"Compre strattera en l\u00ednea realmente barato. Este medicamento se usa para el tratamiento del trastorno por d\u00e9ficit de atenci\u00f3n hiperactividad en ni\u00f1os y pacientes mayores si necesitan este tipo de tratamiento en alg\u00fan momento.","breadcrumb":{"@id":"https:\/\/drpillman.biz\/es\/strattera.htm#breadcrumb"},"inLanguage":"es","potentialAction":[{"@type":"ReadAction","target":["https:\/\/drpillman.biz\/es\/strattera.htm"]}]},{"@type":"BreadcrumbList","@id":"https:\/\/drpillman.biz\/es\/strattera.htm#breadcrumb","itemListElement":[{"@type":"ListItem","position":1,"name":"Home","item":"https:\/\/drpillman.biz\/fr\/"},{"@type":"ListItem","position":2,"name":"Stratera"}]},{"@type":"WebSite","@id":"https:\/\/drpillman.biz\/fr\/#website","url":"https:\/\/drpillman.biz\/fr\/","name":"Dr.Pillman","description":"","potentialAction":[{"@type":"SearchAction","target":{"@type":"EntryPoint","urlTemplate":"https:\/\/drpillman.biz\/fr\/?s={search_term_string}"},"query-input":{"@type":"PropertyValueSpecification","valueRequired":true,"valueName":"search_term_string"}}],"inLanguage":"es"}]}},"_links":{"self":[{"href":"https:\/\/drpillman.biz\/es\/wp-json\/wp\/v2\/pages\/181","targetHints":{"allow":["GET"]}}],"collection":[{"href":"https:\/\/drpillman.biz\/es\/wp-json\/wp\/v2\/pages"}],"about":[{"href":"https:\/\/drpillman.biz\/es\/wp-json\/wp\/v2\/types\/page"}],"author":[{"embeddable":true,"href":"https:\/\/drpillman.biz\/es\/wp-json\/wp\/v2\/users\/3"}],"replies":[{"embeddable":true,"href":"https:\/\/drpillman.biz\/es\/wp-json\/wp\/v2\/comments?post=181"}],"version-history":[{"count":0,"href":"https:\/\/drpillman.biz\/es\/wp-json\/wp\/v2\/pages\/181\/revisions"}],"wp:attachment":[{"href":"https:\/\/drpillman.biz\/es\/wp-json\/wp\/v2\/media?parent=181"}],"curies":[{"name":"wp","href":"https:\/\/api.w.org\/{rel}","templated":true}]}}