{"id":184,"date":"2013-01-21T06:30:30","date_gmt":"2013-01-21T06:30:30","guid":{"rendered":"https:\/\/drpillman.biz\/?page_id=184"},"modified":"2024-05-17T20:51:05","modified_gmt":"2024-05-17T19:51:05","slug":"sumatriptan","status":"publish","type":"page","link":"https:\/\/drpillman.biz\/es\/sumatriptan.htm","title":{"rendered":"Sumatript\u00e1n"},"content":{"rendered":"<div id=\"content-center\">\n<div id=\"content-image\">\n\t\t\t\t\t<img decoding=\"async\" src=\"\/img\/Sumatriptan.jpg\" alt=\"Sumatript\u00e1n\" \/><\/div>\n<div id=\"content-description\">\n<h1>Sumatript\u00e1n<\/h1>\n<p> <code><a href=\"https:\/\/200pills.com\/search.html?key=Sumatriptan\"> <button class=\"button-7\" role=\"button\">Comprar en l\u00ednea<\/button><\/a><\/code> <\/p>\n<div class=\"gray\"><\/div>\n<div class=\"clear\"><\/div>\n<div id=\"description\">\n\t\t\t\t\t\tSumatript\u00e1n est\u00e1 destinado al tratamiento de las migra\u00f1as. Este f\u00e1rmaco es un agonista selectivo de los receptores de serotonina al interferir con los receptores de serotonina. Disponible en dosis de 25 mg a 100 mg, el Sumatript\u00e1n se utiliza desde 1992, cuando fue aprobado por la FDA para las migra\u00f1as.<\/div>\n<div id=\"additional\">\n\t\t\t\t\t\tSin\u00f3nimos:<span> Imitrex<\/span>\n<\/div>\n<\/div>\n<div class=\"clear\"><\/div>\n<p>Sumatript\u00e1n fue aprobado por la FDA para el tratamiento de las migra\u00f1as agudas en pacientes adultos. Las migra\u00f1as que se pueden tratar con Sumatript\u00e1n pueden ser con o sin aura. Al ser un agonista selectivo de los receptores de serotonina, Sumatript\u00e1n estimula los receptores de serotonina en el cerebro, estrechando los vasos sangu\u00edneos del cerebro y aliviando el dolor. Al mismo tiempo, este medicamento tambi\u00e9n afecta a la forma en que las se\u00f1ales de dolor se transmiten entre el cerebro y las terminaciones nerviosas para un mejor alivio del dolor. Puede comprar Sumatriptan 50 mg o 100 mg en l\u00ednea en forma de comprimidos, pero tambi\u00e9n hay disponible una soluci\u00f3n intranasal y una soluci\u00f3n inyectable. Cuando compre Sumatript\u00e1n online, tenga en cuenta que 200 mg es la dosis m\u00e1xima diaria. No debe superar esa dosis para evitar s\u00edntomas desagradables. Tomar m\u00e1s cantidad de este medicamento no va a hacer que su tratamiento sea m\u00e1s eficaz. Otra cosa a tener en cuenta antes de decidirse a comprar Sumatript\u00e1n en una farmacia online es el hecho de tomar cualquier otro medicamento que pueda interactuar con \u00e9l, especialmente isocarboxazida, citalopram, venlafaxina, duloxetina, sibutramina, procarbazina, paroxetina, fluoxetina, fenelzina o sertralina. Para evitar interacciones, hable con su m\u00e9dico o farmac\u00e9utico sobre la mejor manera de combinar ambos tratamientos. Sumatript\u00e1n no puede ser utilizado por mujeres embarazadas o en periodo de lactancia hasta que no hayan consultado todos los riesgos y beneficios de su tratamiento con un profesional cualificado. No se sabe si el Sumatript\u00e1n afectar\u00e1 al feto y c\u00f3mo exactamente. Las madres lactantes deben evitar el Sumatript\u00e1n porque se excreta en la leche materna.<\/p>\n<h2>Efectos secundarios<\/h2>\n<p>El sumatript\u00e1n puede causar algunos efectos secundarios leves propios en el paciente que toma una determinada dosis. Sin embargo, los efectos secundarios no son muy probables en la mayor\u00eda de los pacientes. Aun as\u00ed, debe tener en cuenta la posibilidad de que se produzcan efectos secundarios leves como debilidad, mareos, molestias abdominales, enrojecimiento, hormigueo, irritaci\u00f3n nasal y sudoraci\u00f3n. Los efectos secundarios m\u00e1s graves, como las convulsiones, el espasmo de las arterias coronarias y los latidos card\u00edacos anormales, son extremadamente raros y deben comunicarse a su m\u00e9dico.<\/p>\n<\/div>\n","protected":false},"excerpt":{"rendered":"<p>Sumatript\u00e1n Comprar en l\u00ednea Sumatript\u00e1n est\u00e1 destinado al tratamiento de las migra\u00f1as. Este f\u00e1rmaco es un agonista selectivo de los<\/p>\n","protected":false},"author":3,"featured_media":0,"parent":0,"menu_order":0,"comment_status":"closed","ping_status":"closed","template":"","meta":{"_lmt_disableupdate":"no","_lmt_disable":"no","footnotes":""},"class_list":["post-184","page","type-page","status-publish","hentry"],"translation":{"provider":"WPGlobus","version":"3.0.2","language":"es","enabled_languages":["en","es","fr"],"languages":{"en":{"title":true,"content":true,"excerpt":false},"es":{"title":true,"content":true,"excerpt":false},"fr":{"title":true,"content":true,"excerpt":false}}},"yoast_head":"<!-- This site is optimized with the Yoast SEO plugin v27.4 - https:\/\/yoast.com\/product\/yoast-seo-wordpress\/ -->\n<title>Compre sumatript\u00e1n asequible y eficiente 50 y 100 mg para que sus dolores de cabeza de migra\u00f1a est\u00e9n bajo control sin molestarlo nunca m\u00e1s<\/title>\n<meta name=\"description\" content=\"Compre Sumatript\u00e1n 50 mg o 100 mg en la cantidad requerida de una farmacia en la que se puede confiar cuando se trata de su salud. Puede usar este medicamento para tratar los dolores de cabeza de la migra\u00f1a ya en progreso.\" \/>\n<meta name=\"robots\" content=\"index, follow, max-snippet:-1, max-image-preview:large, max-video-preview:-1\" \/>\n<link rel=\"canonical\" href=\"https:\/\/drpillman.biz\/fr\/sumatriptan.htm\" \/>\n<meta property=\"og:locale\" content=\"es_ES\" \/>\n<meta property=\"og:type\" content=\"article\" \/>\n<meta property=\"og:title\" content=\"Compre sumatript\u00e1n asequible y eficiente 50 y 100 mg para que sus dolores de cabeza de migra\u00f1a est\u00e9n bajo control sin molestarlo nunca m\u00e1s\" \/>\n<meta property=\"og:description\" content=\"Compre Sumatript\u00e1n 50 mg o 100 mg en la cantidad requerida de una farmacia en la que se puede confiar cuando se trata de su salud. Puede usar este medicamento para tratar los dolores de cabeza de la migra\u00f1a ya en progreso.\" \/>\n<meta property=\"og:url\" content=\"https:\/\/drpillman.biz\/fr\/sumatriptan.htm\" \/>\n<meta property=\"og:site_name\" content=\"Dr.Pillman\" \/>\n<meta property=\"article:modified_time\" content=\"2024-05-17T19:51:05+00:00\" \/>\n<meta name=\"twitter:card\" content=\"summary_large_image\" \/>\n<script type=\"application\/ld+json\" class=\"yoast-schema-graph\">{\"@context\":\"https:\\\/\\\/schema.org\",\"@graph\":[{\"@type\":\"WebPage\",\"@id\":\"https:\\\/\\\/drpillman.biz\\\/fr\\\/sumatriptan.htm\",\"url\":\"https:\\\/\\\/drpillman.biz\\\/fr\\\/sumatriptan.htm\",\"name\":\"Acheter Sumatriptan 25, 50 et 100 mg en ligne sans ordonnance en France\",\"isPartOf\":{\"@id\":\"https:\\\/\\\/drpillman.biz\\\/fr\\\/#website\"},\"datePublished\":\"2013-01-21T06:30:30+00:00\",\"dateModified\":\"2024-05-17T19:51:05+00:00\",\"description\":\"Compre Sumatript\u00e1n 50 mg o 100 mg en la cantidad requerida de una farmacia en la que se puede confiar cuando se trata de su salud. Puede usar este medicamento para tratar los dolores de cabeza de la migra\u00f1a ya en progreso.\",\"breadcrumb\":{\"@id\":\"https:\\\/\\\/drpillman.biz\\\/fr\\\/sumatriptan.htm#breadcrumb\"},\"inLanguage\":\"es\",\"potentialAction\":[{\"@type\":\"ReadAction\",\"target\":[\"https:\\\/\\\/drpillman.biz\\\/fr\\\/sumatriptan.htm\"]}]},{\"@type\":\"BreadcrumbList\",\"@id\":\"https:\\\/\\\/drpillman.biz\\\/fr\\\/sumatriptan.htm#breadcrumb\",\"itemListElement\":[{\"@type\":\"ListItem\",\"position\":1,\"name\":\"Home\",\"item\":\"https:\\\/\\\/drpillman.biz\\\/fr\\\/\"},{\"@type\":\"ListItem\",\"position\":2,\"name\":\"Sumatriptan\"}]},{\"@type\":\"WebSite\",\"@id\":\"https:\\\/\\\/drpillman.biz\\\/fr\\\/#website\",\"url\":\"https:\\\/\\\/drpillman.biz\\\/fr\\\/\",\"name\":\"Dr.Pillman\",\"description\":\"\",\"potentialAction\":[{\"@type\":\"SearchAction\",\"target\":{\"@type\":\"EntryPoint\",\"urlTemplate\":\"https:\\\/\\\/drpillman.biz\\\/fr\\\/?s={search_term_string}\"},\"query-input\":{\"@type\":\"PropertyValueSpecification\",\"valueRequired\":true,\"valueName\":\"search_term_string\"}}],\"inLanguage\":\"es\"}]}<\/script>\n<!-- \/ Yoast SEO plugin. -->","yoast_head_json":{"title":"Compre sumatript\u00e1n asequible y eficiente 50 y 100 mg para que sus dolores de cabeza de migra\u00f1a est\u00e9n bajo control sin molestarlo nunca m\u00e1s","description":"Compre Sumatript\u00e1n 50 mg o 100 mg en la cantidad requerida de una farmacia en la que se puede confiar cuando se trata de su salud. Puede usar este medicamento para tratar los dolores de cabeza de la migra\u00f1a ya en progreso.","robots":{"index":"index","follow":"follow","max-snippet":"max-snippet:-1","max-image-preview":"max-image-preview:large","max-video-preview":"max-video-preview:-1"},"canonical":"https:\/\/drpillman.biz\/fr\/sumatriptan.htm","og_locale":"es_ES","og_type":"article","og_title":"Compre sumatript\u00e1n asequible y eficiente 50 y 100 mg para que sus dolores de cabeza de migra\u00f1a est\u00e9n bajo control sin molestarlo nunca m\u00e1s","og_description":"Compre Sumatript\u00e1n 50 mg o 100 mg en la cantidad requerida de una farmacia en la que se puede confiar cuando se trata de su salud. Puede usar este medicamento para tratar los dolores de cabeza de la migra\u00f1a ya en progreso.","og_url":"https:\/\/drpillman.biz\/fr\/sumatriptan.htm","og_site_name":"Dr.Pillman","article_modified_time":"2024-05-17T19:51:05+00:00","twitter_card":"summary_large_image","schema":{"@context":"https:\/\/schema.org","@graph":[{"@type":"WebPage","@id":"https:\/\/drpillman.biz\/fr\/sumatriptan.htm","url":"https:\/\/drpillman.biz\/fr\/sumatriptan.htm","name":"Acheter Sumatriptan 25, 50 et 100 mg en ligne sans ordonnance en France","isPartOf":{"@id":"https:\/\/drpillman.biz\/fr\/#website"},"datePublished":"2013-01-21T06:30:30+00:00","dateModified":"2024-05-17T19:51:05+00:00","description":"Compre Sumatript\u00e1n 50 mg o 100 mg en la cantidad requerida de una farmacia en la que se puede confiar cuando se trata de su salud. Puede usar este medicamento para tratar los dolores de cabeza de la migra\u00f1a ya en progreso.","breadcrumb":{"@id":"https:\/\/drpillman.biz\/fr\/sumatriptan.htm#breadcrumb"},"inLanguage":"es","potentialAction":[{"@type":"ReadAction","target":["https:\/\/drpillman.biz\/fr\/sumatriptan.htm"]}]},{"@type":"BreadcrumbList","@id":"https:\/\/drpillman.biz\/fr\/sumatriptan.htm#breadcrumb","itemListElement":[{"@type":"ListItem","position":1,"name":"Home","item":"https:\/\/drpillman.biz\/fr\/"},{"@type":"ListItem","position":2,"name":"Sumatriptan"}]},{"@type":"WebSite","@id":"https:\/\/drpillman.biz\/fr\/#website","url":"https:\/\/drpillman.biz\/fr\/","name":"Dr.Pillman","description":"","potentialAction":[{"@type":"SearchAction","target":{"@type":"EntryPoint","urlTemplate":"https:\/\/drpillman.biz\/fr\/?s={search_term_string}"},"query-input":{"@type":"PropertyValueSpecification","valueRequired":true,"valueName":"search_term_string"}}],"inLanguage":"es"}]}},"_links":{"self":[{"href":"https:\/\/drpillman.biz\/es\/wp-json\/wp\/v2\/pages\/184","targetHints":{"allow":["GET"]}}],"collection":[{"href":"https:\/\/drpillman.biz\/es\/wp-json\/wp\/v2\/pages"}],"about":[{"href":"https:\/\/drpillman.biz\/es\/wp-json\/wp\/v2\/types\/page"}],"author":[{"embeddable":true,"href":"https:\/\/drpillman.biz\/es\/wp-json\/wp\/v2\/users\/3"}],"replies":[{"embeddable":true,"href":"https:\/\/drpillman.biz\/es\/wp-json\/wp\/v2\/comments?post=184"}],"version-history":[{"count":0,"href":"https:\/\/drpillman.biz\/es\/wp-json\/wp\/v2\/pages\/184\/revisions"}],"wp:attachment":[{"href":"https:\/\/drpillman.biz\/es\/wp-json\/wp\/v2\/media?parent=184"}],"curies":[{"name":"wp","href":"https:\/\/api.w.org\/{rel}","templated":true}]}}