{"id":187,"date":"2013-03-18T08:12:48","date_gmt":"2013-03-18T08:12:48","guid":{"rendered":"https:\/\/drpillman.biz\/?page_id=187"},"modified":"2024-05-17T20:52:59","modified_gmt":"2024-05-17T19:52:59","slug":"tamoxifen","status":"publish","type":"page","link":"https:\/\/drpillman.biz\/es\/tamoxifen.htm","title":{"rendered":"Tamoxifeno"},"content":{"rendered":"<div id=\"content-center\">\n<div id=\"content-image\">\n\t\t\t\t\t<img decoding=\"async\" src=\"\/img\/Tamoxifen.jpg\" alt=\"Tamoxifeno\" \/><\/div>\n<div id=\"content-description\">\n<h1>Tamoxifeno<\/h1>\n<p> <code><a href=\"https:\/\/200pills.com\/search.html?key=Tamoxifen\"> <button class=\"button-7\" role=\"button\">Comprar en l\u00ednea<\/button><\/a><\/code> <\/p>\n<div class=\"gray\"><\/div>\n<div class=\"clear\"><\/div>\n<div id=\"description\">\n\t\t\t\t\t\tEl citrato de tamoxifeno es un eficaz antiestr\u00f3geno utilizado para el tratamiento y la prevenci\u00f3n del c\u00e1ncer de mama en mujeres con alto riesgo de padecer esta enfermedad. Fue aprobado en 1997 para este prop\u00f3sito espec\u00edfico, pero puede ser utilizado para una serie de otros prop\u00f3sitos debido a la forma espec\u00edfica en que funciona. <\/div>\n<div id=\"additional\">\n\t\t\t\t\t\tSin\u00f3nimos:<span> Nolvadex<\/span>\n<\/div>\n<\/div>\n<div class=\"clear\"><\/div>\n<p>El tamoxifeno (citrato de tamoxifeno) es un f\u00e1rmaco clasificado como antiestr\u00f3geno. Los f\u00e1rmacos de este grupo se utilizan para tratar el c\u00e1ncer de mama, as\u00ed como para prevenir la enfermedad en las mujeres del grupo de alto riesgo. No se sabe exactamente c\u00f3mo funciona el citrato de tamoxifeno, pero puede bloquear los receptores de la superficie de las c\u00e9lulas, asegurando as\u00ed que los estr\u00f3genos (hormonas relacionadas con el desarrollo del c\u00e1ncer) no se unan a la c\u00e9lula activ\u00e1ndola y promoviendo el crecimiento de un tumor. Al comprar tamoxifeno online, debe conocer la dosis y la preparaci\u00f3n que necesita, ya que existen comprimidos de citrato de tamoxifeno de 10 mg y 20 mg, as\u00ed como la soluci\u00f3n. El tamoxifeno tambi\u00e9n puede ser adquirido y utilizado por los varones con c\u00e1ncer de mama invasivo, especialmente despu\u00e9s de la radioterapia o de una intervenci\u00f3n quir\u00fargica. El tamoxifeno debe tomarse durante mucho tiempo, por lo que si decides comprarlo online, lo mejor es que lo pidas al por mayor en la farmacia que elijas desde el principio. Es mucho m\u00e1s ventajoso comprar citrato de tamoxifeno en l\u00ednea de esa manera, ya que se obtiene un descuento significativo. Para tratar o prevenir el c\u00e1ncer de mama, el tamoxifeno debe tomarse en dosis de 10 mg dos veces al d\u00eda o 20 mg una vez al d\u00eda durante un m\u00e1ximo de 5 a\u00f1os. Otro posible uso del tamoxifeno es para inducir la ovulaci\u00f3n. En ese caso, debe tomarse dos veces al d\u00eda (de 5 mg a 40 mg) durante 4 d\u00edas, a menos que el m\u00e9dico recomiende lo contrario. El tamoxifeno no debe utilizarse nunca durante el embarazo, ya que existe el riesgo de que da\u00f1e la salud del feto. Este medicamento tambi\u00e9n est\u00e1 contraindicado para las mujeres en periodo de lactancia, ya que reduce la cantidad de leche producida.<\/p>\n<div id=\"buynow\">\n<h1><a href=\"http:\/\/tamoxifencitrate.biz\/\" title=\"tamoxifencitrate.biz\">Comprar citrato de tamoxifeno.<\/a><\/h1>\n<\/div>\n<h2>Efectos secundarios<\/h2>\n<p>La mayor\u00eda de las pacientes no desarrollar\u00e1n ning\u00fan efecto secundario al tomar tamoxifeno, mientras que otras podr\u00edan hacerlo. Los efectos secundarios m\u00e1s comunes que se producen en las pacientes sometidas a tratamiento con tamoxifeno son el aumento de peso, el flujo vaginal, las n\u00e1useas, los sofocos y la ausencia de per\u00edodos menstruales. Para asegurarse de que se evitan otros efectos secundarios y reacciones, el paciente debe acudir a todas las citas con el m\u00e9dico e informar de cualquier s\u00edntoma inusual.<\/p>\n<\/div>\n","protected":false},"excerpt":{"rendered":"<p>Tamoxifeno Comprar en l\u00ednea El citrato de tamoxifeno es un eficaz antiestr\u00f3geno utilizado para el tratamiento y la prevenci\u00f3n del<\/p>\n","protected":false},"author":3,"featured_media":0,"parent":0,"menu_order":0,"comment_status":"closed","ping_status":"closed","template":"","meta":{"_lmt_disableupdate":"no","_lmt_disable":"no","footnotes":""},"class_list":["post-187","page","type-page","status-publish","hentry"],"translation":{"provider":"WPGlobus","version":"3.0.2","language":"es","enabled_languages":["en","es","fr"],"languages":{"en":{"title":true,"content":true,"excerpt":false},"es":{"title":true,"content":true,"excerpt":false},"fr":{"title":true,"content":true,"excerpt":false}}},"yoast_head":"<!-- This site is optimized with the Yoast SEO plugin v27.4 - https:\/\/yoast.com\/product\/yoast-seo-wordpress\/ -->\n<title>Compre citrato de tamoxifeno altamente eficiente y asequible de una farmacia en l\u00ednea de confianza para evitar que su c\u00e1ncer se propague<\/title>\n<meta name=\"description\" content=\"Compre citrato de tamoxifeno asequible de alta calidad en l\u00ednea y t\u00f3melo de acuerdo con las instrucciones de su m\u00e9dico para prevenir el c\u00e1ncer de mama o aseg\u00farese de que el c\u00e1ncer con el que le han diagnosticado no se mantenga propagado.\" \/>\n<meta name=\"robots\" content=\"index, follow, max-snippet:-1, max-image-preview:large, max-video-preview:-1\" \/>\n<link rel=\"canonical\" href=\"https:\/\/drpillman.biz\/es\/tamoxifen.htm\" \/>\n<meta property=\"og:locale\" content=\"es_ES\" \/>\n<meta property=\"og:type\" content=\"article\" \/>\n<meta property=\"og:title\" content=\"Compre citrato de tamoxifeno altamente eficiente y asequible de una farmacia en l\u00ednea de confianza para evitar que su c\u00e1ncer se propague\" \/>\n<meta property=\"og:description\" content=\"Compre citrato de tamoxifeno asequible de alta calidad en l\u00ednea y t\u00f3melo de acuerdo con las instrucciones de su m\u00e9dico para prevenir el c\u00e1ncer de mama o aseg\u00farese de que el c\u00e1ncer con el que le han diagnosticado no se mantenga propagado.\" \/>\n<meta property=\"og:url\" content=\"https:\/\/drpillman.biz\/es\/tamoxifen.htm\" \/>\n<meta property=\"og:site_name\" content=\"Dr.Pillman\" \/>\n<meta property=\"article:modified_time\" content=\"2024-05-17T19:52:59+00:00\" \/>\n<meta name=\"twitter:card\" content=\"summary_large_image\" \/>\n<script type=\"application\/ld+json\" class=\"yoast-schema-graph\">{\"@context\":\"https:\\\/\\\/schema.org\",\"@graph\":[{\"@type\":\"WebPage\",\"@id\":\"https:\\\/\\\/drpillman.biz\\\/es\\\/tamoxifen.htm\",\"url\":\"https:\\\/\\\/drpillman.biz\\\/es\\\/tamoxifen.htm\",\"name\":\"Compre citrato de tamoxifeno altamente eficiente y asequible de una farmacia en l\u00ednea de confianza para evitar que su c\u00e1ncer se propague\",\"isPartOf\":{\"@id\":\"https:\\\/\\\/drpillman.biz\\\/es\\\/#website\"},\"datePublished\":\"2013-03-18T08:12:48+00:00\",\"dateModified\":\"2024-05-17T19:52:59+00:00\",\"description\":\"Compre citrato de tamoxifeno asequible de alta calidad en l\u00ednea y t\u00f3melo de acuerdo con las instrucciones de su m\u00e9dico para prevenir el c\u00e1ncer de mama o aseg\u00farese de que el c\u00e1ncer con el que le han diagnosticado no se mantenga propagado.\",\"breadcrumb\":{\"@id\":\"https:\\\/\\\/drpillman.biz\\\/es\\\/tamoxifen.htm#breadcrumb\"},\"inLanguage\":\"es\",\"potentialAction\":[{\"@type\":\"ReadAction\",\"target\":[\"https:\\\/\\\/drpillman.biz\\\/es\\\/tamoxifen.htm\"]}]},{\"@type\":\"BreadcrumbList\",\"@id\":\"https:\\\/\\\/drpillman.biz\\\/es\\\/tamoxifen.htm#breadcrumb\",\"itemListElement\":[{\"@type\":\"ListItem\",\"position\":1,\"name\":\"Home\",\"item\":\"http:\\\/\\\/drpillman.biz\\\/\"},{\"@type\":\"ListItem\",\"position\":2,\"name\":\"Tamoxifeno\"}]},{\"@type\":\"WebSite\",\"@id\":\"https:\\\/\\\/drpillman.biz\\\/es\\\/#website\",\"url\":\"https:\\\/\\\/drpillman.biz\\\/es\\\/\",\"name\":\"Dr.Pillman\",\"description\":\"\",\"potentialAction\":[{\"@type\":\"SearchAction\",\"target\":{\"@type\":\"EntryPoint\",\"urlTemplate\":\"https:\\\/\\\/drpillman.biz\\\/es\\\/?s={search_term_string}\"},\"query-input\":{\"@type\":\"PropertyValueSpecification\",\"valueRequired\":true,\"valueName\":\"search_term_string\"}}],\"inLanguage\":\"es\"}]}<\/script>\n<!-- \/ Yoast SEO plugin. -->","yoast_head_json":{"title":"Compre citrato de tamoxifeno altamente eficiente y asequible de una farmacia en l\u00ednea de confianza para evitar que su c\u00e1ncer se propague","description":"Compre citrato de tamoxifeno asequible de alta calidad en l\u00ednea y t\u00f3melo de acuerdo con las instrucciones de su m\u00e9dico para prevenir el c\u00e1ncer de mama o aseg\u00farese de que el c\u00e1ncer con el que le han diagnosticado no se mantenga propagado.","robots":{"index":"index","follow":"follow","max-snippet":"max-snippet:-1","max-image-preview":"max-image-preview:large","max-video-preview":"max-video-preview:-1"},"canonical":"https:\/\/drpillman.biz\/es\/tamoxifen.htm","og_locale":"es_ES","og_type":"article","og_title":"Compre citrato de tamoxifeno altamente eficiente y asequible de una farmacia en l\u00ednea de confianza para evitar que su c\u00e1ncer se propague","og_description":"Compre citrato de tamoxifeno asequible de alta calidad en l\u00ednea y t\u00f3melo de acuerdo con las instrucciones de su m\u00e9dico para prevenir el c\u00e1ncer de mama o aseg\u00farese de que el c\u00e1ncer con el que le han diagnosticado no se mantenga propagado.","og_url":"https:\/\/drpillman.biz\/es\/tamoxifen.htm","og_site_name":"Dr.Pillman","article_modified_time":"2024-05-17T19:52:59+00:00","twitter_card":"summary_large_image","schema":{"@context":"https:\/\/schema.org","@graph":[{"@type":"WebPage","@id":"https:\/\/drpillman.biz\/es\/tamoxifen.htm","url":"https:\/\/drpillman.biz\/es\/tamoxifen.htm","name":"Compre citrato de tamoxifeno altamente eficiente y asequible de una farmacia en l\u00ednea de confianza para evitar que su c\u00e1ncer se propague","isPartOf":{"@id":"https:\/\/drpillman.biz\/es\/#website"},"datePublished":"2013-03-18T08:12:48+00:00","dateModified":"2024-05-17T19:52:59+00:00","description":"Compre citrato de tamoxifeno asequible de alta calidad en l\u00ednea y t\u00f3melo de acuerdo con las instrucciones de su m\u00e9dico para prevenir el c\u00e1ncer de mama o aseg\u00farese de que el c\u00e1ncer con el que le han diagnosticado no se mantenga propagado.","breadcrumb":{"@id":"https:\/\/drpillman.biz\/es\/tamoxifen.htm#breadcrumb"},"inLanguage":"es","potentialAction":[{"@type":"ReadAction","target":["https:\/\/drpillman.biz\/es\/tamoxifen.htm"]}]},{"@type":"BreadcrumbList","@id":"https:\/\/drpillman.biz\/es\/tamoxifen.htm#breadcrumb","itemListElement":[{"@type":"ListItem","position":1,"name":"Home","item":"http:\/\/drpillman.biz\/"},{"@type":"ListItem","position":2,"name":"Tamoxifeno"}]},{"@type":"WebSite","@id":"https:\/\/drpillman.biz\/es\/#website","url":"https:\/\/drpillman.biz\/es\/","name":"Dr.Pillman","description":"","potentialAction":[{"@type":"SearchAction","target":{"@type":"EntryPoint","urlTemplate":"https:\/\/drpillman.biz\/es\/?s={search_term_string}"},"query-input":{"@type":"PropertyValueSpecification","valueRequired":true,"valueName":"search_term_string"}}],"inLanguage":"es"}]}},"_links":{"self":[{"href":"https:\/\/drpillman.biz\/es\/wp-json\/wp\/v2\/pages\/187","targetHints":{"allow":["GET"]}}],"collection":[{"href":"https:\/\/drpillman.biz\/es\/wp-json\/wp\/v2\/pages"}],"about":[{"href":"https:\/\/drpillman.biz\/es\/wp-json\/wp\/v2\/types\/page"}],"author":[{"embeddable":true,"href":"https:\/\/drpillman.biz\/es\/wp-json\/wp\/v2\/users\/3"}],"replies":[{"embeddable":true,"href":"https:\/\/drpillman.biz\/es\/wp-json\/wp\/v2\/comments?post=187"}],"version-history":[{"count":0,"href":"https:\/\/drpillman.biz\/es\/wp-json\/wp\/v2\/pages\/187\/revisions"}],"wp:attachment":[{"href":"https:\/\/drpillman.biz\/es\/wp-json\/wp\/v2\/media?parent=187"}],"curies":[{"name":"wp","href":"https:\/\/api.w.org\/{rel}","templated":true}]}}