{"id":190,"date":"2013-06-20T03:06:07","date_gmt":"2013-06-20T02:06:07","guid":{"rendered":"https:\/\/drpillman.biz\/?page_id=190"},"modified":"2024-05-17T20:54:50","modified_gmt":"2024-05-17T19:54:50","slug":"topamax","status":"publish","type":"page","link":"https:\/\/drpillman.biz\/es\/topamax.htm","title":{"rendered":"Topamax"},"content":{"rendered":"<div id=\"content-center\">\n<div id=\"content-image\">\n\t\t\t\t\t<img decoding=\"async\" src=\"\/img\/Topamax.jpg\" alt=\"Topamax\" \/><\/div>\n<div id=\"content-description\">\n<h1>Topamax<\/h1>\n<p> <code><a href=\"https:\/\/200pills.com\/search.html?key=Topamax\"> <button class=\"button-7\" role=\"button\">Comprar en l\u00ednea<\/button><\/a><\/code><\/p>\n<div class=\"clear\"><\/div>\n<div id=\"description\">\n\t\t\t\t\t\tTopamax es un medicamento anticonvulsivo que tambi\u00e9n se puede utilizar para prevenir las migra\u00f1as en pacientes con probabilidad de desarrollar este tipo de dolor de cabeza. Este f\u00e1rmaco suele tomarse dos veces al d\u00eda, aunque algunos pacientes pueden empezar tomando una dosis de Topamax al d\u00eda, para luego aumentar a dos.<\/div>\n<div id=\"additional\">\n\t\t\t\t\t\tSin\u00f3nimos:<span> Topiramate<\/span>\n<\/div>\n<\/div>\n<div class=\"clear\"><\/div>\n<p>Topamax (topiramato) es un anticonvulsivo utilizado para prevenir y controlar las convulsiones. Otro posible uso es para prevenir las migra\u00f1as. Es importante recordar que el topiramato no detendr\u00e1 un ataque de migra\u00f1a en curso, pero puede tomarse con regularidad para disminuir la frecuencia de dichos dolores de cabeza y evitar que se produzcan. Puede comprar Topamax 25 mg online sin receta m\u00e9dica si cree que es una forma mejor. Cada vez m\u00e1s personas descubren que es m\u00e1s conveniente comprar topiramato en l\u00ednea, ya que no es necesario ir a ning\u00fan sitio y el pedido puede hacerse en menos de cinco minutos. Topamax 25 mg es la dosis m\u00e1s com\u00fanmente prescrita, ya que funciona para la mayor\u00eda de los pacientes como se esperaba sin causar efectos secundarios. Algunos pacientes pueden necesitar una dosis superior a la de Topamax 25 mg, pero el riesgo de efectos secundarios tambi\u00e9n aumentar\u00e1. Topamax se toma con alg\u00fan alimento o sin \u00e9l, normalmente dos veces al d\u00eda a intervalos regulares. Lo mejor es mantener la misma rutina de tratamiento todos los d\u00edas para evitar que se olvide la siguiente dosis que hay que tomar. No debe interrumpir el tratamiento de forma repentina y sin consultar a su m\u00e9dico, ya que es m\u00e1s probable que aparezcan los s\u00edntomas que ha intentado controlar o prevenir. Si hay que interrumpir el tratamiento, habr\u00e1 que tomar cada vez menos cantidad cada d\u00eda. El Topamax no debe compartirse con otras personas ni tomarse durante m\u00e1s tiempo del recomendado. Es posible que tenga que acudir a su m\u00e9dico con regularidad para someterse a pruebas y controles para asegurarse de que el medicamento est\u00e1 funcionando correctamente.<\/p>\n<h2>Efectos secundarios<\/h2>\n<p>Los efectos secundarios de Topamax suelen ser leves e incluyen nerviosismo, dolor de garganta, estornudos, congesti\u00f3n nasal, diarrea y mareos leves. Por lo general, no hay que preocuparse por ellos, ya que desaparecen pronto por s\u00ed solos. Los efectos secundarios m\u00e1s graves, por otro lado, deben ser discutidos con su m\u00e9dico si se producen, especialmente la boca seca, piel seca, aumento de la sed, p\u00e9rdida de apetito, p\u00e9rdida repentina de la visi\u00f3n, v\u00f3mitos o latidos irregulares del coraz\u00f3n.<\/p>\n<\/div>\n","protected":false},"excerpt":{"rendered":"<p>Topamax Comprar en l\u00ednea Topamax es un medicamento anticonvulsivo que tambi\u00e9n se puede utilizar para prevenir las migra\u00f1as en pacientes<\/p>\n","protected":false},"author":3,"featured_media":0,"parent":0,"menu_order":0,"comment_status":"closed","ping_status":"closed","template":"","meta":{"_lmt_disableupdate":"no","_lmt_disable":"no","footnotes":""},"class_list":["post-190","page","type-page","status-publish","hentry"],"translation":{"provider":"WPGlobus","version":"3.0.2","language":"es","enabled_languages":["en","es","fr"],"languages":{"en":{"title":true,"content":true,"excerpt":false},"es":{"title":true,"content":true,"excerpt":false},"fr":{"title":true,"content":true,"excerpt":false}}},"yoast_head":"<!-- This site is optimized with the Yoast SEO plugin v27.4 - https:\/\/yoast.com\/product\/yoast-seo-wordpress\/ -->\n<title>Topamax 25 mg (topiramato) asequible y eficiente est\u00e1 disponible durante todo el d\u00eda con entrega internacional<\/title>\n<meta name=\"description\" content=\"Topamax (Topiramate) es un medicamento contra la seguria que puede usar para tratar las convulsiones. En estos d\u00edas, cualquiera puede comprar topiramato 25 mg, incluso para la prevenci\u00f3n del dolor de cabeza por migra\u00f1a.\" \/>\n<meta name=\"robots\" content=\"index, follow, max-snippet:-1, max-image-preview:large, max-video-preview:-1\" \/>\n<link rel=\"canonical\" href=\"https:\/\/drpillman.biz\/fr\/topamax.htm\" \/>\n<meta property=\"og:locale\" content=\"es_ES\" \/>\n<meta property=\"og:type\" content=\"article\" \/>\n<meta property=\"og:title\" content=\"Topamax 25 mg (topiramato) asequible y eficiente est\u00e1 disponible durante todo el d\u00eda con entrega internacional\" \/>\n<meta property=\"og:description\" content=\"Topamax (Topiramate) es un medicamento contra la seguria que puede usar para tratar las convulsiones. En estos d\u00edas, cualquiera puede comprar topiramato 25 mg, incluso para la prevenci\u00f3n del dolor de cabeza por migra\u00f1a.\" \/>\n<meta property=\"og:url\" content=\"https:\/\/drpillman.biz\/fr\/topamax.htm\" \/>\n<meta property=\"og:site_name\" content=\"Dr.Pillman\" \/>\n<meta property=\"article:modified_time\" content=\"2024-05-17T19:54:50+00:00\" \/>\n<meta name=\"twitter:card\" content=\"summary_large_image\" \/>\n<script type=\"application\/ld+json\" class=\"yoast-schema-graph\">{\"@context\":\"https:\\\/\\\/schema.org\",\"@graph\":[{\"@type\":\"WebPage\",\"@id\":\"https:\\\/\\\/drpillman.biz\\\/fr\\\/topamax.htm\",\"url\":\"https:\\\/\\\/drpillman.biz\\\/fr\\\/topamax.htm\",\"name\":\"Acheter Topamax 25, 50 et 100 mg en ligne sans ordonnance en France\",\"isPartOf\":{\"@id\":\"https:\\\/\\\/drpillman.biz\\\/#website\"},\"datePublished\":\"2013-06-20T02:06:07+00:00\",\"dateModified\":\"2024-05-17T19:54:50+00:00\",\"description\":\"Topamax (Topiramate) es un medicamento contra la seguria que puede usar para tratar las convulsiones. En estos d\u00edas, cualquiera puede comprar topiramato 25 mg, incluso para la prevenci\u00f3n del dolor de cabeza por migra\u00f1a.\",\"breadcrumb\":{\"@id\":\"https:\\\/\\\/drpillman.biz\\\/fr\\\/topamax.htm#breadcrumb\"},\"inLanguage\":\"es\",\"potentialAction\":[{\"@type\":\"ReadAction\",\"target\":[\"https:\\\/\\\/drpillman.biz\\\/fr\\\/topamax.htm\"]}]},{\"@type\":\"BreadcrumbList\",\"@id\":\"https:\\\/\\\/drpillman.biz\\\/fr\\\/topamax.htm#breadcrumb\",\"itemListElement\":[{\"@type\":\"ListItem\",\"position\":1,\"name\":\"Home\",\"item\":\"https:\\\/\\\/drpillman.biz\\\/\"},{\"@type\":\"ListItem\",\"position\":2,\"name\":\"Topamax\"}]},{\"@type\":\"WebSite\",\"@id\":\"https:\\\/\\\/drpillman.biz\\\/#website\",\"url\":\"https:\\\/\\\/drpillman.biz\\\/\",\"name\":\"Dr.Pillman\",\"description\":\"\",\"potentialAction\":[{\"@type\":\"SearchAction\",\"target\":{\"@type\":\"EntryPoint\",\"urlTemplate\":\"https:\\\/\\\/drpillman.biz\\\/?s={search_term_string}\"},\"query-input\":{\"@type\":\"PropertyValueSpecification\",\"valueRequired\":true,\"valueName\":\"search_term_string\"}}],\"inLanguage\":\"es\"}]}<\/script>\n<!-- \/ Yoast SEO plugin. -->","yoast_head_json":{"title":"Topamax 25 mg (topiramato) asequible y eficiente est\u00e1 disponible durante todo el d\u00eda con entrega internacional","description":"Topamax (Topiramate) es un medicamento contra la seguria que puede usar para tratar las convulsiones. En estos d\u00edas, cualquiera puede comprar topiramato 25 mg, incluso para la prevenci\u00f3n del dolor de cabeza por migra\u00f1a.","robots":{"index":"index","follow":"follow","max-snippet":"max-snippet:-1","max-image-preview":"max-image-preview:large","max-video-preview":"max-video-preview:-1"},"canonical":"https:\/\/drpillman.biz\/fr\/topamax.htm","og_locale":"es_ES","og_type":"article","og_title":"Topamax 25 mg (topiramato) asequible y eficiente est\u00e1 disponible durante todo el d\u00eda con entrega internacional","og_description":"Topamax (Topiramate) es un medicamento contra la seguria que puede usar para tratar las convulsiones. En estos d\u00edas, cualquiera puede comprar topiramato 25 mg, incluso para la prevenci\u00f3n del dolor de cabeza por migra\u00f1a.","og_url":"https:\/\/drpillman.biz\/fr\/topamax.htm","og_site_name":"Dr.Pillman","article_modified_time":"2024-05-17T19:54:50+00:00","twitter_card":"summary_large_image","schema":{"@context":"https:\/\/schema.org","@graph":[{"@type":"WebPage","@id":"https:\/\/drpillman.biz\/fr\/topamax.htm","url":"https:\/\/drpillman.biz\/fr\/topamax.htm","name":"Acheter Topamax 25, 50 et 100 mg en ligne sans ordonnance en France","isPartOf":{"@id":"https:\/\/drpillman.biz\/#website"},"datePublished":"2013-06-20T02:06:07+00:00","dateModified":"2024-05-17T19:54:50+00:00","description":"Topamax (Topiramate) es un medicamento contra la seguria que puede usar para tratar las convulsiones. En estos d\u00edas, cualquiera puede comprar topiramato 25 mg, incluso para la prevenci\u00f3n del dolor de cabeza por migra\u00f1a.","breadcrumb":{"@id":"https:\/\/drpillman.biz\/fr\/topamax.htm#breadcrumb"},"inLanguage":"es","potentialAction":[{"@type":"ReadAction","target":["https:\/\/drpillman.biz\/fr\/topamax.htm"]}]},{"@type":"BreadcrumbList","@id":"https:\/\/drpillman.biz\/fr\/topamax.htm#breadcrumb","itemListElement":[{"@type":"ListItem","position":1,"name":"Home","item":"https:\/\/drpillman.biz\/"},{"@type":"ListItem","position":2,"name":"Topamax"}]},{"@type":"WebSite","@id":"https:\/\/drpillman.biz\/#website","url":"https:\/\/drpillman.biz\/","name":"Dr.Pillman","description":"","potentialAction":[{"@type":"SearchAction","target":{"@type":"EntryPoint","urlTemplate":"https:\/\/drpillman.biz\/?s={search_term_string}"},"query-input":{"@type":"PropertyValueSpecification","valueRequired":true,"valueName":"search_term_string"}}],"inLanguage":"es"}]}},"_links":{"self":[{"href":"https:\/\/drpillman.biz\/es\/wp-json\/wp\/v2\/pages\/190","targetHints":{"allow":["GET"]}}],"collection":[{"href":"https:\/\/drpillman.biz\/es\/wp-json\/wp\/v2\/pages"}],"about":[{"href":"https:\/\/drpillman.biz\/es\/wp-json\/wp\/v2\/types\/page"}],"author":[{"embeddable":true,"href":"https:\/\/drpillman.biz\/es\/wp-json\/wp\/v2\/users\/3"}],"replies":[{"embeddable":true,"href":"https:\/\/drpillman.biz\/es\/wp-json\/wp\/v2\/comments?post=190"}],"version-history":[{"count":0,"href":"https:\/\/drpillman.biz\/es\/wp-json\/wp\/v2\/pages\/190\/revisions"}],"wp:attachment":[{"href":"https:\/\/drpillman.biz\/es\/wp-json\/wp\/v2\/media?parent=190"}],"curies":[{"name":"wp","href":"https:\/\/api.w.org\/{rel}","templated":true}]}}