{"id":193,"date":"2013-07-10T10:14:27","date_gmt":"2013-07-10T09:14:27","guid":{"rendered":"https:\/\/drpillman.biz\/?page_id=193"},"modified":"2024-05-17T20:11:52","modified_gmt":"2024-05-17T19:11:52","slug":"tretinoin","status":"publish","type":"page","link":"https:\/\/drpillman.biz\/es\/tretinoin.htm","title":{"rendered":"Tretino\u00edna"},"content":{"rendered":"<div id=\"content-center\">\n<div id=\"content-image\">\n\t\t\t\t\t<img decoding=\"async\" src=\"\/img\/Tretinoin.jpg\" alt=\"Tretino\u00edna\" \/><\/div>\n<div id=\"content-description\">\n<h1>Tretino\u00edna<\/h1>\n<p> <code><a href=\"https:\/\/200pills.com\/search.html?key=Tretinoin\"> <button class=\"button-7\" role=\"button\">Comprar en l\u00ednea<\/button><\/a><\/code> <\/p>\n<div class=\"gray\"><\/div>\n<div class=\"clear\"><\/div>\n<div id=\"description\">\n\t\t\t\t\t\tLa tretino\u00edna es uno de los principales tratamientos para las afecciones cut\u00e1neas de leves a graves, como la decoloraci\u00f3n, las arrugas y, sobre todo, el acn\u00e9. Es muy recetado por los m\u00e9dicos porque es seguro y f\u00e1cil de aplicar. Se presenta en varios preparados, pero los m\u00e1s comunes y utilizados son las cremas de Tretino\u00edna.<\/div>\n<div id=\"additional\">\n\t\t\t\t\t\tSin\u00f3nimos:<span> Retin-A<\/span>\n<\/div>\n<\/div>\n<div class=\"clear\"><\/div>\n<h2>Breve historia<\/h2>\n<p>La tretino\u00edna pertenece a la familia de los retinoides de primera generaci\u00f3n, que fue lanzada por primera vez al mercado estadounidense en 1971; estaba en forma de medicamento t\u00f3pico y fue la primera en ser probada cl\u00ednicamente para curar el acn\u00e9 y las espinillas.<\/p>\n<h2>Efecto farmacol\u00f3gico<\/h2>\n<p>La tretino\u00edna es un medicamento t\u00f3pico que puede ayudar a restaurar la forma y la textura natural de la piel. Su mecanismo principal es eliminar las c\u00e9lulas de la piel muertas y da\u00f1adas (por el sol), permitiendo que la piel nueva aflore a la capa superior de la dermis; sustituyendo las viejas y arrugadas por otras vibrantes y j\u00f3venes. Adem\u00e1s, ralentiza el proceso de desprendimiento de las c\u00e9lulas muertas de la piel, permitiendo un proceso de rejuvenecimiento indoloro de la piel. B\u00e1sicamente, tiene un efecto exfoliante que puede restablecer la integridad de la piel. Sin embargo, no corrige los da\u00f1os de la piel causados por los rayos ultravioleta o el envejecimiento, lo que resulta en una piel arrugada, decoloraci\u00f3n, p\u00e1pulas y similares. M\u00e1s bien, elimina la piel afectada a trav\u00e9s de la virtud de la exfoliaci\u00f3n.<\/p>\n<h2>Efectos secundarios<\/h2>\n<p>La crema de tretino\u00edna es un modesto tratamiento para el cuidado de la piel que est\u00e1 muy disponible como medicamento de venta libre en el Reino Unido. Sus efectos secundarios no son realmente adversos; son muy manejables y son en su mayor\u00eda superficiales. Uno de los efectos secundarios m\u00e1s comunes e iniciales de este tratamiento es la sequedad de la piel. Aparentemente, cuando las c\u00e9lulas da\u00f1adas de la piel se desprenden, pierden elasticidad y humedad, preparando el camino para que se desprendan de la superficie de la capa epitelial. Esto, a su vez, conduce al siguiente efecto secundario, por no hablar de otro com\u00fan: la descamaci\u00f3n de la piel muy notable. La acci\u00f3n exfoliante de la Tretino\u00edna desintegra la superficie de la piel al mismo tiempo y ritmo: haciendo que se desprenda en grandes porciones. Sin embargo, hay algunas marcas de Tretinoin que ofrecen micro-peeling, pero estas suelen ser las que se incorporan con algunos otros compuestos qu\u00edmicos. Por \u00faltimo, la decoloraci\u00f3n de la piel es muy posible si las zonas donde se aplica la Tretino\u00edna est\u00e1n expuestas al sol. Para evitar que esto suceda, los m\u00e9dicos recomiendan altamente emparejar Tretinoin con protector solar.<\/p>\n<h2>Beneficios de la compra online<\/h2>\n<p>Con la gran disponibilidad de medicamentos sin receta en la World Wide Web hoy en d\u00eda, la compra de Tretinoin crema en l\u00ednea se ha convertido en un medio favorable de la compra de este medicamento. Puede ahorrarle el esfuerzo y la gasolina necesarios para conducir hasta la farmacia m\u00e1s cercana; con s\u00f3lo unos pocos clics la compra puede hacerse en un instante. Puede esperar que su medicaci\u00f3n sea entregada directamente en su puerta al d\u00eda siguiente. La belleza de las compras en l\u00ednea se puede resumir en una sola palabra: comodidad.<\/p>\n<p>Aparte de eso, no se necesita ninguna receta para comprar Tretinoin crema online en el Reino Unido. Los pacientes s\u00f3lo tienen que rellenar un formulario presentado por el transportista, y una vez hecho esto se puede comenzar inmediatamente con su r\u00e9gimen de medicaci\u00f3n.<\/p>\n<\/div>\n","protected":false},"excerpt":{"rendered":"<p>Tretino\u00edna Comprar en l\u00ednea La tretino\u00edna es uno de los principales tratamientos para las afecciones cut\u00e1neas de leves a graves,<\/p>\n","protected":false},"author":3,"featured_media":0,"parent":0,"menu_order":0,"comment_status":"closed","ping_status":"closed","template":"","meta":{"_lmt_disableupdate":"no","_lmt_disable":"no","footnotes":""},"class_list":["post-193","page","type-page","status-publish","hentry"],"translation":{"provider":"WPGlobus","version":"3.0.2","language":"es","enabled_languages":["en","es","fr"],"languages":{"en":{"title":true,"content":true,"excerpt":false},"es":{"title":true,"content":true,"excerpt":false},"fr":{"title":true,"content":true,"excerpt":false}}},"yoast_head":"<!-- This site is optimized with the Yoast SEO plugin v27.3 - https:\/\/yoast.com\/product\/yoast-seo-wordpress\/ -->\n<title>Revitalizaci\u00f3n de la piel F\u00e1cil: comprar crema de tretino\u00edna, en l\u00ednea<\/title>\n<meta name=\"description\" content=\"La tretino\u00edna est\u00e1 dise\u00f1ada para pacientes con acn\u00e9 que no responde a otros m\u00e9todos de tratamiento. Los pacientes con este problema prefieren comprar crema de tretino\u00edna en farmacias del Reino Unido con un descuento.\" \/>\n<meta name=\"robots\" content=\"index, follow, max-snippet:-1, max-image-preview:large, max-video-preview:-1\" \/>\n<link rel=\"canonical\" href=\"https:\/\/drpillman.biz\/es\/tretinoin.htm\" \/>\n<meta property=\"og:locale\" content=\"es_ES\" \/>\n<meta property=\"og:type\" content=\"article\" \/>\n<meta property=\"og:title\" content=\"Revitalizaci\u00f3n de la piel F\u00e1cil: comprar crema de tretino\u00edna, en l\u00ednea\" \/>\n<meta property=\"og:description\" content=\"La tretino\u00edna est\u00e1 dise\u00f1ada para pacientes con acn\u00e9 que no responde a otros m\u00e9todos de tratamiento. Los pacientes con este problema prefieren comprar crema de tretino\u00edna en farmacias del Reino Unido con un descuento.\" \/>\n<meta property=\"og:url\" content=\"https:\/\/drpillman.biz\/es\/tretinoin.htm\" \/>\n<meta property=\"og:site_name\" content=\"Dr.Pillman\" \/>\n<meta property=\"article:modified_time\" content=\"2024-05-17T19:11:52+00:00\" \/>\n<meta name=\"twitter:card\" content=\"summary_large_image\" \/>\n<script type=\"application\/ld+json\" class=\"yoast-schema-graph\">{\"@context\":\"https:\\\/\\\/schema.org\",\"@graph\":[{\"@type\":\"WebPage\",\"@id\":\"https:\\\/\\\/drpillman.biz\\\/es\\\/tretinoin.htm\",\"url\":\"https:\\\/\\\/drpillman.biz\\\/es\\\/tretinoin.htm\",\"name\":\"Revitalizaci\u00f3n de la piel F\u00e1cil: comprar crema de tretino\u00edna, en l\u00ednea\",\"isPartOf\":{\"@id\":\"https:\\\/\\\/drpillman.biz\\\/es\\\/#website\"},\"datePublished\":\"2013-07-10T09:14:27+00:00\",\"dateModified\":\"2024-05-17T19:11:52+00:00\",\"description\":\"La tretino\u00edna est\u00e1 dise\u00f1ada para pacientes con acn\u00e9 que no responde a otros m\u00e9todos de tratamiento. Los pacientes con este problema prefieren comprar crema de tretino\u00edna en farmacias del Reino Unido con un descuento.\",\"breadcrumb\":{\"@id\":\"https:\\\/\\\/drpillman.biz\\\/es\\\/tretinoin.htm#breadcrumb\"},\"inLanguage\":\"es\",\"potentialAction\":[{\"@type\":\"ReadAction\",\"target\":[\"https:\\\/\\\/drpillman.biz\\\/es\\\/tretinoin.htm\"]}]},{\"@type\":\"BreadcrumbList\",\"@id\":\"https:\\\/\\\/drpillman.biz\\\/es\\\/tretinoin.htm#breadcrumb\",\"itemListElement\":[{\"@type\":\"ListItem\",\"position\":1,\"name\":\"Home\",\"item\":\"https:\\\/\\\/drpillman.biz\\\/es\\\/\"},{\"@type\":\"ListItem\",\"position\":2,\"name\":\"Tretino\u00edna\"}]},{\"@type\":\"WebSite\",\"@id\":\"https:\\\/\\\/drpillman.biz\\\/es\\\/#website\",\"url\":\"https:\\\/\\\/drpillman.biz\\\/es\\\/\",\"name\":\"Dr.Pillman\",\"description\":\"\",\"potentialAction\":[{\"@type\":\"SearchAction\",\"target\":{\"@type\":\"EntryPoint\",\"urlTemplate\":\"https:\\\/\\\/drpillman.biz\\\/es\\\/?s={search_term_string}\"},\"query-input\":{\"@type\":\"PropertyValueSpecification\",\"valueRequired\":true,\"valueName\":\"search_term_string\"}}],\"inLanguage\":\"es\"}]}<\/script>\n<!-- \/ Yoast SEO plugin. -->","yoast_head_json":{"title":"Revitalizaci\u00f3n de la piel F\u00e1cil: comprar crema de tretino\u00edna, en l\u00ednea","description":"La tretino\u00edna est\u00e1 dise\u00f1ada para pacientes con acn\u00e9 que no responde a otros m\u00e9todos de tratamiento. Los pacientes con este problema prefieren comprar crema de tretino\u00edna en farmacias del Reino Unido con un descuento.","robots":{"index":"index","follow":"follow","max-snippet":"max-snippet:-1","max-image-preview":"max-image-preview:large","max-video-preview":"max-video-preview:-1"},"canonical":"https:\/\/drpillman.biz\/es\/tretinoin.htm","og_locale":"es_ES","og_type":"article","og_title":"Revitalizaci\u00f3n de la piel F\u00e1cil: comprar crema de tretino\u00edna, en l\u00ednea","og_description":"La tretino\u00edna est\u00e1 dise\u00f1ada para pacientes con acn\u00e9 que no responde a otros m\u00e9todos de tratamiento. Los pacientes con este problema prefieren comprar crema de tretino\u00edna en farmacias del Reino Unido con un descuento.","og_url":"https:\/\/drpillman.biz\/es\/tretinoin.htm","og_site_name":"Dr.Pillman","article_modified_time":"2024-05-17T19:11:52+00:00","twitter_card":"summary_large_image","schema":{"@context":"https:\/\/schema.org","@graph":[{"@type":"WebPage","@id":"https:\/\/drpillman.biz\/es\/tretinoin.htm","url":"https:\/\/drpillman.biz\/es\/tretinoin.htm","name":"Revitalizaci\u00f3n de la piel F\u00e1cil: comprar crema de tretino\u00edna, en l\u00ednea","isPartOf":{"@id":"https:\/\/drpillman.biz\/es\/#website"},"datePublished":"2013-07-10T09:14:27+00:00","dateModified":"2024-05-17T19:11:52+00:00","description":"La tretino\u00edna est\u00e1 dise\u00f1ada para pacientes con acn\u00e9 que no responde a otros m\u00e9todos de tratamiento. Los pacientes con este problema prefieren comprar crema de tretino\u00edna en farmacias del Reino Unido con un descuento.","breadcrumb":{"@id":"https:\/\/drpillman.biz\/es\/tretinoin.htm#breadcrumb"},"inLanguage":"es","potentialAction":[{"@type":"ReadAction","target":["https:\/\/drpillman.biz\/es\/tretinoin.htm"]}]},{"@type":"BreadcrumbList","@id":"https:\/\/drpillman.biz\/es\/tretinoin.htm#breadcrumb","itemListElement":[{"@type":"ListItem","position":1,"name":"Home","item":"https:\/\/drpillman.biz\/es\/"},{"@type":"ListItem","position":2,"name":"Tretino\u00edna"}]},{"@type":"WebSite","@id":"https:\/\/drpillman.biz\/es\/#website","url":"https:\/\/drpillman.biz\/es\/","name":"Dr.Pillman","description":"","potentialAction":[{"@type":"SearchAction","target":{"@type":"EntryPoint","urlTemplate":"https:\/\/drpillman.biz\/es\/?s={search_term_string}"},"query-input":{"@type":"PropertyValueSpecification","valueRequired":true,"valueName":"search_term_string"}}],"inLanguage":"es"}]}},"_links":{"self":[{"href":"https:\/\/drpillman.biz\/es\/wp-json\/wp\/v2\/pages\/193","targetHints":{"allow":["GET"]}}],"collection":[{"href":"https:\/\/drpillman.biz\/es\/wp-json\/wp\/v2\/pages"}],"about":[{"href":"https:\/\/drpillman.biz\/es\/wp-json\/wp\/v2\/types\/page"}],"author":[{"embeddable":true,"href":"https:\/\/drpillman.biz\/es\/wp-json\/wp\/v2\/users\/3"}],"replies":[{"embeddable":true,"href":"https:\/\/drpillman.biz\/es\/wp-json\/wp\/v2\/comments?post=193"}],"version-history":[{"count":0,"href":"https:\/\/drpillman.biz\/es\/wp-json\/wp\/v2\/pages\/193\/revisions"}],"wp:attachment":[{"href":"https:\/\/drpillman.biz\/es\/wp-json\/wp\/v2\/media?parent=193"}],"curies":[{"name":"wp","href":"https:\/\/api.w.org\/{rel}","templated":true}]}}