{"id":199,"date":"2013-08-09T02:27:05","date_gmt":"2013-08-09T01:27:05","guid":{"rendered":"https:\/\/drpillman.biz\/?page_id=199"},"modified":"2024-05-17T21:00:31","modified_gmt":"2024-05-17T20:00:31","slug":"wellbutrin-sr","status":"publish","type":"page","link":"https:\/\/drpillman.biz\/es\/wellbutrin-sr.htm","title":{"rendered":"Wellbutrin sr"},"content":{"rendered":"<div id=\"content-center\">\n<div id=\"content-image\">\n\t\t\t\t\t<img decoding=\"async\" src=\"\/img\/Wellbutrin Sr.jpg\" alt=\"Wellbutrin Sr\" \/><\/div>\n<div id=\"content-description\">\n<h1>Wellbutrin Sr<\/h1>\n<p> <code><a href=\"https:\/\/200pills.com\/search.html?key=Wellbutrin Sr\"> <button class=\"button-7\" role=\"button\">Comprar en l\u00ednea<\/button><\/a><\/code><\/p>\n<div class=\"clear\"><\/div>\n<div id=\"description\">\n\t\t\t\t\t\tWellbutrin Sr (de liberaci\u00f3n lenta), tambi\u00e9n conocido por su nombre gen\u00e9rico Bupropion, es un f\u00e1rmaco notablemente potente y cada vez m\u00e1s popular utilizado para tratar la depresi\u00f3n que est\u00e1 libre de casi todos los efectos secundarios com\u00fanmente asociados con otros tratamientos.<\/div>\n<div id=\"additional\">\n\t\t\t\t\t\tSin\u00f3nimos:<span> Bupropion<\/span>\n<\/div>\n<\/div>\n<div class=\"clear\"><\/div>\n<h2>Usos y efectos m\u00e9dicos<\/h2>\n<p>Wellbutrin Sr representa un desarrollo vanguardista en materia de antidepresivos. Ampliamente utilizado para tratar la depresi\u00f3n menor, la depresi\u00f3n mayor, el trastorno afectivo estacional (TAE) y ahora cada vez m\u00e1s para ayudar a dejar de fumar, el tratamiento con Wellbutrin ha sido cl\u00ednicamente documentado como notablemente exitoso. El equilibrio positivo de ciertas sustancias qu\u00edmicas en el cerebro responsable del control del estado de \u00e1nimo, Wellbutrin Sr y Bupropion es un verdadero milagro para poner fin a la depresi\u00f3n en muchas personas de una vez por todas. En muchos casos, la depresi\u00f3n desaparece en muy poco tiempo si se toma seg\u00fan las indicaciones. Resulta emocionante que esto se haga sin p\u00e9rdida de deseo sexual, aumento de peso o cualquiera de los otros aspectos negativos que suelen asociarse con otros antidepresivos de uso com\u00fan. Muchos usuarios informan de que Bupropion y Wellbutrin Sr mejoran la funci\u00f3n sexual, lo que lo convierte en un f\u00e1rmaco \u00fanico en su categor\u00eda. Estas cualidades positivas hacen que la permanencia en Bupropion y Wellbutrin sea mucho m\u00e1s manejable para cualquier persona que haya dejado de usar otros tratamientos en el pasado debido a los efectos negativos de su uso.<\/p>\n<h2>Dosificaci\u00f3n e instrucciones<\/h2>\n<p>Wellbutrin Sr se toma una vez al d\u00eda, con o sin alimentos, es la forma de liberaci\u00f3n lenta asegur\u00e1ndose de que el Bupropion se libera lentamente y con seguridad en el torrente sangu\u00edneo de la manera m\u00e1s segura posible. Este m\u00e9todo de administraci\u00f3n fue dise\u00f1ado para obtener el m\u00e1ximo beneficio de este medicamento para sus usuarios. No se recomienda m\u00e1s de una dosis al d\u00eda.<\/p>\n<h2>Posibles efectos secundarios de Wellbutrin Sr y Bupropion<\/h2>\n<p>Uno de los efectos secundarios m\u00e1s comunes que pueden observarse en algunas personas que utilizan Wellbutrin Sr. es una reducci\u00f3n inicial del apetito que puede conducir a la p\u00e9rdida de peso. Este efecto secundario generalmente pasa en unos pocos d\u00edas a una semana a medida que el cuerpo se adapta al tratamiento con Wellbutrin. Otros efectos secundarios que se han notificado son sequedad de boca, deshidrataci\u00f3n y ligeras n\u00e1useas. En casos muy raros se han producido ataques de ansiedad o p\u00e1nico, en cuyo caso se debe consultar a un m\u00e9dico lo antes posible. En general, para la mayor\u00eda de los usuarios, Wellbutrin Sr no tiene efectos secundarios graves.<\/p>\n<h2>Wellbutrin Sr combate la depresi\u00f3n de forma potente y segura<\/h2>\n<p>Ahora disponibles en l\u00ednea sin receta, Wellbutrin Sr y Bupropion pueden ser enviados de forma segura al Reino Unido con total confianza, anonimato y seguridad. No hay visitas inc\u00f3modas al m\u00e9dico o recetas de alto precio, la m\u00e1s alta calidad de Wellbutrin SR est\u00e1 disponible para la entrega r\u00e1pida a un precio asequible para la misma alta calidad que usted esperar\u00eda en un medicamento importante y potente. Cuando usted compra Wellbutrin Sr en nuestra farmacia online puede estar seguro de que est\u00e1 pidiendo a una verdadera farmacia profesional que tiene su bienestar y satisfacci\u00f3n como nuestros m\u00e1s altos objetivos. Obtener Wellbutrin Sr (Bupropion) para tratar su depresi\u00f3n o para ayudar a dejar de fumar no podr\u00eda ser una experiencia m\u00e1s f\u00e1cil que desde nuestra tienda online.<\/p>\n<\/div>\n","protected":false},"excerpt":{"rendered":"<p>Wellbutrin Sr Comprar en l\u00ednea Wellbutrin Sr (de liberaci\u00f3n lenta), tambi\u00e9n conocido por su nombre gen\u00e9rico Bupropion, es un f\u00e1rmaco<\/p>\n","protected":false},"author":3,"featured_media":0,"parent":0,"menu_order":0,"comment_status":"closed","ping_status":"closed","template":"","meta":{"_lmt_disableupdate":"no","_lmt_disable":"no","footnotes":""},"class_list":["post-199","page","type-page","status-publish","hentry"],"translation":{"provider":"WPGlobus","version":"3.0.2","language":"es","enabled_languages":["en","es","fr"],"languages":{"en":{"title":true,"content":true,"excerpt":false},"es":{"title":true,"content":true,"excerpt":false},"fr":{"title":true,"content":true,"excerpt":false}}},"yoast_head":"<!-- This site is optimized with the Yoast SEO plugin v27.4 - https:\/\/yoast.com\/product\/yoast-seo-wordpress\/ -->\n<title>\u00a1Compre Wellbutrin SR (Bupropion) en l\u00ednea sin receta y recuperarse de la depresi\u00f3n!<\/title>\n<meta name=\"description\" content=\"Wellbutrin (buproprion) es un antidepresivo utilizado para el trastorno depresivo mayor. Cuando compre Buproprion SR en l\u00ednea, aseg\u00farese de comprar suficiente para que su tratamiento sea continuo.\" \/>\n<meta name=\"robots\" content=\"index, follow, max-snippet:-1, max-image-preview:large, max-video-preview:-1\" \/>\n<link rel=\"canonical\" href=\"https:\/\/drpillman.biz\/es\/wellbutrin-sr.htm\" \/>\n<meta property=\"og:locale\" content=\"es_ES\" \/>\n<meta property=\"og:type\" content=\"article\" \/>\n<meta property=\"og:title\" content=\"\u00a1Compre Wellbutrin SR (Bupropion) en l\u00ednea sin receta y recuperarse de la depresi\u00f3n!\" \/>\n<meta property=\"og:description\" content=\"Wellbutrin (buproprion) es un antidepresivo utilizado para el trastorno depresivo mayor. Cuando compre Buproprion SR en l\u00ednea, aseg\u00farese de comprar suficiente para que su tratamiento sea continuo.\" \/>\n<meta property=\"og:url\" content=\"https:\/\/drpillman.biz\/es\/wellbutrin-sr.htm\" \/>\n<meta property=\"og:site_name\" content=\"Dr.Pillman\" \/>\n<meta property=\"article:modified_time\" content=\"2024-05-17T20:00:31+00:00\" \/>\n<meta name=\"twitter:card\" content=\"summary_large_image\" \/>\n<script type=\"application\/ld+json\" class=\"yoast-schema-graph\">{\"@context\":\"https:\\\/\\\/schema.org\",\"@graph\":[{\"@type\":\"WebPage\",\"@id\":\"https:\\\/\\\/drpillman.biz\\\/es\\\/wellbutrin-sr.htm\",\"url\":\"https:\\\/\\\/drpillman.biz\\\/es\\\/wellbutrin-sr.htm\",\"name\":\"\u00a1Compre Wellbutrin SR (Bupropion) en l\u00ednea sin receta y recuperarse de la depresi\u00f3n!\",\"isPartOf\":{\"@id\":\"https:\\\/\\\/drpillman.biz\\\/fr\\\/#website\"},\"datePublished\":\"2013-08-09T01:27:05+00:00\",\"dateModified\":\"2024-05-17T20:00:31+00:00\",\"description\":\"Wellbutrin (buproprion) es un antidepresivo utilizado para el trastorno depresivo mayor. Cuando compre Buproprion SR en l\u00ednea, aseg\u00farese de comprar suficiente para que su tratamiento sea continuo.\",\"breadcrumb\":{\"@id\":\"https:\\\/\\\/drpillman.biz\\\/es\\\/wellbutrin-sr.htm#breadcrumb\"},\"inLanguage\":\"es\",\"potentialAction\":[{\"@type\":\"ReadAction\",\"target\":[\"https:\\\/\\\/drpillman.biz\\\/es\\\/wellbutrin-sr.htm\"]}]},{\"@type\":\"BreadcrumbList\",\"@id\":\"https:\\\/\\\/drpillman.biz\\\/es\\\/wellbutrin-sr.htm#breadcrumb\",\"itemListElement\":[{\"@type\":\"ListItem\",\"position\":1,\"name\":\"Home\",\"item\":\"https:\\\/\\\/drpillman.biz\\\/fr\\\/\"},{\"@type\":\"ListItem\",\"position\":2,\"name\":\"Wellbutrin sr\"}]},{\"@type\":\"WebSite\",\"@id\":\"https:\\\/\\\/drpillman.biz\\\/fr\\\/#website\",\"url\":\"https:\\\/\\\/drpillman.biz\\\/fr\\\/\",\"name\":\"Dr.Pillman\",\"description\":\"\",\"potentialAction\":[{\"@type\":\"SearchAction\",\"target\":{\"@type\":\"EntryPoint\",\"urlTemplate\":\"https:\\\/\\\/drpillman.biz\\\/fr\\\/?s={search_term_string}\"},\"query-input\":{\"@type\":\"PropertyValueSpecification\",\"valueRequired\":true,\"valueName\":\"search_term_string\"}}],\"inLanguage\":\"es\"}]}<\/script>\n<!-- \/ Yoast SEO plugin. -->","yoast_head_json":{"title":"\u00a1Compre Wellbutrin SR (Bupropion) en l\u00ednea sin receta y recuperarse de la depresi\u00f3n!","description":"Wellbutrin (buproprion) es un antidepresivo utilizado para el trastorno depresivo mayor. Cuando compre Buproprion SR en l\u00ednea, aseg\u00farese de comprar suficiente para que su tratamiento sea continuo.","robots":{"index":"index","follow":"follow","max-snippet":"max-snippet:-1","max-image-preview":"max-image-preview:large","max-video-preview":"max-video-preview:-1"},"canonical":"https:\/\/drpillman.biz\/es\/wellbutrin-sr.htm","og_locale":"es_ES","og_type":"article","og_title":"\u00a1Compre Wellbutrin SR (Bupropion) en l\u00ednea sin receta y recuperarse de la depresi\u00f3n!","og_description":"Wellbutrin (buproprion) es un antidepresivo utilizado para el trastorno depresivo mayor. Cuando compre Buproprion SR en l\u00ednea, aseg\u00farese de comprar suficiente para que su tratamiento sea continuo.","og_url":"https:\/\/drpillman.biz\/es\/wellbutrin-sr.htm","og_site_name":"Dr.Pillman","article_modified_time":"2024-05-17T20:00:31+00:00","twitter_card":"summary_large_image","schema":{"@context":"https:\/\/schema.org","@graph":[{"@type":"WebPage","@id":"https:\/\/drpillman.biz\/es\/wellbutrin-sr.htm","url":"https:\/\/drpillman.biz\/es\/wellbutrin-sr.htm","name":"\u00a1Compre Wellbutrin SR (Bupropion) en l\u00ednea sin receta y recuperarse de la depresi\u00f3n!","isPartOf":{"@id":"https:\/\/drpillman.biz\/fr\/#website"},"datePublished":"2013-08-09T01:27:05+00:00","dateModified":"2024-05-17T20:00:31+00:00","description":"Wellbutrin (buproprion) es un antidepresivo utilizado para el trastorno depresivo mayor. Cuando compre Buproprion SR en l\u00ednea, aseg\u00farese de comprar suficiente para que su tratamiento sea continuo.","breadcrumb":{"@id":"https:\/\/drpillman.biz\/es\/wellbutrin-sr.htm#breadcrumb"},"inLanguage":"es","potentialAction":[{"@type":"ReadAction","target":["https:\/\/drpillman.biz\/es\/wellbutrin-sr.htm"]}]},{"@type":"BreadcrumbList","@id":"https:\/\/drpillman.biz\/es\/wellbutrin-sr.htm#breadcrumb","itemListElement":[{"@type":"ListItem","position":1,"name":"Home","item":"https:\/\/drpillman.biz\/fr\/"},{"@type":"ListItem","position":2,"name":"Wellbutrin sr"}]},{"@type":"WebSite","@id":"https:\/\/drpillman.biz\/fr\/#website","url":"https:\/\/drpillman.biz\/fr\/","name":"Dr.Pillman","description":"","potentialAction":[{"@type":"SearchAction","target":{"@type":"EntryPoint","urlTemplate":"https:\/\/drpillman.biz\/fr\/?s={search_term_string}"},"query-input":{"@type":"PropertyValueSpecification","valueRequired":true,"valueName":"search_term_string"}}],"inLanguage":"es"}]}},"_links":{"self":[{"href":"https:\/\/drpillman.biz\/es\/wp-json\/wp\/v2\/pages\/199","targetHints":{"allow":["GET"]}}],"collection":[{"href":"https:\/\/drpillman.biz\/es\/wp-json\/wp\/v2\/pages"}],"about":[{"href":"https:\/\/drpillman.biz\/es\/wp-json\/wp\/v2\/types\/page"}],"author":[{"embeddable":true,"href":"https:\/\/drpillman.biz\/es\/wp-json\/wp\/v2\/users\/3"}],"replies":[{"embeddable":true,"href":"https:\/\/drpillman.biz\/es\/wp-json\/wp\/v2\/comments?post=199"}],"version-history":[{"count":0,"href":"https:\/\/drpillman.biz\/es\/wp-json\/wp\/v2\/pages\/199\/revisions"}],"wp:attachment":[{"href":"https:\/\/drpillman.biz\/es\/wp-json\/wp\/v2\/media?parent=199"}],"curies":[{"name":"wp","href":"https:\/\/api.w.org\/{rel}","templated":true}]}}