{"id":202,"date":"2013-04-17T03:27:25","date_gmt":"2013-04-17T02:27:25","guid":{"rendered":"https:\/\/drpillman.biz\/?page_id=202"},"modified":"2024-05-17T21:02:15","modified_gmt":"2024-05-17T20:02:15","slug":"zantac","status":"publish","type":"page","link":"https:\/\/drpillman.biz\/es\/zantac.htm","title":{"rendered":"Zantac"},"content":{"rendered":"<div id=\"content-center\">\n<div id=\"content-image\">\n\t\t\t\t\t<img decoding=\"async\" src=\"\/img\/Zantac.jpg\" alt=\"Zantac\" \/><\/div>\n<div id=\"content-description\">\n<h1>Zantac<\/h1>\n<p> <code><a href=\"https:\/\/200pills.com\/search.html?key=Zantac\"> <button class=\"button-7\" role=\"button\">Comprar en l\u00ednea<\/button><\/a><\/code><\/p>\n<div class=\"clear\"><\/div>\n<div id=\"description\">\n\t\t\t\t\t\tZantac se prescribe para el tratamiento de problemas estomacales relacionados con la producci\u00f3n excesiva de \u00e1cido estomacal, como la esofagitis erosiva, la \u00falcera, el s\u00edndrome de Zollinger Ellison y el ardor de est\u00f3mago. El tratamiento dura desde unos pocos d\u00edas hasta unas pocas semanas, dependiendo de la enfermedad que se est\u00e9 tratando.<\/div>\n<div id=\"additional\">\n\t\t\t\t\t\tSin\u00f3nimos:<span> Ranitidina<\/span>\n<\/div>\n<\/div>\n<div class=\"clear\"><\/div>\n<p>Zantac est\u00e1 indicado para el tratamiento de las \u00falceras estomacales e intestinales. Tambi\u00e9n se prescribe com\u00fanmente para tratar la enfermedad de reflujo gastroesof\u00e1gico, la esofagitis erosiva y el s\u00edndrome de Zollinger-Ellison. Este medicamento est\u00e1 clasificado como un bloqueador de la histamina que reduce la cantidad de \u00e1cido producido en su est\u00f3mago, mejorando el dolor de est\u00f3mago, la acidez y previniendo las \u00falceras. Zantac est\u00e1 disponible sin receta, por lo que puede comprar ranitidina 150 mg en l\u00ednea en una buena farmacia online para evitar perder el tiempo yendo a su farmacia local. Las personas que prefieren comprar Zantac online conocen la diferencia entre gastar dinero en su farmacia local y pagar menos en una online, obteniendo una entrega r\u00e1pida, el mejor servicio y descuentos por comprar al por mayor. De hecho, al comprar Zantac (ranitidina) 150 en l\u00ednea, puede dedicar el tiempo libre que tiene a otras cosas que le gustar\u00e1n mucho m\u00e1s que ir a la farmacia local. Zantac est\u00e1 disponible en forma de comprimidos, jarabe y soluci\u00f3n inyectable. Cada dosis debe tomarse a intervalos regulares, con un vaso de agua o algo de comida. La dosis total para el d\u00eda depender\u00e1 de la condici\u00f3n que se est\u00e1 tratando. Por ejemplo, deber\u00e1 tomar Zantac 150 mg cuatro veces al d\u00eda para la esofagitis erosiva y dos veces al d\u00eda para la enfermedad por reflujo gastroesof\u00e1gico. No se recomienda tomar Zantac durante m\u00e1s de dos semanas a menos que haya consultado sus necesidades individuales y el programa de tratamiento con un profesional sanitario cualificado.<\/p>\n<h2>Efectos secundarios<\/h2>\n<p>Zantac puede causar algunos efectos secundarios menores en algunos de los pacientes que acaban de empezar el tratamiento. Los efectos secundarios que no suelen ser preocupantes por ser de corta duraci\u00f3n y leves incluyen estre\u00f1imiento, n\u00e1useas, dolor muscular, dolor de cabeza, diarrea, insomnio y fatiga. Los efectos secundarios m\u00e1s graves son muy raros y se producen en un n\u00famero muy reducido de pacientes. Usted debe buscar la ayuda de su m\u00e9dico si usted desarrolla la p\u00e9rdida de cabello, cambios visuales, erupci\u00f3n o latidos irregulares del coraz\u00f3n.<\/p>\n<\/div>\n","protected":false},"excerpt":{"rendered":"<p>Zantac Comprar en l\u00ednea Zantac se prescribe para el tratamiento de problemas estomacales relacionados con la producci\u00f3n excesiva de \u00e1cido<\/p>\n","protected":false},"author":3,"featured_media":0,"parent":0,"menu_order":0,"comment_status":"closed","ping_status":"closed","template":"","meta":{"_lmt_disableupdate":"no","_lmt_disable":"no","footnotes":""},"class_list":["post-202","page","type-page","status-publish","hentry"],"translation":{"provider":"WPGlobus","version":"3.0.2","language":"es","enabled_languages":["en","es","fr"],"languages":{"en":{"title":true,"content":true,"excerpt":false},"es":{"title":true,"content":true,"excerpt":false},"fr":{"title":true,"content":true,"excerpt":false}}},"yoast_head":"<!-- This site is optimized with the Yoast SEO plugin v27.4 - https:\/\/yoast.com\/product\/yoast-seo-wordpress\/ -->\n<title>Compre ranitidina 150 mg con una garant\u00eda de satisfacci\u00f3n del 100% y entrega r\u00e1pida a la puerta de su hogar tal como se prometi\u00f3<\/title>\n<meta name=\"description\" content=\"El Zantac eficiente ya est\u00e1 disponible en l\u00ednea: puede comprar ranitidina, 150 mg en cualquier momento y comenzar su tratamiento de \u00falcera o para evitar que uno se forme dentro de su est\u00f3mago.\" \/>\n<meta name=\"robots\" content=\"index, follow, max-snippet:-1, max-image-preview:large, max-video-preview:-1\" \/>\n<link rel=\"canonical\" href=\"https:\/\/drpillman.biz\/fr\/zantac.htm\" \/>\n<meta property=\"og:locale\" content=\"es_ES\" \/>\n<meta property=\"og:type\" content=\"article\" \/>\n<meta property=\"og:title\" content=\"Compre ranitidina 150 mg con una garant\u00eda de satisfacci\u00f3n del 100% y entrega r\u00e1pida a la puerta de su hogar tal como se prometi\u00f3\" \/>\n<meta property=\"og:description\" content=\"El Zantac eficiente ya est\u00e1 disponible en l\u00ednea: puede comprar ranitidina, 150 mg en cualquier momento y comenzar su tratamiento de \u00falcera o para evitar que uno se forme dentro de su est\u00f3mago.\" \/>\n<meta property=\"og:url\" content=\"https:\/\/drpillman.biz\/fr\/zantac.htm\" \/>\n<meta property=\"og:site_name\" content=\"Dr.Pillman\" \/>\n<meta property=\"article:modified_time\" content=\"2024-05-17T20:02:15+00:00\" \/>\n<meta name=\"twitter:card\" content=\"summary_large_image\" \/>\n<script type=\"application\/ld+json\" class=\"yoast-schema-graph\">{\"@context\":\"https:\\\/\\\/schema.org\",\"@graph\":[{\"@type\":\"WebPage\",\"@id\":\"https:\\\/\\\/drpillman.biz\\\/fr\\\/zantac.htm\",\"url\":\"https:\\\/\\\/drpillman.biz\\\/fr\\\/zantac.htm\",\"name\":\"Acheter Zantac 150 et 300 mg en ligne sans ordonnance en France\",\"isPartOf\":{\"@id\":\"https:\\\/\\\/drpillman.biz\\\/fr\\\/#website\"},\"datePublished\":\"2013-04-17T02:27:25+00:00\",\"dateModified\":\"2024-05-17T20:02:15+00:00\",\"description\":\"El Zantac eficiente ya est\u00e1 disponible en l\u00ednea: puede comprar ranitidina, 150 mg en cualquier momento y comenzar su tratamiento de \u00falcera o para evitar que uno se forme dentro de su est\u00f3mago.\",\"breadcrumb\":{\"@id\":\"https:\\\/\\\/drpillman.biz\\\/fr\\\/zantac.htm#breadcrumb\"},\"inLanguage\":\"es\",\"potentialAction\":[{\"@type\":\"ReadAction\",\"target\":[\"https:\\\/\\\/drpillman.biz\\\/fr\\\/zantac.htm\"]}]},{\"@type\":\"BreadcrumbList\",\"@id\":\"https:\\\/\\\/drpillman.biz\\\/fr\\\/zantac.htm#breadcrumb\",\"itemListElement\":[{\"@type\":\"ListItem\",\"position\":1,\"name\":\"Home\",\"item\":\"https:\\\/\\\/drpillman.biz\\\/fr\\\/\"},{\"@type\":\"ListItem\",\"position\":2,\"name\":\"Zantac\"}]},{\"@type\":\"WebSite\",\"@id\":\"https:\\\/\\\/drpillman.biz\\\/fr\\\/#website\",\"url\":\"https:\\\/\\\/drpillman.biz\\\/fr\\\/\",\"name\":\"Dr.Pillman\",\"description\":\"\",\"potentialAction\":[{\"@type\":\"SearchAction\",\"target\":{\"@type\":\"EntryPoint\",\"urlTemplate\":\"https:\\\/\\\/drpillman.biz\\\/fr\\\/?s={search_term_string}\"},\"query-input\":{\"@type\":\"PropertyValueSpecification\",\"valueRequired\":true,\"valueName\":\"search_term_string\"}}],\"inLanguage\":\"es\"}]}<\/script>\n<!-- \/ Yoast SEO plugin. -->","yoast_head_json":{"title":"Compre ranitidina 150 mg con una garant\u00eda de satisfacci\u00f3n del 100% y entrega r\u00e1pida a la puerta de su hogar tal como se prometi\u00f3","description":"El Zantac eficiente ya est\u00e1 disponible en l\u00ednea: puede comprar ranitidina, 150 mg en cualquier momento y comenzar su tratamiento de \u00falcera o para evitar que uno se forme dentro de su est\u00f3mago.","robots":{"index":"index","follow":"follow","max-snippet":"max-snippet:-1","max-image-preview":"max-image-preview:large","max-video-preview":"max-video-preview:-1"},"canonical":"https:\/\/drpillman.biz\/fr\/zantac.htm","og_locale":"es_ES","og_type":"article","og_title":"Compre ranitidina 150 mg con una garant\u00eda de satisfacci\u00f3n del 100% y entrega r\u00e1pida a la puerta de su hogar tal como se prometi\u00f3","og_description":"El Zantac eficiente ya est\u00e1 disponible en l\u00ednea: puede comprar ranitidina, 150 mg en cualquier momento y comenzar su tratamiento de \u00falcera o para evitar que uno se forme dentro de su est\u00f3mago.","og_url":"https:\/\/drpillman.biz\/fr\/zantac.htm","og_site_name":"Dr.Pillman","article_modified_time":"2024-05-17T20:02:15+00:00","twitter_card":"summary_large_image","schema":{"@context":"https:\/\/schema.org","@graph":[{"@type":"WebPage","@id":"https:\/\/drpillman.biz\/fr\/zantac.htm","url":"https:\/\/drpillman.biz\/fr\/zantac.htm","name":"Acheter Zantac 150 et 300 mg en ligne sans ordonnance en France","isPartOf":{"@id":"https:\/\/drpillman.biz\/fr\/#website"},"datePublished":"2013-04-17T02:27:25+00:00","dateModified":"2024-05-17T20:02:15+00:00","description":"El Zantac eficiente ya est\u00e1 disponible en l\u00ednea: puede comprar ranitidina, 150 mg en cualquier momento y comenzar su tratamiento de \u00falcera o para evitar que uno se forme dentro de su est\u00f3mago.","breadcrumb":{"@id":"https:\/\/drpillman.biz\/fr\/zantac.htm#breadcrumb"},"inLanguage":"es","potentialAction":[{"@type":"ReadAction","target":["https:\/\/drpillman.biz\/fr\/zantac.htm"]}]},{"@type":"BreadcrumbList","@id":"https:\/\/drpillman.biz\/fr\/zantac.htm#breadcrumb","itemListElement":[{"@type":"ListItem","position":1,"name":"Home","item":"https:\/\/drpillman.biz\/fr\/"},{"@type":"ListItem","position":2,"name":"Zantac"}]},{"@type":"WebSite","@id":"https:\/\/drpillman.biz\/fr\/#website","url":"https:\/\/drpillman.biz\/fr\/","name":"Dr.Pillman","description":"","potentialAction":[{"@type":"SearchAction","target":{"@type":"EntryPoint","urlTemplate":"https:\/\/drpillman.biz\/fr\/?s={search_term_string}"},"query-input":{"@type":"PropertyValueSpecification","valueRequired":true,"valueName":"search_term_string"}}],"inLanguage":"es"}]}},"_links":{"self":[{"href":"https:\/\/drpillman.biz\/es\/wp-json\/wp\/v2\/pages\/202","targetHints":{"allow":["GET"]}}],"collection":[{"href":"https:\/\/drpillman.biz\/es\/wp-json\/wp\/v2\/pages"}],"about":[{"href":"https:\/\/drpillman.biz\/es\/wp-json\/wp\/v2\/types\/page"}],"author":[{"embeddable":true,"href":"https:\/\/drpillman.biz\/es\/wp-json\/wp\/v2\/users\/3"}],"replies":[{"embeddable":true,"href":"https:\/\/drpillman.biz\/es\/wp-json\/wp\/v2\/comments?post=202"}],"version-history":[{"count":0,"href":"https:\/\/drpillman.biz\/es\/wp-json\/wp\/v2\/pages\/202\/revisions"}],"wp:attachment":[{"href":"https:\/\/drpillman.biz\/es\/wp-json\/wp\/v2\/media?parent=202"}],"curies":[{"name":"wp","href":"https:\/\/api.w.org\/{rel}","templated":true}]}}