{"id":205,"date":"2013-01-19T03:06:44","date_gmt":"2013-01-19T03:06:44","guid":{"rendered":"https:\/\/drpillman.biz\/?page_id=205"},"modified":"2024-05-17T21:04:16","modified_gmt":"2024-05-17T20:04:16","slug":"zofran","status":"publish","type":"page","link":"https:\/\/drpillman.biz\/es\/zofran.htm","title":{"rendered":"Zofrano"},"content":{"rendered":"<div id=\"content-center\">\n<div id=\"content-image\">\n\t\t\t\t\t<img decoding=\"async\" src=\"\/img\/Zofran.jpg\" alt=\"Zofran\" \/><\/div>\n<div id=\"content-description\">\n<h1>Zofran<\/h1>\n<p> <code><a href=\"https:\/\/200pills.com\/search.html?key=Zofran\"> <button class=\"button-7\" role=\"button\">Comprar en l\u00ednea<\/button><\/a><\/code><\/p>\n<div class=\"clear\"><\/div>\n<div id=\"description\">\n\t\t\t\t\t\tZofran (ondansetr\u00f3n) se utiliza para prevenir las n\u00e1useas y los v\u00f3mitos, especialmente los que pueden producirse tras una intervenci\u00f3n quir\u00fargica o un tratamiento contra el c\u00e1ncer. Este medicamento se prescribe con mayor frecuencia en dosis de 4 mg y 8 mg tomadas a intervalos regulares con un vaso lleno de agua o alg\u00fan alimento, de la misma manera cada vez.<\/div>\n<div id=\"additional\">\n\t\t\t\t\t\tSin\u00f3nimos:<span> Ondansetr\u00f3n<\/span>\n<\/div>\n<\/div>\n<div class=\"clear\"><\/div>\n<p>Zofran (ondansetr\u00f3n) es un medicamento utilizado para prevenir s\u00edntomas como las n\u00e1useas y los v\u00f3mitos en pacientes despu\u00e9s de un tratamiento de quimioterapia o radioterapia. Funciona bloqueando la actividad de ciertas sustancias qu\u00edmicas del organismo susceptibles de desencadenar esos dos s\u00edntomas e interferir en la calidad de vida del paciente. Antes de comprar Zofran 4 mg u 8 mg, aseg\u00farese de hablar con su m\u00e9dico o farmac\u00e9utico de otras enfermedades que padezca, especialmente enfermedades hep\u00e1ticas, trastornos del ritmo card\u00edaco, desequilibrios electrol\u00edticos o enfermedades card\u00edacas. Esto puede afectar a la dosis de Zofran que tomar\u00e1 o requerir pruebas de laboratorio adicionales para establecer la seguridad y la eficacia esperada de su tratamiento. Para prevenir las n\u00e1useas y los v\u00f3mitos de forma m\u00e1s eficaz, deber\u00e1 tomar cada dosis de Zofran con un vaso lleno de agua o algo de comida a la misma hora todos los d\u00edas. Puedes tomarlo sin ning\u00fan alimento, pero siempre es mejor que la rutina sea la misma. Zofran se puede comprar en l\u00ednea en cualquier momento, lo que puede ahorrarle mucho tiempo y dinero. Cuando compre Zofran (ondansetr\u00f3n) en una farmacia en l\u00ednea, aseg\u00farese de conocer la dosis y la cantidad que necesitar\u00e1 para todo el per\u00edodo de tratamiento. Si ves que se te puede acabar pronto, debes pedir m\u00e1s Zofran para que el tratamiento sea continuo. No hay suficiente informaci\u00f3n sobre la seguridad de Zofran para los ni\u00f1os no nacidos o lactantes. Si est\u00e1s embarazada o en periodo de lactancia, aseg\u00farate de discutir primero con tu m\u00e9dico los riesgos y beneficios de tomar Zofran.<\/p>\n<h2>Efectos secundarios<\/h2>\n<p>Pueden aparecer ciertos efectos secundarios en los pacientes que empiezan a tomar Zofran para sus s\u00edntomas. Los efectos secundarios leves pueden incluir debilidad, estre\u00f1imiento, somnolencia, diarrea, fiebre o dolor de cabeza y no suelen durar demasiado. Los efectos secundarios m\u00e1s graves, por otro lado, como la visi\u00f3n borrosa, mareos severos, ansiedad y agitaci\u00f3n son bastante raros. Si se producen en alg\u00fan momento, debe interrumpir el tratamiento con Zofran y hablar con su m\u00e9dico.<\/p>\n<\/div>\n","protected":false},"excerpt":{"rendered":"<p>Zofran Comprar en l\u00ednea Zofran (ondansetr\u00f3n) se utiliza para prevenir las n\u00e1useas y los v\u00f3mitos, especialmente los que pueden producirse<\/p>\n","protected":false},"author":3,"featured_media":0,"parent":0,"menu_order":0,"comment_status":"closed","ping_status":"closed","template":"","meta":{"_lmt_disableupdate":"no","_lmt_disable":"no","footnotes":""},"class_list":["post-205","page","type-page","status-publish","hentry"],"translation":{"provider":"WPGlobus","version":"3.0.2","language":"es","enabled_languages":["en","es","fr"],"languages":{"en":{"title":true,"content":true,"excerpt":false},"es":{"title":true,"content":true,"excerpt":false},"fr":{"title":true,"content":true,"excerpt":false}}},"yoast_head":"<!-- This site is optimized with the Yoast SEO plugin v27.4 - https:\/\/yoast.com\/product\/yoast-seo-wordpress\/ -->\n<title>Hay buenas farmacias que ofrecen ondansetr\u00f3n barato 4 y 8 mg con entrega r\u00e1pida<\/title>\n<meta name=\"description\" content=\"Ordene ZoFran destinado a la prevenci\u00f3n de n\u00e1useas y v\u00f3mitos. Puede comprar ondansetr\u00f3n 4 mg y 8 mg cualquier tino y en la cantidad que necesita para lidiar con los s\u00edntomas mencionados que ocurren despu\u00e9s de la quimioterapia o una cirug\u00eda.\" \/>\n<meta name=\"robots\" content=\"index, follow, max-snippet:-1, max-image-preview:large, max-video-preview:-1\" \/>\n<link rel=\"canonical\" href=\"https:\/\/drpillman.biz\/zofran.htm\" \/>\n<meta property=\"og:locale\" content=\"es_ES\" \/>\n<meta property=\"og:type\" content=\"article\" \/>\n<meta property=\"og:title\" content=\"Hay buenas farmacias que ofrecen ondansetr\u00f3n barato 4 y 8 mg con entrega r\u00e1pida\" \/>\n<meta property=\"og:description\" content=\"Ordene ZoFran destinado a la prevenci\u00f3n de n\u00e1useas y v\u00f3mitos. Puede comprar ondansetr\u00f3n 4 mg y 8 mg cualquier tino y en la cantidad que necesita para lidiar con los s\u00edntomas mencionados que ocurren despu\u00e9s de la quimioterapia o una cirug\u00eda.\" \/>\n<meta property=\"og:url\" content=\"https:\/\/drpillman.biz\/zofran.htm\" \/>\n<meta property=\"og:site_name\" content=\"Dr.Pillman\" \/>\n<meta property=\"article:modified_time\" content=\"2024-05-17T20:04:16+00:00\" \/>\n<meta name=\"twitter:card\" content=\"summary_large_image\" \/>\n<script type=\"application\/ld+json\" class=\"yoast-schema-graph\">{\"@context\":\"https:\\\/\\\/schema.org\",\"@graph\":[{\"@type\":\"WebPage\",\"@id\":\"https:\\\/\\\/drpillman.biz\\\/zofran.htm\",\"url\":\"https:\\\/\\\/drpillman.biz\\\/zofran.htm\",\"name\":\"There are good pharmacies out there offering cheap ondansetron 4 and 8 mg with fast delivery\",\"isPartOf\":{\"@id\":\"https:\\\/\\\/drpillman.biz\\\/fr\\\/#website\"},\"datePublished\":\"2013-01-19T03:06:44+00:00\",\"dateModified\":\"2024-05-17T20:04:16+00:00\",\"description\":\"Ordene ZoFran destinado a la prevenci\u00f3n de n\u00e1useas y v\u00f3mitos. Puede comprar ondansetr\u00f3n 4 mg y 8 mg cualquier tino y en la cantidad que necesita para lidiar con los s\u00edntomas mencionados que ocurren despu\u00e9s de la quimioterapia o una cirug\u00eda.\",\"breadcrumb\":{\"@id\":\"https:\\\/\\\/drpillman.biz\\\/zofran.htm#breadcrumb\"},\"inLanguage\":\"es\",\"potentialAction\":[{\"@type\":\"ReadAction\",\"target\":[\"https:\\\/\\\/drpillman.biz\\\/zofran.htm\"]}]},{\"@type\":\"BreadcrumbList\",\"@id\":\"https:\\\/\\\/drpillman.biz\\\/zofran.htm#breadcrumb\",\"itemListElement\":[{\"@type\":\"ListItem\",\"position\":1,\"name\":\"Home\",\"item\":\"https:\\\/\\\/drpillman.biz\\\/fr\\\/\"},{\"@type\":\"ListItem\",\"position\":2,\"name\":\"Zofran\"}]},{\"@type\":\"WebSite\",\"@id\":\"https:\\\/\\\/drpillman.biz\\\/fr\\\/#website\",\"url\":\"https:\\\/\\\/drpillman.biz\\\/fr\\\/\",\"name\":\"Dr.Pillman\",\"description\":\"\",\"potentialAction\":[{\"@type\":\"SearchAction\",\"target\":{\"@type\":\"EntryPoint\",\"urlTemplate\":\"https:\\\/\\\/drpillman.biz\\\/fr\\\/?s={search_term_string}\"},\"query-input\":{\"@type\":\"PropertyValueSpecification\",\"valueRequired\":true,\"valueName\":\"search_term_string\"}}],\"inLanguage\":\"es\"}]}<\/script>\n<!-- \/ Yoast SEO plugin. -->","yoast_head_json":{"title":"Hay buenas farmacias que ofrecen ondansetr\u00f3n barato 4 y 8 mg con entrega r\u00e1pida","description":"Ordene ZoFran destinado a la prevenci\u00f3n de n\u00e1useas y v\u00f3mitos. Puede comprar ondansetr\u00f3n 4 mg y 8 mg cualquier tino y en la cantidad que necesita para lidiar con los s\u00edntomas mencionados que ocurren despu\u00e9s de la quimioterapia o una cirug\u00eda.","robots":{"index":"index","follow":"follow","max-snippet":"max-snippet:-1","max-image-preview":"max-image-preview:large","max-video-preview":"max-video-preview:-1"},"canonical":"https:\/\/drpillman.biz\/zofran.htm","og_locale":"es_ES","og_type":"article","og_title":"Hay buenas farmacias que ofrecen ondansetr\u00f3n barato 4 y 8 mg con entrega r\u00e1pida","og_description":"Ordene ZoFran destinado a la prevenci\u00f3n de n\u00e1useas y v\u00f3mitos. Puede comprar ondansetr\u00f3n 4 mg y 8 mg cualquier tino y en la cantidad que necesita para lidiar con los s\u00edntomas mencionados que ocurren despu\u00e9s de la quimioterapia o una cirug\u00eda.","og_url":"https:\/\/drpillman.biz\/zofran.htm","og_site_name":"Dr.Pillman","article_modified_time":"2024-05-17T20:04:16+00:00","twitter_card":"summary_large_image","schema":{"@context":"https:\/\/schema.org","@graph":[{"@type":"WebPage","@id":"https:\/\/drpillman.biz\/zofran.htm","url":"https:\/\/drpillman.biz\/zofran.htm","name":"There are good pharmacies out there offering cheap ondansetron 4 and 8 mg with fast delivery","isPartOf":{"@id":"https:\/\/drpillman.biz\/fr\/#website"},"datePublished":"2013-01-19T03:06:44+00:00","dateModified":"2024-05-17T20:04:16+00:00","description":"Ordene ZoFran destinado a la prevenci\u00f3n de n\u00e1useas y v\u00f3mitos. Puede comprar ondansetr\u00f3n 4 mg y 8 mg cualquier tino y en la cantidad que necesita para lidiar con los s\u00edntomas mencionados que ocurren despu\u00e9s de la quimioterapia o una cirug\u00eda.","breadcrumb":{"@id":"https:\/\/drpillman.biz\/zofran.htm#breadcrumb"},"inLanguage":"es","potentialAction":[{"@type":"ReadAction","target":["https:\/\/drpillman.biz\/zofran.htm"]}]},{"@type":"BreadcrumbList","@id":"https:\/\/drpillman.biz\/zofran.htm#breadcrumb","itemListElement":[{"@type":"ListItem","position":1,"name":"Home","item":"https:\/\/drpillman.biz\/fr\/"},{"@type":"ListItem","position":2,"name":"Zofran"}]},{"@type":"WebSite","@id":"https:\/\/drpillman.biz\/fr\/#website","url":"https:\/\/drpillman.biz\/fr\/","name":"Dr.Pillman","description":"","potentialAction":[{"@type":"SearchAction","target":{"@type":"EntryPoint","urlTemplate":"https:\/\/drpillman.biz\/fr\/?s={search_term_string}"},"query-input":{"@type":"PropertyValueSpecification","valueRequired":true,"valueName":"search_term_string"}}],"inLanguage":"es"}]}},"_links":{"self":[{"href":"https:\/\/drpillman.biz\/es\/wp-json\/wp\/v2\/pages\/205","targetHints":{"allow":["GET"]}}],"collection":[{"href":"https:\/\/drpillman.biz\/es\/wp-json\/wp\/v2\/pages"}],"about":[{"href":"https:\/\/drpillman.biz\/es\/wp-json\/wp\/v2\/types\/page"}],"author":[{"embeddable":true,"href":"https:\/\/drpillman.biz\/es\/wp-json\/wp\/v2\/users\/3"}],"replies":[{"embeddable":true,"href":"https:\/\/drpillman.biz\/es\/wp-json\/wp\/v2\/comments?post=205"}],"version-history":[{"count":0,"href":"https:\/\/drpillman.biz\/es\/wp-json\/wp\/v2\/pages\/205\/revisions"}],"wp:attachment":[{"href":"https:\/\/drpillman.biz\/es\/wp-json\/wp\/v2\/media?parent=205"}],"curies":[{"name":"wp","href":"https:\/\/api.w.org\/{rel}","templated":true}]}}