{"id":208,"date":"2021-09-10T16:34:08","date_gmt":"2021-09-10T15:34:08","guid":{"rendered":"https:\/\/drpillman.biz\/?page_id=208"},"modified":"2025-02-11T07:15:32","modified_gmt":"2025-02-11T07:15:32","slug":"amoxicillin","status":"publish","type":"page","link":"https:\/\/drpillman.biz\/es\/","title":{"rendered":"Amoxicilina"},"content":{"rendered":"<div id=\"content-center\">\n<div id=\"content-image\"><img decoding=\"async\" src=\"\/img\/Amoxicillin.jpg\" alt=\"Amoxicilina\" \/><\/div>\n<div id=\"content-description\">\n<h1>Amoxicilina<\/h1>\n<p><code><a href=\"https:\/\/200pills.com\/search.html?key=Amoxicillin\"> <button class=\"button-7\" role=\"button\">Comprar en l\u00ednea<\/button><\/a><\/code><\/p>\n<div class=\"gray\"><\/div>\n<div class=\"clear\"><\/div>\n<div id=\"description\">La amoxicilina es un antibi\u00f3tico gen\u00e9rico, utilizado para tratar infecciones bacterianas. El f\u00e1rmaco suele ser una elecci\u00f3n habitual por su r\u00e1pida acci\u00f3n y r\u00e1pida absorci\u00f3n. Es muy popular para tratar infecciones en ni\u00f1os. El f\u00e1rmaco est\u00e1 disponible en el mercado desde 1972. A menudo se combina con \u00e1cido clavul\u00e1nico para combatir las bacterias resistentes.<\/div>\n<div id=\"additional\">Sin\u00f3nimos: <span>Amoxil, Trimox<\/span><\/div>\n<\/div>\n<div class=\"clear\"><\/div>\n<h2>Usos m\u00e9dicos<\/h2>\n<p>La amoxicilina, junto con la ampicilina, fue uno de los primeros antibi\u00f3ticos semisint\u00e9ticos disponibles en el mercado, desarrollado por Beecham en 1960. El f\u00e1rmaco se lanz\u00f3 al mercado en 1972.<\/p>\n<p>El f\u00e1rmaco se utiliza para tratar un gran n\u00famero de infecciones, como neumon\u00eda, infecciones cut\u00e1neas, salmonelosis, clamidia, enfermedad de Lyme y otitis. La amoxicilina tambi\u00e9n es un f\u00e1rmaco clave en la prevenci\u00f3n de la endocarditis bacteriana en personas de alto riesgo que se recuperan de diversas intervenciones quir\u00fargicas. Adem\u00e1s, el f\u00e1rmaco puede funcionar como herramienta de prevenci\u00f3n de las infecciones por \u00e1ntrax y neumococo estreptoc\u00f3cico. En el Reino Unido, el NHS recomienda no utilizar amoxicilina para tratar la endocarditis infecciosa, aunque no se han producido cambios en la prevalencia y agresividad de la enfermedad. La amoxicilina tambi\u00e9n es un f\u00e1rmaco de primera elecci\u00f3n para curar la sinusitis bacteriana, aunque la mayor\u00eda de las sinusitis son v\u00edricas, en las que los antibi\u00f3ticos no son eficaces. El acn\u00e9 vulgar es otra enfermedad que puede curarse con este f\u00e1rmaco, sobre todo si respondi\u00f3 mal a la doxiciclina y la minociclina.<\/p>\n<h2>Dosis y modo de empleo<\/h2>\n<p>La posolog\u00eda var\u00eda seg\u00fan la enfermedad, con dosis que van desde 100 mg al d\u00eda, hasta 3 gramos al d\u00eda en casos graves e infecciones agresivas.<\/p>\n<p>La sobredosificaci\u00f3n no suele presentar s\u00edntomas cl\u00ednicos graves. No obstante, debe interrumpirse la administraci\u00f3n y tratar los s\u00edntomas lo antes posible. En casos graves existe riesgo de insuficiencia renal. Durante el embarazo, la Amoxicilina no presenta un riesgo grave, ya que el f\u00e1rmaco no es absorbido totalmente por el feto. No obstante, dado que los estudios son escasos, la Amoxicilina s\u00f3lo debe ser utilizada por mujeres embarazadas si existe una necesidad evidente de este f\u00e1rmaco.<\/p>\n<h2>Formularios disponibles<\/h2>\n<p>La amoxicilina est\u00e1 disponible en forma trihidratada y se presenta en c\u00e1psulas, comprimidos dispersables, jarabe, suspensi\u00f3n pedi\u00e1trica y comprimidos masticables. La soluci\u00f3n intravenosa se compone de sal s\u00f3dica y otros agentes. La t\u00e9cnica de administraci\u00f3n m\u00e1s habitual es por v\u00eda oral, ya sea en c\u00e1psulas, comprimidos o forma l\u00edquida, especialmente para los ni\u00f1os.<\/p>\n<p>La amoxicilina est\u00e1 disponible en l\u00ednea en forma de comprimidos, soluciones intravenosas, gotas para los ojos y los o\u00eddos, suspensiones para ni\u00f1os y comprimidos masticables. Compre Amoxicilina 500 mg en l\u00ednea y trate la mayor\u00eda de las infecciones. Los mejores precios de Amoxicilina est\u00e1n disponibles online y encontrar\u00e1s una amplia selecci\u00f3n de antibi\u00f3ticos.<\/p>\n<h2>Efectos secundarios<\/h2>\n<p>Los efectos secundarios son similares a los de otros antibi\u00f3ticos de la familia de los betalact\u00e1micos. Estos incluyen n\u00e1useas, erupciones cut\u00e1neas, colitis y v\u00f3mitos en casos raros. La diarrea es otro s\u00edntoma que puede observarse. Puede haber insomnio, confusi\u00f3n, ansiedad, sensibilidad a la luz y pensamiento confuso, pero estos s\u00edntomas son aislados y suelen ser leves. Las reacciones al\u00e9rgicas, en cambio, pueden ser peligrosas y muy intensas. En caso de que se produzcan, debe prestarse atenci\u00f3n m\u00e9dica inmediata. La aparici\u00f3n de estos cuadros incluye erupci\u00f3n cut\u00e1nea, picor y n\u00e1useas. En raras ocasiones, tras la administraci\u00f3n prolongada de Amoxicilina, existe un ligero riesgo de hepatitis leve. Los ni\u00f1os pueden presentar disfunci\u00f3n renal cuando las dosis son elevadas.<\/p>\n<\/div>\n","protected":false},"excerpt":{"rendered":"<p>Amoxicilina Comprar en l\u00ednea La amoxicilina es un antibi\u00f3tico gen\u00e9rico, utilizado para tratar infecciones bacterianas. El f\u00e1rmaco suele ser una<\/p>\n","protected":false},"author":3,"featured_media":0,"parent":0,"menu_order":0,"comment_status":"closed","ping_status":"closed","template":"","meta":{"_lmt_disableupdate":"no","_lmt_disable":"no","footnotes":""},"class_list":["post-208","page","type-page","status-publish","hentry"],"translation":{"provider":"WPGlobus","version":"3.0.2","language":"es","enabled_languages":["en","es","fr"],"languages":{"en":{"title":true,"content":true,"excerpt":false},"es":{"title":true,"content":true,"excerpt":false},"fr":{"title":true,"content":true,"excerpt":false}}},"yoast_head":"<!-- This site is optimized with the Yoast SEO plugin v27.4 - https:\/\/yoast.com\/product\/yoast-seo-wordpress\/ -->\n<title>Comprar amoxicilina 500 mg en l\u00ednea: es un antibi\u00f3tico com\u00fan y popular utilizado para tratar infecciones<\/title>\n<meta name=\"description\" content=\"La amoxicilina es un potente antibi\u00f3tico de penicilina disponible en Internet. Puede comprar amoxicilina 500 mg cada vez que necesite tratar la infecci\u00f3n bacteriana para la que es adecuada.\" \/>\n<meta name=\"robots\" content=\"index, follow, max-snippet:-1, max-image-preview:large, max-video-preview:-1\" \/>\n<link rel=\"canonical\" href=\"http:\/\/drpillman.biz\/\" \/>\n<meta property=\"og:locale\" content=\"es_ES\" \/>\n<meta property=\"og:type\" content=\"article\" \/>\n<meta property=\"og:title\" content=\"Comprar amoxicilina 500 mg en l\u00ednea: es un antibi\u00f3tico com\u00fan y popular utilizado para tratar infecciones\" \/>\n<meta property=\"og:description\" content=\"La amoxicilina es un potente antibi\u00f3tico de penicilina disponible en Internet. Puede comprar amoxicilina 500 mg cada vez que necesite tratar la infecci\u00f3n bacteriana para la que es adecuada.\" \/>\n<meta property=\"og:url\" content=\"http:\/\/drpillman.biz\/\" \/>\n<meta property=\"og:site_name\" content=\"Dr.Pillman\" \/>\n<meta property=\"article:modified_time\" content=\"2025-02-11T07:15:32+00:00\" \/>\n<meta name=\"twitter:card\" content=\"summary_large_image\" \/>\n<script type=\"application\/ld+json\" class=\"yoast-schema-graph\">{\"@context\":\"https:\\\/\\\/schema.org\",\"@graph\":[{\"@type\":\"WebPage\",\"@id\":\"http:\\\/\\\/drpillman.biz\\\/\",\"url\":\"http:\\\/\\\/drpillman.biz\\\/\",\"name\":\"Comprar amoxicilina 500 mg en l\u00ednea: es un antibi\u00f3tico com\u00fan y popular utilizado para tratar infecciones\",\"isPartOf\":{\"@id\":\"https:\\\/\\\/drpillman.biz\\\/es\\\/#website\"},\"datePublished\":\"2021-09-10T15:34:08+00:00\",\"dateModified\":\"2025-02-11T07:15:32+00:00\",\"description\":\"La amoxicilina es un potente antibi\u00f3tico de penicilina disponible en Internet. Puede comprar amoxicilina 500 mg cada vez que necesite tratar la infecci\u00f3n bacteriana para la que es adecuada.\",\"breadcrumb\":{\"@id\":\"http:\\\/\\\/drpillman.biz\\\/#breadcrumb\"},\"inLanguage\":\"es\",\"potentialAction\":[{\"@type\":\"ReadAction\",\"target\":[\"http:\\\/\\\/drpillman.biz\\\/\"]}]},{\"@type\":\"BreadcrumbList\",\"@id\":\"http:\\\/\\\/drpillman.biz\\\/#breadcrumb\",\"itemListElement\":[{\"@type\":\"ListItem\",\"position\":1,\"name\":\"Home\",\"item\":\"http:\\\/\\\/drpillman.biz\\\/\"},{\"@type\":\"ListItem\",\"position\":2,\"name\":\"Amoxicillin\"}]},{\"@type\":\"WebSite\",\"@id\":\"https:\\\/\\\/drpillman.biz\\\/es\\\/#website\",\"url\":\"https:\\\/\\\/drpillman.biz\\\/es\\\/\",\"name\":\"Dr.Pillman\",\"description\":\"\",\"potentialAction\":[{\"@type\":\"SearchAction\",\"target\":{\"@type\":\"EntryPoint\",\"urlTemplate\":\"https:\\\/\\\/drpillman.biz\\\/es\\\/?s={search_term_string}\"},\"query-input\":{\"@type\":\"PropertyValueSpecification\",\"valueRequired\":true,\"valueName\":\"search_term_string\"}}],\"inLanguage\":\"es\"}]}<\/script>\n<!-- \/ Yoast SEO plugin. -->","yoast_head_json":{"title":"Comprar amoxicilina 500 mg en l\u00ednea: es un antibi\u00f3tico com\u00fan y popular utilizado para tratar infecciones","description":"La amoxicilina es un potente antibi\u00f3tico de penicilina disponible en Internet. Puede comprar amoxicilina 500 mg cada vez que necesite tratar la infecci\u00f3n bacteriana para la que es adecuada.","robots":{"index":"index","follow":"follow","max-snippet":"max-snippet:-1","max-image-preview":"max-image-preview:large","max-video-preview":"max-video-preview:-1"},"canonical":"http:\/\/drpillman.biz\/","og_locale":"es_ES","og_type":"article","og_title":"Comprar amoxicilina 500 mg en l\u00ednea: es un antibi\u00f3tico com\u00fan y popular utilizado para tratar infecciones","og_description":"La amoxicilina es un potente antibi\u00f3tico de penicilina disponible en Internet. Puede comprar amoxicilina 500 mg cada vez que necesite tratar la infecci\u00f3n bacteriana para la que es adecuada.","og_url":"http:\/\/drpillman.biz\/","og_site_name":"Dr.Pillman","article_modified_time":"2025-02-11T07:15:32+00:00","twitter_card":"summary_large_image","schema":{"@context":"https:\/\/schema.org","@graph":[{"@type":"WebPage","@id":"http:\/\/drpillman.biz\/","url":"http:\/\/drpillman.biz\/","name":"Comprar amoxicilina 500 mg en l\u00ednea: es un antibi\u00f3tico com\u00fan y popular utilizado para tratar infecciones","isPartOf":{"@id":"https:\/\/drpillman.biz\/es\/#website"},"datePublished":"2021-09-10T15:34:08+00:00","dateModified":"2025-02-11T07:15:32+00:00","description":"La amoxicilina es un potente antibi\u00f3tico de penicilina disponible en Internet. Puede comprar amoxicilina 500 mg cada vez que necesite tratar la infecci\u00f3n bacteriana para la que es adecuada.","breadcrumb":{"@id":"http:\/\/drpillman.biz\/#breadcrumb"},"inLanguage":"es","potentialAction":[{"@type":"ReadAction","target":["http:\/\/drpillman.biz\/"]}]},{"@type":"BreadcrumbList","@id":"http:\/\/drpillman.biz\/#breadcrumb","itemListElement":[{"@type":"ListItem","position":1,"name":"Home","item":"http:\/\/drpillman.biz\/"},{"@type":"ListItem","position":2,"name":"Amoxicillin"}]},{"@type":"WebSite","@id":"https:\/\/drpillman.biz\/es\/#website","url":"https:\/\/drpillman.biz\/es\/","name":"Dr.Pillman","description":"","potentialAction":[{"@type":"SearchAction","target":{"@type":"EntryPoint","urlTemplate":"https:\/\/drpillman.biz\/es\/?s={search_term_string}"},"query-input":{"@type":"PropertyValueSpecification","valueRequired":true,"valueName":"search_term_string"}}],"inLanguage":"es"}]}},"_links":{"self":[{"href":"https:\/\/drpillman.biz\/es\/wp-json\/wp\/v2\/pages\/208","targetHints":{"allow":["GET"]}}],"collection":[{"href":"https:\/\/drpillman.biz\/es\/wp-json\/wp\/v2\/pages"}],"about":[{"href":"https:\/\/drpillman.biz\/es\/wp-json\/wp\/v2\/types\/page"}],"author":[{"embeddable":true,"href":"https:\/\/drpillman.biz\/es\/wp-json\/wp\/v2\/users\/3"}],"replies":[{"embeddable":true,"href":"https:\/\/drpillman.biz\/es\/wp-json\/wp\/v2\/comments?post=208"}],"version-history":[{"count":0,"href":"https:\/\/drpillman.biz\/es\/wp-json\/wp\/v2\/pages\/208\/revisions"}],"wp:attachment":[{"href":"https:\/\/drpillman.biz\/es\/wp-json\/wp\/v2\/media?parent=208"}],"curies":[{"name":"wp","href":"https:\/\/api.w.org\/{rel}","templated":true}]}}