{"id":23,"date":"2014-09-10T05:53:53","date_gmt":"2014-09-10T04:53:53","guid":{"rendered":"https:\/\/drpillman.biz\/?page_id=23"},"modified":"2024-05-17T09:56:45","modified_gmt":"2024-05-17T08:56:45","slug":"acyclovir","status":"publish","type":"page","link":"https:\/\/drpillman.biz\/es\/acyclovir.htm","title":{"rendered":"Aciclovir"},"content":{"rendered":"<div id=\"content-center\">\n<div id=\"content-image\"><img decoding=\"async\" src=\"\/img\/Acyclovir.jpg\" alt=\"Aciclovir\" \/><\/div>\n<div id=\"content-description\">\n<h1>Aciclovir<\/h1>\n<p><code><a href=\"https:\/\/200pills.com\/search.html?key=Acyclovir&#038;lang=es\"> <button class=\"button-7\" role=\"button\">Comprar en l\u00ednea<\/button><\/a><\/code><\/p>\n<div class=\"clear\"><\/div>\n<div id=\"description\">\nEl aciclovir es un medicamento antiviral que se utiliza para el tratamiento de pacientes con el virus del herpes en su sistema. Aunque el virus no se puede curar, se pueden contener los s\u00edntomas y prevenir los brotes siempre que se tome Aciclovir en la dosis m\u00e1s adecuada para el paciente.<\/div>\n<div id=\"additional\">Sin\u00f3nimos: <span>Zovirax<\/span><\/div>\n<\/div>\n<div class=\"clear\"><\/div>\n<h2>Informaci\u00f3n sobre Aciclovir 400 y 800 mg<\/h2>\n<p>El aciclovir es un medicamento antiviral que se utiliza para detener la r\u00e1pida propagaci\u00f3n del virus del herpes en el cuerpo. El aciclovir se recomienda m\u00e1s a menudo en dosis de 400 mg y 800 mg y ayuda al sistema inmunitario a controlar la situaci\u00f3n. Aunque el Aciclovir no es una cura, puede reducir los s\u00edntomas desagradables de la infecci\u00f3n de forma significativa y ayudar a contener el virus. Cuando decidas comprar Aciclovir en el Reino Unido, lo \u00fanico que necesitas es una farmacia de confianza que pueda ofrecerte precios competitivos, entrega r\u00e1pida y garant\u00edas de satisfacci\u00f3n al comprar cualquier medicamento sin necesidad de receta. Cuando compras Aciclovir en una farmacia del Reino Unido como esa, puedes estar seguro de que la calidad de tu medicina es alta y el precio es m\u00e1s bajo simplemente por el hecho de que hay menos intermediarios entre t\u00fa y el fabricante. Para comprar Aciclovir 400 mg u 800 mg en el Reino Unido, s\u00f3lo se necesitan unos minutos, y la entrega es muy r\u00e1pida en todo el pa\u00eds. Es especialmente importante porque debes empezar a tomar Aciclovir ante los primeros signos de la infecci\u00f3n, que pueden incluir hormigueo, ardor y picor. Para que el tratamiento tenga \u00e9xito, debe tomar Aciclovir durante todo el periodo prescrito, incluso si los s\u00edntomas mejoran poco despu\u00e9s de empezar. Tenga en cuenta que tomar Aciclovir para el herpes genital no le hace menos contagioso: debe seguir utilizando un preservativo cuando tenga relaciones sexuales para evitar transmitir la infecci\u00f3n a su pareja. Algunos pacientes pueden necesitar tomar Aciclovir con alg\u00fan alimento para disminuir el malestar estomacal.<\/p>\n<h2>Efectos secundarios<\/h2>\n<p>Es poco probable que desarrolle efectos secundarios al tomar Aciclovir. Sin embargo, si notas dolor en la parte baja de la espalda, f\u00e1cil aparici\u00f3n de hematomas o debilidad inusual, debes hablar con tu m\u00e9dico de inmediato. En la mayor\u00eda de los casos, un peque\u00f1o porcentaje de los pacientes que toman Aciclovir pueden experimentar mareos, n\u00e1useas, diarrea, p\u00e9rdida de apetito y dolor de cabeza, que suelen desaparecer pronto por s\u00ed solos.<\/p>\n<\/div>\n","protected":false},"excerpt":{"rendered":"<p>Aciclovir Comprar en l\u00ednea El aciclovir es un medicamento antiviral que se utiliza para el tratamiento de pacientes con el<\/p>\n","protected":false},"author":3,"featured_media":0,"parent":0,"menu_order":0,"comment_status":"closed","ping_status":"closed","template":"","meta":{"_lmt_disableupdate":"no","_lmt_disable":"no","footnotes":""},"class_list":["post-23","page","type-page","status-publish","hentry"],"translation":{"provider":"WPGlobus","version":"3.0.2","language":"es","enabled_languages":["en","es","fr"],"languages":{"en":{"title":true,"content":true,"excerpt":false},"es":{"title":true,"content":true,"excerpt":false},"fr":{"title":true,"content":true,"excerpt":false}}},"yoast_head":"<!-- This site is optimized with the Yoast SEO plugin v27.4 - https:\/\/yoast.com\/product\/yoast-seo-wordpress\/ -->\n<title>Compre Acyclovir 400 &amp; 800 mg en una farmacia de confianza que siempre le atender\u00e1<\/title>\n<meta name=\"description\" content=\"Comprar Aciclovir 400 mg u 800 mg online. Este medicamento es para usted para mantener los s\u00edntomas de una infecci\u00f3n por herpes bajo control, aunque esto no es una cura para la infecci\u00f3n.\" \/>\n<meta name=\"robots\" content=\"index, follow, max-snippet:-1, max-image-preview:large, max-video-preview:-1\" \/>\n<link rel=\"canonical\" href=\"https:\/\/drpillman.biz\/es\/acyclovir.htm\" \/>\n<meta property=\"og:locale\" content=\"es_ES\" \/>\n<meta property=\"og:type\" content=\"article\" \/>\n<meta property=\"og:title\" content=\"Compre Acyclovir 400 &amp; 800 mg en una farmacia de confianza que siempre le atender\u00e1\" \/>\n<meta property=\"og:description\" content=\"Comprar Aciclovir 400 mg u 800 mg online. Este medicamento es para usted para mantener los s\u00edntomas de una infecci\u00f3n por herpes bajo control, aunque esto no es una cura para la infecci\u00f3n.\" \/>\n<meta property=\"og:url\" content=\"https:\/\/drpillman.biz\/es\/acyclovir.htm\" \/>\n<meta property=\"og:site_name\" content=\"Dr.Pillman\" \/>\n<meta property=\"article:modified_time\" content=\"2024-05-17T08:56:45+00:00\" \/>\n<meta name=\"twitter:card\" content=\"summary_large_image\" \/>\n<script type=\"application\/ld+json\" class=\"yoast-schema-graph\">{\"@context\":\"https:\\\/\\\/schema.org\",\"@graph\":[{\"@type\":\"WebPage\",\"@id\":\"https:\\\/\\\/drpillman.biz\\\/es\\\/acyclovir.htm\",\"url\":\"https:\\\/\\\/drpillman.biz\\\/es\\\/acyclovir.htm\",\"name\":\"Compre Acyclovir 400 & 800 mg en una farmacia de confianza que siempre le atender\u00e1\",\"isPartOf\":{\"@id\":\"https:\\\/\\\/drpillman.biz\\\/fr\\\/#website\"},\"datePublished\":\"2014-09-10T04:53:53+00:00\",\"dateModified\":\"2024-05-17T08:56:45+00:00\",\"description\":\"Comprar Aciclovir 400 mg u 800 mg online. Este medicamento es para usted para mantener los s\u00edntomas de una infecci\u00f3n por herpes bajo control, aunque esto no es una cura para la infecci\u00f3n.\",\"breadcrumb\":{\"@id\":\"https:\\\/\\\/drpillman.biz\\\/es\\\/acyclovir.htm#breadcrumb\"},\"inLanguage\":\"es\",\"potentialAction\":[{\"@type\":\"ReadAction\",\"target\":[\"https:\\\/\\\/drpillman.biz\\\/es\\\/acyclovir.htm\"]}]},{\"@type\":\"BreadcrumbList\",\"@id\":\"https:\\\/\\\/drpillman.biz\\\/es\\\/acyclovir.htm#breadcrumb\",\"itemListElement\":[{\"@type\":\"ListItem\",\"position\":1,\"name\":\"Home\",\"item\":\"https:\\\/\\\/drpillman.biz\\\/fr\\\/\"},{\"@type\":\"ListItem\",\"position\":2,\"name\":\"Aciclovir\"}]},{\"@type\":\"WebSite\",\"@id\":\"https:\\\/\\\/drpillman.biz\\\/fr\\\/#website\",\"url\":\"https:\\\/\\\/drpillman.biz\\\/fr\\\/\",\"name\":\"Dr.Pillman\",\"description\":\"\",\"potentialAction\":[{\"@type\":\"SearchAction\",\"target\":{\"@type\":\"EntryPoint\",\"urlTemplate\":\"https:\\\/\\\/drpillman.biz\\\/fr\\\/?s={search_term_string}\"},\"query-input\":{\"@type\":\"PropertyValueSpecification\",\"valueRequired\":true,\"valueName\":\"search_term_string\"}}],\"inLanguage\":\"es\"}]}<\/script>\n<!-- \/ Yoast SEO plugin. -->","yoast_head_json":{"title":"Compre Acyclovir 400 & 800 mg en una farmacia de confianza que siempre le atender\u00e1","description":"Comprar Aciclovir 400 mg u 800 mg online. Este medicamento es para usted para mantener los s\u00edntomas de una infecci\u00f3n por herpes bajo control, aunque esto no es una cura para la infecci\u00f3n.","robots":{"index":"index","follow":"follow","max-snippet":"max-snippet:-1","max-image-preview":"max-image-preview:large","max-video-preview":"max-video-preview:-1"},"canonical":"https:\/\/drpillman.biz\/es\/acyclovir.htm","og_locale":"es_ES","og_type":"article","og_title":"Compre Acyclovir 400 & 800 mg en una farmacia de confianza que siempre le atender\u00e1","og_description":"Comprar Aciclovir 400 mg u 800 mg online. Este medicamento es para usted para mantener los s\u00edntomas de una infecci\u00f3n por herpes bajo control, aunque esto no es una cura para la infecci\u00f3n.","og_url":"https:\/\/drpillman.biz\/es\/acyclovir.htm","og_site_name":"Dr.Pillman","article_modified_time":"2024-05-17T08:56:45+00:00","twitter_card":"summary_large_image","schema":{"@context":"https:\/\/schema.org","@graph":[{"@type":"WebPage","@id":"https:\/\/drpillman.biz\/es\/acyclovir.htm","url":"https:\/\/drpillman.biz\/es\/acyclovir.htm","name":"Compre Acyclovir 400 & 800 mg en una farmacia de confianza que siempre le atender\u00e1","isPartOf":{"@id":"https:\/\/drpillman.biz\/fr\/#website"},"datePublished":"2014-09-10T04:53:53+00:00","dateModified":"2024-05-17T08:56:45+00:00","description":"Comprar Aciclovir 400 mg u 800 mg online. Este medicamento es para usted para mantener los s\u00edntomas de una infecci\u00f3n por herpes bajo control, aunque esto no es una cura para la infecci\u00f3n.","breadcrumb":{"@id":"https:\/\/drpillman.biz\/es\/acyclovir.htm#breadcrumb"},"inLanguage":"es","potentialAction":[{"@type":"ReadAction","target":["https:\/\/drpillman.biz\/es\/acyclovir.htm"]}]},{"@type":"BreadcrumbList","@id":"https:\/\/drpillman.biz\/es\/acyclovir.htm#breadcrumb","itemListElement":[{"@type":"ListItem","position":1,"name":"Home","item":"https:\/\/drpillman.biz\/fr\/"},{"@type":"ListItem","position":2,"name":"Aciclovir"}]},{"@type":"WebSite","@id":"https:\/\/drpillman.biz\/fr\/#website","url":"https:\/\/drpillman.biz\/fr\/","name":"Dr.Pillman","description":"","potentialAction":[{"@type":"SearchAction","target":{"@type":"EntryPoint","urlTemplate":"https:\/\/drpillman.biz\/fr\/?s={search_term_string}"},"query-input":{"@type":"PropertyValueSpecification","valueRequired":true,"valueName":"search_term_string"}}],"inLanguage":"es"}]}},"_links":{"self":[{"href":"https:\/\/drpillman.biz\/es\/wp-json\/wp\/v2\/pages\/23","targetHints":{"allow":["GET"]}}],"collection":[{"href":"https:\/\/drpillman.biz\/es\/wp-json\/wp\/v2\/pages"}],"about":[{"href":"https:\/\/drpillman.biz\/es\/wp-json\/wp\/v2\/types\/page"}],"author":[{"embeddable":true,"href":"https:\/\/drpillman.biz\/es\/wp-json\/wp\/v2\/users\/3"}],"replies":[{"embeddable":true,"href":"https:\/\/drpillman.biz\/es\/wp-json\/wp\/v2\/comments?post=23"}],"version-history":[{"count":0,"href":"https:\/\/drpillman.biz\/es\/wp-json\/wp\/v2\/pages\/23\/revisions"}],"wp:attachment":[{"href":"https:\/\/drpillman.biz\/es\/wp-json\/wp\/v2\/media?parent=23"}],"curies":[{"name":"wp","href":"https:\/\/api.w.org\/{rel}","templated":true}]}}