{"id":37,"date":"2013-07-11T01:59:53","date_gmt":"2013-07-11T00:59:53","guid":{"rendered":"https:\/\/drpillman.biz\/?page_id=37"},"modified":"2024-05-17T10:41:06","modified_gmt":"2024-05-17T09:41:06","slug":"antabuse","status":"publish","type":"page","link":"https:\/\/drpillman.biz\/es\/antabuse.htm","title":{"rendered":"Antabuse"},"content":{"rendered":"<div id=\"content-center\">\n<div id=\"content-image\"><img decoding=\"async\" src=\"\/img\/Antabuse.jpg\" alt=\"Antabuse\" \/><\/div>\n<div id=\"content-description\">\n<h1>Antabuse<\/h1>\n<p> <code><a href=\"https:\/\/200pills.com\/search.html?key=Antabuse\"> <button class=\"button-7\" role=\"button\">Comprar en l\u00ednea<\/button><\/a><\/code><\/p>\n<div class=\"clear\"><\/div>\n<div id=\"description\">\nAntabuse, tambi\u00e9n conocido como Disulfiram, se utiliza para tratar el alcoholismo cr\u00f3nico. Act\u00faa alterando el metabolismo del alcohol. Antabuse por s\u00ed mismo no hace nada para detener el alcohol. Act\u00faa provocando n\u00e1useas, dolor en el pecho y convulsiones cuando se bebe alcohol despu\u00e9s de tomar Antabuse.<\/div>\n<div id=\"additional\">Sin\u00f3nimos:<span> Disulphiram<\/span><\/div>\n<\/div>\n<div class=\"clear\"><\/div>\n<h2>Usos m\u00e9dicos de Antabuse<\/h2>\n<p>Cuando una persona consume alcohol, el cuerpo lo transforma en otra sustancia qu\u00edmica t\u00f3xica llamada acetaldeh\u00eddo (responsable de los s\u00edntomas de la resaca). En ausencia de Antabuse, el cuerpo eliminar\u00e1 el acetaldeh\u00eddo oxid\u00e1ndolo en \u00e1cido ac\u00e9tico inofensivo. Antabuse previene la oxidaci\u00f3n del acetaldeh\u00eddo, lo que provoca una gran acumulaci\u00f3n de acetaldeh\u00eddo en el cuerpo y una sensaci\u00f3n de n\u00e1useas en el bebedor. Debido a esta sensaci\u00f3n, una persona alcoh\u00f3lica se ve obligada a dejar de tomar alcohol y la vida sin alcohol se convierte en un h\u00e1bito.<\/p>\n<h2>Dosis de Antabuse<\/h2>\n<p>El disulfiram debe tomarse seg\u00fan la dosis prescrita en el plan de tratamiento. Hay que tomarlo con agua. Si uno se olvida de tomar una dosis, no deber\u00eda resultar en una dosis doble la siguiente vez.<\/p>\n<p>Se ha observado que el Disulfiram permanece en el cuerpo hasta 2 semanas despu\u00e9s de la ingesta inicial. Adem\u00e1s, los efectos a largo plazo de este f\u00e1rmaco son positivos, ya que mantiene a los alcoh\u00f3licos alejados del alcohol y, por lo tanto, el problema de la bebida se convierte en un problema del pasado.<\/p>\n<p>Uno no debe dejar de tomar este medicamento sin la recomendaci\u00f3n del m\u00e9dico. Hay posibilidades de que uno puede volver al alcohol si no se forma un fuerte h\u00e1bito de despreciar el alcohol.<\/p>\n<h2>Antabuse y el alcohol<\/h2>\n<p>Se recomienda encarecidamente no beber alcohol al menos 12 horas antes de tomar Disulfiram. Incluso los medicamentos como el jarabe para la tos contienen alcohol, por lo tanto, otros medicamentos deben ser consumidos con el m\u00e1ximo cuidado despu\u00e9s de tomar Disulfiram.<\/p>\n<p>Usted debe compartir su historial m\u00e9dico con el m\u00e9dico antes de comenzar en Antabuse. Dado que el disulfiram tiene una reacci\u00f3n muy fuerte al alcohol, debe tener cuidado de informar al m\u00e9dico de todos los medicamentos que est\u00e1 tomando actualmente. Algunos medicamentos son a base de alcohol y causar\u00e1n problemas si se toman con Antabuse.<\/p>\n<h2>Almacenamiento de Antabuse y recomendaciones<\/h2>\n<p>Debe almacenarse lejos de la luz y la humedad y debe mantenerse fuera del alcance de los ni\u00f1os. Adem\u00e1s, siempre hay que llevar una tarjeta de emergencia en la que se indique claramente que se est\u00e1 tomando Disulfiram para que los m\u00e9dicos puedan suministrarle medicamentos no basados en el alcohol, en caso de necesidad.<\/p>\n<h2>Efectos secundarios de Antabuse<\/h2>\n<p>Antabuse puede causar algunos efectos secundarios menores y temporales como acn\u00e9, impotencia, dolor de cabeza leve. Suelen remitir al cabo de unos d\u00edas.<\/p>\n<p>Si los s\u00edntomas anteriores persisten y hay otros efectos secundarios graves, como coloraci\u00f3n amarillenta de los ojos, cansancio, falta de energ\u00eda, uno debe buscar ayuda m\u00e9dica.<\/p>\n<h2>Comprar Disulfiram online<\/h2>\n<p>Ordenar Antabuse en l\u00ednea es muy f\u00e1cil. Mucha gente pide Antabuse online en el Reino Unido. Las farmacias en l\u00ednea no requieren ninguna receta para pedir el medicamento.<\/p>\n<p>Hay muchas otras ventajas en el pedido de Disulfiram en l\u00ednea. Puede ahorrar mucho dinero al pedir este medicamento en l\u00ednea, ya que los precios en las farmacias en l\u00ednea son siempre m\u00e1s bajos en comparaci\u00f3n con las tiendas locales. Otra ventaja es que puede hacer el pedido sentado en su casa y se lo entregar\u00e1n r\u00e1pidamente. Esto tambi\u00e9n le ahorra el embarazoso viaje al m\u00e9dico y al farmac\u00e9utico.<\/p>\n<p>El proceso de pedir Antabuse online es similar al de pedir una c\u00e1mara fotogr\u00e1fica online. S\u00f3lo tiene que visitar la p\u00e1gina web, rellenar los datos del pedido, realizar el pago y esperar el env\u00edo. Estos env\u00edos no llevan ninguna marca y nadie puede saber el contenido que hay dentro.<\/p>\n<\/div>\n","protected":false},"excerpt":{"rendered":"<p>Antabuse Comprar en l\u00ednea Antabuse, tambi\u00e9n conocido como Disulfiram, se utiliza para tratar el alcoholismo cr\u00f3nico. Act\u00faa alterando el metabolismo<\/p>\n","protected":false},"author":3,"featured_media":0,"parent":0,"menu_order":0,"comment_status":"closed","ping_status":"closed","template":"","meta":{"_lmt_disableupdate":"no","_lmt_disable":"no","footnotes":""},"class_list":["post-37","page","type-page","status-publish","hentry"],"translation":{"provider":"WPGlobus","version":"3.0.2","language":"es","enabled_languages":["en","es","fr"],"languages":{"en":{"title":true,"content":true,"excerpt":false},"es":{"title":true,"content":true,"excerpt":false},"fr":{"title":true,"content":true,"excerpt":false}}},"yoast_head":"<!-- This site is optimized with the Yoast SEO plugin v27.3 - https:\/\/yoast.com\/product\/yoast-seo-wordpress\/ -->\n<title>Compre Antabuse (Disulphiram) en l\u00ednea sin receta, env\u00edo r\u00e1pido<\/title>\n<meta name=\"description\" content=\"Para deshacerse de su adicci\u00f3n al alcohol, Antabuse se puede comprar en l\u00ednea. Puede comprar Disulfiram en l\u00ednea disfrutando de las ventajas de las compras en l\u00ednea y obtener la misma alta calidad.\" \/>\n<meta name=\"robots\" content=\"index, follow, max-snippet:-1, max-image-preview:large, max-video-preview:-1\" \/>\n<link rel=\"canonical\" href=\"https:\/\/drpillman.biz\/antabuse.htm\" \/>\n<meta property=\"og:locale\" content=\"es_ES\" \/>\n<meta property=\"og:type\" content=\"article\" \/>\n<meta property=\"og:title\" content=\"Compre Antabuse (Disulphiram) en l\u00ednea sin receta, env\u00edo r\u00e1pido\" \/>\n<meta property=\"og:description\" content=\"Para deshacerse de su adicci\u00f3n al alcohol, Antabuse se puede comprar en l\u00ednea. Puede comprar Disulfiram en l\u00ednea disfrutando de las ventajas de las compras en l\u00ednea y obtener la misma alta calidad.\" \/>\n<meta property=\"og:url\" content=\"https:\/\/drpillman.biz\/antabuse.htm\" \/>\n<meta property=\"og:site_name\" content=\"Dr.Pillman\" \/>\n<meta property=\"article:modified_time\" content=\"2024-05-17T09:41:06+00:00\" \/>\n<meta name=\"twitter:card\" content=\"summary_large_image\" \/>\n<script type=\"application\/ld+json\" class=\"yoast-schema-graph\">{\"@context\":\"https:\\\/\\\/schema.org\",\"@graph\":[{\"@type\":\"WebPage\",\"@id\":\"https:\\\/\\\/drpillman.biz\\\/antabuse.htm\",\"url\":\"https:\\\/\\\/drpillman.biz\\\/antabuse.htm\",\"name\":\"Buy Antabuse (Disulphiram) Online In UK Without Prescription, Fast Shipping\",\"isPartOf\":{\"@id\":\"https:\\\/\\\/drpillman.biz\\\/es\\\/#website\"},\"datePublished\":\"2013-07-11T00:59:53+00:00\",\"dateModified\":\"2024-05-17T09:41:06+00:00\",\"description\":\"Para deshacerse de su adicci\u00f3n al alcohol, Antabuse se puede comprar en l\u00ednea. Puede comprar Disulfiram en l\u00ednea disfrutando de las ventajas de las compras en l\u00ednea y obtener la misma alta calidad.\",\"breadcrumb\":{\"@id\":\"https:\\\/\\\/drpillman.biz\\\/antabuse.htm#breadcrumb\"},\"inLanguage\":\"es\",\"potentialAction\":[{\"@type\":\"ReadAction\",\"target\":[\"https:\\\/\\\/drpillman.biz\\\/antabuse.htm\"]}]},{\"@type\":\"BreadcrumbList\",\"@id\":\"https:\\\/\\\/drpillman.biz\\\/antabuse.htm#breadcrumb\",\"itemListElement\":[{\"@type\":\"ListItem\",\"position\":1,\"name\":\"Home\",\"item\":\"https:\\\/\\\/drpillman.biz\\\/es\\\/\"},{\"@type\":\"ListItem\",\"position\":2,\"name\":\"Antabuse\"}]},{\"@type\":\"WebSite\",\"@id\":\"https:\\\/\\\/drpillman.biz\\\/es\\\/#website\",\"url\":\"https:\\\/\\\/drpillman.biz\\\/es\\\/\",\"name\":\"Dr.Pillman\",\"description\":\"\",\"potentialAction\":[{\"@type\":\"SearchAction\",\"target\":{\"@type\":\"EntryPoint\",\"urlTemplate\":\"https:\\\/\\\/drpillman.biz\\\/es\\\/?s={search_term_string}\"},\"query-input\":{\"@type\":\"PropertyValueSpecification\",\"valueRequired\":true,\"valueName\":\"search_term_string\"}}],\"inLanguage\":\"es\"}]}<\/script>\n<!-- \/ Yoast SEO plugin. -->","yoast_head_json":{"title":"Compre Antabuse (Disulphiram) en l\u00ednea sin receta, env\u00edo r\u00e1pido","description":"Para deshacerse de su adicci\u00f3n al alcohol, Antabuse se puede comprar en l\u00ednea. Puede comprar Disulfiram en l\u00ednea disfrutando de las ventajas de las compras en l\u00ednea y obtener la misma alta calidad.","robots":{"index":"index","follow":"follow","max-snippet":"max-snippet:-1","max-image-preview":"max-image-preview:large","max-video-preview":"max-video-preview:-1"},"canonical":"https:\/\/drpillman.biz\/antabuse.htm","og_locale":"es_ES","og_type":"article","og_title":"Compre Antabuse (Disulphiram) en l\u00ednea sin receta, env\u00edo r\u00e1pido","og_description":"Para deshacerse de su adicci\u00f3n al alcohol, Antabuse se puede comprar en l\u00ednea. Puede comprar Disulfiram en l\u00ednea disfrutando de las ventajas de las compras en l\u00ednea y obtener la misma alta calidad.","og_url":"https:\/\/drpillman.biz\/antabuse.htm","og_site_name":"Dr.Pillman","article_modified_time":"2024-05-17T09:41:06+00:00","twitter_card":"summary_large_image","schema":{"@context":"https:\/\/schema.org","@graph":[{"@type":"WebPage","@id":"https:\/\/drpillman.biz\/antabuse.htm","url":"https:\/\/drpillman.biz\/antabuse.htm","name":"Buy Antabuse (Disulphiram) Online In UK Without Prescription, Fast Shipping","isPartOf":{"@id":"https:\/\/drpillman.biz\/es\/#website"},"datePublished":"2013-07-11T00:59:53+00:00","dateModified":"2024-05-17T09:41:06+00:00","description":"Para deshacerse de su adicci\u00f3n al alcohol, Antabuse se puede comprar en l\u00ednea. Puede comprar Disulfiram en l\u00ednea disfrutando de las ventajas de las compras en l\u00ednea y obtener la misma alta calidad.","breadcrumb":{"@id":"https:\/\/drpillman.biz\/antabuse.htm#breadcrumb"},"inLanguage":"es","potentialAction":[{"@type":"ReadAction","target":["https:\/\/drpillman.biz\/antabuse.htm"]}]},{"@type":"BreadcrumbList","@id":"https:\/\/drpillman.biz\/antabuse.htm#breadcrumb","itemListElement":[{"@type":"ListItem","position":1,"name":"Home","item":"https:\/\/drpillman.biz\/es\/"},{"@type":"ListItem","position":2,"name":"Antabuse"}]},{"@type":"WebSite","@id":"https:\/\/drpillman.biz\/es\/#website","url":"https:\/\/drpillman.biz\/es\/","name":"Dr.Pillman","description":"","potentialAction":[{"@type":"SearchAction","target":{"@type":"EntryPoint","urlTemplate":"https:\/\/drpillman.biz\/es\/?s={search_term_string}"},"query-input":{"@type":"PropertyValueSpecification","valueRequired":true,"valueName":"search_term_string"}}],"inLanguage":"es"}]}},"_links":{"self":[{"href":"https:\/\/drpillman.biz\/es\/wp-json\/wp\/v2\/pages\/37","targetHints":{"allow":["GET"]}}],"collection":[{"href":"https:\/\/drpillman.biz\/es\/wp-json\/wp\/v2\/pages"}],"about":[{"href":"https:\/\/drpillman.biz\/es\/wp-json\/wp\/v2\/types\/page"}],"author":[{"embeddable":true,"href":"https:\/\/drpillman.biz\/es\/wp-json\/wp\/v2\/users\/3"}],"replies":[{"embeddable":true,"href":"https:\/\/drpillman.biz\/es\/wp-json\/wp\/v2\/comments?post=37"}],"version-history":[{"count":0,"href":"https:\/\/drpillman.biz\/es\/wp-json\/wp\/v2\/pages\/37\/revisions"}],"wp:attachment":[{"href":"https:\/\/drpillman.biz\/es\/wp-json\/wp\/v2\/media?parent=37"}],"curies":[{"name":"wp","href":"https:\/\/api.w.org\/{rel}","templated":true}]}}