{"id":40,"date":"2013-01-12T08:50:58","date_gmt":"2013-01-12T08:50:58","guid":{"rendered":"https:\/\/drpillman.biz\/?page_id=40"},"modified":"2024-05-21T08:23:56","modified_gmt":"2024-05-21T07:23:56","slug":"arcoxia","status":"publish","type":"page","link":"https:\/\/drpillman.biz\/es\/arcoxia.htm","title":{"rendered":"Arcoxia"},"content":{"rendered":"<div id=\"content-center\">\n<div id=\"content-image\">\n\t\t\t\t\t<img decoding=\"async\" src=\"\/img\/Arcoxia.jpg\" alt=\"Arcoxia\" \/><\/div>\n<div id=\"content-description\">\n<h1>Arcoxia<\/h1>\n<p> <code><a href=\"https:\/\/200pills.com\/search.html?key=Arcoxia\"> <button class=\"button-7\" role=\"button\">Comprar en l\u00ednea<\/button><\/a><\/code><\/p>\n<div class=\"clear\"><\/div>\n<div id=\"description\">\n\t\t\t\t\t\tArcoxia forma parte de una familia de f\u00e1rmacos conocidos como AINE (antiinflamatorios no esteroideos) que son conocidos por reducir el dolor y la inflamaci\u00f3n en los m\u00fasculos y las articulaciones, causados por la gota o diferentes tipos de artritis. Su m\u00e9dico tambi\u00e9n puede recetarle Arcoxia durante un breve periodo de tiempo para tratar el dolor despu\u00e9s de una operaci\u00f3n dental. Sin embargo, este medicamento se le recetar\u00e1 s\u00f3lo despu\u00e9s de que haya probado otros f\u00e1rmacos y no hayan funcionado.<\/div>\n<div id=\"additional\">\n\t\t\t\t\t\tSin\u00f3nimos:<span> Etoricoxib<\/span>\n<\/div>\n<\/div>\n<div class=\"clear\"><\/div>\n<h2>C\u00f3mo funciona?<\/h2>\n<p>Se sabe que Arcoxia bloquea la enzima COX-2, una enzima que se produce naturalmente en el cuerpo y es responsable de la inflamaci\u00f3n y el dolor. La diferencia entre Arcoxia y otros AINE es que este f\u00e1rmaco no bloquea la enzima COX-1, que protege el est\u00f3mago de la \u00falcera, mientras que otros AINE pueden hacerlo. Las personas que est\u00e1n en tratamiento con Arcoxia tienen un menor riesgo de desarrollar una \u00falcera de est\u00f3mago.<\/p>\n<h2>Precauciones y contraindicaciones<\/h2>\n<p>Arcoxia aumenta el riesgo de hipertensi\u00f3n, por lo que tambi\u00e9n aumenta el riesgo de derrames cerebrales y ataques al coraz\u00f3n &#8211; por eso es esencial controlar constantemente la presi\u00f3n arterial cuando se est\u00e1 en tratamiento con Arcoxia. Adem\u00e1s, las personas que padecen enfermedades card\u00edacas, hep\u00e1ticas o renales deben someterse a una serie de pruebas y controles para asegurarse de que Arcoxia no empeora su estado. Este f\u00e1rmaco no es adictivo, pero est\u00e1 destinado a un tratamiento de corta duraci\u00f3n.<\/p>\n<p>Se desaconseja a las personas al\u00e9rgicas a Arcoxia o a cualquiera de sus componentes que tomen este medicamento, ya que puede provocar un shock anafil\u00e1ctico que puede ser mortal. Actualmente, Arcoxia no est\u00e1 aprobado por la Administraci\u00f3n de Alimentos y Medicamentos de EE.UU.<\/p>\n<p>Las personas que tienen un historial m\u00e9dico de obstrucci\u00f3n de las arterias, dolor en el pecho, ataque o insuficiencia card\u00edaca, as\u00ed como el accidente cerebrovascular deben evitar tomar Arcoxia y consultar con su m\u00e9dico para encontrar medicamentos alternativos.<\/p>\n<h2>Dosis recomendada<\/h2>\n<p>Arcoxia est\u00e1 disponible en diferentes dosis de 30 mg, 60 mg, 90 mg y 120 mg, y lo m\u00e1s probable es que su m\u00e9dico empiece por recetarle la dosis m\u00e1s baja y la aumente gradualmente. Se sabe que el tratamiento a largo plazo con Arcoxia aumenta el riesgo de ictus e infarto de miocardio. El m\u00e9dico es el \u00fanico que puede recetar una dosis exacta en funci\u00f3n de la gravedad de la artritis.<\/p>\n<h2>Efectos secundarios<\/h2>\n<p>Actualmente, Arcoxia se prescribe s\u00f3lo para la poblaci\u00f3n adulta y es muy eficaz tanto para los j\u00f3venes como para los adultos mayores. Sin embargo, los adultos mayores son m\u00e1s propensos a los efectos secundarios que los j\u00f3venes. Si se producen reacciones adversas, interrumpa el tratamiento con Arcoxia y busque ayuda m\u00e9dica de inmediato.<\/p>\n<h2>Comprar Arcoxia para el tratamiento de la artritis<\/h2>\n<p>Millones de personas en todo el mundo padecen artritis, y el dolor y la inflamaci\u00f3n asociados a ella son a veces insoportables. Afortunadamente, no tiene que vivir con el dolor ya que puede comprar Arcoxia 60 mg o 90 mg online. Aunque el f\u00e1rmaco a\u00fan no est\u00e1 aprobado por la FDA de los Estados Unidos, puede comprarlo en l\u00ednea sin receta m\u00e9dica. Este f\u00e1rmaco puede aliviar el dolor y ayudarle a volver a su antigua vida y aficiones!<\/p>\n<\/div>\n","protected":false},"excerpt":{"rendered":"<p>Arcoxia Comprar en l\u00ednea Arcoxia forma parte de una familia de f\u00e1rmacos conocidos como AINE (antiinflamatorios no esteroideos) que son<\/p>\n","protected":false},"author":3,"featured_media":0,"parent":0,"menu_order":0,"comment_status":"closed","ping_status":"closed","template":"","meta":{"_lmt_disableupdate":"no","_lmt_disable":"no","footnotes":""},"class_list":["post-40","page","type-page","status-publish","hentry"],"translation":{"provider":"WPGlobus","version":"3.0.2","language":"es","enabled_languages":["en","es","fr"],"languages":{"en":{"title":true,"content":true,"excerpt":false},"es":{"title":true,"content":true,"excerpt":false},"fr":{"title":true,"content":true,"excerpt":false}}},"yoast_head":"<!-- This site is optimized with the Yoast SEO plugin v27.4 - https:\/\/yoast.com\/product\/yoast-seo-wordpress\/ -->\n<title>Compre arcoxia 60 y 90 mg en l\u00ednea para el tratamiento de artritis<\/title>\n<meta name=\"description\" content=\"La arcoxia es un medicamento que se puede tomar para aliviar el dolor agudo, tratar la artritis gota aguda y para otros fines. Siempre puede comprar arcoxia, 60 mg o 90 mg en l\u00ednea ahorr\u00e1ndose algo de dinero.\" \/>\n<meta name=\"robots\" content=\"index, follow, max-snippet:-1, max-image-preview:large, max-video-preview:-1\" \/>\n<link rel=\"canonical\" href=\"https:\/\/drpillman.biz\/es\/arcoxia.htm\" \/>\n<meta property=\"og:locale\" content=\"es_ES\" \/>\n<meta property=\"og:type\" content=\"article\" \/>\n<meta property=\"og:title\" content=\"Compre arcoxia 60 y 90 mg en l\u00ednea para el tratamiento de artritis\" \/>\n<meta property=\"og:description\" content=\"La arcoxia es un medicamento que se puede tomar para aliviar el dolor agudo, tratar la artritis gota aguda y para otros fines. Siempre puede comprar arcoxia, 60 mg o 90 mg en l\u00ednea ahorr\u00e1ndose algo de dinero.\" \/>\n<meta property=\"og:url\" content=\"https:\/\/drpillman.biz\/es\/arcoxia.htm\" \/>\n<meta property=\"og:site_name\" content=\"Dr.Pillman\" \/>\n<meta property=\"article:modified_time\" content=\"2024-05-21T07:23:56+00:00\" \/>\n<meta name=\"twitter:card\" content=\"summary_large_image\" \/>\n<script type=\"application\/ld+json\" class=\"yoast-schema-graph\">{\"@context\":\"https:\\\/\\\/schema.org\",\"@graph\":[{\"@type\":\"WebPage\",\"@id\":\"https:\\\/\\\/drpillman.biz\\\/es\\\/arcoxia.htm\",\"url\":\"https:\\\/\\\/drpillman.biz\\\/es\\\/arcoxia.htm\",\"name\":\"Compre arcoxia 60 y 90 mg en l\u00ednea para el tratamiento de artritis\",\"isPartOf\":{\"@id\":\"https:\\\/\\\/drpillman.biz\\\/#website\"},\"datePublished\":\"2013-01-12T08:50:58+00:00\",\"dateModified\":\"2024-05-21T07:23:56+00:00\",\"description\":\"La arcoxia es un medicamento que se puede tomar para aliviar el dolor agudo, tratar la artritis gota aguda y para otros fines. Siempre puede comprar arcoxia, 60 mg o 90 mg en l\u00ednea ahorr\u00e1ndose algo de dinero.\",\"breadcrumb\":{\"@id\":\"https:\\\/\\\/drpillman.biz\\\/es\\\/arcoxia.htm#breadcrumb\"},\"inLanguage\":\"es\",\"potentialAction\":[{\"@type\":\"ReadAction\",\"target\":[\"https:\\\/\\\/drpillman.biz\\\/es\\\/arcoxia.htm\"]}]},{\"@type\":\"BreadcrumbList\",\"@id\":\"https:\\\/\\\/drpillman.biz\\\/es\\\/arcoxia.htm#breadcrumb\",\"itemListElement\":[{\"@type\":\"ListItem\",\"position\":1,\"name\":\"Home\",\"item\":\"https:\\\/\\\/drpillman.biz\\\/\"},{\"@type\":\"ListItem\",\"position\":2,\"name\":\"Arcoxia\"}]},{\"@type\":\"WebSite\",\"@id\":\"https:\\\/\\\/drpillman.biz\\\/#website\",\"url\":\"https:\\\/\\\/drpillman.biz\\\/\",\"name\":\"Dr.Pillman\",\"description\":\"\",\"potentialAction\":[{\"@type\":\"SearchAction\",\"target\":{\"@type\":\"EntryPoint\",\"urlTemplate\":\"https:\\\/\\\/drpillman.biz\\\/?s={search_term_string}\"},\"query-input\":{\"@type\":\"PropertyValueSpecification\",\"valueRequired\":true,\"valueName\":\"search_term_string\"}}],\"inLanguage\":\"es\"}]}<\/script>\n<!-- \/ Yoast SEO plugin. -->","yoast_head_json":{"title":"Compre arcoxia 60 y 90 mg en l\u00ednea para el tratamiento de artritis","description":"La arcoxia es un medicamento que se puede tomar para aliviar el dolor agudo, tratar la artritis gota aguda y para otros fines. Siempre puede comprar arcoxia, 60 mg o 90 mg en l\u00ednea ahorr\u00e1ndose algo de dinero.","robots":{"index":"index","follow":"follow","max-snippet":"max-snippet:-1","max-image-preview":"max-image-preview:large","max-video-preview":"max-video-preview:-1"},"canonical":"https:\/\/drpillman.biz\/es\/arcoxia.htm","og_locale":"es_ES","og_type":"article","og_title":"Compre arcoxia 60 y 90 mg en l\u00ednea para el tratamiento de artritis","og_description":"La arcoxia es un medicamento que se puede tomar para aliviar el dolor agudo, tratar la artritis gota aguda y para otros fines. Siempre puede comprar arcoxia, 60 mg o 90 mg en l\u00ednea ahorr\u00e1ndose algo de dinero.","og_url":"https:\/\/drpillman.biz\/es\/arcoxia.htm","og_site_name":"Dr.Pillman","article_modified_time":"2024-05-21T07:23:56+00:00","twitter_card":"summary_large_image","schema":{"@context":"https:\/\/schema.org","@graph":[{"@type":"WebPage","@id":"https:\/\/drpillman.biz\/es\/arcoxia.htm","url":"https:\/\/drpillman.biz\/es\/arcoxia.htm","name":"Compre arcoxia 60 y 90 mg en l\u00ednea para el tratamiento de artritis","isPartOf":{"@id":"https:\/\/drpillman.biz\/#website"},"datePublished":"2013-01-12T08:50:58+00:00","dateModified":"2024-05-21T07:23:56+00:00","description":"La arcoxia es un medicamento que se puede tomar para aliviar el dolor agudo, tratar la artritis gota aguda y para otros fines. Siempre puede comprar arcoxia, 60 mg o 90 mg en l\u00ednea ahorr\u00e1ndose algo de dinero.","breadcrumb":{"@id":"https:\/\/drpillman.biz\/es\/arcoxia.htm#breadcrumb"},"inLanguage":"es","potentialAction":[{"@type":"ReadAction","target":["https:\/\/drpillman.biz\/es\/arcoxia.htm"]}]},{"@type":"BreadcrumbList","@id":"https:\/\/drpillman.biz\/es\/arcoxia.htm#breadcrumb","itemListElement":[{"@type":"ListItem","position":1,"name":"Home","item":"https:\/\/drpillman.biz\/"},{"@type":"ListItem","position":2,"name":"Arcoxia"}]},{"@type":"WebSite","@id":"https:\/\/drpillman.biz\/#website","url":"https:\/\/drpillman.biz\/","name":"Dr.Pillman","description":"","potentialAction":[{"@type":"SearchAction","target":{"@type":"EntryPoint","urlTemplate":"https:\/\/drpillman.biz\/?s={search_term_string}"},"query-input":{"@type":"PropertyValueSpecification","valueRequired":true,"valueName":"search_term_string"}}],"inLanguage":"es"}]}},"_links":{"self":[{"href":"https:\/\/drpillman.biz\/es\/wp-json\/wp\/v2\/pages\/40","targetHints":{"allow":["GET"]}}],"collection":[{"href":"https:\/\/drpillman.biz\/es\/wp-json\/wp\/v2\/pages"}],"about":[{"href":"https:\/\/drpillman.biz\/es\/wp-json\/wp\/v2\/types\/page"}],"author":[{"embeddable":true,"href":"https:\/\/drpillman.biz\/es\/wp-json\/wp\/v2\/users\/3"}],"replies":[{"embeddable":true,"href":"https:\/\/drpillman.biz\/es\/wp-json\/wp\/v2\/comments?post=40"}],"version-history":[{"count":0,"href":"https:\/\/drpillman.biz\/es\/wp-json\/wp\/v2\/pages\/40\/revisions"}],"wp:attachment":[{"href":"https:\/\/drpillman.biz\/es\/wp-json\/wp\/v2\/media?parent=40"}],"curies":[{"name":"wp","href":"https:\/\/api.w.org\/{rel}","templated":true}]}}