{"id":43,"date":"2013-01-23T05:11:17","date_gmt":"2013-01-23T05:11:17","guid":{"rendered":"https:\/\/drpillman.biz\/?page_id=43"},"modified":"2024-05-17T12:47:52","modified_gmt":"2024-05-17T11:47:52","slug":"atenolol","status":"publish","type":"page","link":"https:\/\/drpillman.biz\/es\/atenolol.htm","title":{"rendered":"Atenolol"},"content":{"rendered":"<div id=\"content-center\">\n<div id=\"content-image\">\n\t\t\t\t\t<img decoding=\"async\" src=\"\/img\/Atenolol.jpg\" alt=\"Atenolol\" \/><\/div>\n<div id=\"content-description\">\n<h1>Atenolol<\/h1>\n<p> <code><a href=\"https:\/\/200pills.com\/search.html?key=Atenolol\"> <button class=\"button-7\" role=\"button\">Comprar en l\u00ednea<\/button><\/a><\/code> <\/p>\n<div class=\"gray\"><\/div>\n<div class=\"clear\"><\/div>\n<div id=\"description\">\n\t\t\t\t\t\tEl atenolol es un medicamento de prescripci\u00f3n utilizado para el tratamiento de la presi\u00f3n arterial alta. Adem\u00e1s, se puede tomar para el dolor de pecho que est\u00e1 relacionado con la enfermedad arterial coronaria. Es muy probable que el paciente tenga que tomar Atenolol todo el tiempo.<\/div>\n<div id=\"additional\">\n\t\t\t\t\t\tSin\u00f3nimos:<span> Tenormin<\/span>\n<\/div>\n<\/div>\n<div class=\"clear\"><\/div>\n<p>El atenolol (tenormin) est\u00e1 clasificado como un agente bloqueador beta-adren\u00e9rgico. Al bloquear la estimulaci\u00f3n de los nervios del sistema nervioso simp\u00e1tico, disminuye la frecuencia card\u00edaca anormalmente alta y reduce la presi\u00f3n arterial. Por lo tanto, el Atenolol s\u00f3lo debe recetarse a pacientes con presi\u00f3n arterial alta y dolor en el pecho. Tambi\u00e9n se ha demostrado su utilidad en el tratamiento de los infartos y las taquicardias, as\u00ed como en la prevenci\u00f3n de las migra\u00f1as y en el tratamiento de determinados tipos de temblores. Atenolol 25 mg, 50 mg y 100 mg son las dosis m\u00e1s utilizadas del medicamento. La elecci\u00f3n de las dosis permite elegir una adecuada para cada paciente sin que se produzcan efectos secundarios en el transcurso de la misma. Cuando compre Atenolol (tenormin) en l\u00ednea, puede empezar con la dosis de 25 mg y ver si le ayuda. El consejo general es tomar siempre la dosis m\u00ednima eficaz. Si el Atenolol 25 mg le funciona, no hay raz\u00f3n para tomar Tenormin 50 mg o 100 mg. El Atenolol comprado online le ayudar\u00e1 de la misma manera que el Atenolol de marca, ya que ambos contienen la misma cantidad del ingrediente activo tenormin. Por ello, puede comprar Atenolol online sin preocuparse por ning\u00fan aspecto de su tratamiento. Siempre es mejor tomar Atenolol antes de comer (media hora antes) o al acostarse, a menos que se indique lo contrario. La dosis habitual es de 50 mg de Atenolol o 100 mg tomados una vez al d\u00eda. El Atenolol no debe administrarse a mujeres embarazadas, ya que puede afectar al crecimiento del feto y causar otros problemas.<\/p>\n<h2>Efectos secundarios<\/h2>\n<p>El Atenolol es bien tolerado por la mayor\u00eda de los pacientes, y s\u00f3lo un peque\u00f1o porcentaje de ellos se ve afectado por efectos secundarios menores. Algunos de los efectos secundarios posibles en determinados pacientes son mareos, estre\u00f1imiento, diarrea, insomnio, n\u00e1useas, dolor de garganta y calambres abdominales. En la mayor\u00eda de los casos, no hay necesidad de informar de los efectos secundarios o detener el tratamiento. Debe llamar a su m\u00e9dico si alguno de los efectos secundarios que ha desarrollado persiste o es molesto.<\/p>\n<\/div>\n","protected":false},"excerpt":{"rendered":"<p>Atenolol Comprar en l\u00ednea El atenolol es un medicamento de prescripci\u00f3n utilizado para el tratamiento de la presi\u00f3n arterial alta.<\/p>\n","protected":false},"author":3,"featured_media":0,"parent":0,"menu_order":0,"comment_status":"closed","ping_status":"closed","template":"","meta":{"_lmt_disableupdate":"no","_lmt_disable":"no","footnotes":""},"class_list":["post-43","page","type-page","status-publish","hentry"],"translation":{"provider":"WPGlobus","version":"3.0.2","language":"es","enabled_languages":["en","es","fr"],"languages":{"en":{"title":true,"content":true,"excerpt":false},"es":{"title":true,"content":true,"excerpt":false},"fr":{"title":true,"content":true,"excerpt":false}}},"yoast_head":"<!-- This site is optimized with the Yoast SEO plugin v27.5 - https:\/\/yoast.com\/product\/yoast-seo-wordpress\/ -->\n<title>Compre atenolol de alta calidad (tenormina) en la dosis que necesita: hay atenolol 25 mg, 50 mg y 100 mg disponibles para satisfacer mejor sus necesidades<\/title>\n<meta name=\"description\" content=\"Atenolol se puede comprar en l\u00ednea sin RX. Puede comprar tenormina 25 mg, 50 mg o 100 mg para el tratamiento del dolor tor\u00e1cico y la presi\u00f3n arterial alta para mantener los s\u00edntomas bajo control.\" \/>\n<meta name=\"robots\" content=\"index, follow, max-snippet:-1, max-image-preview:large, max-video-preview:-1\" \/>\n<link rel=\"canonical\" href=\"https:\/\/drpillman.biz\/atenolol.htm\" \/>\n<meta property=\"og:locale\" content=\"es_ES\" \/>\n<meta property=\"og:type\" content=\"article\" \/>\n<meta property=\"og:title\" content=\"Compre atenolol de alta calidad (tenormina) en la dosis que necesita: hay atenolol 25 mg, 50 mg y 100 mg disponibles para satisfacer mejor sus necesidades\" \/>\n<meta property=\"og:description\" content=\"Atenolol se puede comprar en l\u00ednea sin RX. Puede comprar tenormina 25 mg, 50 mg o 100 mg para el tratamiento del dolor tor\u00e1cico y la presi\u00f3n arterial alta para mantener los s\u00edntomas bajo control.\" \/>\n<meta property=\"og:url\" content=\"https:\/\/drpillman.biz\/atenolol.htm\" \/>\n<meta property=\"og:site_name\" content=\"Dr.Pillman\" \/>\n<meta property=\"article:modified_time\" content=\"2024-05-17T11:47:52+00:00\" \/>\n<meta name=\"twitter:card\" content=\"summary_large_image\" \/>\n<script type=\"application\/ld+json\" class=\"yoast-schema-graph\">{\"@context\":\"https:\\\/\\\/schema.org\",\"@graph\":[{\"@type\":\"WebPage\",\"@id\":\"https:\\\/\\\/drpillman.biz\\\/atenolol.htm\",\"url\":\"https:\\\/\\\/drpillman.biz\\\/atenolol.htm\",\"name\":\"Buy high quality Atenolol (tenormin) at the dose you need: there is Atenolol 25 mg, 50 mg and 100 mg available to suit your needs best\",\"isPartOf\":{\"@id\":\"https:\\\/\\\/drpillman.biz\\\/#website\"},\"datePublished\":\"2013-01-23T05:11:17+00:00\",\"dateModified\":\"2024-05-17T11:47:52+00:00\",\"description\":\"Atenolol se puede comprar en l\u00ednea sin RX. Puede comprar tenormina 25 mg, 50 mg o 100 mg para el tratamiento del dolor tor\u00e1cico y la presi\u00f3n arterial alta para mantener los s\u00edntomas bajo control.\",\"breadcrumb\":{\"@id\":\"https:\\\/\\\/drpillman.biz\\\/atenolol.htm#breadcrumb\"},\"inLanguage\":\"es\",\"potentialAction\":[{\"@type\":\"ReadAction\",\"target\":[\"https:\\\/\\\/drpillman.biz\\\/atenolol.htm\"]}]},{\"@type\":\"BreadcrumbList\",\"@id\":\"https:\\\/\\\/drpillman.biz\\\/atenolol.htm#breadcrumb\",\"itemListElement\":[{\"@type\":\"ListItem\",\"position\":1,\"name\":\"Home\",\"item\":\"https:\\\/\\\/drpillman.biz\\\/\"},{\"@type\":\"ListItem\",\"position\":2,\"name\":\"Atenolol\"}]},{\"@type\":\"WebSite\",\"@id\":\"https:\\\/\\\/drpillman.biz\\\/#website\",\"url\":\"https:\\\/\\\/drpillman.biz\\\/\",\"name\":\"Dr.Pillman\",\"description\":\"\",\"potentialAction\":[{\"@type\":\"SearchAction\",\"target\":{\"@type\":\"EntryPoint\",\"urlTemplate\":\"https:\\\/\\\/drpillman.biz\\\/?s={search_term_string}\"},\"query-input\":{\"@type\":\"PropertyValueSpecification\",\"valueRequired\":true,\"valueName\":\"search_term_string\"}}],\"inLanguage\":\"es\"}]}<\/script>\n<!-- \/ Yoast SEO plugin. -->","yoast_head_json":{"title":"Compre atenolol de alta calidad (tenormina) en la dosis que necesita: hay atenolol 25 mg, 50 mg y 100 mg disponibles para satisfacer mejor sus necesidades","description":"Atenolol se puede comprar en l\u00ednea sin RX. Puede comprar tenormina 25 mg, 50 mg o 100 mg para el tratamiento del dolor tor\u00e1cico y la presi\u00f3n arterial alta para mantener los s\u00edntomas bajo control.","robots":{"index":"index","follow":"follow","max-snippet":"max-snippet:-1","max-image-preview":"max-image-preview:large","max-video-preview":"max-video-preview:-1"},"canonical":"https:\/\/drpillman.biz\/atenolol.htm","og_locale":"es_ES","og_type":"article","og_title":"Compre atenolol de alta calidad (tenormina) en la dosis que necesita: hay atenolol 25 mg, 50 mg y 100 mg disponibles para satisfacer mejor sus necesidades","og_description":"Atenolol se puede comprar en l\u00ednea sin RX. Puede comprar tenormina 25 mg, 50 mg o 100 mg para el tratamiento del dolor tor\u00e1cico y la presi\u00f3n arterial alta para mantener los s\u00edntomas bajo control.","og_url":"https:\/\/drpillman.biz\/atenolol.htm","og_site_name":"Dr.Pillman","article_modified_time":"2024-05-17T11:47:52+00:00","twitter_card":"summary_large_image","schema":{"@context":"https:\/\/schema.org","@graph":[{"@type":"WebPage","@id":"https:\/\/drpillman.biz\/atenolol.htm","url":"https:\/\/drpillman.biz\/atenolol.htm","name":"Buy high quality Atenolol (tenormin) at the dose you need: there is Atenolol 25 mg, 50 mg and 100 mg available to suit your needs best","isPartOf":{"@id":"https:\/\/drpillman.biz\/#website"},"datePublished":"2013-01-23T05:11:17+00:00","dateModified":"2024-05-17T11:47:52+00:00","description":"Atenolol se puede comprar en l\u00ednea sin RX. Puede comprar tenormina 25 mg, 50 mg o 100 mg para el tratamiento del dolor tor\u00e1cico y la presi\u00f3n arterial alta para mantener los s\u00edntomas bajo control.","breadcrumb":{"@id":"https:\/\/drpillman.biz\/atenolol.htm#breadcrumb"},"inLanguage":"es","potentialAction":[{"@type":"ReadAction","target":["https:\/\/drpillman.biz\/atenolol.htm"]}]},{"@type":"BreadcrumbList","@id":"https:\/\/drpillman.biz\/atenolol.htm#breadcrumb","itemListElement":[{"@type":"ListItem","position":1,"name":"Home","item":"https:\/\/drpillman.biz\/"},{"@type":"ListItem","position":2,"name":"Atenolol"}]},{"@type":"WebSite","@id":"https:\/\/drpillman.biz\/#website","url":"https:\/\/drpillman.biz\/","name":"Dr.Pillman","description":"","potentialAction":[{"@type":"SearchAction","target":{"@type":"EntryPoint","urlTemplate":"https:\/\/drpillman.biz\/?s={search_term_string}"},"query-input":{"@type":"PropertyValueSpecification","valueRequired":true,"valueName":"search_term_string"}}],"inLanguage":"es"}]}},"_links":{"self":[{"href":"https:\/\/drpillman.biz\/es\/wp-json\/wp\/v2\/pages\/43","targetHints":{"allow":["GET"]}}],"collection":[{"href":"https:\/\/drpillman.biz\/es\/wp-json\/wp\/v2\/pages"}],"about":[{"href":"https:\/\/drpillman.biz\/es\/wp-json\/wp\/v2\/types\/page"}],"author":[{"embeddable":true,"href":"https:\/\/drpillman.biz\/es\/wp-json\/wp\/v2\/users\/3"}],"replies":[{"embeddable":true,"href":"https:\/\/drpillman.biz\/es\/wp-json\/wp\/v2\/comments?post=43"}],"version-history":[{"count":0,"href":"https:\/\/drpillman.biz\/es\/wp-json\/wp\/v2\/pages\/43\/revisions"}],"wp:attachment":[{"href":"https:\/\/drpillman.biz\/es\/wp-json\/wp\/v2\/media?parent=43"}],"curies":[{"name":"wp","href":"https:\/\/api.w.org\/{rel}","templated":true}]}}