{"id":46,"date":"2013-07-14T05:21:36","date_gmt":"2013-07-14T04:21:36","guid":{"rendered":"https:\/\/drpillman.biz\/?page_id=46"},"modified":"2024-05-18T09:41:23","modified_gmt":"2024-05-18T08:41:23","slug":"bactrim","status":"publish","type":"page","link":"https:\/\/drpillman.biz\/es\/bactrim.htm","title":{"rendered":"Bactrim"},"content":{"rendered":"<div id=\"content-center\">\n<div id=\"content-image\">\n\t\t\t\t\t<img decoding=\"async\" src=\"\/img\/Bactrim.jpg\" alt=\"Bactrim\" \/><\/div>\n<div id=\"content-description\">\n<h1>Bactrim<\/h1>\n<p> <code><a href=\"https:\/\/200pills.com\/search.html?key=Bactrim\"> <button class=\"button-7\" role=\"button\">Comprar en l\u00ednea<\/button><\/a><\/code><\/p>\n<div class=\"clear\"><\/div>\n<div id=\"description\">\n\t\t\t\t\t\tBactrim es un nombre de marca para el gen\u00e9rico cotrimoxazol, un nombre aprobado por el Reino Unido. Es una droga antibi\u00f3tica sulfonamida que es una mezcla de 1 a 5 de Trimetoprima y Sulfametoxazol utilizado para el tratamiento de una serie de dolencias causadas por infecciones bacterianas. La marca Bactrim est\u00e1 fabricada por Roche, pero el gen\u00e9rico de cotrimoxazol tambi\u00e9n se comercializa con la marca Septra de GlaxoSmithKline. Bactrim se presenta en forma de comprimidos y est\u00e1 disponible en dos dosis: la dosis normal, con 80 mg de Trimetoprima y 400 mg de Sulfametoxazol, y la dosis doble, con 160 mg de Trimetoprima y 800 mg de Sulfametoxazol. El medicamento est\u00e1 disponible en las farmacias del Reino Unido con o sin receta m\u00e9dica.<\/div>\n<div id=\"additional\">\n\t\t\t\t\t\tSin\u00f3nimos:<span> Trimetoprima<\/span>\n<\/div>\n<\/div>\n<div class=\"clear\"><\/div>\n<h2>Indicaci\u00f3n<\/h2>\n<p>Bactrim DS est\u00e1 indicado para el tratamiento de infecciones de la vejiga y del tracto urinario (ITU), infecciones pulmonares como la neumon\u00eda y la bronquitis, infecciones de o\u00eddo como la otitis media aguda, diarrea del viajero, shigelosis y otras infecciones bacterianas vulnerables a los antibi\u00f3ticos Trimetoprima y Sulfametoxazol. Adem\u00e1s, Bactrim tambi\u00e9n puede tratar infecciones causadas por organismos Tocoplasma, Listeria monocutogenes, Stenotrophomonas, Staphylococcus saprophyticus y algunas cepas de Escherichia coli. Tambi\u00e9n puede tratar la infecci\u00f3n por Nocardiosis que afecta al cerebro, la piel y los pulmones, as\u00ed como el Acn\u00e9 vulgar que causa granos.<\/p>\n<h2>Mecanismo de acci\u00f3n<\/h2>\n<p>Las sulfonamidas, como el sulfametoxazol, inhiben la dihidropteroato sintetasa y act\u00faan como an\u00e1logos del \u00e1cido p-aminobenzoico (PABA), inhibiendo la producci\u00f3n de \u00e1cido dihidropteroico. El trimetoprim interfiere con la dihidrofolato reductasa bacteriana e inhibe la s\u00edntesis del \u00e1cido tetrahidrof\u00f3lico. La trimetoprima y el sulfametoxazol tienen una acci\u00f3n sin\u00e9rgica que es mayor cuando se toman juntos que por separado, debido a su capacidad para inhibir procesos sucesivos en la s\u00edntesis del folato.<\/p>\n<h2>Dosificaci\u00f3n<\/h2>\n<p>Para el tratamiento de las infecciones del tracto urinario (ITU) o la otitis media aguda, la dosis recomendada es de uno o dos Bactrim DS (de doble potencia) cada 12 horas durante un periodo de dos semanas o menos. Para los ni\u00f1os, la dosis sugerida es de 40mg\/kg de Sulfametoxazol y 8mg\/kg de Trimetoprima cada 24 horas administrados con 12 horas de diferencia durante 10 d\u00edas.<\/p>\n<p>Para el tratamiento de la shigelosis, se recomienda una dosis similar para adultos y ni\u00f1os, pero durante un periodo m\u00e1s corto de 5 d\u00edas.<\/p>\n<p>Para los pacientes que padecen una enfermedad renal, se recomienda una dosis reducida para los adultos de 30 a\u00f1os o m\u00e1s y la mitad para los pacientes de 15 a 30 a\u00f1os. Para los ni\u00f1os con insuficiencia renal, el f\u00e1rmaco no se recomienda en absoluto.<\/p>\n<p>Para los pacientes adultos con un agravamiento agudo de la bronquitis cr\u00f3nica, la dosis recomendada es de 1 \u00f3 2 comprimidos de Bactrim DS tomados cada 12 horas durante un periodo de dos semanas.<\/p>\n<p>Tanto para adultos como para ni\u00f1os con neumon\u00eda por Pneumocystis Carinii, la dosis recomendada es de 15-20 mg\/kg de Trimetoprima o 75-100 mg\/kg de Sulfametoxazol cada 24 horas tomados a partes iguales cada 6 horas durante 2-3 semanas.<\/p>\n<p>Para la profilaxis, la dosis recomendada para los adultos es de 1 Bactrim DS diario durante 12 d\u00edas, mientras que para los ni\u00f1os, la dosis es de 750 mg\/kg de Sulfametoxazol y 150 mg\/kg de Trimetoprima administrados dos veces al d\u00eda durante 3 d\u00edas consecutivos en una semana.<\/p>\n<p>Para tratar la diarrea del viajero, la dosis para adultos es de 1-2 Bactrim DS cada 12 horas durante 5 d\u00edas.<\/p>\n<p>Es importante consultar con su m\u00e9dico para llegar a una dosis m\u00e1s espec\u00edfica para su edad, sexo y condici\u00f3n m\u00e9dica, incluso si la droga es f\u00e1cilmente obtenible en l\u00ednea con o sin receta m\u00e9dica. Conocer la dosis correcta puede ayudarle a comprar la cantidad adecuada de comprimidos de Bactrim para una compra \u00fanica con descuentos en pedidos por volumen.<\/p>\n<h2>Efectos secundarios<\/h2>\n<p>Los efectos secundarios m\u00e1s comunes del f\u00e1rmaco son las molestias gastrointestinales, como n\u00e1useas, p\u00e9rdida de apetito y v\u00f3mitos, as\u00ed como una leve reacci\u00f3n al\u00e9rgica. Otros efectos secundarios conocidos son las hemorragias o los hematomas, las \u00falceras bucales, los dolores articulares, las erupciones cut\u00e1neas y el picor, as\u00ed como el dolor de garganta y los s\u00edntomas gripales. El kernicterus del feto tambi\u00e9n puede desarrollarse durante el embarazo en las \u00faltimas 6 semanas. Se han notificado casos de da\u00f1os hep\u00e1ticos graves como necrosis hep\u00e1tica, hepatosis colest\u00e1tica, insuficiencia hep\u00e1tica fulminante y hepatitis, as\u00ed como insuficiencia renal aguda, anuria y deterioro renal. Sin embargo, estos efectos secundarios graves son m\u00e1s frecuentes en los ancianos y, aunque pueden ser mortales a una edad avanzada, los efectos secundarios graves pueden moderarse mediante la administraci\u00f3n de \u00e1cido f\u00f3lico y f\u00f3lico.<\/p>\n<h2>Precauci\u00f3n<\/h2>\n<p>Los pacientes al\u00e9rgicos a los compuestos de las sulfas no deben tomar Bactrim. El medicamento pasa a la leche materna, por lo que no se recomienda a las madres lactantes. Tampoco est\u00e1 aprobado su uso en ni\u00f1os menores de 2 meses. No se ha establecido cl\u00ednicamente que Bactrim pueda da\u00f1ar al feto, pero afecta a la producci\u00f3n de \u00e1cido f\u00f3lico, que es vital para el desarrollo del feto. <\/p>\n<p>Bactrim interact\u00faa con las drogas para disminuir sus efectos curativos o la de Bactrim. Algunos de estos f\u00e1rmacos son el \u00e1cido f\u00f3lico, el albuterol, la aspirina, el metoprolol, la gabapentina, los f\u00e1rmacos de furosemida como Lasix, los f\u00e1rmacos de esomeprazol, el simvastin, los f\u00e1rmacos de levotiroxina, la metformina, el lisinopril, los f\u00e1rmacos de acetominofeno como Tylenol, el tramadol, la prednisona, los f\u00e1rmacos de sertralina como Zoloft y los f\u00e1rmacos de atorvastatina, por mencionar algunos. Aseg\u00farese de informar a su m\u00e9dico de cualquier medicamento que est\u00e9 tomando para evaluar las posibles interacciones con Bactrim, incluso si puede comprar el medicamento online sin receta.<\/p>\n<\/div>\n","protected":false},"excerpt":{"rendered":"<p>Bactrim Comprar en l\u00ednea Bactrim es un nombre de marca para el gen\u00e9rico cotrimoxazol, un nombre aprobado por el Reino<\/p>\n","protected":false},"author":3,"featured_media":0,"parent":0,"menu_order":0,"comment_status":"closed","ping_status":"closed","template":"","meta":{"_lmt_disableupdate":"no","_lmt_disable":"no","footnotes":""},"class_list":["post-46","page","type-page","status-publish","hentry"],"translation":{"provider":"WPGlobus","version":"3.0.2","language":"es","enabled_languages":["en","es","fr"],"languages":{"en":{"title":true,"content":true,"excerpt":false},"es":{"title":true,"content":true,"excerpt":false},"fr":{"title":true,"content":true,"excerpt":false}}},"yoast_head":"<!-- This site is optimized with the Yoast SEO plugin v27.4 - https:\/\/yoast.com\/product\/yoast-seo-wordpress\/ -->\n<title>Comprar Bactrim (Trimetoprima y sulfametoxazol) para el tratamiento de las infecciones urinarias y otras afecciones de origen bacteriano<\/title>\n<meta name=\"description\" content=\"Bactrim es una combinaci\u00f3n de dos ingredientes activos trimetoprima y sulfametoxazol, que trabajan juntos para tratar una variedad de infecciones bacterianas. Puede comprar este medicamento a bajo precio en l\u00ednea en cualquier momento.\" \/>\n<meta name=\"robots\" content=\"index, follow, max-snippet:-1, max-image-preview:large, max-video-preview:-1\" \/>\n<link rel=\"canonical\" href=\"https:\/\/drpillman.biz\/bactrim.htm\" \/>\n<meta property=\"og:locale\" content=\"es_ES\" \/>\n<meta property=\"og:type\" content=\"article\" \/>\n<meta property=\"og:title\" content=\"Comprar Bactrim (Trimetoprima y sulfametoxazol) para el tratamiento de las infecciones urinarias y otras afecciones de origen bacteriano\" \/>\n<meta property=\"og:description\" content=\"Bactrim es una combinaci\u00f3n de dos ingredientes activos trimetoprima y sulfametoxazol, que trabajan juntos para tratar una variedad de infecciones bacterianas. Puede comprar este medicamento a bajo precio en l\u00ednea en cualquier momento.\" \/>\n<meta property=\"og:url\" content=\"https:\/\/drpillman.biz\/bactrim.htm\" \/>\n<meta property=\"og:site_name\" content=\"Dr.Pillman\" \/>\n<meta property=\"article:modified_time\" content=\"2024-05-18T08:41:23+00:00\" \/>\n<meta name=\"twitter:card\" content=\"summary_large_image\" \/>\n<script type=\"application\/ld+json\" class=\"yoast-schema-graph\">{\"@context\":\"https:\\\/\\\/schema.org\",\"@graph\":[{\"@type\":\"WebPage\",\"@id\":\"https:\\\/\\\/drpillman.biz\\\/bactrim.htm\",\"url\":\"https:\\\/\\\/drpillman.biz\\\/bactrim.htm\",\"name\":\"Comprar Bactrim (Trimetoprima y sulfametoxazol) para el tratamiento de las infecciones urinarias y otras afecciones de origen bacteriano\",\"isPartOf\":{\"@id\":\"http:\\\/\\\/drpillman.biz\\\/#website\"},\"datePublished\":\"2013-07-14T04:21:36+00:00\",\"dateModified\":\"2024-05-18T08:41:23+00:00\",\"description\":\"Bactrim es una combinaci\u00f3n de dos ingredientes activos trimetoprima y sulfametoxazol, que trabajan juntos para tratar una variedad de infecciones bacterianas. Puede comprar este medicamento a bajo precio en l\u00ednea en cualquier momento.\",\"breadcrumb\":{\"@id\":\"https:\\\/\\\/drpillman.biz\\\/bactrim.htm#breadcrumb\"},\"inLanguage\":\"es\",\"potentialAction\":[{\"@type\":\"ReadAction\",\"target\":[\"https:\\\/\\\/drpillman.biz\\\/bactrim.htm\"]}]},{\"@type\":\"BreadcrumbList\",\"@id\":\"https:\\\/\\\/drpillman.biz\\\/bactrim.htm#breadcrumb\",\"itemListElement\":[{\"@type\":\"ListItem\",\"position\":1,\"name\":\"Home\",\"item\":\"http:\\\/\\\/drpillman.biz\\\/\"},{\"@type\":\"ListItem\",\"position\":2,\"name\":\"Bactrim\"}]},{\"@type\":\"WebSite\",\"@id\":\"http:\\\/\\\/drpillman.biz\\\/#website\",\"url\":\"http:\\\/\\\/drpillman.biz\\\/\",\"name\":\"Dr.Pillman\",\"description\":\"\",\"potentialAction\":[{\"@type\":\"SearchAction\",\"target\":{\"@type\":\"EntryPoint\",\"urlTemplate\":\"http:\\\/\\\/drpillman.biz\\\/?s={search_term_string}\"},\"query-input\":{\"@type\":\"PropertyValueSpecification\",\"valueRequired\":true,\"valueName\":\"search_term_string\"}}],\"inLanguage\":\"es\"}]}<\/script>\n<!-- \/ Yoast SEO plugin. -->","yoast_head_json":{"title":"Comprar Bactrim (Trimetoprima y sulfametoxazol) para el tratamiento de las infecciones urinarias y otras afecciones de origen bacteriano","description":"Bactrim es una combinaci\u00f3n de dos ingredientes activos trimetoprima y sulfametoxazol, que trabajan juntos para tratar una variedad de infecciones bacterianas. Puede comprar este medicamento a bajo precio en l\u00ednea en cualquier momento.","robots":{"index":"index","follow":"follow","max-snippet":"max-snippet:-1","max-image-preview":"max-image-preview:large","max-video-preview":"max-video-preview:-1"},"canonical":"https:\/\/drpillman.biz\/bactrim.htm","og_locale":"es_ES","og_type":"article","og_title":"Comprar Bactrim (Trimetoprima y sulfametoxazol) para el tratamiento de las infecciones urinarias y otras afecciones de origen bacteriano","og_description":"Bactrim es una combinaci\u00f3n de dos ingredientes activos trimetoprima y sulfametoxazol, que trabajan juntos para tratar una variedad de infecciones bacterianas. Puede comprar este medicamento a bajo precio en l\u00ednea en cualquier momento.","og_url":"https:\/\/drpillman.biz\/bactrim.htm","og_site_name":"Dr.Pillman","article_modified_time":"2024-05-18T08:41:23+00:00","twitter_card":"summary_large_image","schema":{"@context":"https:\/\/schema.org","@graph":[{"@type":"WebPage","@id":"https:\/\/drpillman.biz\/bactrim.htm","url":"https:\/\/drpillman.biz\/bactrim.htm","name":"Comprar Bactrim (Trimetoprima y sulfametoxazol) para el tratamiento de las infecciones urinarias y otras afecciones de origen bacteriano","isPartOf":{"@id":"http:\/\/drpillman.biz\/#website"},"datePublished":"2013-07-14T04:21:36+00:00","dateModified":"2024-05-18T08:41:23+00:00","description":"Bactrim es una combinaci\u00f3n de dos ingredientes activos trimetoprima y sulfametoxazol, que trabajan juntos para tratar una variedad de infecciones bacterianas. Puede comprar este medicamento a bajo precio en l\u00ednea en cualquier momento.","breadcrumb":{"@id":"https:\/\/drpillman.biz\/bactrim.htm#breadcrumb"},"inLanguage":"es","potentialAction":[{"@type":"ReadAction","target":["https:\/\/drpillman.biz\/bactrim.htm"]}]},{"@type":"BreadcrumbList","@id":"https:\/\/drpillman.biz\/bactrim.htm#breadcrumb","itemListElement":[{"@type":"ListItem","position":1,"name":"Home","item":"http:\/\/drpillman.biz\/"},{"@type":"ListItem","position":2,"name":"Bactrim"}]},{"@type":"WebSite","@id":"http:\/\/drpillman.biz\/#website","url":"http:\/\/drpillman.biz\/","name":"Dr.Pillman","description":"","potentialAction":[{"@type":"SearchAction","target":{"@type":"EntryPoint","urlTemplate":"http:\/\/drpillman.biz\/?s={search_term_string}"},"query-input":{"@type":"PropertyValueSpecification","valueRequired":true,"valueName":"search_term_string"}}],"inLanguage":"es"}]}},"_links":{"self":[{"href":"https:\/\/drpillman.biz\/es\/wp-json\/wp\/v2\/pages\/46","targetHints":{"allow":["GET"]}}],"collection":[{"href":"https:\/\/drpillman.biz\/es\/wp-json\/wp\/v2\/pages"}],"about":[{"href":"https:\/\/drpillman.biz\/es\/wp-json\/wp\/v2\/types\/page"}],"author":[{"embeddable":true,"href":"https:\/\/drpillman.biz\/es\/wp-json\/wp\/v2\/users\/3"}],"replies":[{"embeddable":true,"href":"https:\/\/drpillman.biz\/es\/wp-json\/wp\/v2\/comments?post=46"}],"version-history":[{"count":0,"href":"https:\/\/drpillman.biz\/es\/wp-json\/wp\/v2\/pages\/46\/revisions"}],"wp:attachment":[{"href":"https:\/\/drpillman.biz\/es\/wp-json\/wp\/v2\/media?parent=46"}],"curies":[{"name":"wp","href":"https:\/\/api.w.org\/{rel}","templated":true}]}}