{"id":49,"date":"2013-11-19T12:14:55","date_gmt":"2013-11-19T12:14:55","guid":{"rendered":"https:\/\/drpillman.biz\/?page_id=49"},"modified":"2024-05-17T12:55:24","modified_gmt":"2024-05-17T11:55:24","slug":"benadryl","status":"publish","type":"page","link":"https:\/\/drpillman.biz\/es\/benadryl.htm","title":{"rendered":"Benadryl"},"content":{"rendered":"<div id=\"content-center\">\n<div id=\"content-image\">\n\t\t\t\t\t<img decoding=\"async\" src=\"\/img\/Benadryl.jpg\" alt=\"Benadryl\" \/><\/div>\n<div id=\"content-description\">\n<h1>Benadryl<\/h1>\n<p> <code><a href=\"https:\/\/200pills.com\/search.html?key=Benadryl\"> <button class=\"button-7\" role=\"button\">Comprar en l\u00ednea<\/button><\/a><\/code><\/p>\n<div class=\"clear\"><\/div>\n<div id=\"description\">\n\t\t\t\t\t\tBenadryl es un antihistam\u00ednico de venta con receta que se utiliza para el tratamiento de los s\u00edntomas del resfriado, as\u00ed como de ciertos s\u00edntomas de las alergias, como ojos llorosos, sof\u00e1, picor, secreci\u00f3n nasal, estornudos y erupci\u00f3n cut\u00e1nea. No debe utilizarse en pacientes menores de 6 a\u00f1os a menos que su m\u00e9dico le recomiende lo contrario.<\/div>\n<div id=\"additional\">\n\t\t\t\t\t\tSin\u00f3nimos:<span> Difenhidramina<\/span>\n<\/div>\n<\/div>\n<div class=\"clear\"><\/div>\n<p>Benadryl se prescribe para el tratamiento de los s\u00edntomas al\u00e9rgicos. Su ingrediente activo, la difenhidramina, alivia los s\u00edntomas de las alergias, como los estornudos, el goteo nasal, el picor de nariz o de garganta, la tos, el lagrimeo o el picor de ojos, el sarpullido y la picaz\u00f3n. Algunos s\u00edntomas del mareo, como los mareos, los v\u00f3mitos y las n\u00e1useas, tambi\u00e9n pueden tratarse con Benadryl. El ingrediente activo de Benadryl, la difenhidramina, act\u00faa bloqueando la histamina en el cuerpo para que no cause los s\u00edntomas durante una reacci\u00f3n al\u00e9rgica. Puede comprar Benadryl en el Reino Unido siempre que lo necesite, ya que las farmacias que trabajan espec\u00edficamente para este pa\u00eds son bastante numerosas. Una buena farmacia del Reino Unido que venda Benadryl gen\u00e9rico (difenhidramina) 25 mg se asegurar\u00e1 de entregar su medicamento r\u00e1pidamente y le cobrar\u00e1 menos dinero que si comprara en cualquier otra farmacia internacional. No es de extra\u00f1ar que cada vez m\u00e1s personas del Reino Unido hagan pedidos en l\u00ednea y sugieran a sus amigos que compren Benadryl u otros medicamentos que necesiten de la misma manera. Comprar Benadryl en l\u00ednea se ha convertido en una alternativa realmente c\u00f3moda a la visita a una farmacia habitual y a la obtenci\u00f3n de una receta. Para que Benadryl sea lo m\u00e1s eficaz posible, hay que seguir las instrucciones al pie de la letra, tomando la dosis de 25 mg con alg\u00fan alimento o sin \u00e9l. La dosis de Benadryl se basar\u00e1 en el problema que se intenta tratar, la edad y el estado m\u00e9dico general. La dosis puede ser diferente de 25 mg y debe seguir las recomendaciones de su m\u00e9dico, ya que se basar\u00e1 en sus necesidades individuales.<\/p>\n<h2>Efectos secundarios<\/h2>\n<p>Usted debe saber la diferencia entre los efectos secundarios leves y los m\u00e1s graves de Benadryl para seguir tomando el medicamento o informar de los s\u00edntomas a su m\u00e9dico. Es necesario informar de inmediato sobre las convulsiones, la dificultad para orinar, los latidos irregulares del coraz\u00f3n o los cambios de humor, mientras que los efectos secundarios leves como la sequedad de boca, la somnolencia, el estre\u00f1imiento, los mareos, la visi\u00f3n borrosa y el malestar estomacal suelen mejorar por s\u00ed solos sin necesidad de ponerse en contacto con el m\u00e9dico o interrumpir el tratamiento.<\/p>\n<\/div>\n","protected":false},"excerpt":{"rendered":"<p>Benadryl Comprar en l\u00ednea Benadryl es un antihistam\u00ednico de venta con receta que se utiliza para el tratamiento de los<\/p>\n","protected":false},"author":3,"featured_media":0,"parent":0,"menu_order":0,"comment_status":"closed","ping_status":"closed","template":"","meta":{"_lmt_disableupdate":"no","_lmt_disable":"no","footnotes":""},"class_list":["post-49","page","type-page","status-publish","hentry"],"translation":{"provider":"WPGlobus","version":"3.0.2","language":"es","enabled_languages":["en","es","fr"],"languages":{"en":{"title":true,"content":true,"excerpt":false},"es":{"title":true,"content":true,"excerpt":false},"fr":{"title":true,"content":true,"excerpt":false}}},"yoast_head":"<!-- This site is optimized with the Yoast SEO plugin v27.4 - https:\/\/yoast.com\/product\/yoast-seo-wordpress\/ -->\n<title>Diphenhidramina de alta calidad 25 mg de una farmacia del Reino Unido ya est\u00e1 disponible<\/title>\n<meta name=\"description\" content=\"Compre benadryl (difenhidramina) 25 mg en una farmacia del Reino Unido para el tratamiento de estornudos, ojos llorosos, erupciones, secreci\u00f3n nasal, picaz\u00f3n y otros s\u00edntomas de resfriado o alergias comunes.\" \/>\n<meta name=\"robots\" content=\"index, follow, max-snippet:-1, max-image-preview:large, max-video-preview:-1\" \/>\n<link rel=\"canonical\" href=\"https:\/\/drpillman.biz\/es\/benadryl.htm\" \/>\n<meta property=\"og:locale\" content=\"es_ES\" \/>\n<meta property=\"og:type\" content=\"article\" \/>\n<meta property=\"og:title\" content=\"Diphenhidramina de alta calidad 25 mg de una farmacia del Reino Unido ya est\u00e1 disponible\" \/>\n<meta property=\"og:description\" content=\"Compre benadryl (difenhidramina) 25 mg en una farmacia del Reino Unido para el tratamiento de estornudos, ojos llorosos, erupciones, secreci\u00f3n nasal, picaz\u00f3n y otros s\u00edntomas de resfriado o alergias comunes.\" \/>\n<meta property=\"og:url\" content=\"https:\/\/drpillman.biz\/es\/benadryl.htm\" \/>\n<meta property=\"og:site_name\" content=\"Dr.Pillman\" \/>\n<meta property=\"article:modified_time\" content=\"2024-05-17T11:55:24+00:00\" \/>\n<meta name=\"twitter:card\" content=\"summary_large_image\" \/>\n<script type=\"application\/ld+json\" class=\"yoast-schema-graph\">{\"@context\":\"https:\\\/\\\/schema.org\",\"@graph\":[{\"@type\":\"WebPage\",\"@id\":\"https:\\\/\\\/drpillman.biz\\\/es\\\/benadryl.htm\",\"url\":\"https:\\\/\\\/drpillman.biz\\\/es\\\/benadryl.htm\",\"name\":\"Diphenhidramina de alta calidad 25 mg de una farmacia del Reino Unido ya est\u00e1 disponible\",\"isPartOf\":{\"@id\":\"https:\\\/\\\/drpillman.biz\\\/fr\\\/#website\"},\"datePublished\":\"2013-11-19T12:14:55+00:00\",\"dateModified\":\"2024-05-17T11:55:24+00:00\",\"description\":\"Compre benadryl (difenhidramina) 25 mg en una farmacia del Reino Unido para el tratamiento de estornudos, ojos llorosos, erupciones, secreci\u00f3n nasal, picaz\u00f3n y otros s\u00edntomas de resfriado o alergias comunes.\",\"breadcrumb\":{\"@id\":\"https:\\\/\\\/drpillman.biz\\\/es\\\/benadryl.htm#breadcrumb\"},\"inLanguage\":\"es\",\"potentialAction\":[{\"@type\":\"ReadAction\",\"target\":[\"https:\\\/\\\/drpillman.biz\\\/es\\\/benadryl.htm\"]}]},{\"@type\":\"BreadcrumbList\",\"@id\":\"https:\\\/\\\/drpillman.biz\\\/es\\\/benadryl.htm#breadcrumb\",\"itemListElement\":[{\"@type\":\"ListItem\",\"position\":1,\"name\":\"Home\",\"item\":\"https:\\\/\\\/drpillman.biz\\\/fr\\\/\"},{\"@type\":\"ListItem\",\"position\":2,\"name\":\"Benadryl\"}]},{\"@type\":\"WebSite\",\"@id\":\"https:\\\/\\\/drpillman.biz\\\/fr\\\/#website\",\"url\":\"https:\\\/\\\/drpillman.biz\\\/fr\\\/\",\"name\":\"Dr.Pillman\",\"description\":\"\",\"potentialAction\":[{\"@type\":\"SearchAction\",\"target\":{\"@type\":\"EntryPoint\",\"urlTemplate\":\"https:\\\/\\\/drpillman.biz\\\/fr\\\/?s={search_term_string}\"},\"query-input\":{\"@type\":\"PropertyValueSpecification\",\"valueRequired\":true,\"valueName\":\"search_term_string\"}}],\"inLanguage\":\"es\"}]}<\/script>\n<!-- \/ Yoast SEO plugin. -->","yoast_head_json":{"title":"Diphenhidramina de alta calidad 25 mg de una farmacia del Reino Unido ya est\u00e1 disponible","description":"Compre benadryl (difenhidramina) 25 mg en una farmacia del Reino Unido para el tratamiento de estornudos, ojos llorosos, erupciones, secreci\u00f3n nasal, picaz\u00f3n y otros s\u00edntomas de resfriado o alergias comunes.","robots":{"index":"index","follow":"follow","max-snippet":"max-snippet:-1","max-image-preview":"max-image-preview:large","max-video-preview":"max-video-preview:-1"},"canonical":"https:\/\/drpillman.biz\/es\/benadryl.htm","og_locale":"es_ES","og_type":"article","og_title":"Diphenhidramina de alta calidad 25 mg de una farmacia del Reino Unido ya est\u00e1 disponible","og_description":"Compre benadryl (difenhidramina) 25 mg en una farmacia del Reino Unido para el tratamiento de estornudos, ojos llorosos, erupciones, secreci\u00f3n nasal, picaz\u00f3n y otros s\u00edntomas de resfriado o alergias comunes.","og_url":"https:\/\/drpillman.biz\/es\/benadryl.htm","og_site_name":"Dr.Pillman","article_modified_time":"2024-05-17T11:55:24+00:00","twitter_card":"summary_large_image","schema":{"@context":"https:\/\/schema.org","@graph":[{"@type":"WebPage","@id":"https:\/\/drpillman.biz\/es\/benadryl.htm","url":"https:\/\/drpillman.biz\/es\/benadryl.htm","name":"Diphenhidramina de alta calidad 25 mg de una farmacia del Reino Unido ya est\u00e1 disponible","isPartOf":{"@id":"https:\/\/drpillman.biz\/fr\/#website"},"datePublished":"2013-11-19T12:14:55+00:00","dateModified":"2024-05-17T11:55:24+00:00","description":"Compre benadryl (difenhidramina) 25 mg en una farmacia del Reino Unido para el tratamiento de estornudos, ojos llorosos, erupciones, secreci\u00f3n nasal, picaz\u00f3n y otros s\u00edntomas de resfriado o alergias comunes.","breadcrumb":{"@id":"https:\/\/drpillman.biz\/es\/benadryl.htm#breadcrumb"},"inLanguage":"es","potentialAction":[{"@type":"ReadAction","target":["https:\/\/drpillman.biz\/es\/benadryl.htm"]}]},{"@type":"BreadcrumbList","@id":"https:\/\/drpillman.biz\/es\/benadryl.htm#breadcrumb","itemListElement":[{"@type":"ListItem","position":1,"name":"Home","item":"https:\/\/drpillman.biz\/fr\/"},{"@type":"ListItem","position":2,"name":"Benadryl"}]},{"@type":"WebSite","@id":"https:\/\/drpillman.biz\/fr\/#website","url":"https:\/\/drpillman.biz\/fr\/","name":"Dr.Pillman","description":"","potentialAction":[{"@type":"SearchAction","target":{"@type":"EntryPoint","urlTemplate":"https:\/\/drpillman.biz\/fr\/?s={search_term_string}"},"query-input":{"@type":"PropertyValueSpecification","valueRequired":true,"valueName":"search_term_string"}}],"inLanguage":"es"}]}},"_links":{"self":[{"href":"https:\/\/drpillman.biz\/es\/wp-json\/wp\/v2\/pages\/49","targetHints":{"allow":["GET"]}}],"collection":[{"href":"https:\/\/drpillman.biz\/es\/wp-json\/wp\/v2\/pages"}],"about":[{"href":"https:\/\/drpillman.biz\/es\/wp-json\/wp\/v2\/types\/page"}],"author":[{"embeddable":true,"href":"https:\/\/drpillman.biz\/es\/wp-json\/wp\/v2\/users\/3"}],"replies":[{"embeddable":true,"href":"https:\/\/drpillman.biz\/es\/wp-json\/wp\/v2\/comments?post=49"}],"version-history":[{"count":0,"href":"https:\/\/drpillman.biz\/es\/wp-json\/wp\/v2\/pages\/49\/revisions"}],"wp:attachment":[{"href":"https:\/\/drpillman.biz\/es\/wp-json\/wp\/v2\/media?parent=49"}],"curies":[{"name":"wp","href":"https:\/\/api.w.org\/{rel}","templated":true}]}}